{"id":544,"date":"2021-06-09T12:21:36","date_gmt":"2021-06-09T12:21:36","guid":{"rendered":"https:\/\/bluetrk.cluster027.hosting.ovh.net\/bc1678701-ovh\/fr\/capacity-building-and-training\/"},"modified":"2023-08-29T10:22:45","modified_gmt":"2023-08-29T08:22:45","slug":"capacity-building-and-training","status":"publish","type":"page","link":"https:\/\/bluetree-group.com\/fr\/capacity-building-and-training\/","title":{"rendered":"D\u00e9veloppement des comp\u00e9tences et formation"},"content":{"rendered":"<div id='av-layout-grid-1'  class='av-layout-grid-container av-4lnzi1-964d028c2e89cec0b251619aae7c2272 entry-content-wrapper main_color av-flex-cells  avia-builder-el-0  el_before_av_section  avia-builder-el-first   container_wrap sidebar_right'  >\n\n<style type=\"text\/css\" data-created_by=\"avia_inline_auto\" id=\"style-css-av-4fnm5d-8541463e322bc40089c16b0470f1d0b4\">\n.flex_cell.av-4fnm5d-8541463e322bc40089c16b0470f1d0b4{\nvertical-align:middle;\nbackground-color:#98aee0;\n}\n.responsive #top #wrap_all .flex_cell.av-4fnm5d-8541463e322bc40089c16b0470f1d0b4{\npadding:70px 0px 70px 0px !important;\n}\n<\/style>\n<div class='flex_cell av-4fnm5d-8541463e322bc40089c16b0470f1d0b4 av-gridrow-cell av_one_half no_margin  avia-builder-el-1  el_before_av_cell_one_half  avia-builder-el-first ' ><div class='flex_cell_inner'>\n<style type=\"text\/css\" data-created_by=\"avia_inline_auto\" id=\"style-css-av-49dd35-99c38ae588403970154a36ba456f92aa\">\n.avia-image-container.av-49dd35-99c38ae588403970154a36ba456f92aa img.avia_image{\nbox-shadow:none;\n}\n.avia-image-container.av-49dd35-99c38ae588403970154a36ba456f92aa .av-image-caption-overlay-center{\ncolor:#ffffff;\n}\n<\/style>\n<div  class='avia-image-container av-49dd35-99c38ae588403970154a36ba456f92aa av-styling-no-styling avia-align-left  avia-builder-el-2  avia-builder-el-no-sibling '   itemprop=\"image\" itemscope=\"itemscope\" itemtype=\"https:\/\/schema.org\/ImageObject\" ><div class=\"avia-image-container-inner\"><div class=\"avia-image-overlay-wrap\"><img decoding=\"async\" class='avia-img-lazy-loading-not- avia_image ' src=\"https:\/\/bluetree-group.com\/fr\/wp-content\/uploads\/2021\/05\/trainings.jpg\" alt='' title=''   itemprop=\"thumbnailUrl\"  \/><\/div><\/div><\/div>\n<\/div><\/div>\n<style type=\"text\/css\" data-created_by=\"avia_inline_auto\" id=\"style-css-av-44jfih-d2bf74690cc7a5e13974395b8f2235d0\">\n.flex_cell.av-44jfih-d2bf74690cc7a5e13974395b8f2235d0{\nvertical-align:middle;\nbackground-color:#98aee0;\n}\n.responsive #top #wrap_all .flex_cell.av-44jfih-d2bf74690cc7a5e13974395b8f2235d0{\npadding:30px 100px 30px 100px !important;\n}\n<\/style>\n<div class='flex_cell av-44jfih-d2bf74690cc7a5e13974395b8f2235d0 av-gridrow-cell av_one_half no_margin  avia-builder-el-3  el_after_av_cell_one_half  avia-builder-el-last ' ><div class='flex_cell_inner'>\n<style type=\"text\/css\" data-created_by=\"avia_inline_auto\" id=\"style-css-av-kppilpu2-f5a8044e764f89a6106a01eabd92eddf\">\n#top .av_textblock_section.av-kppilpu2-f5a8044e764f89a6106a01eabd92eddf .avia_textblock{\nfont-size:24px;\n}\n<\/style>\n<section  class='av_textblock_section av-kppilpu2-f5a8044e764f89a6106a01eabd92eddf'  itemscope=\"itemscope\" itemtype=\"https:\/\/schema.org\/CreativeWork\" ><div class='avia_textblock'  itemprop=\"text\" ><h1><strong>D\u00e9veloppement des comp\u00e9tences et formation<\/strong><\/h1>\n<p>Pendant plus de 10 ans, BlueTree a dispens\u00e9 des formations aux parties prenantes, aux imprimeurs et aux \u00e9diteurs dans plus de 25 pays en Asie, en Afrique et en Am\u00e9rique centrale. Les formations sont bas\u00e9es sur l\u2019\u00e9valuation r\u00e9alis\u00e9e pendant l\u2019\u00e9tude de la cha\u00eene d&rsquo;approvisionnement du livre ou s\u00e9par\u00e9ment, et tiennent compte des moyens et comp\u00e9tences actuelles. Les formations sont personnalis\u00e9es afin d\u2019identifier les besoins et de r\u00e9pondre aux contraintes locales.<\/p>\n<\/div><\/section>\n<\/div><\/div>\n<\/div>\n<div id='av_section_1'  class='avia-section av-3u01c1-110b36ea256079b979b9d2f1fe466ed7 main_color avia-section-default avia-no-border-styling  avia-builder-el-5  el_after_av_layout_row  el_before_av_section  avia-bg-style-scroll container_wrap sidebar_right'  ><div class='container av-section-cont-open' ><div class='template-page content  av-content-small alpha units'><div class='post-entry post-entry-type-page post-entry-544'><div class='entry-content-wrapper clearfix'>\n\n<style type=\"text\/css\" data-created_by=\"avia_inline_auto\" id=\"style-css-av-3oawax-266ed2235d7ee1d0a9b16f7f3974547b\">\n.flex_column.av-3oawax-266ed2235d7ee1d0a9b16f7f3974547b{\n-webkit-border-radius:0px 0px 0px 0px;\n-moz-border-radius:0px 0px 0px 0px;\nborder-radius:0px 0px 0px 0px;\npadding:0px 0px 0px 0px;\n}\n<\/style>\n<div class='flex_column av-3oawax-266ed2235d7ee1d0a9b16f7f3974547b av_three_fourth  avia-builder-el-6  avia-builder-el-no-sibling  first flex_column_div av-zero-column-padding '     ><section  class='av_textblock_section av-kppimb2f-6970c2e327712d242b58edf68d327e03'  itemscope=\"itemscope\" itemtype=\"https:\/\/schema.org\/CreativeWork\" ><div class='avia_textblock'  itemprop=\"text\" ><p><strong>Les modules propos\u00e9es comprennent :<\/strong><\/p>\n<p><strong>Donateurs\/partenaires de d\u00e9veloppement\/fonctionnaires du minist\u00e8re<\/strong><\/p>\n<p>&#8211; Bonnes pratiques d\u2019achat, d&rsquo;impression et de distribution au cours de la cha\u00eene d\u2019approvisionnement du livre<\/p>\n<p>&#8211; Aide \u00e0 la r\u00e9daction du dossier d\u2019Appel d&rsquo;Offres afin d\u2019atteindre le meilleur r\u00e9sultat qualit\u00e9 prix<\/p>\n<p>&#8211; \u00c9valuation de la qualit\u00e9<\/p>\n<p>&#8211; Trouver les meilleurs services de distribution, faire le planning et assurer le suivi de la distribution<\/p>\n<p>&#8211; Capacit\u00e9 de stockage et syst\u00e8me de gestion des stocks<\/p>\n<p>&#8211; Acheter des livres respectueux de l&rsquo;environnement<\/p>\n<p><strong>Imprimeurs<\/strong><\/p>\n<p>&#8211; Bonnes pratiques pour la gestion efficace et rentable des \u00e9quipements d&rsquo;impression<\/p>\n<p>&#8211; Pr\u00e9parer une offre de prix comp\u00e9titive en r\u00e9ponse \u00e0 un AO<\/p>\n<p>&#8211; Strat\u00e9gies de croissance<\/p>\n<p>&#8211; Mise en place et gestion de l\u2019assurance qualit\u00e9<\/p>\n<p>&#8211; Optimisation de l\u2019espace de production et planification des flux<\/p>\n<p>&#8211; Utilisation de mati\u00e8res premi\u00e8res durables, respectueuses de l\u2019environnement et des droits de l\u2019enfant<\/p>\n<p><strong>\u00c9diteurs et auteurs\u00a0 <\/strong><\/p>\n<p>&#8211; Pr\u00e9parer une offre comp\u00e9titive en r\u00e9ponse \u00e0 un appel d\u2019offre d&rsquo;\u00e9dition de livres<\/p>\n<p>&#8211; Utiliser les outils de contr\u00f4le de fichiers (PDF Preflight)<\/p>\n<p>&#8211; Conseils en DAO et GPAO<\/p>\n<p><strong>Distributeurs\/soci\u00e9t\u00e9s de logistique<\/strong><\/p>\n<p>&#8211; Bonnes pratiques pour la distribution de livres<\/p>\n<p>&#8211; Planification de la distribution<\/p>\n<p>&#8211; Proc\u00e9dures de stockage et syst\u00e8me de gestion des stocks<\/p>\n<\/div><\/section><\/div>\n\n<\/div><\/div><\/div><!-- close content main div --><\/div><\/div><div id='av_section_2'  class='avia-section av-35zna1-974cbd4ce15f186a57aa4b25dd127e53 main_color avia-section-large avia-no-border-styling  avia-builder-el-8  el_after_av_section  avia-builder-el-last  avia-bg-style-scroll container_wrap sidebar_right'  ><div class='container av-section-cont-open' ><div class='template-page content  av-content-small alpha units'><div class='post-entry post-entry-type-page post-entry-544'><div class='entry-content-wrapper clearfix'>\n\n<style type=\"text\/css\" data-created_by=\"avia_inline_auto\" id=\"style-css-av-33q43d-61349293bb14a0e424ed9ffae25620bb\">\n.flex_column.av-33q43d-61349293bb14a0e424ed9ffae25620bb{\n-webkit-border-radius:0px 0px 0px 0px;\n-moz-border-radius:0px 0px 0px 0px;\nborder-radius:0px 0px 0px 0px;\npadding:0px 0px 0px 0px;\n}\n<\/style>\n<div class='flex_column av-33q43d-61349293bb14a0e424ed9ffae25620bb av_one_full  avia-builder-el-9  el_before_av_hr  avia-builder-el-first  first flex_column_div av-zero-column-padding '     ><section  class='av_textblock_section av-2u08ex-2391ff3059992c81c6b7d92efd4ab5b9'  itemscope=\"itemscope\" itemtype=\"https:\/\/schema.org\/CreativeWork\" ><div class='avia_textblock'  itemprop=\"text\" ><h2><span style=\"color: #0972e7;\">Aper\u00e7u des service\u00a0<\/span><\/h2>\n<\/div><\/section><\/div>\n<style type=\"text\/css\" data-created_by=\"avia_inline_auto\" id=\"style-css-av-2shpg9-f9260cbb7589e4edcabeb1c07e78127e\">\n#top .hr.hr-invisible.av-2shpg9-f9260cbb7589e4edcabeb1c07e78127e{\nheight:20px;\n}\n<\/style>\n<div  class='hr av-2shpg9-f9260cbb7589e4edcabeb1c07e78127e hr-invisible  avia-builder-el-11  el_after_av_one_full  el_before_av_one_third '><span class='hr-inner '><span class=\"hr-inner-style\"><\/span><\/span><\/div>\n\n<style type=\"text\/css\" data-created_by=\"avia_inline_auto\" id=\"style-css-av-2m5521-dd14f0503cc85794908f5e2247bb7a6a\">\n.flex_column.av-2m5521-dd14f0503cc85794908f5e2247bb7a6a{\n-webkit-border-radius:0px 0px 0px 0px;\n-moz-border-radius:0px 0px 0px 0px;\nborder-radius:0px 0px 0px 0px;\npadding:0px 0px 0px 0px;\n}\n<\/style>\n<div class='flex_column av-2m5521-dd14f0503cc85794908f5e2247bb7a6a av_one_third  avia-builder-el-12  el_after_av_hr  el_before_av_one_third  first flex_column_div av-zero-column-padding avia-link-column av-column-link avia-link-column-hover '    data-link-column-url=\"https:\/\/bluetree-group.com\/fr\/book-supply-chain-assessment\/\"   ><a class=\"av-screen-reader-only\" href=https:\/\/bluetree-group.com\/fr\/book-supply-chain-assessment\/ >Lier vers : \u00c9valuation de la cha\u00eene d&rsquo;approvisionnement du livre<\/a><p>\n<style type=\"text\/css\" data-created_by=\"avia_inline_auto\" id=\"style-css-av-2dktip-31a67aa87a2ab99e11eb045767c2d98f\">\n.avia-image-container.av-2dktip-31a67aa87a2ab99e11eb045767c2d98f img.avia_image{\nbox-shadow:none;\n}\n.avia-image-container.av-2dktip-31a67aa87a2ab99e11eb045767c2d98f .av-image-caption-overlay-center{\ncolor:#ffffff;\n}\n<\/style>\n<div  class='avia-image-container av-2dktip-31a67aa87a2ab99e11eb045767c2d98f av-styling-circle avia-align-center  avia-builder-el-13  el_before_av_textblock  avia-builder-el-first '   itemprop=\"image\" itemscope=\"itemscope\" itemtype=\"https:\/\/schema.org\/ImageObject\" ><div class=\"avia-image-container-inner\"><div class=\"avia-image-overlay-wrap\"><img decoding=\"async\" class='avia-img-lazy-loading-not- avia_image ' src=\"https:\/\/bluetree-group.com\/fr\/wp-content\/uploads\/2021\/06\/01.201.jpg\" alt='' title=''   itemprop=\"thumbnailUrl\"  \/><\/div><\/div><\/div><br \/>\n\n<style type=\"text\/css\" data-created_by=\"avia_inline_auto\" id=\"style-css-av-2830dl-81ba8c2e49c1f62a48d205697e7545d6\">\n#top .av_textblock_section.av-2830dl-81ba8c2e49c1f62a48d205697e7545d6 .avia_textblock{\nfont-size:24px;\n}\n<\/style>\n<section  class='av_textblock_section av-2830dl-81ba8c2e49c1f62a48d205697e7545d6'  itemscope=\"itemscope\" itemtype=\"https:\/\/schema.org\/CreativeWork\" ><div class='avia_textblock'  itemprop=\"text\" ><p style=\"text-align: center;\">\u00c9valuation de la cha\u00eene d\u2019approvisionnement du livre<\/p>\n<\/div><\/section><\/p><\/div>\n<style type=\"text\/css\" data-created_by=\"avia_inline_auto\" id=\"style-css-av-243q75-b5b2bf258aad5c1bfd6e41d6304e0c84\">\n.flex_column.av-243q75-b5b2bf258aad5c1bfd6e41d6304e0c84{\n-webkit-border-radius:0px 0px 0px 0px;\n-moz-border-radius:0px 0px 0px 0px;\nborder-radius:0px 0px 0px 0px;\npadding:0px 0px 0px 0px;\n}\n<\/style>\n<div class='flex_column av-243q75-b5b2bf258aad5c1bfd6e41d6304e0c84 av_one_third  avia-builder-el-15  el_after_av_one_third  el_before_av_one_third  flex_column_div av-zero-column-padding avia-link-column av-column-link avia-link-column-hover '    data-link-column-url=\"https:\/\/bluetree-group.com\/fr\/technical-assistance\/\"   ><a class=\"av-screen-reader-only\" href=https:\/\/bluetree-group.com\/fr\/technical-assistance\/ >Lier vers : Assistance Technique<\/a><p>\n<style type=\"text\/css\" data-created_by=\"avia_inline_auto\" id=\"style-css-av-1y3nnd-41db1fe6b3a35d36095f29e448288417\">\n.avia-image-container.av-1y3nnd-41db1fe6b3a35d36095f29e448288417 img.avia_image{\nbox-shadow:none;\n}\n.avia-image-container.av-1y3nnd-41db1fe6b3a35d36095f29e448288417 .av-image-caption-overlay-center{\ncolor:#ffffff;\n}\n<\/style>\n<div  class='avia-image-container av-1y3nnd-41db1fe6b3a35d36095f29e448288417 av-styling-circle avia-align-center  avia-builder-el-16  el_before_av_textblock  avia-builder-el-first '   itemprop=\"image\" itemscope=\"itemscope\" itemtype=\"https:\/\/schema.org\/ImageObject\" ><div class=\"avia-image-container-inner\"><div class=\"avia-image-overlay-wrap\"><img decoding=\"async\" class='avia-img-lazy-loading-not- avia_image ' src=\"https:\/\/bluetree-group.com\/fr\/wp-content\/uploads\/2021\/06\/04.1-services-technical-assistance.jpg\" alt='' title=''   itemprop=\"thumbnailUrl\"  \/><\/div><\/div><\/div><br \/>\n\n<style type=\"text\/css\" data-created_by=\"avia_inline_auto\" id=\"style-css-av-1re6qx-f0a9480807bd3033812f13ff00978470\">\n#top .av_textblock_section.av-1re6qx-f0a9480807bd3033812f13ff00978470 .avia_textblock{\nfont-size:24px;\n}\n<\/style>\n<section  class='av_textblock_section av-1re6qx-f0a9480807bd3033812f13ff00978470'  itemscope=\"itemscope\" itemtype=\"https:\/\/schema.org\/CreativeWork\" ><div class='avia_textblock'  itemprop=\"text\" ><p style=\"text-align: center;\">Assistance Technique<\/p>\n<\/div><\/section><\/p><\/div>\n<style type=\"text\/css\" data-created_by=\"avia_inline_auto\" id=\"style-css-av-1m32ch-d2a1cd8caeeb6968e83741afc23e92d2\">\n.flex_column.av-1m32ch-d2a1cd8caeeb6968e83741afc23e92d2{\n-webkit-border-radius:0px 0px 0px 0px;\n-moz-border-radius:0px 0px 0px 0px;\nborder-radius:0px 0px 0px 0px;\npadding:0px 0px 0px 0px;\n}\n<\/style>\n<div class='flex_column av-1m32ch-d2a1cd8caeeb6968e83741afc23e92d2 av_one_third  avia-builder-el-18  el_after_av_one_third  el_before_av_one_third  flex_column_div av-zero-column-padding avia-link-column av-column-link avia-link-column-hover '    data-link-column-url=\"https:\/\/bluetree-group.com\/fr\/distribution-tracking-systems\/\"   ><a class=\"av-screen-reader-only\" href=https:\/\/bluetree-group.com\/fr\/distribution-tracking-systems\/ >Lier vers : Syst\u00e8mes de suivi et de tra\u00e7abilit\u00e9 de la distribution<\/a><p>\n<style type=\"text\/css\" data-created_by=\"avia_inline_auto\" id=\"style-css-av-1gpubt-4b164099da2a0ccf410248fa04693e70\">\n.avia-image-container.av-1gpubt-4b164099da2a0ccf410248fa04693e70 img.avia_image{\nbox-shadow:none;\n}\n.avia-image-container.av-1gpubt-4b164099da2a0ccf410248fa04693e70 .av-image-caption-overlay-center{\ncolor:#ffffff;\n}\n<\/style>\n<div  class='avia-image-container av-1gpubt-4b164099da2a0ccf410248fa04693e70 av-styling-circle avia-align-center  avia-builder-el-19  el_before_av_textblock  avia-builder-el-first '   itemprop=\"image\" itemscope=\"itemscope\" itemtype=\"https:\/\/schema.org\/ImageObject\" ><div class=\"avia-image-container-inner\"><div class=\"avia-image-overlay-wrap\"><img decoding=\"async\" class='avia-img-lazy-loading-not- avia_image ' src=\"https:\/\/bluetree-group.com\/fr\/wp-content\/uploads\/2021\/06\/04.2-track-and-trace.jpg\" alt='' title=''   itemprop=\"thumbnailUrl\"  \/><\/div><\/div><\/div><br \/>\n\n<style type=\"text\/css\" data-created_by=\"avia_inline_auto\" id=\"style-css-av-193fgx-97dbc7f23ff4edb2cb91de3e5e07593f\">\n#top .av_textblock_section.av-193fgx-97dbc7f23ff4edb2cb91de3e5e07593f .avia_textblock{\nfont-size:24px;\n}\n<\/style>\n<section  class='av_textblock_section av-193fgx-97dbc7f23ff4edb2cb91de3e5e07593f'  itemscope=\"itemscope\" itemtype=\"https:\/\/schema.org\/CreativeWork\" ><div class='avia_textblock'  itemprop=\"text\" ><p style=\"text-align: center;\">Syst\u00e8mes de suivi et de tra\u00e7abilit\u00e9 de la distribution<\/p>\n<\/div><\/section><\/p><\/div>\n<style type=\"text\/css\" data-created_by=\"avia_inline_auto\" id=\"style-css-av-14cbqx-17914829906b3ba36ad879ec3226745b\">\n.flex_column.av-14cbqx-17914829906b3ba36ad879ec3226745b{\n-webkit-border-radius:0px 0px 0px 0px;\n-moz-border-radius:0px 0px 0px 0px;\nborder-radius:0px 0px 0px 0px;\npadding:0px 0px 0px 0px;\n}\n<\/style>\n<div class='flex_column av-14cbqx-17914829906b3ba36ad879ec3226745b av_one_third  avia-builder-el-21  el_after_av_one_third  el_before_av_one_third  first flex_column_div av-zero-column-padding avia-link-column av-column-link avia-link-column-hover column-top-margin'    data-link-column-url=\"https:\/\/bluetree-group.com\/fr\/data-collection-and-analysis\/\"   ><a class=\"av-screen-reader-only\" href=https:\/\/bluetree-group.com\/fr\/data-collection-and-analysis\/ >Lier vers : Recueil et analyse des donn\u00e9es<\/a><p>\n<style type=\"text\/css\" data-created_by=\"avia_inline_auto\" id=\"style-css-av-v499t-b83a52e3cde37bed5883056148d2b02f\">\n.avia-image-container.av-v499t-b83a52e3cde37bed5883056148d2b02f img.avia_image{\nbox-shadow:none;\n}\n.avia-image-container.av-v499t-b83a52e3cde37bed5883056148d2b02f .av-image-caption-overlay-center{\ncolor:#ffffff;\n}\n<\/style>\n<div  class='avia-image-container av-v499t-b83a52e3cde37bed5883056148d2b02f av-styling-circle avia-align-center  avia-builder-el-22  el_before_av_textblock  avia-builder-el-first '   itemprop=\"image\" itemscope=\"itemscope\" itemtype=\"https:\/\/schema.org\/ImageObject\" ><div class=\"avia-image-container-inner\"><div class=\"avia-image-overlay-wrap\"><img decoding=\"async\" class='avia-img-lazy-loading-not- avia_image ' src=\"https:\/\/bluetree-group.com\/fr\/wp-content\/uploads\/2021\/06\/04.3-data.jpg\" alt='' title=''   itemprop=\"thumbnailUrl\"  \/><\/div><\/div><\/div><br \/>\n\n<style type=\"text\/css\" data-created_by=\"avia_inline_auto\" id=\"style-css-av-og47l-9fdf2b6df462b2ee3c00717fc0eae996\">\n#top .av_textblock_section.av-og47l-9fdf2b6df462b2ee3c00717fc0eae996 .avia_textblock{\nfont-size:24px;\n}\n<\/style>\n<section  class='av_textblock_section av-og47l-9fdf2b6df462b2ee3c00717fc0eae996'  itemscope=\"itemscope\" itemtype=\"https:\/\/schema.org\/CreativeWork\" ><div class='avia_textblock'  itemprop=\"text\" ><p style=\"text-align: center;\">Recueil et analyse des donn\u00e9es<\/p>\n<\/div><\/section><\/p><\/div>\n<style type=\"text\/css\" data-created_by=\"avia_inline_auto\" id=\"style-css-av-k71ep-4274779c49ba33e23c616359d1047a48\">\n.flex_column.av-k71ep-4274779c49ba33e23c616359d1047a48{\n-webkit-border-radius:0px 0px 0px 0px;\n-moz-border-radius:0px 0px 0px 0px;\nborder-radius:0px 0px 0px 0px;\npadding:0px 0px 0px 0px;\n}\n<\/style>\n<div class='flex_column av-k71ep-4274779c49ba33e23c616359d1047a48 av_one_third  avia-builder-el-24  el_after_av_one_third  avia-builder-el-last  flex_column_div av-zero-column-padding avia-link-column av-column-link avia-link-column-hover column-top-margin'    data-link-column-url=\"https:\/\/bluetree-group.com\/fr\/capacity-building-and-training\/\"   ><a class=\"av-screen-reader-only\" href=https:\/\/bluetree-group.com\/fr\/capacity-building-and-training\/ >Lier vers : D\u00e9veloppement des comp\u00e9tences et formation<\/a><p>\n<style type=\"text\/css\" data-created_by=\"avia_inline_auto\" id=\"style-css-av-e2jwp-ece2bb268e41773470ead035ad235fd6\">\n.avia-image-container.av-e2jwp-ece2bb268e41773470ead035ad235fd6 img.avia_image{\nbox-shadow:none;\n}\n.avia-image-container.av-e2jwp-ece2bb268e41773470ead035ad235fd6 .av-image-caption-overlay-center{\ncolor:#ffffff;\n}\n<\/style>\n<div  class='avia-image-container av-e2jwp-ece2bb268e41773470ead035ad235fd6 av-styling-circle avia-align-center  avia-builder-el-25  el_before_av_textblock  avia-builder-el-first '   itemprop=\"image\" itemscope=\"itemscope\" itemtype=\"https:\/\/schema.org\/ImageObject\" ><div class=\"avia-image-container-inner\"><div class=\"avia-image-overlay-wrap\"><img decoding=\"async\" class='avia-img-lazy-loading-not- avia_image ' src=\"https:\/\/bluetree-group.com\/fr\/wp-content\/uploads\/2021\/06\/04.4-capacity-building.jpg\" alt='' title=''   itemprop=\"thumbnailUrl\"  \/><\/div><\/div><\/div><br \/>\n\n<style type=\"text\/css\" data-created_by=\"avia_inline_auto\" id=\"style-css-av-aatc1-e6d5ea5256b8143f8265f6a8073759e7\">\n#top .av_textblock_section.av-aatc1-e6d5ea5256b8143f8265f6a8073759e7 .avia_textblock{\nfont-size:24px;\n}\n<\/style>\n<section  class='av_textblock_section av-aatc1-e6d5ea5256b8143f8265f6a8073759e7'  itemscope=\"itemscope\" itemtype=\"https:\/\/schema.org\/CreativeWork\" ><div class='avia_textblock'  itemprop=\"text\" ><p style=\"text-align: center;\">D\u00e9veloppement des comp\u00e9tences et formation<\/p>\n<\/div><\/section><\/p><\/div><\/div><\/div><\/div><!-- close content main div --><\/div><\/div><div id='after_section_2'  class='main_color av_default_container_wrap container_wrap sidebar_right'  ><div class='container av-section-cont-open' ><div class='template-page content  av-content-small alpha units'><div class='post-entry post-entry-type-page post-entry-544'><div class='entry-content-wrapper clearfix'>\n","protected":false},"excerpt":{"rendered":"","protected":false},"author":1,"featured_media":0,"parent":0,"menu_order":0,"comment_status":"open","ping_status":"open","template":"","meta":[],"acf":[],"yoast_head":"<!-- This site is optimized with the Yoast SEO plugin v20.1 - https:\/\/yoast.com\/wordpress\/plugins\/seo\/ -->\n<title>D\u00e9veloppement des comp\u00e9tences et formation - BlueTree Group FR<\/title>\n<meta name=\"robots\" content=\"index, follow, max-snippet:-1, max-image-preview:large, max-video-preview:-1\" \/>\n<link rel=\"canonical\" href=\"http:\/\/bluetree-group.com\/fr\/capacity-building-and-training\/\" \/>\n<meta property=\"og:locale\" content=\"fr_FR\" \/>\n<meta property=\"og:type\" content=\"article\" \/>\n<meta property=\"og:title\" content=\"D\u00e9veloppement des comp\u00e9tences et formation - BlueTree Group FR\" \/>\n<meta property=\"og:url\" content=\"http:\/\/bluetree-group.com\/fr\/capacity-building-and-training\/\" \/>\n<meta property=\"og:site_name\" content=\"BlueTree Group FR\" \/>\n<meta property=\"article:modified_time\" content=\"2023-08-29T08:22:45+00:00\" \/>\n<meta name=\"twitter:card\" content=\"summary_large_image\" \/>\n<meta name=\"twitter:label1\" content=\"Dur\u00e9e de lecture estim\u00e9e\" \/>\n\t<meta name=\"twitter:data1\" content=\"6 minutes\" \/>\n<script type=\"application\/ld+json\" class=\"yoast-schema-graph\">{\"@context\":\"https:\/\/schema.org\",\"@graph\":[{\"@type\":\"WebPage\",\"@id\":\"http:\/\/bluetree-group.com\/fr\/capacity-building-and-training\/\",\"url\":\"http:\/\/bluetree-group.com\/fr\/capacity-building-and-training\/\",\"name\":\"D\u00e9veloppement des comp\u00e9tences et formation - BlueTree Group FR\",\"isPartOf\":{\"@id\":\"http:\/\/bluetree-group.com\/fr\/#website\"},\"datePublished\":\"2021-06-09T12:21:36+00:00\",\"dateModified\":\"2023-08-29T08:22:45+00:00\",\"breadcrumb\":{\"@id\":\"http:\/\/bluetree-group.com\/fr\/capacity-building-and-training\/#breadcrumb\"},\"inLanguage\":\"fr-FR\",\"potentialAction\":[{\"@type\":\"ReadAction\",\"target\":[\"http:\/\/bluetree-group.com\/fr\/capacity-building-and-training\/\"]}]},{\"@type\":\"BreadcrumbList\",\"@id\":\"http:\/\/bluetree-group.com\/fr\/capacity-building-and-training\/#breadcrumb\",\"itemListElement\":[{\"@type\":\"ListItem\",\"position\":1,\"name\":\"Accueil\",\"item\":\"http:\/\/bluetree-group.com\/fr\/\"},{\"@type\":\"ListItem\",\"position\":2,\"name\":\"D\u00e9veloppement des comp\u00e9tences et formation\"}]},{\"@type\":\"WebSite\",\"@id\":\"http:\/\/bluetree-group.com\/fr\/#website\",\"url\":\"http:\/\/bluetree-group.com\/fr\/\",\"name\":\"BlueTree Group FR\",\"description\":\"\",\"potentialAction\":[{\"@type\":\"SearchAction\",\"target\":{\"@type\":\"EntryPoint\",\"urlTemplate\":\"http:\/\/bluetree-group.com\/fr\/?s={search_term_string}\"},\"query-input\":\"required name=search_term_string\"}],\"inLanguage\":\"fr-FR\"}]}<\/script>\n<!-- \/ Yoast SEO plugin. -->","yoast_head_json":{"title":"D\u00e9veloppement des comp\u00e9tences et formation - BlueTree Group FR","robots":{"index":"index","follow":"follow","max-snippet":"max-snippet:-1","max-image-preview":"max-image-preview:large","max-video-preview":"max-video-preview:-1"},"canonical":"http:\/\/bluetree-group.com\/fr\/capacity-building-and-training\/","og_locale":"fr_FR","og_type":"article","og_title":"D\u00e9veloppement des comp\u00e9tences et formation - BlueTree Group FR","og_url":"http:\/\/bluetree-group.com\/fr\/capacity-building-and-training\/","og_site_name":"BlueTree Group FR","article_modified_time":"2023-08-29T08:22:45+00:00","twitter_card":"summary_large_image","twitter_misc":{"Dur\u00e9e de lecture estim\u00e9e":"6 minutes"},"schema":{"@context":"https:\/\/schema.org","@graph":[{"@type":"WebPage","@id":"http:\/\/bluetree-group.com\/fr\/capacity-building-and-training\/","url":"http:\/\/bluetree-group.com\/fr\/capacity-building-and-training\/","name":"D\u00e9veloppement des comp\u00e9tences et formation - BlueTree Group FR","isPartOf":{"@id":"http:\/\/bluetree-group.com\/fr\/#website"},"datePublished":"2021-06-09T12:21:36+00:00","dateModified":"2023-08-29T08:22:45+00:00","breadcrumb":{"@id":"http:\/\/bluetree-group.com\/fr\/capacity-building-and-training\/#breadcrumb"},"inLanguage":"fr-FR","potentialAction":[{"@type":"ReadAction","target":["http:\/\/bluetree-group.com\/fr\/capacity-building-and-training\/"]}]},{"@type":"BreadcrumbList","@id":"http:\/\/bluetree-group.com\/fr\/capacity-building-and-training\/#breadcrumb","itemListElement":[{"@type":"ListItem","position":1,"name":"Accueil","item":"http:\/\/bluetree-group.com\/fr\/"},{"@type":"ListItem","position":2,"name":"D\u00e9veloppement des comp\u00e9tences et formation"}]},{"@type":"WebSite","@id":"http:\/\/bluetree-group.com\/fr\/#website","url":"http:\/\/bluetree-group.com\/fr\/","name":"BlueTree Group FR","description":"","potentialAction":[{"@type":"SearchAction","target":{"@type":"EntryPoint","urlTemplate":"http:\/\/bluetree-group.com\/fr\/?s={search_term_string}"},"query-input":"required name=search_term_string"}],"inLanguage":"fr-FR"}]}},"_links":{"self":[{"href":"https:\/\/bluetree-group.com\/fr\/wp-json\/wp\/v2\/pages\/544"}],"collection":[{"href":"https:\/\/bluetree-group.com\/fr\/wp-json\/wp\/v2\/pages"}],"about":[{"href":"https:\/\/bluetree-group.com\/fr\/wp-json\/wp\/v2\/types\/page"}],"author":[{"embeddable":true,"href":"https:\/\/bluetree-group.com\/fr\/wp-json\/wp\/v2\/users\/1"}],"replies":[{"embeddable":true,"href":"https:\/\/bluetree-group.com\/fr\/wp-json\/wp\/v2\/comments?post=544"}],"version-history":[{"count":1,"href":"https:\/\/bluetree-group.com\/fr\/wp-json\/wp\/v2\/pages\/544\/revisions"}],"predecessor-version":[{"id":1108,"href":"https:\/\/bluetree-group.com\/fr\/wp-json\/wp\/v2\/pages\/544\/revisions\/1108"}],"wp:attachment":[{"href":"https:\/\/bluetree-group.com\/fr\/wp-json\/wp\/v2\/media?parent=544"}],"curies":[{"name":"wp","href":"https:\/\/api.w.org\/{rel}","templated":true}]}}