{"id":543,"date":"2021-06-09T12:21:20","date_gmt":"2021-06-09T12:21:20","guid":{"rendered":"https:\/\/bluetrk.cluster027.hosting.ovh.net\/bc1678701-ovh\/fr\/data-collection-and-analysis\/"},"modified":"2021-06-09T12:21:20","modified_gmt":"2021-06-09T12:21:20","slug":"data-collection-and-analysis","status":"publish","type":"page","link":"https:\/\/bluetree-group.com\/fr\/data-collection-and-analysis\/","title":{"rendered":"Recueil et analyse des donn\u00e9es"},"content":{"rendered":"<div id='av-layout-grid-1'  class='av-layout-grid-container av-45nym6-15af551280a4a2a2fb026fc5c2c3130d entry-content-wrapper main_color av-flex-cells  avia-builder-el-0  el_before_av_section  avia-builder-el-first   container_wrap sidebar_right'  >\n\n<style type=\"text\/css\" data-created_by=\"avia_inline_auto\" id=\"style-css-av-kppik4w2-d4803f234d45ade64b9cd380cb4f9b66\">\n.flex_cell.av-kppik4w2-d4803f234d45ade64b9cd380cb4f9b66{\nvertical-align:middle;\nbackground-color:#0972e7;\n}\n.responsive #top #wrap_all .flex_cell.av-kppik4w2-d4803f234d45ade64b9cd380cb4f9b66{\npadding:70px 0px 70px 0px !important;\n}\n<\/style>\n<div class='flex_cell av-kppik4w2-d4803f234d45ade64b9cd380cb4f9b66 av-gridrow-cell av_one_half no_margin  avia-builder-el-1  el_before_av_cell_one_half  avia-builder-el-first ' ><div class='flex_cell_inner'>\n<style type=\"text\/css\" data-created_by=\"avia_inline_auto\" id=\"style-css-av-ed6me-04065ce45318f322c39387fcb7cdec67\">\n.avia-image-container.av-ed6me-04065ce45318f322c39387fcb7cdec67 img.avia_image{\nbox-shadow:none;\n}\n.avia-image-container.av-ed6me-04065ce45318f322c39387fcb7cdec67 .av-image-caption-overlay-center{\ncolor:#ffffff;\n}\n<\/style>\n<div  class='avia-image-container av-ed6me-04065ce45318f322c39387fcb7cdec67 av-styling-no-styling avia-align-left  avia-builder-el-2  avia-builder-el-no-sibling '   itemprop=\"image\" itemscope=\"itemscope\" itemtype=\"https:\/\/schema.org\/ImageObject\" ><div class=\"avia-image-container-inner\"><div class=\"avia-image-overlay-wrap\"><img decoding=\"async\" class='avia-img-lazy-loading-not- avia_image ' src=\"https:\/\/bluetree-group.com\/fr\/wp-content\/uploads\/2021\/06\/01.5-Data-collection-1030x772.jpg\" alt='' title=''   itemprop=\"thumbnailUrl\"  \/><\/div><\/div><\/div>\n<\/div><\/div>\n<style type=\"text\/css\" data-created_by=\"avia_inline_auto\" id=\"style-css-av-kppik1qa-d988d33d26a0b5e46dab7679ac898abc\">\n.flex_cell.av-kppik1qa-d988d33d26a0b5e46dab7679ac898abc{\nvertical-align:middle;\nbackground-color:#0972e7;\n}\n.responsive #top #wrap_all .flex_cell.av-kppik1qa-d988d33d26a0b5e46dab7679ac898abc{\npadding:30px 100px 30px 100px !important;\n}\n<\/style>\n<div class='flex_cell av-kppik1qa-d988d33d26a0b5e46dab7679ac898abc av-gridrow-cell av_one_half no_margin  avia-builder-el-3  el_after_av_cell_one_half  avia-builder-el-last ' ><div class='flex_cell_inner'>\n<style type=\"text\/css\" data-created_by=\"avia_inline_auto\" id=\"style-css-av-kppikg61-f4b3d2ddf58bb293d2c8e5b903f99e92\">\n#top .av_textblock_section.av-kppikg61-f4b3d2ddf58bb293d2c8e5b903f99e92 .avia_textblock{\nfont-size:24px;\n}\n<\/style>\n<section  class='av_textblock_section av-kppikg61-f4b3d2ddf58bb293d2c8e5b903f99e92'  itemscope=\"itemscope\" itemtype=\"https:\/\/schema.org\/CreativeWork\" ><div class='avia_textblock'  itemprop=\"text\" ><h1><strong>Recueil et analyse des donn\u00e9es<\/strong><\/h1>\n<p>Depuis plusieurs ann\u00e9es, BlueTree a rassembl\u00e9 des donn\u00e9es compl\u00e8tes sur des projets r\u00e9alis\u00e9s dans le monde entier. Ceci nous permet de comparer les prix, les sp\u00e9cifications techniques, les d\u00e9lais et les r\u00e9sultats des diff\u00e9rents modes d&rsquo;approvisionnement. Nous identifions ainsi les exemples de bonnes pratiques qui peuvent \u00eatre utilis\u00e9es comme r\u00e9f\u00e9rence pour les projets actuels ou futurs, gr\u00e2ce \u00e0 l\u2019exploitation des donn\u00e9es.<\/p>\n<\/div><\/section>\n<\/div><\/div><\/div><div id='av_section_1'  class='avia-section av-398lxa-2c591b4a34db594ea15ea8058ee4ac1d main_color avia-section-large avia-no-border-styling  avia-builder-el-5  el_after_av_layout_row  avia-builder-el-last  avia-bg-style-scroll container_wrap sidebar_right'  ><div class='container av-section-cont-open' ><div class='template-page content  av-content-small alpha units'><div class='post-entry post-entry-type-page post-entry-543'><div class='entry-content-wrapper clearfix'>\n\n<style type=\"text\/css\" data-created_by=\"avia_inline_auto\" id=\"style-css-av-c1qri-e38dcdc7e8068b9b7658ae8c83eaeefd\">\n.flex_column.av-c1qri-e38dcdc7e8068b9b7658ae8c83eaeefd{\n-webkit-border-radius:0px 0px 0px 0px;\n-moz-border-radius:0px 0px 0px 0px;\nborder-radius:0px 0px 0px 0px;\npadding:0px 0px 0px 0px;\n}\n<\/style>\n<div class='flex_column av-c1qri-e38dcdc7e8068b9b7658ae8c83eaeefd av_one_full  avia-builder-el-6  el_before_av_one_full  avia-builder-el-first  first flex_column_div av-zero-column-padding '     ><section  class='av_textblock_section av-kq6ip8pw-d61df241033e07444842370b79678f7a'  itemscope=\"itemscope\" itemtype=\"https:\/\/schema.org\/CreativeWork\" ><div class='avia_textblock'  itemprop=\"text\" ><p>Nous recueillons des donn\u00e9es sur :<\/p>\n<ul>\n<li>L&rsquo;analyse des co\u00fbts d&rsquo;impression et des prix du papier<\/li>\n<li>Capacit\u00e9 et d\u00e9lais de distribution par pays<\/li>\n<li>Analyse des co\u00fbts de distribution<\/li>\n<li>Politique gouvernementale sur les manuels scolaires dans plusieurs pays<\/li>\n<li>Les volumes de livres<\/li>\n<li>Prix des livres<\/li>\n<\/ul>\n<\/div><\/section><\/div>\n<style type=\"text\/css\" data-created_by=\"avia_inline_auto\" id=\"style-css-av-34do32-bb89e300147f7fb82f7f04110d5d7932\">\n.flex_column.av-34do32-bb89e300147f7fb82f7f04110d5d7932{\n-webkit-border-radius:0px 0px 0px 0px;\n-moz-border-radius:0px 0px 0px 0px;\nborder-radius:0px 0px 0px 0px;\npadding:0px 0px 0px 0px;\n}\n<\/style>\n<div class='flex_column av-34do32-bb89e300147f7fb82f7f04110d5d7932 av_one_full  avia-builder-el-8  el_after_av_one_full  el_before_av_hr  first flex_column_div av-zero-column-padding column-top-margin'     ><section  class='av_textblock_section av-2u9nx2-e34999e8d59b5478729740a1016f5ea3'  itemscope=\"itemscope\" itemtype=\"https:\/\/schema.org\/CreativeWork\" ><div class='avia_textblock'  itemprop=\"text\" ><h2><span style=\"color: #0972e7\">Aper\u00e7u des services<\/span><\/h2>\n<\/div><\/section><\/div>\n<style type=\"text\/css\" data-created_by=\"avia_inline_auto\" id=\"style-css-av-9vrny-086d2b0bc89537ec046232265d37102e\">\n#top .hr.hr-invisible.av-9vrny-086d2b0bc89537ec046232265d37102e{\nheight:20px;\n}\n<\/style>\n<div  class='hr av-9vrny-086d2b0bc89537ec046232265d37102e hr-invisible  avia-builder-el-10  el_after_av_one_full  el_before_av_one_fifth '><span class='hr-inner '><span class=\"hr-inner-style\"><\/span><\/span><\/div>\n\n<style type=\"text\/css\" data-created_by=\"avia_inline_auto\" id=\"style-css-av-2lyuz2-ad2ab31b559d556e1f26fe0410ea2385\">\n.flex_column.av-2lyuz2-ad2ab31b559d556e1f26fe0410ea2385{\n-webkit-border-radius:0px 0px 0px 0px;\n-moz-border-radius:0px 0px 0px 0px;\nborder-radius:0px 0px 0px 0px;\npadding:0px 0px 0px 0px;\n}\n<\/style>\n<div class='flex_column av-2lyuz2-ad2ab31b559d556e1f26fe0410ea2385 av_one_fifth  avia-builder-el-11  el_after_av_hr  el_before_av_one_fifth  first flex_column_div av-zero-column-padding avia-link-column av-column-link avia-link-column-hover '    data-link-column-url=\"https:\/\/bluetree-group.com\/fr\/book-supply-chain-assessment\/\"   ><a class=\"av-screen-reader-only\" href=https:\/\/bluetree-group.com\/fr\/book-supply-chain-assessment\/ >Lier vers : \u00c9valuation de la cha\u00eene d&rsquo;approvisionnement du livre<\/a><p>\n<style type=\"text\/css\" data-created_by=\"avia_inline_auto\" id=\"style-css-av-2cnt8u-930cb68c4a5e57cb375ab88ec9d23066\">\n.avia-image-container.av-2cnt8u-930cb68c4a5e57cb375ab88ec9d23066 img.avia_image{\nbox-shadow:none;\n}\n.avia-image-container.av-2cnt8u-930cb68c4a5e57cb375ab88ec9d23066 .av-image-caption-overlay-center{\ncolor:#ffffff;\n}\n<\/style>\n<div  class='avia-image-container av-2cnt8u-930cb68c4a5e57cb375ab88ec9d23066 av-styling-circle avia-align-center  avia-builder-el-12  el_before_av_textblock  avia-builder-el-first '   itemprop=\"image\" itemscope=\"itemscope\" itemtype=\"https:\/\/schema.org\/ImageObject\" ><div class=\"avia-image-container-inner\"><div class=\"avia-image-overlay-wrap\"><img decoding=\"async\" class='avia-img-lazy-loading-not- avia_image ' src=\"https:\/\/bluetree-group.com\/fr\/wp-content\/uploads\/2021\/06\/01.201.jpg\" alt='' title=''   itemprop=\"thumbnailUrl\"  \/><\/div><\/div><\/div><br \/>\n\n<style type=\"text\/css\" data-created_by=\"avia_inline_auto\" id=\"style-css-av-7v4p2-29b270c5726a9651164a1a28b73dedca\">\n#top .av_textblock_section.av-7v4p2-29b270c5726a9651164a1a28b73dedca .avia_textblock{\nfont-size:24px;\n}\n<\/style>\n<section  class='av_textblock_section av-7v4p2-29b270c5726a9651164a1a28b73dedca'  itemscope=\"itemscope\" itemtype=\"https:\/\/schema.org\/CreativeWork\" ><div class='avia_textblock'  itemprop=\"text\" ><p style=\"text-align: center\">\u00c9valuation de la cha\u00eene d\u2019approvisionnement du livre<\/p>\n<\/div><\/section><\/p><\/div>\n<style type=\"text\/css\" data-created_by=\"avia_inline_auto\" id=\"style-css-av-20kv2e-13776c960da55f995db3ba7e080d620f\">\n.flex_column.av-20kv2e-13776c960da55f995db3ba7e080d620f{\n-webkit-border-radius:0px 0px 0px 0px;\n-moz-border-radius:0px 0px 0px 0px;\nborder-radius:0px 0px 0px 0px;\npadding:0px 0px 0px 0px;\n}\n<\/style>\n<div class='flex_column av-20kv2e-13776c960da55f995db3ba7e080d620f av_one_fifth  avia-builder-el-14  el_after_av_one_fifth  el_before_av_one_fifth  flex_column_div av-zero-column-padding avia-link-column av-column-link avia-link-column-hover '    data-link-column-url=\"https:\/\/bluetree-group.com\/fr\/technical-assistance\/\"   ><a class=\"av-screen-reader-only\" href=https:\/\/bluetree-group.com\/fr\/technical-assistance\/ >Lier vers : Assistance Technique<\/a><p>\n<style type=\"text\/css\" data-created_by=\"avia_inline_auto\" id=\"style-css-av-1ueeku-87934a0eb6908abfde8a2802c93661a8\">\n.avia-image-container.av-1ueeku-87934a0eb6908abfde8a2802c93661a8 img.avia_image{\nbox-shadow:none;\n}\n.avia-image-container.av-1ueeku-87934a0eb6908abfde8a2802c93661a8 .av-image-caption-overlay-center{\ncolor:#ffffff;\n}\n<\/style>\n<div  class='avia-image-container av-1ueeku-87934a0eb6908abfde8a2802c93661a8 av-styling-circle avia-align-center  avia-builder-el-15  el_before_av_textblock  avia-builder-el-first '   itemprop=\"image\" itemscope=\"itemscope\" itemtype=\"https:\/\/schema.org\/ImageObject\" ><div class=\"avia-image-container-inner\"><div class=\"avia-image-overlay-wrap\"><img decoding=\"async\" class='avia-img-lazy-loading-not- avia_image ' src=\"https:\/\/bluetree-group.com\/fr\/wp-content\/uploads\/2021\/06\/04.1-services-technical-assistance.jpg\" alt='' title=''   itemprop=\"thumbnailUrl\"  \/><\/div><\/div><\/div><br \/>\n\n<style type=\"text\/css\" data-created_by=\"avia_inline_auto\" id=\"style-css-av-1ppq1q-d3e79ca4946db35a5860b9b5bf8e0504\">\n#top .av_textblock_section.av-1ppq1q-d3e79ca4946db35a5860b9b5bf8e0504 .avia_textblock{\nfont-size:24px;\n}\n<\/style>\n<section  class='av_textblock_section av-1ppq1q-d3e79ca4946db35a5860b9b5bf8e0504'  itemscope=\"itemscope\" itemtype=\"https:\/\/schema.org\/CreativeWork\" ><div class='avia_textblock'  itemprop=\"text\" ><p style=\"text-align: center\">Assistance Technique<\/p>\n<\/div><\/section><\/p><\/div>\n<style type=\"text\/css\" data-created_by=\"avia_inline_auto\" id=\"style-css-av-1lmh4e-bcf5f883500a23ead785a72bcb6a064d\">\n.flex_column.av-1lmh4e-bcf5f883500a23ead785a72bcb6a064d{\n-webkit-border-radius:0px 0px 0px 0px;\n-moz-border-radius:0px 0px 0px 0px;\nborder-radius:0px 0px 0px 0px;\npadding:0px 0px 0px 0px;\n}\n<\/style>\n<div class='flex_column av-1lmh4e-bcf5f883500a23ead785a72bcb6a064d av_one_fifth  avia-builder-el-17  el_after_av_one_fifth  el_before_av_one_fifth  flex_column_div av-zero-column-padding avia-link-column av-column-link avia-link-column-hover '    data-link-column-url=\"https:\/\/bluetree-group.com\/fr\/distribution-tracking-systems\/\"   ><a class=\"av-screen-reader-only\" href=https:\/\/bluetree-group.com\/fr\/distribution-tracking-systems\/ >Lier vers : Syst\u00e8mes de suivi et de tra\u00e7abilit\u00e9 de la distribution<\/a><p>\n<style type=\"text\/css\" data-created_by=\"avia_inline_auto\" id=\"style-css-av-1h8hme-edad3b9ef6905e0c5fe32ee129698aee\">\n.avia-image-container.av-1h8hme-edad3b9ef6905e0c5fe32ee129698aee img.avia_image{\nbox-shadow:none;\n}\n.avia-image-container.av-1h8hme-edad3b9ef6905e0c5fe32ee129698aee .av-image-caption-overlay-center{\ncolor:#ffffff;\n}\n<\/style>\n<div  class='avia-image-container av-1h8hme-edad3b9ef6905e0c5fe32ee129698aee av-styling-circle avia-align-center  avia-builder-el-18  el_before_av_textblock  avia-builder-el-first '   itemprop=\"image\" itemscope=\"itemscope\" itemtype=\"https:\/\/schema.org\/ImageObject\" ><div class=\"avia-image-container-inner\"><div class=\"avia-image-overlay-wrap\"><img decoding=\"async\" class='avia-img-lazy-loading-not- avia_image ' src=\"https:\/\/bluetree-group.com\/fr\/wp-content\/uploads\/2021\/06\/04.2-track-and-trace.jpg\" alt='' title=''   itemprop=\"thumbnailUrl\"  \/><\/div><\/div><\/div><br \/>\n\n<style type=\"text\/css\" data-created_by=\"avia_inline_auto\" id=\"style-css-av-17k0va-20cca06e2876b73be273059fbdbb1120\">\n#top .av_textblock_section.av-17k0va-20cca06e2876b73be273059fbdbb1120 .avia_textblock{\nfont-size:24px;\n}\n<\/style>\n<section  class='av_textblock_section av-17k0va-20cca06e2876b73be273059fbdbb1120'  itemscope=\"itemscope\" itemtype=\"https:\/\/schema.org\/CreativeWork\" ><div class='avia_textblock'  itemprop=\"text\" ><p style=\"text-align: center\">Syst\u00e8mes de suivi et de tra\u00e7abilit\u00e9 de la distribution<\/p>\n<\/div><\/section><\/p><\/div>\n<style type=\"text\/css\" data-created_by=\"avia_inline_auto\" id=\"style-css-av-15mln2-9f9b673ef7dff4703d62ad21ec45fb9a\">\n.flex_column.av-15mln2-9f9b673ef7dff4703d62ad21ec45fb9a{\n-webkit-border-radius:0px 0px 0px 0px;\n-moz-border-radius:0px 0px 0px 0px;\nborder-radius:0px 0px 0px 0px;\npadding:0px 0px 0px 0px;\n}\n<\/style>\n<div class='flex_column av-15mln2-9f9b673ef7dff4703d62ad21ec45fb9a av_one_fifth  avia-builder-el-20  el_after_av_one_fifth  el_before_av_one_fifth  flex_column_div av-zero-column-padding avia-link-column av-column-link avia-link-column-hover '    data-link-column-url=\"https:\/\/bluetree-group.com\/fr\/data-collection-and-analysis\/\"   ><a class=\"av-screen-reader-only\" href=https:\/\/bluetree-group.com\/fr\/data-collection-and-analysis\/ >Lier vers : Recueil et analyse des donn\u00e9es<\/a><p>\n<style type=\"text\/css\" data-created_by=\"avia_inline_auto\" id=\"style-css-av-34uam-e1675231fd8c82b8bf77d65b02075dcf\">\n.avia-image-container.av-34uam-e1675231fd8c82b8bf77d65b02075dcf img.avia_image{\nbox-shadow:none;\n}\n.avia-image-container.av-34uam-e1675231fd8c82b8bf77d65b02075dcf .av-image-caption-overlay-center{\ncolor:#ffffff;\n}\n<\/style>\n<div  class='avia-image-container av-34uam-e1675231fd8c82b8bf77d65b02075dcf av-styling-circle avia-align-center  avia-builder-el-21  el_before_av_textblock  avia-builder-el-first '   itemprop=\"image\" itemscope=\"itemscope\" itemtype=\"https:\/\/schema.org\/ImageObject\" ><div class=\"avia-image-container-inner\"><div class=\"avia-image-overlay-wrap\"><img decoding=\"async\" class='avia-img-lazy-loading-not- avia_image ' src=\"https:\/\/bluetree-group.com\/fr\/wp-content\/uploads\/2021\/06\/04.3-data.jpg\" alt='' title=''   itemprop=\"thumbnailUrl\"  \/><\/div><\/div><\/div><br \/>\n\n<style type=\"text\/css\" data-created_by=\"avia_inline_auto\" id=\"style-css-av-rw2ee-2a8bf5611e661e241ba781ceadca4fb8\">\n#top .av_textblock_section.av-rw2ee-2a8bf5611e661e241ba781ceadca4fb8 .avia_textblock{\nfont-size:24px;\n}\n<\/style>\n<section  class='av_textblock_section av-rw2ee-2a8bf5611e661e241ba781ceadca4fb8'  itemscope=\"itemscope\" itemtype=\"https:\/\/schema.org\/CreativeWork\" ><div class='avia_textblock'  itemprop=\"text\" ><p style=\"text-align: center\">Recueil et analyse des donn\u00e9es<\/p>\n<\/div><\/section><\/p><\/div>\n<style type=\"text\/css\" data-created_by=\"avia_inline_auto\" id=\"style-css-av-kx8b2-31c10ff307c80a88746859ffd49ed915\">\n.flex_column.av-kx8b2-31c10ff307c80a88746859ffd49ed915{\n-webkit-border-radius:0px 0px 0px 0px;\n-moz-border-radius:0px 0px 0px 0px;\nborder-radius:0px 0px 0px 0px;\npadding:0px 0px 0px 0px;\n}\n<\/style>\n<div class='flex_column av-kx8b2-31c10ff307c80a88746859ffd49ed915 av_one_fifth  avia-builder-el-23  el_after_av_one_fifth  avia-builder-el-last  flex_column_div av-zero-column-padding avia-link-column av-column-link avia-link-column-hover '    data-link-column-url=\"https:\/\/bluetree-group.com\/fr\/capacity-building-and-training\/\"   ><a class=\"av-screen-reader-only\" href=https:\/\/bluetree-group.com\/fr\/capacity-building-and-training\/ >Lier vers : D\u00e9veloppement des comp\u00e9tences et formation<\/a><p>\n<style type=\"text\/css\" data-created_by=\"avia_inline_auto\" id=\"style-css-av-hka52-3b396037006125f847b33885e94b8250\">\n.avia-image-container.av-hka52-3b396037006125f847b33885e94b8250 img.avia_image{\nbox-shadow:none;\n}\n.avia-image-container.av-hka52-3b396037006125f847b33885e94b8250 .av-image-caption-overlay-center{\ncolor:#ffffff;\n}\n<\/style>\n<div  class='avia-image-container av-hka52-3b396037006125f847b33885e94b8250 av-styling-circle avia-align-center  avia-builder-el-24  el_before_av_textblock  avia-builder-el-first '   itemprop=\"image\" itemscope=\"itemscope\" itemtype=\"https:\/\/schema.org\/ImageObject\" ><div class=\"avia-image-container-inner\"><div class=\"avia-image-overlay-wrap\"><img decoding=\"async\" class='avia-img-lazy-loading-not- avia_image ' src=\"https:\/\/bluetree-group.com\/fr\/wp-content\/uploads\/2021\/06\/04.4-capacity-building.jpg\" alt='' title=''   itemprop=\"thumbnailUrl\"  \/><\/div><\/div><\/div><br \/>\n\n<style type=\"text\/css\" data-created_by=\"avia_inline_auto\" id=\"style-css-av-bs9pq-c55ba3346817637a794ddbf16c86f34a\">\n#top .av_textblock_section.av-bs9pq-c55ba3346817637a794ddbf16c86f34a .avia_textblock{\nfont-size:24px;\n}\n<\/style>\n<section  class='av_textblock_section av-bs9pq-c55ba3346817637a794ddbf16c86f34a'  itemscope=\"itemscope\" itemtype=\"https:\/\/schema.org\/CreativeWork\" ><div class='avia_textblock'  itemprop=\"text\" ><p style=\"text-align: center\">D\u00e9veloppement des comp\u00e9tences et formation<\/p>\n<\/div><\/section><\/p><\/div>\n<\/div><\/div><\/div><!-- close content main div --><\/div><\/div><div id='after_section_1'  class='main_color av_default_container_wrap container_wrap sidebar_right'  ><div class='container av-section-cont-open' ><div class='template-page content  av-content-small alpha units'><div class='post-entry post-entry-type-page post-entry-543'><div class='entry-content-wrapper clearfix'><\/p>\n","protected":false},"excerpt":{"rendered":"","protected":false},"author":1,"featured_media":0,"parent":0,"menu_order":0,"comment_status":"open","ping_status":"open","template":"","meta":[],"acf":[],"yoast_head":"<!-- This site is optimized with the Yoast SEO plugin v20.1 - https:\/\/yoast.com\/wordpress\/plugins\/seo\/ -->\n<title>Recueil et analyse des donn\u00e9es - BlueTree Group FR<\/title>\n<meta name=\"robots\" content=\"index, follow, max-snippet:-1, max-image-preview:large, max-video-preview:-1\" \/>\n<link rel=\"canonical\" href=\"https:\/\/bluetree-group.com\/fr\/data-collection-and-analysis\/\" \/>\n<meta property=\"og:locale\" content=\"fr_FR\" \/>\n<meta property=\"og:type\" content=\"article\" \/>\n<meta property=\"og:title\" content=\"Recueil et analyse des donn\u00e9es - BlueTree Group FR\" \/>\n<meta property=\"og:url\" content=\"https:\/\/bluetree-group.com\/fr\/data-collection-and-analysis\/\" \/>\n<meta property=\"og:site_name\" content=\"BlueTree Group FR\" \/>\n<meta name=\"twitter:card\" content=\"summary_large_image\" \/>\n<script type=\"application\/ld+json\" class=\"yoast-schema-graph\">{\"@context\":\"https:\/\/schema.org\",\"@graph\":[{\"@type\":\"WebPage\",\"@id\":\"https:\/\/bluetree-group.com\/fr\/data-collection-and-analysis\/\",\"url\":\"https:\/\/bluetree-group.com\/fr\/data-collection-and-analysis\/\",\"name\":\"Recueil et analyse des donn\u00e9es - BlueTree Group FR\",\"isPartOf\":{\"@id\":\"http:\/\/bluetree-group.com\/fr\/#website\"},\"datePublished\":\"2021-06-09T12:21:20+00:00\",\"dateModified\":\"2021-06-09T12:21:20+00:00\",\"breadcrumb\":{\"@id\":\"https:\/\/bluetree-group.com\/fr\/data-collection-and-analysis\/#breadcrumb\"},\"inLanguage\":\"fr-FR\",\"potentialAction\":[{\"@type\":\"ReadAction\",\"target\":[\"https:\/\/bluetree-group.com\/fr\/data-collection-and-analysis\/\"]}]},{\"@type\":\"BreadcrumbList\",\"@id\":\"https:\/\/bluetree-group.com\/fr\/data-collection-and-analysis\/#breadcrumb\",\"itemListElement\":[{\"@type\":\"ListItem\",\"position\":1,\"name\":\"Accueil\",\"item\":\"http:\/\/bluetree-group.com\/fr\/\"},{\"@type\":\"ListItem\",\"position\":2,\"name\":\"Recueil et analyse des donn\u00e9es\"}]},{\"@type\":\"WebSite\",\"@id\":\"http:\/\/bluetree-group.com\/fr\/#website\",\"url\":\"http:\/\/bluetree-group.com\/fr\/\",\"name\":\"BlueTree Group FR\",\"description\":\"\",\"potentialAction\":[{\"@type\":\"SearchAction\",\"target\":{\"@type\":\"EntryPoint\",\"urlTemplate\":\"http:\/\/bluetree-group.com\/fr\/?s={search_term_string}\"},\"query-input\":\"required name=search_term_string\"}],\"inLanguage\":\"fr-FR\"}]}<\/script>\n<!-- \/ Yoast SEO plugin. -->","yoast_head_json":{"title":"Recueil et analyse des donn\u00e9es - BlueTree Group FR","robots":{"index":"index","follow":"follow","max-snippet":"max-snippet:-1","max-image-preview":"max-image-preview:large","max-video-preview":"max-video-preview:-1"},"canonical":"https:\/\/bluetree-group.com\/fr\/data-collection-and-analysis\/","og_locale":"fr_FR","og_type":"article","og_title":"Recueil et analyse des donn\u00e9es - BlueTree Group FR","og_url":"https:\/\/bluetree-group.com\/fr\/data-collection-and-analysis\/","og_site_name":"BlueTree Group FR","twitter_card":"summary_large_image","schema":{"@context":"https:\/\/schema.org","@graph":[{"@type":"WebPage","@id":"https:\/\/bluetree-group.com\/fr\/data-collection-and-analysis\/","url":"https:\/\/bluetree-group.com\/fr\/data-collection-and-analysis\/","name":"Recueil et analyse des donn\u00e9es - BlueTree Group FR","isPartOf":{"@id":"http:\/\/bluetree-group.com\/fr\/#website"},"datePublished":"2021-06-09T12:21:20+00:00","dateModified":"2021-06-09T12:21:20+00:00","breadcrumb":{"@id":"https:\/\/bluetree-group.com\/fr\/data-collection-and-analysis\/#breadcrumb"},"inLanguage":"fr-FR","potentialAction":[{"@type":"ReadAction","target":["https:\/\/bluetree-group.com\/fr\/data-collection-and-analysis\/"]}]},{"@type":"BreadcrumbList","@id":"https:\/\/bluetree-group.com\/fr\/data-collection-and-analysis\/#breadcrumb","itemListElement":[{"@type":"ListItem","position":1,"name":"Accueil","item":"http:\/\/bluetree-group.com\/fr\/"},{"@type":"ListItem","position":2,"name":"Recueil et analyse des donn\u00e9es"}]},{"@type":"WebSite","@id":"http:\/\/bluetree-group.com\/fr\/#website","url":"http:\/\/bluetree-group.com\/fr\/","name":"BlueTree Group FR","description":"","potentialAction":[{"@type":"SearchAction","target":{"@type":"EntryPoint","urlTemplate":"http:\/\/bluetree-group.com\/fr\/?s={search_term_string}"},"query-input":"required name=search_term_string"}],"inLanguage":"fr-FR"}]}},"_links":{"self":[{"href":"https:\/\/bluetree-group.com\/fr\/wp-json\/wp\/v2\/pages\/543"}],"collection":[{"href":"https:\/\/bluetree-group.com\/fr\/wp-json\/wp\/v2\/pages"}],"about":[{"href":"https:\/\/bluetree-group.com\/fr\/wp-json\/wp\/v2\/types\/page"}],"author":[{"embeddable":true,"href":"https:\/\/bluetree-group.com\/fr\/wp-json\/wp\/v2\/users\/1"}],"replies":[{"embeddable":true,"href":"https:\/\/bluetree-group.com\/fr\/wp-json\/wp\/v2\/comments?post=543"}],"version-history":[{"count":0,"href":"https:\/\/bluetree-group.com\/fr\/wp-json\/wp\/v2\/pages\/543\/revisions"}],"wp:attachment":[{"href":"https:\/\/bluetree-group.com\/fr\/wp-json\/wp\/v2\/media?parent=543"}],"curies":[{"name":"wp","href":"https:\/\/api.w.org\/{rel}","templated":true}]}}