{"id":536,"date":"2021-06-09T12:21:02","date_gmt":"2021-06-09T12:21:02","guid":{"rendered":"https:\/\/bluetrk.cluster027.hosting.ovh.net\/bc1678701-ovh\/fr\/book-supply-chain-assessment\/"},"modified":"2023-08-29T10:22:26","modified_gmt":"2023-08-29T08:22:26","slug":"book-supply-chain-assessment","status":"publish","type":"page","link":"https:\/\/bluetree-group.com\/fr\/book-supply-chain-assessment\/","title":{"rendered":"\u00c9valuation de la cha\u00eene d&rsquo;approvisionnement du livre"},"content":{"rendered":"<div id='av-layout-grid-1'  class='av-layout-grid-container av-400x74-ba30012871dd74b59d89d3872dc9eca4 entry-content-wrapper main_color av-flex-cells  avia-builder-el-0  el_before_av_section  avia-builder-el-first   container_wrap sidebar_right'  >\n\n<style type=\"text\/css\" data-created_by=\"avia_inline_auto\" id=\"style-css-av-kppidavz-d07557ea8a14bfdd790a9887e0e13936\">\n.flex_cell.av-kppidavz-d07557ea8a14bfdd790a9887e0e13936{\nvertical-align:middle;\nbackground-color:#8b9e3d;\n}\n.responsive #top #wrap_all .flex_cell.av-kppidavz-d07557ea8a14bfdd790a9887e0e13936{\npadding:70px 0px 70px 0px !important;\n}\n<\/style>\n<div class='flex_cell av-kppidavz-d07557ea8a14bfdd790a9887e0e13936 av-gridrow-cell av_one_half no_margin  avia-builder-el-1  el_before_av_cell_one_half  avia-builder-el-first ' ><div class='flex_cell_inner'>\n<style type=\"text\/css\" data-created_by=\"avia_inline_auto\" id=\"style-css-av-kppiecp2-7ac488350677585e9f5974ba5eba7e22\">\n.avia-image-container.av-kppiecp2-7ac488350677585e9f5974ba5eba7e22 img.avia_image{\nbox-shadow:none;\n}\n.avia-image-container.av-kppiecp2-7ac488350677585e9f5974ba5eba7e22 .av-image-caption-overlay-center{\ncolor:#ffffff;\n}\n<\/style>\n<div  class='avia-image-container av-kppiecp2-7ac488350677585e9f5974ba5eba7e22 av-styling-no-styling avia-align-left  avia-builder-el-2  avia-builder-el-no-sibling '   itemprop=\"image\" itemscope=\"itemscope\" itemtype=\"https:\/\/schema.org\/ImageObject\" ><div class=\"avia-image-container-inner\"><div class=\"avia-image-overlay-wrap\"><img decoding=\"async\" class='avia-img-lazy-loading-not- avia_image ' src=\"https:\/\/bluetree-group.com\/fr\/wp-content\/uploads\/2021\/06\/01.2-Home-book-supply-chain-assessment-2.jpg\" alt='' title=''   itemprop=\"thumbnailUrl\"  \/><\/div><\/div><\/div>\n<\/div><\/div>\n<style type=\"text\/css\" data-created_by=\"avia_inline_auto\" id=\"style-css-av-kppid5t5-a2b8c5ec86ed3fafa4923c5b91252b9f\">\n.flex_cell.av-kppid5t5-a2b8c5ec86ed3fafa4923c5b91252b9f{\nvertical-align:middle;\nbackground-color:#8b9e3d;\n}\n.responsive #top #wrap_all .flex_cell.av-kppid5t5-a2b8c5ec86ed3fafa4923c5b91252b9f{\npadding:30px 100px 30px 100px !important;\n}\n<\/style>\n<div class='flex_cell av-kppid5t5-a2b8c5ec86ed3fafa4923c5b91252b9f av-gridrow-cell av_one_half no_margin  avia-builder-el-3  el_after_av_cell_one_half  avia-builder-el-last ' ><div class='flex_cell_inner'>\n<style type=\"text\/css\" data-created_by=\"avia_inline_auto\" id=\"style-css-av-kppicq9e-38295bddd0a58292447b0322f5472b0e\">\n#top .av_textblock_section.av-kppicq9e-38295bddd0a58292447b0322f5472b0e .avia_textblock{\nfont-size:24px;\n}\n<\/style>\n<section  class='av_textblock_section av-kppicq9e-38295bddd0a58292447b0322f5472b0e'  itemscope=\"itemscope\" itemtype=\"https:\/\/schema.org\/CreativeWork\" ><div class='avia_textblock'  itemprop=\"text\" ><h2><strong>\u00c9valuation de la cha\u00eene d&rsquo;approvisionnement du livre<\/strong><\/h2>\n<p>Une \u00e9valuation de la cha\u00eene d&rsquo;approvisionnement du livre consiste \u00e0 rencontrer toutes les parties prenantes priv\u00e9es et publiques afin d\u2019acc\u00e9der aux informations sur les capacit\u00e9s techniques, les comp\u00e9tences du personnel et les syst\u00e8mes op\u00e9rationnels. Ceci a pour objectif de recommander les bonnes pratiques n\u00e9cessaires au developpement d\u2019une cha\u00eene d&rsquo;approvisionnement du livre fonctionnelle, garantissant aux enfants les livres dont ils ont besoin, quand ils en ont besoin.<\/p>\n<\/div><\/section>\n<\/div><\/div>\n<\/div>\n<div id='av_section_1'  class='avia-section av-dvue0-92d7d9c090dede5e30434905c2fe60a9 main_color avia-section-default avia-no-border-styling  avia-builder-el-5  el_after_av_layout_row  el_before_av_section  avia-bg-style-scroll container_wrap sidebar_right'  ><div class='container av-section-cont-open' ><div class='template-page content  av-content-small alpha units'><div class='post-entry post-entry-type-page post-entry-536'><div class='entry-content-wrapper clearfix'>\n\n<style type=\"text\/css\" data-created_by=\"avia_inline_auto\" id=\"style-css-av-3s6rsg-659815dfab23c774150ecf828fb75686\">\n.flex_column.av-3s6rsg-659815dfab23c774150ecf828fb75686{\n-webkit-border-radius:0px 0px 0px 0px;\n-moz-border-radius:0px 0px 0px 0px;\nborder-radius:0px 0px 0px 0px;\npadding:0px 0px 0px 0px;\n}\n<\/style>\n<div class='flex_column av-3s6rsg-659815dfab23c774150ecf828fb75686 av_three_fourth  avia-builder-el-6  avia-builder-el-no-sibling  first flex_column_div av-zero-column-padding '     ><section  class='av_textblock_section av-kppiemnp-e9f3df4dd329d2d8f1d178a6cef7d877'  itemscope=\"itemscope\" itemtype=\"https:\/\/schema.org\/CreativeWork\" ><div class='avia_textblock'  itemprop=\"text\" ><p>Les \u00e9valuations de la cha\u00eene d&rsquo;approvisionnement du livre fournissent les informations et les analyses dont les gouvernements, les donateurs, les agences de d\u00e9veloppement et les partenaires du secteur priv\u00e9 ont besoin pour se donner les moyens de fournir le plus de livres possible. Nos \u00e9valuations identifient les failles et faiblesses de la cha\u00eene d&rsquo;approvisionnement du livre, apportent des recommandations concr\u00e8tes et identifient \u00e9galement les opportunit\u00e9s d\u2019optimisation de la cha\u00eene d&rsquo;approvisionnement du livre.<\/p>\n<\/div><\/section><\/div>\n\n<\/div><\/div><\/div><!-- close content main div --><\/div><\/div><div id='av_section_2'  class='avia-section av-3lwqg0-e6005efc29bc70bd83d83041f332c45d main_color avia-section-large avia-no-border-styling  avia-builder-el-8  el_after_av_section  avia-builder-el-last  avia-bg-style-scroll container_wrap sidebar_right'  ><div class='container av-section-cont-open' ><div class='template-page content  av-content-small alpha units'><div class='post-entry post-entry-type-page post-entry-536'><div class='entry-content-wrapper clearfix'>\n\n<style type=\"text\/css\" data-created_by=\"avia_inline_auto\" id=\"style-css-av-3ckm4w-038b8e3756f613f729fa0765ae2e4f4c\">\n.flex_column.av-3ckm4w-038b8e3756f613f729fa0765ae2e4f4c{\n-webkit-border-radius:0px 0px 0px 0px;\n-moz-border-radius:0px 0px 0px 0px;\nborder-radius:0px 0px 0px 0px;\npadding:0px 0px 0px 0px;\n}\n<\/style>\n<div class='flex_column av-3ckm4w-038b8e3756f613f729fa0765ae2e4f4c av_one_full  avia-builder-el-9  el_before_av_hr  avia-builder-el-first  first flex_column_div av-zero-column-padding '     ><section  class='av_textblock_section av-37six4-c7a3afc9aa5cfdf2bb10fb1dd9d954f3'  itemscope=\"itemscope\" itemtype=\"https:\/\/schema.org\/CreativeWork\" ><div class='avia_textblock'  itemprop=\"text\" ><h2><span style=\"color: #0972e7;\">Aper\u00e7u des services<\/span><\/h2>\n<\/div><\/section><\/div>\n<style type=\"text\/css\" data-created_by=\"avia_inline_auto\" id=\"style-css-av-axx48-6d4528aee6fa7a24f1aeafa20e727099\">\n#top .hr.hr-invisible.av-axx48-6d4528aee6fa7a24f1aeafa20e727099{\nheight:20px;\n}\n<\/style>\n<div  class='hr av-axx48-6d4528aee6fa7a24f1aeafa20e727099 hr-invisible  avia-builder-el-11  el_after_av_one_full  el_before_av_one_third '><span class='hr-inner '><span class=\"hr-inner-style\"><\/span><\/span><\/div>\n\n<style type=\"text\/css\" data-created_by=\"avia_inline_auto\" id=\"style-css-av-2usgm0-67a9e8eed658fdb3a9ddbd8056a32276\">\n.flex_column.av-2usgm0-67a9e8eed658fdb3a9ddbd8056a32276{\n-webkit-border-radius:0px 0px 0px 0px;\n-moz-border-radius:0px 0px 0px 0px;\nborder-radius:0px 0px 0px 0px;\npadding:0px 0px 0px 0px;\n}\n<\/style>\n<div class='flex_column av-2usgm0-67a9e8eed658fdb3a9ddbd8056a32276 av_one_third  avia-builder-el-12  el_after_av_hr  el_before_av_one_third  first flex_column_div av-zero-column-padding avia-link-column av-column-link avia-link-column-hover '    data-link-column-url=\"https:\/\/bluetree-group.com\/fr\/book-supply-chain-assessment\/\"   ><a class=\"av-screen-reader-only\" href=https:\/\/bluetree-group.com\/fr\/book-supply-chain-assessment\/ >Lier vers : \u00c9valuation de la cha\u00eene d&rsquo;approvisionnement du livre<\/a><p>\n<style type=\"text\/css\" data-created_by=\"avia_inline_auto\" id=\"style-css-av-2rb2q0-913a1373f1081d8db78fc261c169e072\">\n.avia-image-container.av-2rb2q0-913a1373f1081d8db78fc261c169e072 img.avia_image{\nbox-shadow:none;\n}\n.avia-image-container.av-2rb2q0-913a1373f1081d8db78fc261c169e072 .av-image-caption-overlay-center{\ncolor:#ffffff;\n}\n<\/style>\n<div  class='avia-image-container av-2rb2q0-913a1373f1081d8db78fc261c169e072 av-styling-circle avia-align-center  avia-builder-el-13  el_before_av_textblock  avia-builder-el-first '   itemprop=\"image\" itemscope=\"itemscope\" itemtype=\"https:\/\/schema.org\/ImageObject\" ><div class=\"avia-image-container-inner\"><div class=\"avia-image-overlay-wrap\"><img decoding=\"async\" class='avia-img-lazy-loading-not- avia_image ' src=\"https:\/\/bluetree-group.com\/fr\/wp-content\/uploads\/2021\/06\/01.201-300x300.jpg\" alt='' title=''   itemprop=\"thumbnailUrl\"  \/><\/div><\/div><\/div><br \/>\n\n<style type=\"text\/css\" data-created_by=\"avia_inline_auto\" id=\"style-css-av-2jzqs8-7e6c949f1bfea74d71a3b9723bc94adc\">\n#top .av_textblock_section.av-2jzqs8-7e6c949f1bfea74d71a3b9723bc94adc .avia_textblock{\nfont-size:24px;\n}\n<\/style>\n<section  class='av_textblock_section av-2jzqs8-7e6c949f1bfea74d71a3b9723bc94adc'  itemscope=\"itemscope\" itemtype=\"https:\/\/schema.org\/CreativeWork\" ><div class='avia_textblock'  itemprop=\"text\" ><p style=\"text-align: center;\">\u00c9valuation de la cha\u00eene d\u2019approvisionnement du livre<\/p>\n<\/div><\/section><\/p><\/div>\n<style type=\"text\/css\" data-created_by=\"avia_inline_auto\" id=\"style-css-av-2gcttk-8c22dead59a1d228749815df0b1f7760\">\n.flex_column.av-2gcttk-8c22dead59a1d228749815df0b1f7760{\n-webkit-border-radius:0px 0px 0px 0px;\n-moz-border-radius:0px 0px 0px 0px;\nborder-radius:0px 0px 0px 0px;\npadding:0px 0px 0px 0px;\n}\n<\/style>\n<div class='flex_column av-2gcttk-8c22dead59a1d228749815df0b1f7760 av_one_third  avia-builder-el-15  el_after_av_one_third  el_before_av_one_third  flex_column_div av-zero-column-padding avia-link-column av-column-link avia-link-column-hover '    data-link-column-url=\"https:\/\/bluetree-group.com\/fr\/technical-assistance\/\"   ><a class=\"av-screen-reader-only\" href=https:\/\/bluetree-group.com\/fr\/technical-assistance\/ >Lier vers : Assistance Technique<\/a><p>\n<style type=\"text\/css\" data-created_by=\"avia_inline_auto\" id=\"style-css-av-8b1zs-2f8673e29038810236b9ebd39d4437ea\">\n.avia-image-container.av-8b1zs-2f8673e29038810236b9ebd39d4437ea img.avia_image{\nbox-shadow:none;\n}\n.avia-image-container.av-8b1zs-2f8673e29038810236b9ebd39d4437ea .av-image-caption-overlay-center{\ncolor:#ffffff;\n}\n<\/style>\n<div  class='avia-image-container av-8b1zs-2f8673e29038810236b9ebd39d4437ea av-styling-circle avia-align-center  avia-builder-el-16  el_before_av_textblock  avia-builder-el-first '   itemprop=\"image\" itemscope=\"itemscope\" itemtype=\"https:\/\/schema.org\/ImageObject\" ><div class=\"avia-image-container-inner\"><div class=\"avia-image-overlay-wrap\"><img decoding=\"async\" class='avia-img-lazy-loading-not- avia_image ' src=\"https:\/\/bluetree-group.com\/fr\/wp-content\/uploads\/2021\/06\/04.1-services-technical-assistance-300x300.jpg\" alt='' title=''   itemprop=\"thumbnailUrl\"  \/><\/div><\/div><\/div><br \/>\n\n<style type=\"text\/css\" data-created_by=\"avia_inline_auto\" id=\"style-css-av-kppieto2-c212e718e76eadeb1ee3d54ca500e63c\">\n#top .av_textblock_section.av-kppieto2-c212e718e76eadeb1ee3d54ca500e63c .avia_textblock{\nfont-size:24px;\n}\n<\/style>\n<section  class='av_textblock_section av-kppieto2-c212e718e76eadeb1ee3d54ca500e63c'  itemscope=\"itemscope\" itemtype=\"https:\/\/schema.org\/CreativeWork\" ><div class='avia_textblock'  itemprop=\"text\" ><p style=\"text-align: center;\">Assistance technique<\/p>\n<\/div><\/section><\/p><\/div>\n<style type=\"text\/css\" data-created_by=\"avia_inline_auto\" id=\"style-css-av-7alhs-82c72fa6adeb965605e37b821d8fca92\">\n.flex_column.av-7alhs-82c72fa6adeb965605e37b821d8fca92{\n-webkit-border-radius:0px 0px 0px 0px;\n-moz-border-radius:0px 0px 0px 0px;\nborder-radius:0px 0px 0px 0px;\npadding:0px 0px 0px 0px;\n}\n<\/style>\n<div class='flex_column av-7alhs-82c72fa6adeb965605e37b821d8fca92 av_one_third  avia-builder-el-18  el_after_av_one_third  el_before_av_one_third  flex_column_div av-zero-column-padding avia-link-column av-column-link avia-link-column-hover '    data-link-column-url=\"https:\/\/bluetree-group.com\/fr\/distribution-tracking-systems\/\"   ><a class=\"av-screen-reader-only\" href=https:\/\/bluetree-group.com\/fr\/distribution-tracking-systems\/ >Lier vers : Syst\u00e8mes de suivi et de tra\u00e7abilit\u00e9 de la distribution<\/a><p>\n<style type=\"text\/css\" data-created_by=\"avia_inline_auto\" id=\"style-css-av-1vzb6o-a6a581db4a40dc502e7fa5346192c5cd\">\n.avia-image-container.av-1vzb6o-a6a581db4a40dc502e7fa5346192c5cd img.avia_image{\nbox-shadow:none;\n}\n.avia-image-container.av-1vzb6o-a6a581db4a40dc502e7fa5346192c5cd .av-image-caption-overlay-center{\ncolor:#ffffff;\n}\n<\/style>\n<div  class='avia-image-container av-1vzb6o-a6a581db4a40dc502e7fa5346192c5cd av-styling-circle avia-align-center  avia-builder-el-19  el_before_av_textblock  avia-builder-el-first '   itemprop=\"image\" itemscope=\"itemscope\" itemtype=\"https:\/\/schema.org\/ImageObject\" ><div class=\"avia-image-container-inner\"><div class=\"avia-image-overlay-wrap\"><img decoding=\"async\" class='avia-img-lazy-loading-not- avia_image ' src=\"https:\/\/bluetree-group.com\/fr\/wp-content\/uploads\/2021\/06\/04.2-track-and-trace-300x300.jpg\" alt='' title=''   itemprop=\"thumbnailUrl\"  \/><\/div><\/div><\/div><br \/>\n\n<style type=\"text\/css\" data-created_by=\"avia_inline_auto\" id=\"style-css-av-688bk-a088959402b15f354044758f8f0b95c0\">\n#top .av_textblock_section.av-688bk-a088959402b15f354044758f8f0b95c0 .avia_textblock{\nfont-size:24px;\n}\n<\/style>\n<section  class='av_textblock_section av-688bk-a088959402b15f354044758f8f0b95c0'  itemscope=\"itemscope\" itemtype=\"https:\/\/schema.org\/CreativeWork\" ><div class='avia_textblock'  itemprop=\"text\" ><p style=\"text-align: center;\">Syst\u00e8mes de suivi et de tra\u00e7abilit\u00e9 de la distribution<\/p>\n<\/div><\/section><\/p><\/div>\n<style type=\"text\/css\" data-created_by=\"avia_inline_auto\" id=\"style-css-av-1iiygg-60dbf533984d6725196adfd1a3a82ff0\">\n.flex_column.av-1iiygg-60dbf533984d6725196adfd1a3a82ff0{\n-webkit-border-radius:0px 0px 0px 0px;\n-moz-border-radius:0px 0px 0px 0px;\nborder-radius:0px 0px 0px 0px;\npadding:0px 0px 0px 0px;\n}\n<\/style>\n<div class='flex_column av-1iiygg-60dbf533984d6725196adfd1a3a82ff0 av_one_third  avia-builder-el-21  el_after_av_one_third  el_before_av_one_third  first flex_column_div av-zero-column-padding avia-link-column av-column-link avia-link-column-hover column-top-margin'    data-link-column-url=\"https:\/\/bluetree-group.com\/fr\/data-collection-and-analysis\/\"   ><a class=\"av-screen-reader-only\" href=https:\/\/bluetree-group.com\/fr\/data-collection-and-analysis\/ >Lier vers : Recueil et analyse des donn\u00e9es<\/a><p>\n<style type=\"text\/css\" data-created_by=\"avia_inline_auto\" id=\"style-css-av-58460-1068ecab55a7b6f62c422e15b02dd7bb\">\n.avia-image-container.av-58460-1068ecab55a7b6f62c422e15b02dd7bb img.avia_image{\nbox-shadow:none;\n}\n.avia-image-container.av-58460-1068ecab55a7b6f62c422e15b02dd7bb .av-image-caption-overlay-center{\ncolor:#ffffff;\n}\n<\/style>\n<div  class='avia-image-container av-58460-1068ecab55a7b6f62c422e15b02dd7bb av-styling-circle avia-align-center  avia-builder-el-22  el_before_av_textblock  avia-builder-el-first '   itemprop=\"image\" itemscope=\"itemscope\" itemtype=\"https:\/\/schema.org\/ImageObject\" ><div class=\"avia-image-container-inner\"><div class=\"avia-image-overlay-wrap\"><img decoding=\"async\" class='avia-img-lazy-loading-not- avia_image ' src=\"https:\/\/bluetree-group.com\/fr\/wp-content\/uploads\/2021\/06\/04.3-data-300x300.jpg\" alt='' title=''   itemprop=\"thumbnailUrl\"  \/><\/div><\/div><\/div><br \/>\n\n<style type=\"text\/css\" data-created_by=\"avia_inline_auto\" id=\"style-css-av-1b3lgg-d8ee681ae4a3e8cd532f33e9a5e3c697\">\n#top .av_textblock_section.av-1b3lgg-d8ee681ae4a3e8cd532f33e9a5e3c697 .avia_textblock{\nfont-size:24px;\n}\n<\/style>\n<section  class='av_textblock_section av-1b3lgg-d8ee681ae4a3e8cd532f33e9a5e3c697'  itemscope=\"itemscope\" itemtype=\"https:\/\/schema.org\/CreativeWork\" ><div class='avia_textblock'  itemprop=\"text\" ><p style=\"text-align: center;\">Recueil et analyse des donn\u00e9es<\/p>\n<\/div><\/section><\/p><\/div>\n<style type=\"text\/css\" data-created_by=\"avia_inline_auto\" id=\"style-css-av-kprzpbdu-a30a82ccff931a0fde1c97f94ab4d67a\">\n.flex_column.av-kprzpbdu-a30a82ccff931a0fde1c97f94ab4d67a{\n-webkit-border-radius:0px 0px 0px 0px;\n-moz-border-radius:0px 0px 0px 0px;\nborder-radius:0px 0px 0px 0px;\npadding:0px 0px 0px 0px;\n}\n<\/style>\n<div class='flex_column av-kprzpbdu-a30a82ccff931a0fde1c97f94ab4d67a av_one_third  avia-builder-el-24  el_after_av_one_third  avia-builder-el-last  flex_column_div av-zero-column-padding avia-link-column av-column-link avia-link-column-hover column-top-margin'    data-link-column-url=\"https:\/\/bluetree-group.com\/fr\/capacity-building-and-training\/\"   ><a class=\"av-screen-reader-only\" href=https:\/\/bluetree-group.com\/fr\/capacity-building-and-training\/ >Lier vers : D\u00e9veloppement des comp\u00e9tences et formation<\/a><p>\n<style type=\"text\/css\" data-created_by=\"avia_inline_auto\" id=\"style-css-av-7h5ls-c51bb3cdfe9c2d767138fd9fc2de5806\">\n.avia-image-container.av-7h5ls-c51bb3cdfe9c2d767138fd9fc2de5806 img.avia_image{\nbox-shadow:none;\n}\n.avia-image-container.av-7h5ls-c51bb3cdfe9c2d767138fd9fc2de5806 .av-image-caption-overlay-center{\ncolor:#ffffff;\n}\n<\/style>\n<div  class='avia-image-container av-7h5ls-c51bb3cdfe9c2d767138fd9fc2de5806 av-styling-circle avia-align-center  avia-builder-el-25  el_before_av_textblock  avia-builder-el-first '   itemprop=\"image\" itemscope=\"itemscope\" itemtype=\"https:\/\/schema.org\/ImageObject\" ><div class=\"avia-image-container-inner\"><div class=\"avia-image-overlay-wrap\"><img decoding=\"async\" class='avia-img-lazy-loading-not- avia_image ' src=\"https:\/\/bluetree-group.com\/fr\/wp-content\/uploads\/2021\/06\/04.4-capacity-building-300x300.jpg\" alt='' title=''   itemprop=\"thumbnailUrl\"  \/><\/div><\/div><\/div><br \/>\n\n<style type=\"text\/css\" data-created_by=\"avia_inline_auto\" id=\"style-css-av-kprzp72w-0cf5baaac26b8a4b21d1bf7475c2a416\">\n#top .av_textblock_section.av-kprzp72w-0cf5baaac26b8a4b21d1bf7475c2a416 .avia_textblock{\nfont-size:24px;\n}\n<\/style>\n<section  class='av_textblock_section av-kprzp72w-0cf5baaac26b8a4b21d1bf7475c2a416'  itemscope=\"itemscope\" itemtype=\"https:\/\/schema.org\/CreativeWork\" ><div class='avia_textblock'  itemprop=\"text\" ><p style=\"text-align: center;\">D\u00e9veloppement des comp\u00e9tences et formation<\/p>\n<\/div><\/section><\/p><\/div><\/div><\/div><\/div><!-- close content main div --><\/div><\/div><div id='after_section_2'  class='main_color av_default_container_wrap container_wrap sidebar_right'  ><div class='container av-section-cont-open' ><div class='template-page content  av-content-small alpha units'><div class='post-entry post-entry-type-page post-entry-536'><div class='entry-content-wrapper clearfix'>\n","protected":false},"excerpt":{"rendered":"","protected":false},"author":1,"featured_media":537,"parent":0,"menu_order":0,"comment_status":"open","ping_status":"open","template":"","meta":[],"acf":[],"yoast_head":"<!-- This site is optimized with the Yoast SEO plugin v20.1 - https:\/\/yoast.com\/wordpress\/plugins\/seo\/ -->\n<title>\u00c9valuation de la cha\u00eene d&#039;approvisionnement du livre - BlueTree Group FR<\/title>\n<meta name=\"description\" content=\"Book Supply Chain assessments involves meeting all relevant private and public stakeholders at centralized and decentralized levels to access technical capacity.\" \/>\n<meta name=\"robots\" content=\"index, follow, max-snippet:-1, max-image-preview:large, max-video-preview:-1\" \/>\n<link rel=\"canonical\" href=\"http:\/\/bluetree-group.com\/fr\/book-supply-chain-assessment\/\" \/>\n<meta property=\"og:locale\" content=\"fr_FR\" \/>\n<meta property=\"og:type\" content=\"article\" \/>\n<meta property=\"og:title\" content=\"\u00c9valuation de la cha\u00eene d&#039;approvisionnement du livre - BlueTree Group FR\" \/>\n<meta property=\"og:description\" content=\"Book Supply Chain assessments involves meeting all relevant private and public stakeholders at centralized and decentralized levels to access technical capacity.\" \/>\n<meta property=\"og:url\" content=\"http:\/\/bluetree-group.com\/fr\/book-supply-chain-assessment\/\" \/>\n<meta property=\"og:site_name\" content=\"BlueTree Group FR\" \/>\n<meta property=\"article:modified_time\" content=\"2023-08-29T08:22:26+00:00\" \/>\n<meta name=\"twitter:card\" content=\"summary_large_image\" \/>\n<meta name=\"twitter:label1\" content=\"Dur\u00e9e de lecture estim\u00e9e\" \/>\n\t<meta name=\"twitter:data1\" content=\"6 minutes\" \/>\n<script type=\"application\/ld+json\" class=\"yoast-schema-graph\">{\"@context\":\"https:\/\/schema.org\",\"@graph\":[{\"@type\":\"WebPage\",\"@id\":\"http:\/\/bluetree-group.com\/fr\/book-supply-chain-assessment\/\",\"url\":\"http:\/\/bluetree-group.com\/fr\/book-supply-chain-assessment\/\",\"name\":\"\u00c9valuation de la cha\u00eene d'approvisionnement du livre - BlueTree Group FR\",\"isPartOf\":{\"@id\":\"http:\/\/bluetree-group.com\/fr\/#website\"},\"datePublished\":\"2021-06-09T12:21:02+00:00\",\"dateModified\":\"2023-08-29T08:22:26+00:00\",\"description\":\"Book Supply Chain assessments involves meeting all relevant private and public stakeholders at centralized and decentralized levels to access technical capacity.\",\"breadcrumb\":{\"@id\":\"http:\/\/bluetree-group.com\/fr\/book-supply-chain-assessment\/#breadcrumb\"},\"inLanguage\":\"fr-FR\",\"potentialAction\":[{\"@type\":\"ReadAction\",\"target\":[\"http:\/\/bluetree-group.com\/fr\/book-supply-chain-assessment\/\"]}]},{\"@type\":\"BreadcrumbList\",\"@id\":\"http:\/\/bluetree-group.com\/fr\/book-supply-chain-assessment\/#breadcrumb\",\"itemListElement\":[{\"@type\":\"ListItem\",\"position\":1,\"name\":\"Accueil\",\"item\":\"http:\/\/bluetree-group.com\/fr\/\"},{\"@type\":\"ListItem\",\"position\":2,\"name\":\"\u00c9valuation de la cha\u00eene d&rsquo;approvisionnement du livre\"}]},{\"@type\":\"WebSite\",\"@id\":\"http:\/\/bluetree-group.com\/fr\/#website\",\"url\":\"http:\/\/bluetree-group.com\/fr\/\",\"name\":\"BlueTree Group FR\",\"description\":\"\",\"potentialAction\":[{\"@type\":\"SearchAction\",\"target\":{\"@type\":\"EntryPoint\",\"urlTemplate\":\"http:\/\/bluetree-group.com\/fr\/?s={search_term_string}\"},\"query-input\":\"required name=search_term_string\"}],\"inLanguage\":\"fr-FR\"}]}<\/script>\n<!-- \/ Yoast SEO plugin. -->","yoast_head_json":{"title":"\u00c9valuation de la cha\u00eene d'approvisionnement du livre - BlueTree Group FR","description":"Book Supply Chain assessments involves meeting all relevant private and public stakeholders at centralized and decentralized levels to access technical capacity.","robots":{"index":"index","follow":"follow","max-snippet":"max-snippet:-1","max-image-preview":"max-image-preview:large","max-video-preview":"max-video-preview:-1"},"canonical":"http:\/\/bluetree-group.com\/fr\/book-supply-chain-assessment\/","og_locale":"fr_FR","og_type":"article","og_title":"\u00c9valuation de la cha\u00eene d'approvisionnement du livre - BlueTree Group FR","og_description":"Book Supply Chain assessments involves meeting all relevant private and public stakeholders at centralized and decentralized levels to access technical capacity.","og_url":"http:\/\/bluetree-group.com\/fr\/book-supply-chain-assessment\/","og_site_name":"BlueTree Group FR","article_modified_time":"2023-08-29T08:22:26+00:00","twitter_card":"summary_large_image","twitter_misc":{"Dur\u00e9e de lecture estim\u00e9e":"6 minutes"},"schema":{"@context":"https:\/\/schema.org","@graph":[{"@type":"WebPage","@id":"http:\/\/bluetree-group.com\/fr\/book-supply-chain-assessment\/","url":"http:\/\/bluetree-group.com\/fr\/book-supply-chain-assessment\/","name":"\u00c9valuation de la cha\u00eene d'approvisionnement du livre - BlueTree Group FR","isPartOf":{"@id":"http:\/\/bluetree-group.com\/fr\/#website"},"datePublished":"2021-06-09T12:21:02+00:00","dateModified":"2023-08-29T08:22:26+00:00","description":"Book Supply Chain assessments involves meeting all relevant private and public stakeholders at centralized and decentralized levels to access technical capacity.","breadcrumb":{"@id":"http:\/\/bluetree-group.com\/fr\/book-supply-chain-assessment\/#breadcrumb"},"inLanguage":"fr-FR","potentialAction":[{"@type":"ReadAction","target":["http:\/\/bluetree-group.com\/fr\/book-supply-chain-assessment\/"]}]},{"@type":"BreadcrumbList","@id":"http:\/\/bluetree-group.com\/fr\/book-supply-chain-assessment\/#breadcrumb","itemListElement":[{"@type":"ListItem","position":1,"name":"Accueil","item":"http:\/\/bluetree-group.com\/fr\/"},{"@type":"ListItem","position":2,"name":"\u00c9valuation de la cha\u00eene d&rsquo;approvisionnement du livre"}]},{"@type":"WebSite","@id":"http:\/\/bluetree-group.com\/fr\/#website","url":"http:\/\/bluetree-group.com\/fr\/","name":"BlueTree Group FR","description":"","potentialAction":[{"@type":"SearchAction","target":{"@type":"EntryPoint","urlTemplate":"http:\/\/bluetree-group.com\/fr\/?s={search_term_string}"},"query-input":"required name=search_term_string"}],"inLanguage":"fr-FR"}]}},"_links":{"self":[{"href":"https:\/\/bluetree-group.com\/fr\/wp-json\/wp\/v2\/pages\/536"}],"collection":[{"href":"https:\/\/bluetree-group.com\/fr\/wp-json\/wp\/v2\/pages"}],"about":[{"href":"https:\/\/bluetree-group.com\/fr\/wp-json\/wp\/v2\/types\/page"}],"author":[{"embeddable":true,"href":"https:\/\/bluetree-group.com\/fr\/wp-json\/wp\/v2\/users\/1"}],"replies":[{"embeddable":true,"href":"https:\/\/bluetree-group.com\/fr\/wp-json\/wp\/v2\/comments?post=536"}],"version-history":[{"count":1,"href":"https:\/\/bluetree-group.com\/fr\/wp-json\/wp\/v2\/pages\/536\/revisions"}],"predecessor-version":[{"id":1109,"href":"https:\/\/bluetree-group.com\/fr\/wp-json\/wp\/v2\/pages\/536\/revisions\/1109"}],"wp:featuredmedia":[{"embeddable":true,"href":"https:\/\/bluetree-group.com\/fr\/wp-json\/"}],"wp:attachment":[{"href":"https:\/\/bluetree-group.com\/fr\/wp-json\/wp\/v2\/media?parent=536"}],"curies":[{"name":"wp","href":"https:\/\/api.w.org\/{rel}","templated":true}]}}