{"id":535,"date":"2021-06-09T09:08:18","date_gmt":"2021-06-09T09:08:18","guid":{"rendered":"https:\/\/bluetrk.cluster027.hosting.ovh.net\/bc1678701-ovh\/fr\/rodrick-masinda\/"},"modified":"2023-10-29T12:07:40","modified_gmt":"2023-10-29T11:07:40","slug":"rodrick-masinda","status":"publish","type":"page","link":"https:\/\/bluetree-group.com\/fr\/rodrick-masinda\/","title":{"rendered":"Rodrick Masinda"},"content":{"rendered":"\n<style type=\"text\/css\" data-created_by=\"avia_inline_auto\" id=\"style-css-av-2a28du-26381f8c20e487ba801590cd4b03a75f\">\n.avia-section.av-2a28du-26381f8c20e487ba801590cd4b03a75f{\nbackground-color:#dbcfbf;\nbackground-image:unset;\n}\n<\/style>\n<div id='av_section_1'  class='avia-section av-2a28du-26381f8c20e487ba801590cd4b03a75f main_color avia-section-large avia-no-border-styling  avia-builder-el-0  el_before_av_section  avia-builder-el-first  avia-bg-style-scroll container_wrap sidebar_right'  ><div class='container av-section-cont-open' ><main  role=\"main\" itemprop=\"mainContentOfPage\"  class='template-page content  av-content-small alpha units'><div class='post-entry post-entry-type-page post-entry-535'><div class='entry-content-wrapper clearfix'>\n<div class='flex_column_table av-231ej6-5ccf432f554437c29db35cdad055ed4f sc-av_one_half av-equal-height-column-flextable'>\n<style type=\"text\/css\" data-created_by=\"avia_inline_auto\" id=\"style-css-av-231ej6-5ccf432f554437c29db35cdad055ed4f\">\n.flex_column.av-231ej6-5ccf432f554437c29db35cdad055ed4f{\n-webkit-border-radius:0px 0px 0px 0px;\n-moz-border-radius:0px 0px 0px 0px;\nborder-radius:0px 0px 0px 0px;\npadding:0px 0px 0px 0px;\n}\n<\/style>\n<div class='flex_column av-231ej6-5ccf432f554437c29db35cdad055ed4f av_one_half  avia-builder-el-1  el_before_av_two_fifth  avia-builder-el-first  first flex_column_table_cell av-equal-height-column av-align-middle av-zero-column-padding '     ><style type=\"text\/css\" data-created_by=\"avia_inline_auto\" id=\"style-css-av-kpp8zhom-94a2867c893265b785947b88177c6a0f\">\n#top .av_textblock_section.av-kpp8zhom-94a2867c893265b785947b88177c6a0f .avia_textblock{\nfont-size:24px;\n}\n<\/style>\n<section  class='av_textblock_section av-kpp8zhom-94a2867c893265b785947b88177c6a0f'  itemscope=\"itemscope\" itemtype=\"https:\/\/schema.org\/CreativeWork\" ><div class='avia_textblock'  itemprop=\"text\" ><h1>Je suis Rodrick Masinda<\/h1>\n<\/div><\/section><br \/>\n\n<style type=\"text\/css\" data-created_by=\"avia_inline_auto\" id=\"style-css-av-1w63r6-56fc77ebc62d9b23c121c24108334378\">\n#top .hr.hr-invisible.av-1w63r6-56fc77ebc62d9b23c121c24108334378{\nheight:15px;\n}\n<\/style>\n<div  class='hr av-1w63r6-56fc77ebc62d9b23c121c24108334378 hr-invisible  avia-builder-el-3  el_after_av_textblock  el_before_av_textblock '><span class='hr-inner '><span class=\"hr-inner-style\"><\/span><\/span><\/div><br \/>\n\n<style type=\"text\/css\" data-created_by=\"avia_inline_auto\" id=\"style-css-av-kpp905aw-a51b9ea6660106066bb170d8ee86e769\">\n#top .av_textblock_section.av-kpp905aw-a51b9ea6660106066bb170d8ee86e769 .avia_textblock{\nfont-size:24px;\n}\n<\/style>\n<section  class='av_textblock_section av-kpp905aw-a51b9ea6660106066bb170d8ee86e769'  itemscope=\"itemscope\" itemtype=\"https:\/\/schema.org\/CreativeWork\" ><div class='avia_textblock'  itemprop=\"text\" ><p>Sp\u00e9cialiste en finance<\/p>\n<p>+265 88 206 4662<br \/>\n<a href=\"mailto:rodrick.masinda@bluetrk.cluster027.hosting.ovh.net\/bc1678701-ovh\">rodrick.masinda@bluetree-group.com<\/a><\/p>\n<\/div><\/section><br \/>\n\n<style type=\"text\/css\" data-created_by=\"avia_inline_auto\" id=\"style-css-av-1o72f6-adfefacefaa1fd6f8022da1b10cb6909\">\n#top .hr.hr-invisible.av-1o72f6-adfefacefaa1fd6f8022da1b10cb6909{\nheight:10px;\n}\n<\/style>\n<div  class='hr av-1o72f6-adfefacefaa1fd6f8022da1b10cb6909 hr-invisible  avia-builder-el-5  el_after_av_textblock  el_before_av_iconlist '><span class='hr-inner '><span class=\"hr-inner-style\"><\/span><\/span><\/div><br \/>\n\n<style type=\"text\/css\" data-created_by=\"avia_inline_auto\" id=\"style-css-av-kpp90am3-29f809e26367d8b77f1d7c16f26680dd\">\n#top .avia-icon-list-container.av-kpp90am3-29f809e26367d8b77f1d7c16f26680dd .iconlist_icon{\nfont-size:24px;\n}\n#top #wrap_all .avia-icon-list-container.av-kpp90am3-29f809e26367d8b77f1d7c16f26680dd .av_iconlist_title{\nfont-size:24px;\n}\n<\/style>\n<div  class='avia-icon-list-container av-kpp90am3-29f809e26367d8b77f1d7c16f26680dd  avia-builder-el-6  el_after_av_hr  avia-builder-el-last  kj-maps-icon'><ul class='avia-icon-list avia_animate_when_almost_visible avia-icon-list-left av-iconlist-small av-kpp90am3-29f809e26367d8b77f1d7c16f26680dd avia-iconlist-animate'>\n<li><div class='iconlist_icon av-kpp90aah-c6adaa8cc81c7ecfcba7792a7eed5ee8 avia-font-entypo-fontello'><span class='iconlist-char' aria-hidden='true' data-av_icon='\ue842' data-av_iconfont='entypo-fontello'><\/span><\/div><article class=\"article-icon-entry av-iconlist-empty\"  itemscope=\"itemscope\" itemtype=\"https:\/\/schema.org\/CreativeWork\" ><div class=\"iconlist_content_wrap\"><header class=\"entry-content-header\"><div class='av_iconlist_title iconlist_title_small  '  itemprop=\"headline\" >Lilongwe, Malawi<\/div><\/header><div class='iconlist_content '  itemprop=\"text\" ><\/div><\/div><footer class=\"entry-footer\"><\/footer><\/article><div class=\"iconlist-timeline\"><\/div><\/li>\n<\/ul><\/div><\/p><\/div><div class='av-flex-placeholder'><\/div>\n<style type=\"text\/css\" data-created_by=\"avia_inline_auto\" id=\"style-css-av-1kfbui-7fba07c71e003fd723558ee22f271887\">\n.flex_column.av-1kfbui-7fba07c71e003fd723558ee22f271887{\n-webkit-border-radius:0px 0px 0px 0px;\n-moz-border-radius:0px 0px 0px 0px;\nborder-radius:0px 0px 0px 0px;\npadding:0px 0px 0px 0px;\n}\n<\/style>\n<div class='flex_column av-1kfbui-7fba07c71e003fd723558ee22f271887 av_two_fifth  avia-builder-el-7  el_after_av_one_half  avia-builder-el-last  flex_column_table_cell av-equal-height-column av-align-middle av-zero-column-padding '     ><style type=\"text\/css\" data-created_by=\"avia_inline_auto\" id=\"style-css-av-kpp8zoyu-d9dbc3c1d781a594ac4e8fb1b6eb9be9\">\n.avia-image-container.av-kpp8zoyu-d9dbc3c1d781a594ac4e8fb1b6eb9be9 img.avia_image{\nbox-shadow:none;\n}\n.avia-image-container.av-kpp8zoyu-d9dbc3c1d781a594ac4e8fb1b6eb9be9 .av-image-caption-overlay-center{\ncolor:#ffffff;\n}\n<\/style>\n<div  class='avia-image-container av-kpp8zoyu-d9dbc3c1d781a594ac4e8fb1b6eb9be9 av-styling-no-styling avia-align-left  avia-builder-el-8  avia-builder-el-no-sibling '   itemprop=\"image\" itemscope=\"itemscope\" itemtype=\"https:\/\/schema.org\/ImageObject\" ><div class=\"avia-image-container-inner\"><div class=\"avia-image-overlay-wrap\"><img decoding=\"async\" class='avia-img-lazy-loading-not- avia_image ' src=\"https:\/\/bluetree-group.com\/fr\/fr\/wp-content\/uploads\/sites\/2\/2021\/08\/rodrick-masinda.jpg\" alt='' title=''   itemprop=\"thumbnailUrl\"  \/><\/div><\/div><\/div><\/div><\/div><!--close column table wrapper. Autoclose: 1 --><\/div><\/div><\/main><!-- close content main element --><\/div><\/div>\n<style type=\"text\/css\" data-created_by=\"avia_inline_auto\" id=\"style-css-av-1gb6ii-99612a3cf92efdcba7983a2e69c7461d\">\n.avia-section.av-1gb6ii-99612a3cf92efdcba7983a2e69c7461d{\nmargin-top:0px;\nmargin-bottom:-80px;\n}\n<\/style>\n<div id='av_section_2'  class='avia-section av-1gb6ii-99612a3cf92efdcba7983a2e69c7461d main_color avia-section-large avia-no-border-styling  avia-builder-el-9  el_after_av_section  el_before_av_section  avia-bg-style-scroll container_wrap sidebar_right'  ><div class='container av-section-cont-open' ><div class='template-page content  av-content-small alpha units'><div class='post-entry post-entry-type-page post-entry-535'><div class='entry-content-wrapper clearfix'>\n\n<style type=\"text\/css\" data-created_by=\"avia_inline_auto\" id=\"style-css-av-16zfbm-dfb69ea59c909378182e0dcc2b729a0a\">\n.flex_column.av-16zfbm-dfb69ea59c909378182e0dcc2b729a0a{\n-webkit-border-radius:0px 0px 0px 0px;\n-moz-border-radius:0px 0px 0px 0px;\nborder-radius:0px 0px 0px 0px;\npadding:0px 0px 0px 0px;\n}\n<\/style>\n<div class='flex_column av-16zfbm-dfb69ea59c909378182e0dcc2b729a0a av_one_half  avia-builder-el-10  el_before_av_two_fifth  avia-builder-el-first  first flex_column_div av-zero-column-padding '     ><section  class='av_textblock_section av-kpp90g8l-eb1b2c2b9b6eb30d1f7221dfe75d6549'  itemscope=\"itemscope\" itemtype=\"https:\/\/schema.org\/CreativeWork\" ><div class='avia_textblock'  itemprop=\"text\" ><h2><span style=\"color: #0971e7;\">Mon r\u00f4le chez BlueTree<\/span><\/h2>\n<p>Je suis responsable de la gestion de la communication, des contrats et de la gestion financi\u00e8re, du d\u00e9veloppement des proc\u00e9dures commerciales y compris le contr\u00f4le et les proc\u00e9dures internes. Je suis globalement responsable des proc\u00e9dures financi\u00e8res, de l\u2019administration et des rapports entre toutes les entit\u00e9s de BlueTree.<\/p>\n<\/div><\/section><\/div>\n<style type=\"text\/css\" data-created_by=\"avia_inline_auto\" id=\"style-css-av-13n3j6-da1b3436ffbc20ba38ddae7ce3502ad3\">\n.flex_column.av-13n3j6-da1b3436ffbc20ba38ddae7ce3502ad3{\n-webkit-border-radius:0px 0px 0px 0px;\n-moz-border-radius:0px 0px 0px 0px;\nborder-radius:0px 0px 0px 0px;\npadding:0px 0px 0px 0px;\n}\n<\/style>\n<div class='flex_column av-13n3j6-da1b3436ffbc20ba38ddae7ce3502ad3 av_two_fifth  avia-builder-el-12  el_after_av_one_half  avia-builder-el-last  flex_column_div av-zero-column-padding '     ><style type=\"text\/css\" data-created_by=\"avia_inline_auto\" id=\"style-css-av-kpp91hgk-f839a7b5bd32486577f661558bb4c6ae\">\n#top .avia-icon-list-container.av-kpp91hgk-f839a7b5bd32486577f661558bb4c6ae .iconlist_icon{\nbackground-color:#ffffff;\nborder:1px solid #0971e7;\n}\n#top #wrap_all .avia-icon-list-container.av-kpp91hgk-f839a7b5bd32486577f661558bb4c6ae .av_iconlist_title{\nfont-size:24px;\n}\n.avia-icon-list-container.av-kpp91hgk-f839a7b5bd32486577f661558bb4c6ae .iconlist_content{\nfont-size:15px;\n}\n<\/style>\n<div  class='avia-icon-list-container av-kpp91hgk-f839a7b5bd32486577f661558bb4c6ae  avia-builder-el-13  avia-builder-el-no-sibling  kj-custom-iconbox kj-iconlist-role-at-bluetree'><ul class='avia-icon-list avia_animate_when_almost_visible avia-icon-list-left av-iconlist-big av-kpp91hgk-f839a7b5bd32486577f661558bb4c6ae avia-iconlist-animate'>\n<li><div class='iconlist_icon av-kpp90lde-4c2c8f9177ea60fddc56e317509f4818 avia-font-entypo-fontello'><span class='iconlist-char' aria-hidden='true' data-av_icon='\ue812' data-av_iconfont='entypo-fontello'><\/span><\/div><article class=\"article-icon-entry \"  itemscope=\"itemscope\" itemtype=\"https:\/\/schema.org\/CreativeWork\" ><div class=\"iconlist_content_wrap\"><header class=\"entry-content-header\"><h4 class='av_iconlist_title iconlist_title transparency '  itemprop=\"headline\" >Specialis\u00e9 dans <\/h4><\/header><div class='iconlist_content '  itemprop=\"text\" ><p>Budg\u00e9tisation des propositions et des offres de service, comptabilit\u00e9 et gestion financi\u00e8re.<\/p>\n<\/div><\/div><footer class=\"entry-footer\"><\/footer><\/article><div class=\"iconlist-timeline\"><\/div><\/li>\n<li><div class='iconlist_icon av-kpp90qwg-60bcf60346f0c9e6ec5261fe62790a3a avia-font-entypo-fontello'><span class='iconlist-char' aria-hidden='true' data-av_icon='\ue812' data-av_iconfont='entypo-fontello'><\/span><\/div><article class=\"article-icon-entry \"  itemscope=\"itemscope\" itemtype=\"https:\/\/schema.org\/CreativeWork\" ><div class=\"iconlist_content_wrap\"><header class=\"entry-content-header\"><h4 class='av_iconlist_title iconlist_title efficiency '  itemprop=\"headline\" >Formation<\/h4><\/header><div class='iconlist_content '  itemprop=\"text\" ><p>Dipl\u00f4me en comptabilit\u00e9, Pentecostal Life University \u00e0 Lilongwe au Malawi.<\/p>\n<\/div><\/div><footer class=\"entry-footer\"><\/footer><\/article><div class=\"iconlist-timeline\"><\/div><\/li>\n<li><div class='iconlist_icon av-kpp90vhl-c38a92ea61b4d169beeb315c47a28bd6 avia-font-entypo-fontello'><span class='iconlist-char' aria-hidden='true' data-av_icon='\ue812' data-av_iconfont='entypo-fontello'><\/span><\/div><article class=\"article-icon-entry \"  itemscope=\"itemscope\" itemtype=\"https:\/\/schema.org\/CreativeWork\" ><div class=\"iconlist_content_wrap\"><header class=\"entry-content-header\"><h4 class='av_iconlist_title iconlist_title experience '  itemprop=\"headline\" >Langues<\/h4><\/header><div class='iconlist_content '  itemprop=\"text\" ><p>Chichewa et Anglais<\/p>\n<\/div><\/div><footer class=\"entry-footer\"><\/footer><\/article><div class=\"iconlist-timeline\"><\/div><\/li>\n<li><div class='iconlist_icon av-kpp91083-97f9b7000dc0df8bf527a4344da7c8e2 avia-font-entypo-fontello'><span class='iconlist-char' aria-hidden='true' data-av_icon='\ue812' data-av_iconfont='entypo-fontello'><\/span><\/div><article class=\"article-icon-entry \"  itemscope=\"itemscope\" itemtype=\"https:\/\/schema.org\/CreativeWork\" ><div class=\"iconlist_content_wrap\"><header class=\"entry-content-header\"><h4 class='av_iconlist_title iconlist_title knowledge-transfer '  itemprop=\"headline\" >Pays dan lequel j\u2019ai travaill\u00e9 <\/h4><\/header><div class='iconlist_content '  itemprop=\"text\" ><p>Malawi et Zambie.<\/p>\n<\/div><\/div><footer class=\"entry-footer\"><\/footer><\/article><div class=\"iconlist-timeline\"><\/div><\/li>\n<li><div class='iconlist_icon av-kpp914s5-05b7ec45af788a1b93b9c8117c82fada avia-font-entypo-fontello'><span class='iconlist-char' aria-hidden='true' data-av_icon='\ue812' data-av_iconfont='entypo-fontello'><\/span><\/div><article class=\"article-icon-entry \"  itemscope=\"itemscope\" itemtype=\"https:\/\/schema.org\/CreativeWork\" ><div class=\"iconlist_content_wrap\"><header class=\"entry-content-header\"><h4 class='av_iconlist_title iconlist_title knowledge-transfer '  itemprop=\"headline\" >Livres pr\u00e9f\u00e9r\u00e9s<\/h4><\/header><div class='iconlist_content '  itemprop=\"text\" ><p>J&rsquo;ai deux livres pr\u00e9f\u00e9r\u00e9s: La Bible, car elle me donne de l&rsquo;espoir et la possibilit\u00e9 d&rsquo;imaginer cette vie \u00e9ternelle. Mais je lis aussi \u00ab\u00a0Value Investing\u00a0\u00bb de James Montier. Ce livre permet de comprendre en profondeur la pertinence de la finance comportementale, du processus d&rsquo;investissement et des r\u00e9sultats de l&rsquo;investissement. Ceux qui souhaitent en savoir plus sur l&rsquo;investissement doivent lire ce livre.<\/p>\n<\/div><\/div><footer class=\"entry-footer\"><\/footer><\/article><div class=\"iconlist-timeline\"><\/div><\/li>\n<li><div class='iconlist_icon av-kpp91g67-2a05881e4d3565cdddc43b20308395c1 avia-font-entypo-fontello'><span class='iconlist-char' aria-hidden='true' data-av_icon='\ue812' data-av_iconfont='entypo-fontello'><\/span><\/div><article class=\"article-icon-entry \"  itemscope=\"itemscope\" itemtype=\"https:\/\/schema.org\/CreativeWork\" ><div class=\"iconlist_content_wrap\"><header class=\"entry-content-header\"><h4 class='av_iconlist_title iconlist_title knowledge-transfer '  itemprop=\"headline\" >Anecdote <\/h4><\/header><div class='iconlist_content '  itemprop=\"text\" ><p>J&rsquo;ai \u00e9t\u00e9 promu avant ma confirmation!<\/p>\n<\/div><\/div><footer class=\"entry-footer\"><\/footer><\/article><div class=\"iconlist-timeline\"><\/div><\/li>\n<\/ul><\/div><\/div>\n<\/p>\n<\/div><\/div><\/div><!-- close content main div --><\/div><\/div><div id='av_section_3'  class='avia-section av-zjt2a-80d17882657b61bd37c763de59f95a67 main_color avia-section-large avia-no-border-styling  avia-builder-el-14  el_after_av_section  avia-builder-el-last  avia-bg-style-scroll container_wrap sidebar_right'  ><div class='container av-section-cont-open' ><div class='template-page content  av-content-small alpha units'><div class='post-entry post-entry-type-page post-entry-535'><div class='entry-content-wrapper clearfix'>\n\n<style type=\"text\/css\" data-created_by=\"avia_inline_auto\" id=\"style-css-av-qw22i-14bcff3c6a5f853aee9967d82ad37156\">\n.flex_column.av-qw22i-14bcff3c6a5f853aee9967d82ad37156{\n-webkit-border-radius:0px 0px 0px 0px;\n-moz-border-radius:0px 0px 0px 0px;\nborder-radius:0px 0px 0px 0px;\npadding:0px 0px 0px 0px;\n}\n<\/style>\n<div class='flex_column av-qw22i-14bcff3c6a5f853aee9967d82ad37156 av_one_full  avia-builder-el-15  el_before_av_hr  avia-builder-el-first  first flex_column_div av-zero-column-padding '     ><p><div  class='avia-testimonial-wrapper av-kpp91spw-d998b1854721059ce54db71f19d25e41 avia-slider-testimonials avia-slider-2-testimonials avia_animate_when_almost_visible av-large-testimonial-slider av-slideshow-ui av-control-default av-slider-hover-pause av-slideshow-autoplay av-loop-endless av-loop-manual-endless' data-slideshow-options=\"{&quot;animation&quot;:&quot;fade&quot;,&quot;autoplay&quot;:true,&quot;loop_autoplay&quot;:&quot;endless&quot;,&quot;interval&quot;:5,&quot;loop_manual&quot;:&quot;manual-endless&quot;,&quot;autoplay_stopper&quot;:false,&quot;noNavigation&quot;:false,&quot;bg_slider&quot;:false,&quot;keep_padding&quot;:&quot;&quot;,&quot;hoverpause&quot;:true,&quot;show_slide_delay&quot;:0}\">\n<section class=\"avia-testimonial-row\"><div class='avia-testimonial av-kpp91s3r-3fb4d7322b5ad568561780450f8ce38a avia-testimonial-row-1 avia-first-testimonial flex_column no_margin av_one_half'><div class='avia-testimonial_inner'  itemscope=\"itemscope\" itemtype=\"https:\/\/schema.org\/CreativeWork\" ><div class='avia-testimonial-content '><div class='avia-testimonial-markup-entry-content'  itemprop=\"text\" ><p>Travailler chez BlueTree a \u00e9largi mon horizon car j&rsquo;ai travaill\u00e9 \u00e0 distance sur de nombreux projets diff\u00e9rents dans le monde entier.<\/p>\n<\/div><\/div><div class=\"avia-testimonial-meta\"><div class=\"avia-testimonial-arrow-wrap\"><div class=\"avia-arrow\"><\/div><\/div><div class='avia-testimonial-meta-mini'  itemprop=\"author\" itemscope=\"itemscope\" itemtype=\"https:\/\/schema.org\/Person\" ><strong  class='avia-testimonial-name'  itemprop=\"name\" >Rodrick Masinda, BlueTree<\/strong><\/div><\/div><\/div><\/div>\n<\/section><div class='avia-slideshow-arrows avia-slideshow-controls' ><a href='#prev' class='prev-slide ' aria-hidden='true' data-av_icon='\ue87c' data-av_iconfont='entypo-fontello'  tabindex='-1'>Pr\u00e9c\u00e9dent<\/a><a href='#next' class='next-slide ' aria-hidden='true' data-av_icon='\ue87d' data-av_iconfont='entypo-fontello'  tabindex='-1'>Suivant<\/a><\/div><\/div><br \/>\n\n<style type=\"text\/css\" data-created_by=\"avia_inline_auto\" id=\"style-css-av-joo3u-9884760f204ef02c0a43c885279a8a35\">\n#top .hr.av-joo3u-9884760f204ef02c0a43c885279a8a35{\nmargin-top:15px;\nmargin-bottom:-5px;\n}\n.hr.av-joo3u-9884760f204ef02c0a43c885279a8a35 .hr-inner{\nwidth:120px;\nborder-color:#0971e7;\n}\n<\/style>\n<div  class='hr av-joo3u-9884760f204ef02c0a43c885279a8a35 hr-custom  avia-builder-el-17  el_after_av_testimonials  avia-builder-el-last  hr-center hr-icon-no'><span class='hr-inner inner-border-av-border-thin'><span class=\"hr-inner-style\"><\/span><\/span><\/div><\/p><\/div>\n<style type=\"text\/css\" data-created_by=\"avia_inline_auto\" id=\"style-css-av-d4hsi-629e3877737c93792b04cf3c6cc3c1b6\">\n#top .hr.hr-invisible.av-d4hsi-629e3877737c93792b04cf3c6cc3c1b6{\nheight:50px;\n}\n<\/style>\n<div  class='hr av-d4hsi-629e3877737c93792b04cf3c6cc3c1b6 hr-invisible  avia-builder-el-18  el_after_av_one_full  el_before_av_button '><span class='hr-inner '><span class=\"hr-inner-style\"><\/span><\/span><\/div>\n<div  class='avia-button-wrap av-9xe9u-2b23fbbe957f745baff969a14599940c-wrap avia-button-center  avia-builder-el-19  el_after_av_hr  avia-builder-el-last '>\n<style type=\"text\/css\" data-created_by=\"avia_inline_auto\" id=\"style-css-av-9xe9u-2b23fbbe957f745baff969a14599940c\">\n#top #wrap_all .avia-button.av-9xe9u-2b23fbbe957f745baff969a14599940c{\nbackground-color:#8b9e3d;\nborder-color:#8b9e3d;\ncolor:#ffffff;\n-webkit-transition:all 0.4s ease-in-out;\n-moz-transition:all 0.4s ease-in-out;\n-ms-transition:all 0.4s ease-in-out;\n-o-transition:all 0.4s ease-in-out;\ntransition:all 0.4s ease-in-out;\n}\n<\/style>\n<a href='https:\/\/bluetree-group.com\/fr\/experts\/'  class='avia-button av-9xe9u-2b23fbbe957f745baff969a14599940c avia-icon_select-no avia-size-x-large avia-position-center'  ><span class='avia_iconbox_title' >Rencontrer mes coll\u00e8gues<\/span><\/a><\/div>\n<\/div><\/div><\/div><!-- close content main div --><\/div><\/div><div id='after_section_3'  class='main_color av_default_container_wrap container_wrap sidebar_right'  ><div class='container av-section-cont-open' ><div class='template-page content  av-content-small alpha units'><div class='post-entry post-entry-type-page post-entry-535'><div class='entry-content-wrapper clearfix'>\n","protected":false},"excerpt":{"rendered":"","protected":false},"author":1,"featured_media":0,"parent":0,"menu_order":0,"comment_status":"open","ping_status":"open","template":"","meta":[],"acf":[],"yoast_head":"<!-- This site is optimized with the Yoast SEO plugin v20.1 - https:\/\/yoast.com\/wordpress\/plugins\/seo\/ -->\n<title>Rodrick Masinda - BlueTree Group FR<\/title>\n<meta name=\"robots\" content=\"index, follow, max-snippet:-1, max-image-preview:large, max-video-preview:-1\" \/>\n<link rel=\"canonical\" href=\"https:\/\/bluetree-group.com\/fr\/rodrick-masinda\/\" \/>\n<meta property=\"og:locale\" content=\"fr_FR\" \/>\n<meta property=\"og:type\" content=\"article\" \/>\n<meta property=\"og:title\" content=\"Rodrick Masinda - BlueTree Group FR\" \/>\n<meta property=\"og:url\" content=\"https:\/\/bluetree-group.com\/fr\/rodrick-masinda\/\" \/>\n<meta property=\"og:site_name\" content=\"BlueTree Group FR\" \/>\n<meta property=\"article:modified_time\" content=\"2023-10-29T11:07:40+00:00\" \/>\n<meta name=\"twitter:card\" content=\"summary_large_image\" \/>\n<meta name=\"twitter:label1\" content=\"Dur\u00e9e de lecture estim\u00e9e\" \/>\n\t<meta name=\"twitter:data1\" content=\"5 minutes\" \/>\n<script type=\"application\/ld+json\" class=\"yoast-schema-graph\">{\"@context\":\"https:\/\/schema.org\",\"@graph\":[{\"@type\":\"WebPage\",\"@id\":\"https:\/\/bluetree-group.com\/fr\/rodrick-masinda\/\",\"url\":\"https:\/\/bluetree-group.com\/fr\/rodrick-masinda\/\",\"name\":\"Rodrick Masinda - BlueTree Group FR\",\"isPartOf\":{\"@id\":\"http:\/\/bluetree-group.com\/fr\/#website\"},\"datePublished\":\"2021-06-09T09:08:18+00:00\",\"dateModified\":\"2023-10-29T11:07:40+00:00\",\"breadcrumb\":{\"@id\":\"https:\/\/bluetree-group.com\/fr\/rodrick-masinda\/#breadcrumb\"},\"inLanguage\":\"fr-FR\",\"potentialAction\":[{\"@type\":\"ReadAction\",\"target\":[\"https:\/\/bluetree-group.com\/fr\/rodrick-masinda\/\"]}]},{\"@type\":\"BreadcrumbList\",\"@id\":\"https:\/\/bluetree-group.com\/fr\/rodrick-masinda\/#breadcrumb\",\"itemListElement\":[{\"@type\":\"ListItem\",\"position\":1,\"name\":\"Accueil\",\"item\":\"http:\/\/bluetree-group.com\/fr\/\"},{\"@type\":\"ListItem\",\"position\":2,\"name\":\"Rodrick Masinda\"}]},{\"@type\":\"WebSite\",\"@id\":\"http:\/\/bluetree-group.com\/fr\/#website\",\"url\":\"http:\/\/bluetree-group.com\/fr\/\",\"name\":\"BlueTree Group FR\",\"description\":\"\",\"potentialAction\":[{\"@type\":\"SearchAction\",\"target\":{\"@type\":\"EntryPoint\",\"urlTemplate\":\"http:\/\/bluetree-group.com\/fr\/?s={search_term_string}\"},\"query-input\":\"required name=search_term_string\"}],\"inLanguage\":\"fr-FR\"}]}<\/script>\n<!-- \/ Yoast SEO plugin. -->","yoast_head_json":{"title":"Rodrick Masinda - BlueTree Group FR","robots":{"index":"index","follow":"follow","max-snippet":"max-snippet:-1","max-image-preview":"max-image-preview:large","max-video-preview":"max-video-preview:-1"},"canonical":"https:\/\/bluetree-group.com\/fr\/rodrick-masinda\/","og_locale":"fr_FR","og_type":"article","og_title":"Rodrick Masinda - BlueTree Group FR","og_url":"https:\/\/bluetree-group.com\/fr\/rodrick-masinda\/","og_site_name":"BlueTree Group FR","article_modified_time":"2023-10-29T11:07:40+00:00","twitter_card":"summary_large_image","twitter_misc":{"Dur\u00e9e de lecture estim\u00e9e":"5 minutes"},"schema":{"@context":"https:\/\/schema.org","@graph":[{"@type":"WebPage","@id":"https:\/\/bluetree-group.com\/fr\/rodrick-masinda\/","url":"https:\/\/bluetree-group.com\/fr\/rodrick-masinda\/","name":"Rodrick Masinda - BlueTree Group FR","isPartOf":{"@id":"http:\/\/bluetree-group.com\/fr\/#website"},"datePublished":"2021-06-09T09:08:18+00:00","dateModified":"2023-10-29T11:07:40+00:00","breadcrumb":{"@id":"https:\/\/bluetree-group.com\/fr\/rodrick-masinda\/#breadcrumb"},"inLanguage":"fr-FR","potentialAction":[{"@type":"ReadAction","target":["https:\/\/bluetree-group.com\/fr\/rodrick-masinda\/"]}]},{"@type":"BreadcrumbList","@id":"https:\/\/bluetree-group.com\/fr\/rodrick-masinda\/#breadcrumb","itemListElement":[{"@type":"ListItem","position":1,"name":"Accueil","item":"http:\/\/bluetree-group.com\/fr\/"},{"@type":"ListItem","position":2,"name":"Rodrick Masinda"}]},{"@type":"WebSite","@id":"http:\/\/bluetree-group.com\/fr\/#website","url":"http:\/\/bluetree-group.com\/fr\/","name":"BlueTree Group FR","description":"","potentialAction":[{"@type":"SearchAction","target":{"@type":"EntryPoint","urlTemplate":"http:\/\/bluetree-group.com\/fr\/?s={search_term_string}"},"query-input":"required name=search_term_string"}],"inLanguage":"fr-FR"}]}},"_links":{"self":[{"href":"https:\/\/bluetree-group.com\/fr\/wp-json\/wp\/v2\/pages\/535"}],"collection":[{"href":"https:\/\/bluetree-group.com\/fr\/wp-json\/wp\/v2\/pages"}],"about":[{"href":"https:\/\/bluetree-group.com\/fr\/wp-json\/wp\/v2\/types\/page"}],"author":[{"embeddable":true,"href":"https:\/\/bluetree-group.com\/fr\/wp-json\/wp\/v2\/users\/1"}],"replies":[{"embeddable":true,"href":"https:\/\/bluetree-group.com\/fr\/wp-json\/wp\/v2\/comments?post=535"}],"version-history":[{"count":2,"href":"https:\/\/bluetree-group.com\/fr\/wp-json\/wp\/v2\/pages\/535\/revisions"}],"predecessor-version":[{"id":1123,"href":"https:\/\/bluetree-group.com\/fr\/wp-json\/wp\/v2\/pages\/535\/revisions\/1123"}],"wp:attachment":[{"href":"https:\/\/bluetree-group.com\/fr\/wp-json\/wp\/v2\/media?parent=535"}],"curies":[{"name":"wp","href":"https:\/\/api.w.org\/{rel}","templated":true}]}}