{"id":532,"date":"2021-06-09T08:57:13","date_gmt":"2021-06-09T08:57:13","guid":{"rendered":"https:\/\/bluetrk.cluster027.hosting.ovh.net\/bc1678701-ovh\/fr\/stephanie-zeter\/"},"modified":"2023-10-29T12:07:54","modified_gmt":"2023-10-29T11:07:54","slug":"stephanie-zeter","status":"publish","type":"page","link":"https:\/\/bluetree-group.com\/fr\/stephanie-zeter\/","title":{"rendered":"Stephanie Zeter"},"content":{"rendered":"\n<style type=\"text\/css\" data-created_by=\"avia_inline_auto\" id=\"style-css-av-28mcbd-ee26b66f5adc0e2d8580f458661a16e2\">\n.avia-section.av-28mcbd-ee26b66f5adc0e2d8580f458661a16e2{\nbackground-color:#dbcfbf;\nbackground-image:unset;\n}\n<\/style>\n<div id='av_section_1'  class='avia-section av-28mcbd-ee26b66f5adc0e2d8580f458661a16e2 main_color avia-section-large avia-no-border-styling  avia-builder-el-0  el_before_av_section  avia-builder-el-first  avia-bg-style-scroll container_wrap sidebar_right'  ><div class='container av-section-cont-open' ><main  role=\"main\" itemprop=\"mainContentOfPage\"  class='template-page content  av-content-small alpha units'><div class='post-entry post-entry-type-page post-entry-532'><div class='entry-content-wrapper clearfix'>\n<div class='flex_column_table av-233ea1-1d2d941e22f6c0f4407b56a9c6646edd sc-av_one_half av-equal-height-column-flextable'>\n<style type=\"text\/css\" data-created_by=\"avia_inline_auto\" id=\"style-css-av-233ea1-1d2d941e22f6c0f4407b56a9c6646edd\">\n.flex_column.av-233ea1-1d2d941e22f6c0f4407b56a9c6646edd{\n-webkit-border-radius:0px 0px 0px 0px;\n-moz-border-radius:0px 0px 0px 0px;\nborder-radius:0px 0px 0px 0px;\npadding:0px 0px 0px 0px;\n}\n<\/style>\n<div class='flex_column av-233ea1-1d2d941e22f6c0f4407b56a9c6646edd av_one_half  avia-builder-el-1  el_before_av_two_fifth  avia-builder-el-first  first flex_column_table_cell av-equal-height-column av-align-middle av-zero-column-padding '     ><style type=\"text\/css\" data-created_by=\"avia_inline_auto\" id=\"style-css-av-kpp8kgu5-a4e117f422c4128ec1eff733d680d5cd\">\n#top .av_textblock_section.av-kpp8kgu5-a4e117f422c4128ec1eff733d680d5cd .avia_textblock{\nfont-size:24px;\n}\n<\/style>\n<section  class='av_textblock_section av-kpp8kgu5-a4e117f422c4128ec1eff733d680d5cd'  itemscope=\"itemscope\" itemtype=\"https:\/\/schema.org\/CreativeWork\" ><div class='avia_textblock'  itemprop=\"text\" ><h1>Je suis Stephanie Zeter<\/h1>\n<\/div><\/section><br \/>\n\n<style type=\"text\/css\" data-created_by=\"avia_inline_auto\" id=\"style-css-av-73lwp-5d644df5989d4b4f774cdd9474f53f00\">\n#top .hr.hr-invisible.av-73lwp-5d644df5989d4b4f774cdd9474f53f00{\nheight:15px;\n}\n<\/style>\n<div  class='hr av-73lwp-5d644df5989d4b4f774cdd9474f53f00 hr-invisible  avia-builder-el-3  el_after_av_textblock  el_before_av_textblock '><span class='hr-inner '><span class=\"hr-inner-style\"><\/span><\/span><\/div><br \/>\n\n<style type=\"text\/css\" data-created_by=\"avia_inline_auto\" id=\"style-css-av-kpp8kyq4-9bac0b5f3b26432c4474e3e31434a307\">\n#top .av_textblock_section.av-kpp8kyq4-9bac0b5f3b26432c4474e3e31434a307 .avia_textblock{\nfont-size:24px;\n}\n<\/style>\n<section  class='av_textblock_section av-kpp8kyq4-9bac0b5f3b26432c4474e3e31434a307'  itemscope=\"itemscope\" itemtype=\"https:\/\/schema.org\/CreativeWork\" ><div class='avia_textblock'  itemprop=\"text\" ><p>Directrice des finances et experte de la cha\u00eene du livre<\/p>\n<p>+33 6 805 81 739<br \/>\n<a href=\"mailto:stephanie.zeter@bluetrk.cluster027.hosting.ovh.net\/bc1678701-ovh\">stephanie.zeter@bluetree-group.com<\/a><\/p>\n<\/div><\/section><br \/>\n\n<style type=\"text\/css\" data-created_by=\"avia_inline_auto\" id=\"style-css-av-1ra6ep-3d824b7a24b7c9bc2ad4adb07be36d01\">\n#top .hr.hr-invisible.av-1ra6ep-3d824b7a24b7c9bc2ad4adb07be36d01{\nheight:10px;\n}\n<\/style>\n<div  class='hr av-1ra6ep-3d824b7a24b7c9bc2ad4adb07be36d01 hr-invisible  avia-builder-el-5  el_after_av_textblock  el_before_av_iconlist '><span class='hr-inner '><span class=\"hr-inner-style\"><\/span><\/span><\/div><br \/>\n\n<style type=\"text\/css\" data-created_by=\"avia_inline_auto\" id=\"style-css-av-kpp8l6a9-81eec955709e9755907b28ae5c396427\">\n#top .avia-icon-list-container.av-kpp8l6a9-81eec955709e9755907b28ae5c396427 .iconlist_icon{\nfont-size:24px;\n}\n#top #wrap_all .avia-icon-list-container.av-kpp8l6a9-81eec955709e9755907b28ae5c396427 .av_iconlist_title{\nfont-size:24px;\n}\n<\/style>\n<div  class='avia-icon-list-container av-kpp8l6a9-81eec955709e9755907b28ae5c396427  avia-builder-el-6  el_after_av_hr  avia-builder-el-last  kj-maps-icon'><ul class='avia-icon-list avia_animate_when_almost_visible avia-icon-list-left av-iconlist-small av-kpp8l6a9-81eec955709e9755907b28ae5c396427 avia-iconlist-animate'>\n<li><div class='iconlist_icon av-kpp8l5gf-80387db6e4e70bdcbbac92a6cfe66eea avia-font-entypo-fontello'><span class='iconlist-char' aria-hidden='true' data-av_icon='\ue842' data-av_iconfont='entypo-fontello'><\/span><\/div><article class=\"article-icon-entry av-iconlist-empty\"  itemscope=\"itemscope\" itemtype=\"https:\/\/schema.org\/CreativeWork\" ><div class=\"iconlist_content_wrap\"><header class=\"entry-content-header\"><div class='av_iconlist_title iconlist_title_small  '  itemprop=\"headline\" >Strasbourg France <\/div><\/header><div class='iconlist_content '  itemprop=\"text\" ><\/div><\/div><footer class=\"entry-footer\"><\/footer><\/article><div class=\"iconlist-timeline\"><\/div><\/li>\n<\/ul><\/div><\/p><\/div><div class='av-flex-placeholder'><\/div>\n<style type=\"text\/css\" data-created_by=\"avia_inline_auto\" id=\"style-css-av-5k14x-80570ec259db90ec3458d09f52c0488b\">\n.flex_column.av-5k14x-80570ec259db90ec3458d09f52c0488b{\n-webkit-border-radius:0px 0px 0px 0px;\n-moz-border-radius:0px 0px 0px 0px;\nborder-radius:0px 0px 0px 0px;\npadding:0px 0px 0px 0px;\n}\n<\/style>\n<div class='flex_column av-5k14x-80570ec259db90ec3458d09f52c0488b av_two_fifth  avia-builder-el-7  el_after_av_one_half  avia-builder-el-last  flex_column_table_cell av-equal-height-column av-align-middle av-zero-column-padding '     ><style type=\"text\/css\" data-created_by=\"avia_inline_auto\" id=\"style-css-av-kpp8lcuj-ce44891274648e84694d7b5c9e31be6b\">\n.avia-image-container.av-kpp8lcuj-ce44891274648e84694d7b5c9e31be6b img.avia_image{\nbox-shadow:none;\n}\n.avia-image-container.av-kpp8lcuj-ce44891274648e84694d7b5c9e31be6b .av-image-caption-overlay-center{\ncolor:#ffffff;\n}\n<\/style>\n<div  class='avia-image-container av-kpp8lcuj-ce44891274648e84694d7b5c9e31be6b av-styling-no-styling avia-align-left  avia-builder-el-8  avia-builder-el-no-sibling '   itemprop=\"image\" itemscope=\"itemscope\" itemtype=\"https:\/\/schema.org\/ImageObject\" ><div class=\"avia-image-container-inner\"><div class=\"avia-image-overlay-wrap\"><img decoding=\"async\" class='avia-img-lazy-loading-not- avia_image ' src=\"https:\/\/bluetree-group.com\/fr\/fr\/wp-content\/uploads\/sites\/2\/2021\/08\/stephanie-zeter.jpg\" alt='' title=''   itemprop=\"thumbnailUrl\"  \/><\/div><\/div><\/div><\/div><\/div><!--close column table wrapper. Autoclose: 1 --><\/div><\/div><\/main><!-- close content main element --><\/div><\/div>\n<style type=\"text\/css\" data-created_by=\"avia_inline_auto\" id=\"style-css-av-1e03rd-7b04079ded36a049a7db3586f15bff13\">\n.avia-section.av-1e03rd-7b04079ded36a049a7db3586f15bff13{\nmargin-top:0px;\nmargin-bottom:-80px;\n}\n<\/style>\n<div id='av_section_2'  class='avia-section av-1e03rd-7b04079ded36a049a7db3586f15bff13 main_color avia-section-large avia-no-border-styling  avia-builder-el-9  el_after_av_section  el_before_av_section  avia-bg-style-scroll container_wrap sidebar_right'  ><div class='container av-section-cont-open' ><div class='template-page content  av-content-small alpha units'><div class='post-entry post-entry-type-page post-entry-532'><div class='entry-content-wrapper clearfix'>\n\n<style type=\"text\/css\" data-created_by=\"avia_inline_auto\" id=\"style-css-av-188hzt-542c52d993b3b4533145ef3760527bd9\">\n.flex_column.av-188hzt-542c52d993b3b4533145ef3760527bd9{\n-webkit-border-radius:0px 0px 0px 0px;\n-moz-border-radius:0px 0px 0px 0px;\nborder-radius:0px 0px 0px 0px;\npadding:0px 0px 0px 0px;\n}\n<\/style>\n<div class='flex_column av-188hzt-542c52d993b3b4533145ef3760527bd9 av_one_half  avia-builder-el-10  el_before_av_two_fifth  avia-builder-el-first  first flex_column_div av-zero-column-padding '     ><section  class='av_textblock_section av-kpp8lnbc-a7736628d8c8d560b83bb08ba67a8a66'  itemscope=\"itemscope\" itemtype=\"https:\/\/schema.org\/CreativeWork\" ><div class='avia_textblock'  itemprop=\"text\" ><h2><span style=\"color: #0971e7;\">Mon r\u00f4le chez BlueTree<\/span><\/h2>\n<p>Partager mes connaissances et mon exp\u00e9rience avec mes coll\u00e8gues afin de constituer la meilleure \u00e9quipe d\u2019experts de la cha\u00eene d\u2019approvisionnement du livre.<\/p>\n<\/div><\/section><\/div>\n<style type=\"text\/css\" data-created_by=\"avia_inline_auto\" id=\"style-css-av-10f6oh-3e9463871c61aee93d48ca3676cabf32\">\n.flex_column.av-10f6oh-3e9463871c61aee93d48ca3676cabf32{\n-webkit-border-radius:0px 0px 0px 0px;\n-moz-border-radius:0px 0px 0px 0px;\nborder-radius:0px 0px 0px 0px;\npadding:0px 0px 0px 0px;\n}\n<\/style>\n<div class='flex_column av-10f6oh-3e9463871c61aee93d48ca3676cabf32 av_two_fifth  avia-builder-el-12  el_after_av_one_half  avia-builder-el-last  flex_column_div av-zero-column-padding '     ><style type=\"text\/css\" data-created_by=\"avia_inline_auto\" id=\"style-css-av-kpp8n8cb-8689993fe8ea2c1f75b2b36dc6b1b0c6\">\n#top .avia-icon-list-container.av-kpp8n8cb-8689993fe8ea2c1f75b2b36dc6b1b0c6 .iconlist_icon{\nbackground-color:#ffffff;\nborder:1px solid #0971e7;\n}\n#top #wrap_all .avia-icon-list-container.av-kpp8n8cb-8689993fe8ea2c1f75b2b36dc6b1b0c6 .av_iconlist_title{\nfont-size:24px;\n}\n.avia-icon-list-container.av-kpp8n8cb-8689993fe8ea2c1f75b2b36dc6b1b0c6 .iconlist_content{\nfont-size:15px;\n}\n<\/style>\n<div  class='avia-icon-list-container av-kpp8n8cb-8689993fe8ea2c1f75b2b36dc6b1b0c6  avia-builder-el-13  avia-builder-el-no-sibling  kj-custom-iconbox kj-iconlist-role-at-bluetree'><ul class='avia-icon-list avia_animate_when_almost_visible avia-icon-list-left av-iconlist-big av-kpp8n8cb-8689993fe8ea2c1f75b2b36dc6b1b0c6 avia-iconlist-animate'>\n<li><div class='iconlist_icon av-kpp8lx8c-82b1933c8b8814aebb52492f6b1aeaec avia-font-entypo-fontello'><span class='iconlist-char' aria-hidden='true' data-av_icon='\ue812' data-av_iconfont='entypo-fontello'><\/span><\/div><article class=\"article-icon-entry \"  itemscope=\"itemscope\" itemtype=\"https:\/\/schema.org\/CreativeWork\" ><div class=\"iconlist_content_wrap\"><header class=\"entry-content-header\"><h4 class='av_iconlist_title iconlist_title transparency '  itemprop=\"headline\" >Sp\u00e9cialis\u00e9e dans <\/h4><\/header><div class='iconlist_content '  itemprop=\"text\" ><p>Approvisionnement en livres, cha\u00eene d\u2019approvisionement, exp\u00e9dition, d\u00e9douanement et processus de distribution.<\/p>\n<\/div><\/div><footer class=\"entry-footer\"><\/footer><\/article><div class=\"iconlist-timeline\"><\/div><\/li>\n<li><div class='iconlist_icon av-kpp8m2zc-af9dba19b67c72516eab69343774dbd9 avia-font-entypo-fontello'><span class='iconlist-char' aria-hidden='true' data-av_icon='\ue812' data-av_iconfont='entypo-fontello'><\/span><\/div><article class=\"article-icon-entry \"  itemscope=\"itemscope\" itemtype=\"https:\/\/schema.org\/CreativeWork\" ><div class=\"iconlist_content_wrap\"><header class=\"entry-content-header\"><h4 class='av_iconlist_title iconlist_title efficiency '  itemprop=\"headline\" >Formation<\/h4><\/header><div class='iconlist_content '  itemprop=\"text\" ><p>Double dipl\u00f4me Ing\u00e9nieur-Ma\u00eetre en g\u00e9nie des syst\u00e8mes Industriels et Ing\u00e9nieur en Gestion d\u2019Entreprise \u00e0 L\u2019universit\u00e9 de Strasbourg, France et \u00e0 la Fachhochschule d\u2019Offenburg, Allemagne.<\/p>\n<\/div><\/div><footer class=\"entry-footer\"><\/footer><\/article><div class=\"iconlist-timeline\"><\/div><\/li>\n<li><div class='iconlist_icon av-kpp8mb8o-2da6e3b441a33b263544e8930ca48539 avia-font-entypo-fontello'><span class='iconlist-char' aria-hidden='true' data-av_icon='\ue812' data-av_iconfont='entypo-fontello'><\/span><\/div><article class=\"article-icon-entry \"  itemscope=\"itemscope\" itemtype=\"https:\/\/schema.org\/CreativeWork\" ><div class=\"iconlist_content_wrap\"><header class=\"entry-content-header\"><h4 class='av_iconlist_title iconlist_title experience '  itemprop=\"headline\" >Langues<\/h4><\/header><div class='iconlist_content '  itemprop=\"text\" ><p>Fran\u00e7ais, Anglais, Allemand<\/p>\n<\/div><\/div><footer class=\"entry-footer\"><\/footer><\/article><div class=\"iconlist-timeline\"><\/div><\/li>\n<li><div class='iconlist_icon av-kpp8mi2x-0aa97833559fb46c4e191be47b51557c avia-font-entypo-fontello'><span class='iconlist-char' aria-hidden='true' data-av_icon='\ue812' data-av_iconfont='entypo-fontello'><\/span><\/div><article class=\"article-icon-entry \"  itemscope=\"itemscope\" itemtype=\"https:\/\/schema.org\/CreativeWork\" ><div class=\"iconlist_content_wrap\"><header class=\"entry-content-header\"><h4 class='av_iconlist_title iconlist_title knowledge-transfer '  itemprop=\"headline\" >Pays dans lequels j\u2019ai travaill\u00e9<\/h4><\/header><div class='iconlist_content '  itemprop=\"text\" ><p>J\u2019ai travaill\u00e9 et v\u00e9cu en Allemagne, au Rwanda et \u00e0 l&rsquo;\u00eele Maurice. J\u2019ai travaill\u00e9 en Inde, au Malawi, en RDC, au Kenya, en Tanzanie, au Burundi, en C\u00f4te d&rsquo;Ivoire, au S\u00e9n\u00e9gal, au Togo, au Niger, en Ouganda, en \u00c9thiopie, en Afrique du Sud, en Zambie, au Mali, en Guin\u00e9e, au Mozambique.<\/p>\n<\/div><\/div><footer class=\"entry-footer\"><\/footer><\/article><div class=\"iconlist-timeline\"><\/div><\/li>\n<li><div class='iconlist_icon av-kpp8mpuc-5169b39505b576f125e617653e5887dc avia-font-entypo-fontello'><span class='iconlist-char' aria-hidden='true' data-av_icon='\ue812' data-av_iconfont='entypo-fontello'><\/span><\/div><article class=\"article-icon-entry \"  itemscope=\"itemscope\" itemtype=\"https:\/\/schema.org\/CreativeWork\" ><div class=\"iconlist_content_wrap\"><header class=\"entry-content-header\"><h4 class='av_iconlist_title iconlist_title knowledge-transfer '  itemprop=\"headline\" >Livres pr\u00e9f\u00e9r\u00e9s<\/h4><\/header><div class='iconlist_content '  itemprop=\"text\" ><p>Je lis tous les thrillers \u00e9crits par Harlan Coben, et mon pr\u00e9f\u00e9r\u00e9 est \u00ab\u00a0Tell No One\u00a0\u00bb.<\/p>\n<\/div><\/div><footer class=\"entry-footer\"><\/footer><\/article><div class=\"iconlist-timeline\"><\/div><\/li>\n<li><div class='iconlist_icon av-kpp8myyu-0c9e0056fc2ddc3fa9a5004ef1999a80 avia-font-entypo-fontello'><span class='iconlist-char' aria-hidden='true' data-av_icon='\ue812' data-av_iconfont='entypo-fontello'><\/span><\/div><article class=\"article-icon-entry \"  itemscope=\"itemscope\" itemtype=\"https:\/\/schema.org\/CreativeWork\" ><div class=\"iconlist_content_wrap\"><header class=\"entry-content-header\"><h4 class='av_iconlist_title iconlist_title knowledge-transfer '  itemprop=\"headline\" >Anecdote <\/h4><\/header><div class='iconlist_content '  itemprop=\"text\" ><p>J&rsquo;ai d\u00e9couvert l&rsquo;\u00eele aux P\u00e9cheurs sur le fleuve Congo en RDC lors de ma premi\u00e8re visite en Afrique. J&rsquo;ai travers\u00e9 le march\u00e9 aux poissons, visit\u00e9 des maisons sur pilotis appartenant aux p\u00eacheurs et surtout j\u2019ai navigu\u00e9 sur une pirogue avec des enfants qui \u00e9taient sur le chemin de l&rsquo;\u00e9cole, c&rsquo;\u00e9tait formidable et fascinant.<\/p>\n<\/div><\/div><footer class=\"entry-footer\"><\/footer><\/article><div class=\"iconlist-timeline\"><\/div><\/li>\n<\/ul><\/div><\/div>\n<\/p>\n<\/div><\/div><\/div><!-- close content main div --><\/div><\/div><div id='av_section_3'  class='avia-section av-uv4ip-64eade9e527a13da540fbcd7b64d2fce main_color avia-section-large avia-no-border-styling  avia-builder-el-14  el_after_av_section  avia-builder-el-last  avia-bg-style-scroll container_wrap sidebar_right'  ><div class='container av-section-cont-open' ><div class='template-page content  av-content-small alpha units'><div class='post-entry post-entry-type-page post-entry-532'><div class='entry-content-wrapper clearfix'>\n\n<style type=\"text\/css\" data-created_by=\"avia_inline_auto\" id=\"style-css-av-tgo5t-c1059ba5a5eef4cabfbc4e669473ab24\">\n.flex_column.av-tgo5t-c1059ba5a5eef4cabfbc4e669473ab24{\n-webkit-border-radius:0px 0px 0px 0px;\n-moz-border-radius:0px 0px 0px 0px;\nborder-radius:0px 0px 0px 0px;\npadding:0px 0px 0px 0px;\n}\n<\/style>\n<div class='flex_column av-tgo5t-c1059ba5a5eef4cabfbc4e669473ab24 av_one_full  avia-builder-el-15  el_before_av_hr  avia-builder-el-first  first flex_column_div av-zero-column-padding '     ><p><div  class='avia-testimonial-wrapper av-kpp8nkgt-c86eb19570c987563e49288b2fef35a9 avia-slider-testimonials avia-slider-2-testimonials avia_animate_when_almost_visible av-large-testimonial-slider av-slideshow-ui av-control-default av-slider-hover-pause av-slideshow-autoplay av-loop-endless av-loop-manual-endless' data-slideshow-options=\"{&quot;animation&quot;:&quot;fade&quot;,&quot;autoplay&quot;:true,&quot;loop_autoplay&quot;:&quot;endless&quot;,&quot;interval&quot;:5,&quot;loop_manual&quot;:&quot;manual-endless&quot;,&quot;autoplay_stopper&quot;:false,&quot;noNavigation&quot;:false,&quot;bg_slider&quot;:false,&quot;keep_padding&quot;:&quot;&quot;,&quot;hoverpause&quot;:true,&quot;show_slide_delay&quot;:0}\">\n<section class=\"avia-testimonial-row\"><div class='avia-testimonial av-kpp8njil-d79c1cae43e8902a45f164ec230972ad avia-testimonial-row-1 avia-first-testimonial flex_column no_margin av_one_half'><div class='avia-testimonial_inner'  itemscope=\"itemscope\" itemtype=\"https:\/\/schema.org\/CreativeWork\" ><div class='avia-testimonial-content '><div class='avia-testimonial-markup-entry-content'  itemprop=\"text\" ><p>Rendre visite aux enfants dans des \u00e9coles primaires, voir leurs sourires, la fa\u00e7on dont ils regardent l&rsquo;enseignant et leur enthousiasme \u00e0 participer aux cours &#8211; cela m&rsquo;a convaincu que c&rsquo;est notre r\u00f4le de leur apporter les outils pour assouvir leur d\u00e9sir d&rsquo;apprendre: les livres !<\/p>\n<\/div><\/div><div class=\"avia-testimonial-meta\"><div class=\"avia-testimonial-arrow-wrap\"><div class=\"avia-arrow\"><\/div><\/div><div class='avia-testimonial-meta-mini'  itemprop=\"author\" itemscope=\"itemscope\" itemtype=\"https:\/\/schema.org\/Person\" ><strong  class='avia-testimonial-name'  itemprop=\"name\" >Stephanie Zeter, BlueTree<\/strong><\/div><\/div><\/div><\/div>\n<\/section><div class='avia-slideshow-arrows avia-slideshow-controls' ><a href='#prev' class='prev-slide ' aria-hidden='true' data-av_icon='\ue87c' data-av_iconfont='entypo-fontello'  tabindex='-1'>Pr\u00e9c\u00e9dent<\/a><a href='#next' class='next-slide ' aria-hidden='true' data-av_icon='\ue87d' data-av_iconfont='entypo-fontello'  tabindex='-1'>Suivant<\/a><\/div><\/div><br \/>\n\n<style type=\"text\/css\" data-created_by=\"avia_inline_auto\" id=\"style-css-av-kf841-229ffc1a5c0b34fa811d4d39a99fa288\">\n#top .hr.av-kf841-229ffc1a5c0b34fa811d4d39a99fa288{\nmargin-top:15px;\nmargin-bottom:-5px;\n}\n.hr.av-kf841-229ffc1a5c0b34fa811d4d39a99fa288 .hr-inner{\nwidth:120px;\nborder-color:#0971e7;\n}\n<\/style>\n<div  class='hr av-kf841-229ffc1a5c0b34fa811d4d39a99fa288 hr-custom  avia-builder-el-17  el_after_av_testimonials  avia-builder-el-last  hr-center hr-icon-no'><span class='hr-inner inner-border-av-border-thin'><span class=\"hr-inner-style\"><\/span><\/span><\/div><\/p><\/div>\n<style type=\"text\/css\" data-created_by=\"avia_inline_auto\" id=\"style-css-av-epj0p-0d5a74a57a8772e8c72fadcb8cf373db\">\n#top .hr.hr-invisible.av-epj0p-0d5a74a57a8772e8c72fadcb8cf373db{\nheight:50px;\n}\n<\/style>\n<div  class='hr av-epj0p-0d5a74a57a8772e8c72fadcb8cf373db hr-invisible  avia-builder-el-18  el_after_av_one_full  el_before_av_button '><span class='hr-inner '><span class=\"hr-inner-style\"><\/span><\/span><\/div>\n<div  class='avia-button-wrap av-851wh-434060be63a2f9814ff968868a090307-wrap avia-button-center  avia-builder-el-19  el_after_av_hr  avia-builder-el-last '>\n<style type=\"text\/css\" data-created_by=\"avia_inline_auto\" id=\"style-css-av-851wh-434060be63a2f9814ff968868a090307\">\n#top #wrap_all .avia-button.av-851wh-434060be63a2f9814ff968868a090307{\nbackground-color:#8b9e3d;\nborder-color:#8b9e3d;\ncolor:#ffffff;\n-webkit-transition:all 0.4s ease-in-out;\n-moz-transition:all 0.4s ease-in-out;\n-ms-transition:all 0.4s ease-in-out;\n-o-transition:all 0.4s ease-in-out;\ntransition:all 0.4s ease-in-out;\n}\n<\/style>\n<a href='https:\/\/bluetree-group.com\/fr\/experts\/'  class='avia-button av-851wh-434060be63a2f9814ff968868a090307 avia-icon_select-no avia-size-x-large avia-position-center'  ><span class='avia_iconbox_title' >Recontrer mes coll\u00e8geus <\/span><\/a><\/div>\n<\/div><\/div><\/div><!-- close content main div --><\/div><\/div><div id='after_section_3'  class='main_color av_default_container_wrap container_wrap sidebar_right'  ><div class='container av-section-cont-open' ><div class='template-page content  av-content-small alpha units'><div class='post-entry post-entry-type-page post-entry-532'><div class='entry-content-wrapper clearfix'>\n","protected":false},"excerpt":{"rendered":"","protected":false},"author":1,"featured_media":0,"parent":0,"menu_order":0,"comment_status":"open","ping_status":"open","template":"","meta":[],"acf":[],"yoast_head":"<!-- This site is optimized with the Yoast SEO plugin v20.1 - https:\/\/yoast.com\/wordpress\/plugins\/seo\/ -->\n<title>Stephanie Zeter - BlueTree Group FR<\/title>\n<meta name=\"robots\" content=\"index, follow, max-snippet:-1, max-image-preview:large, max-video-preview:-1\" \/>\n<link rel=\"canonical\" href=\"https:\/\/bluetree-group.com\/fr\/stephanie-zeter\/\" \/>\n<meta property=\"og:locale\" content=\"fr_FR\" \/>\n<meta property=\"og:type\" content=\"article\" \/>\n<meta property=\"og:title\" content=\"Stephanie Zeter - BlueTree Group FR\" \/>\n<meta property=\"og:url\" content=\"https:\/\/bluetree-group.com\/fr\/stephanie-zeter\/\" \/>\n<meta property=\"og:site_name\" content=\"BlueTree Group FR\" \/>\n<meta property=\"article:modified_time\" content=\"2023-10-29T11:07:54+00:00\" \/>\n<meta name=\"twitter:card\" content=\"summary_large_image\" \/>\n<meta name=\"twitter:label1\" content=\"Dur\u00e9e de lecture estim\u00e9e\" \/>\n\t<meta name=\"twitter:data1\" content=\"5 minutes\" \/>\n<script type=\"application\/ld+json\" class=\"yoast-schema-graph\">{\"@context\":\"https:\/\/schema.org\",\"@graph\":[{\"@type\":\"WebPage\",\"@id\":\"https:\/\/bluetree-group.com\/fr\/stephanie-zeter\/\",\"url\":\"https:\/\/bluetree-group.com\/fr\/stephanie-zeter\/\",\"name\":\"Stephanie Zeter - BlueTree Group FR\",\"isPartOf\":{\"@id\":\"https:\/\/bluetree-group.com\/fr\/#website\"},\"datePublished\":\"2021-06-09T08:57:13+00:00\",\"dateModified\":\"2023-10-29T11:07:54+00:00\",\"breadcrumb\":{\"@id\":\"https:\/\/bluetree-group.com\/fr\/stephanie-zeter\/#breadcrumb\"},\"inLanguage\":\"fr-FR\",\"potentialAction\":[{\"@type\":\"ReadAction\",\"target\":[\"https:\/\/bluetree-group.com\/fr\/stephanie-zeter\/\"]}]},{\"@type\":\"BreadcrumbList\",\"@id\":\"https:\/\/bluetree-group.com\/fr\/stephanie-zeter\/#breadcrumb\",\"itemListElement\":[{\"@type\":\"ListItem\",\"position\":1,\"name\":\"Accueil\",\"item\":\"https:\/\/bluetree-group.com\/fr\/\"},{\"@type\":\"ListItem\",\"position\":2,\"name\":\"Stephanie Zeter\"}]},{\"@type\":\"WebSite\",\"@id\":\"https:\/\/bluetree-group.com\/fr\/#website\",\"url\":\"https:\/\/bluetree-group.com\/fr\/\",\"name\":\"BlueTree Group FR\",\"description\":\"\",\"potentialAction\":[{\"@type\":\"SearchAction\",\"target\":{\"@type\":\"EntryPoint\",\"urlTemplate\":\"https:\/\/bluetree-group.com\/fr\/?s={search_term_string}\"},\"query-input\":\"required name=search_term_string\"}],\"inLanguage\":\"fr-FR\"}]}<\/script>\n<!-- \/ Yoast SEO plugin. -->","yoast_head_json":{"title":"Stephanie Zeter - BlueTree Group FR","robots":{"index":"index","follow":"follow","max-snippet":"max-snippet:-1","max-image-preview":"max-image-preview:large","max-video-preview":"max-video-preview:-1"},"canonical":"https:\/\/bluetree-group.com\/fr\/stephanie-zeter\/","og_locale":"fr_FR","og_type":"article","og_title":"Stephanie Zeter - BlueTree Group FR","og_url":"https:\/\/bluetree-group.com\/fr\/stephanie-zeter\/","og_site_name":"BlueTree Group FR","article_modified_time":"2023-10-29T11:07:54+00:00","twitter_card":"summary_large_image","twitter_misc":{"Dur\u00e9e de lecture estim\u00e9e":"5 minutes"},"schema":{"@context":"https:\/\/schema.org","@graph":[{"@type":"WebPage","@id":"https:\/\/bluetree-group.com\/fr\/stephanie-zeter\/","url":"https:\/\/bluetree-group.com\/fr\/stephanie-zeter\/","name":"Stephanie Zeter - BlueTree Group FR","isPartOf":{"@id":"https:\/\/bluetree-group.com\/fr\/#website"},"datePublished":"2021-06-09T08:57:13+00:00","dateModified":"2023-10-29T11:07:54+00:00","breadcrumb":{"@id":"https:\/\/bluetree-group.com\/fr\/stephanie-zeter\/#breadcrumb"},"inLanguage":"fr-FR","potentialAction":[{"@type":"ReadAction","target":["https:\/\/bluetree-group.com\/fr\/stephanie-zeter\/"]}]},{"@type":"BreadcrumbList","@id":"https:\/\/bluetree-group.com\/fr\/stephanie-zeter\/#breadcrumb","itemListElement":[{"@type":"ListItem","position":1,"name":"Accueil","item":"https:\/\/bluetree-group.com\/fr\/"},{"@type":"ListItem","position":2,"name":"Stephanie Zeter"}]},{"@type":"WebSite","@id":"https:\/\/bluetree-group.com\/fr\/#website","url":"https:\/\/bluetree-group.com\/fr\/","name":"BlueTree Group FR","description":"","potentialAction":[{"@type":"SearchAction","target":{"@type":"EntryPoint","urlTemplate":"https:\/\/bluetree-group.com\/fr\/?s={search_term_string}"},"query-input":"required name=search_term_string"}],"inLanguage":"fr-FR"}]}},"_links":{"self":[{"href":"https:\/\/bluetree-group.com\/fr\/wp-json\/wp\/v2\/pages\/532"}],"collection":[{"href":"https:\/\/bluetree-group.com\/fr\/wp-json\/wp\/v2\/pages"}],"about":[{"href":"https:\/\/bluetree-group.com\/fr\/wp-json\/wp\/v2\/types\/page"}],"author":[{"embeddable":true,"href":"https:\/\/bluetree-group.com\/fr\/wp-json\/wp\/v2\/users\/1"}],"replies":[{"embeddable":true,"href":"https:\/\/bluetree-group.com\/fr\/wp-json\/wp\/v2\/comments?post=532"}],"version-history":[{"count":1,"href":"https:\/\/bluetree-group.com\/fr\/wp-json\/wp\/v2\/pages\/532\/revisions"}],"predecessor-version":[{"id":1124,"href":"https:\/\/bluetree-group.com\/fr\/wp-json\/wp\/v2\/pages\/532\/revisions\/1124"}],"wp:attachment":[{"href":"https:\/\/bluetree-group.com\/fr\/wp-json\/wp\/v2\/media?parent=532"}],"curies":[{"name":"wp","href":"https:\/\/api.w.org\/{rel}","templated":true}]}}