{"id":530,"date":"2021-06-09T08:51:40","date_gmt":"2021-06-09T08:51:40","guid":{"rendered":"https:\/\/bluetrk.cluster027.hosting.ovh.net\/bc1678701-ovh\/fr\/christophe-barth\/"},"modified":"2023-10-29T12:06:45","modified_gmt":"2023-10-29T11:06:45","slug":"christophe-barth","status":"publish","type":"page","link":"https:\/\/bluetree-group.com\/fr\/christophe-barth\/","title":{"rendered":"Christophe Barth"},"content":{"rendered":"\n<style type=\"text\/css\" data-created_by=\"avia_inline_auto\" id=\"style-css-av-85b5j-1a5909e2a9e50dff7cd198094561cf7c\">\n.avia-section.av-85b5j-1a5909e2a9e50dff7cd198094561cf7c{\nbackground-color:#dbcfbf;\nbackground-image:unset;\n}\n<\/style>\n<div id='av_section_1'  class='avia-section av-85b5j-1a5909e2a9e50dff7cd198094561cf7c main_color avia-section-large avia-no-border-styling  avia-builder-el-0  el_before_av_section  avia-builder-el-first  avia-bg-style-scroll container_wrap sidebar_right'  ><div class='container av-section-cont-open' ><main  role=\"main\" itemprop=\"mainContentOfPage\"  class='template-page content  av-content-small alpha units'><div class='post-entry post-entry-type-page post-entry-530'><div class='entry-content-wrapper clearfix'>\n<div class='flex_column_table av-20wl2v-d69ce224d72a71522a067ed452a7eb03 sc-av_one_half av-equal-height-column-flextable'>\n<style type=\"text\/css\" data-created_by=\"avia_inline_auto\" id=\"style-css-av-20wl2v-d69ce224d72a71522a067ed452a7eb03\">\n.flex_column.av-20wl2v-d69ce224d72a71522a067ed452a7eb03{\n-webkit-border-radius:0px 0px 0px 0px;\n-moz-border-radius:0px 0px 0px 0px;\nborder-radius:0px 0px 0px 0px;\npadding:0px 0px 0px 0px;\n}\n<\/style>\n<div class='flex_column av-20wl2v-d69ce224d72a71522a067ed452a7eb03 av_one_half  avia-builder-el-1  el_before_av_two_fifth  avia-builder-el-first  first flex_column_table_cell av-equal-height-column av-align-middle av-zero-column-padding '     ><style type=\"text\/css\" data-created_by=\"avia_inline_auto\" id=\"style-css-av-kpp8ba8n-520bec3fc289a6ae1574c9957d23f3f3\">\n#top .av_textblock_section.av-kpp8ba8n-520bec3fc289a6ae1574c9957d23f3f3 .avia_textblock{\nfont-size:24px;\n}\n<\/style>\n<section  class='av_textblock_section av-kpp8ba8n-520bec3fc289a6ae1574c9957d23f3f3'  itemscope=\"itemscope\" itemtype=\"https:\/\/schema.org\/CreativeWork\" ><div class='avia_textblock'  itemprop=\"text\" ><h1>Je suis Christophe Barth<\/h1>\n<\/div><\/section><br \/>\n\n<style type=\"text\/css\" data-created_by=\"avia_inline_auto\" id=\"style-css-av-1u6a33-553fabacf30d8623a24c463149696c48\">\n#top .hr.hr-invisible.av-1u6a33-553fabacf30d8623a24c463149696c48{\nheight:15px;\n}\n<\/style>\n<div  class='hr av-1u6a33-553fabacf30d8623a24c463149696c48 hr-invisible  avia-builder-el-3  el_after_av_textblock  el_before_av_textblock '><span class='hr-inner '><span class=\"hr-inner-style\"><\/span><\/span><\/div><br \/>\n\n<style type=\"text\/css\" data-created_by=\"avia_inline_auto\" id=\"style-css-av-kpp8bu20-05625895f8a4a1b62eb8c22e9e78e35e\">\n#top .av_textblock_section.av-kpp8bu20-05625895f8a4a1b62eb8c22e9e78e35e .avia_textblock{\nfont-size:24px;\n}\n<\/style>\n<section  class='av_textblock_section av-kpp8bu20-05625895f8a4a1b62eb8c22e9e78e35e'  itemscope=\"itemscope\" itemtype=\"https:\/\/schema.org\/CreativeWork\" ><div class='avia_textblock'  itemprop=\"text\" ><p>Directeur G\u00e9n\u00e9ral &amp; Expert de la cha\u00eene du livre<\/p>\n<p>+33 6 45 72 1579<br \/>\n<a href=\"mailto:christophe.barth@bluetrk.cluster027.hosting.ovh.net\/bc1678701-ovh\">christophe.barth@bluetree-group.com<\/a><\/p>\n<\/div><\/section><br \/>\n\n<style type=\"text\/css\" data-created_by=\"avia_inline_auto\" id=\"style-css-av-67zs7-cbfec58ae45336769cceabfe6070aaeb\">\n#top .hr.hr-invisible.av-67zs7-cbfec58ae45336769cceabfe6070aaeb{\nheight:10px;\n}\n<\/style>\n<div  class='hr av-67zs7-cbfec58ae45336769cceabfe6070aaeb hr-invisible  avia-builder-el-5  el_after_av_textblock  el_before_av_iconlist '><span class='hr-inner '><span class=\"hr-inner-style\"><\/span><\/span><\/div><br \/>\n\n<style type=\"text\/css\" data-created_by=\"avia_inline_auto\" id=\"style-css-av-kpp8c15z-7c595f5392271f9024352e38aeb3c7e5\">\n#top .avia-icon-list-container.av-kpp8c15z-7c595f5392271f9024352e38aeb3c7e5 .iconlist_icon{\nfont-size:24px;\n}\n#top #wrap_all .avia-icon-list-container.av-kpp8c15z-7c595f5392271f9024352e38aeb3c7e5 .av_iconlist_title{\nfont-size:24px;\n}\n<\/style>\n<div  class='avia-icon-list-container av-kpp8c15z-7c595f5392271f9024352e38aeb3c7e5  avia-builder-el-6  el_after_av_hr  avia-builder-el-last  kj-maps-icon'><ul class='avia-icon-list avia_animate_when_almost_visible avia-icon-list-left av-iconlist-small av-kpp8c15z-7c595f5392271f9024352e38aeb3c7e5 avia-iconlist-animate'>\n<li><div class='iconlist_icon av-kpp8c0bu-c37ad9ef370af9ef511e802fc2bbd0cc avia-font-entypo-fontello'><span class='iconlist-char' aria-hidden='true' data-av_icon='\ue842' data-av_iconfont='entypo-fontello'><\/span><\/div><article class=\"article-icon-entry av-iconlist-empty\"  itemscope=\"itemscope\" itemtype=\"https:\/\/schema.org\/CreativeWork\" ><div class=\"iconlist_content_wrap\"><header class=\"entry-content-header\"><div class='av_iconlist_title iconlist_title_small  '  itemprop=\"headline\" >Bordeaux, France <\/div><\/header><div class='iconlist_content '  itemprop=\"text\" ><\/div><\/div><footer class=\"entry-footer\"><\/footer><\/article><div class=\"iconlist-timeline\"><\/div><\/li>\n<\/ul><\/div><\/p><\/div><div class='av-flex-placeholder'><\/div>\n<style type=\"text\/css\" data-created_by=\"avia_inline_auto\" id=\"style-css-av-1img6f-33fce06c10d206f82389950bb7704b73\">\n.flex_column.av-1img6f-33fce06c10d206f82389950bb7704b73{\n-webkit-border-radius:0px 0px 0px 0px;\n-moz-border-radius:0px 0px 0px 0px;\nborder-radius:0px 0px 0px 0px;\npadding:0px 0px 0px 0px;\n}\n<\/style>\n<div class='flex_column av-1img6f-33fce06c10d206f82389950bb7704b73 av_two_fifth  avia-builder-el-7  el_after_av_one_half  avia-builder-el-last  flex_column_table_cell av-equal-height-column av-align-middle av-zero-column-padding '     ><style type=\"text\/css\" data-created_by=\"avia_inline_auto\" id=\"style-css-av-kpp8enyv-11669ee6ea65d8a702b988f53d5cda5c\">\n.avia-image-container.av-kpp8enyv-11669ee6ea65d8a702b988f53d5cda5c img.avia_image{\nbox-shadow:none;\n}\n.avia-image-container.av-kpp8enyv-11669ee6ea65d8a702b988f53d5cda5c .av-image-caption-overlay-center{\ncolor:#ffffff;\n}\n<\/style>\n<div  class='avia-image-container av-kpp8enyv-11669ee6ea65d8a702b988f53d5cda5c av-styling-no-styling avia-align-left  avia-builder-el-8  avia-builder-el-no-sibling '   itemprop=\"image\" itemscope=\"itemscope\" itemtype=\"https:\/\/schema.org\/ImageObject\" ><div class=\"avia-image-container-inner\"><div class=\"avia-image-overlay-wrap\"><img decoding=\"async\" class='avia-img-lazy-loading-not- avia_image ' src=\"https:\/\/bluetree-group.com\/fr\/wp-content\/uploads\/2021\/06\/Christophe-Barth.png\" alt='' title=''   itemprop=\"thumbnailUrl\"  \/><\/div><\/div><\/div><\/div><\/div><!--close column table wrapper. Autoclose: 1 --><\/div><\/div><\/main><!-- close content main element --><\/div><\/div>\n<style type=\"text\/css\" data-created_by=\"avia_inline_auto\" id=\"style-css-av-1eqsef-b4a4b26e12229011632892d07d9c9c53\">\n.avia-section.av-1eqsef-b4a4b26e12229011632892d07d9c9c53{\nmargin-top:0px;\nmargin-bottom:-80px;\n}\n<\/style>\n<div id='av_section_2'  class='avia-section av-1eqsef-b4a4b26e12229011632892d07d9c9c53 main_color avia-section-large avia-no-border-styling  avia-builder-el-9  el_after_av_section  el_before_av_section  avia-bg-style-scroll container_wrap sidebar_right'  ><div class='container av-section-cont-open' ><div class='template-page content  av-content-small alpha units'><div class='post-entry post-entry-type-page post-entry-530'><div class='entry-content-wrapper clearfix'>\n\n<style type=\"text\/css\" data-created_by=\"avia_inline_auto\" id=\"style-css-av-18r1fb-4abc6ddb862e7e889ce6037e659932fc\">\n.flex_column.av-18r1fb-4abc6ddb862e7e889ce6037e659932fc{\n-webkit-border-radius:0px 0px 0px 0px;\n-moz-border-radius:0px 0px 0px 0px;\nborder-radius:0px 0px 0px 0px;\npadding:0px 0px 0px 0px;\n}\n<\/style>\n<div class='flex_column av-18r1fb-4abc6ddb862e7e889ce6037e659932fc av_one_half  avia-builder-el-10  el_before_av_two_fifth  avia-builder-el-first  first flex_column_div av-zero-column-padding '     ><section  class='av_textblock_section av-kpp8eyab-477ca660d4149510df3effdb6aa3008c'  itemscope=\"itemscope\" itemtype=\"https:\/\/schema.org\/CreativeWork\" ><div class='avia_textblock'  itemprop=\"text\" ><h2><span style=\"color: #0971e7;\">Mon r\u00f4le chez BlueTree<\/span><\/h2>\n<p>En tant que Directeur G\u00e9n\u00e9ral, mon travail consiste \u00e0 cr\u00e9er un environnement de travail convivial pour l\u2019\u00e9quipe et veiller \u00e0 ce que nous continuions tous \u00e0 acqu\u00e9rir des connaissances, afin de d\u00e9velopper d\u2019avantage notre cr\u00e9ativit\u00e9 et tout notre potentiel pour aider nos partenaires dans leurs projets.<\/p>\n<\/div><\/section><\/div>\n<style type=\"text\/css\" data-created_by=\"avia_inline_auto\" id=\"style-css-av-13fnrj-b91bb362519c892566ee9c19f494aa4e\">\n.flex_column.av-13fnrj-b91bb362519c892566ee9c19f494aa4e{\n-webkit-border-radius:0px 0px 0px 0px;\n-moz-border-radius:0px 0px 0px 0px;\nborder-radius:0px 0px 0px 0px;\npadding:0px 0px 0px 0px;\n}\n<\/style>\n<div class='flex_column av-13fnrj-b91bb362519c892566ee9c19f494aa4e av_two_fifth  avia-builder-el-12  el_after_av_one_half  avia-builder-el-last  flex_column_div av-zero-column-padding '     ><style type=\"text\/css\" data-created_by=\"avia_inline_auto\" id=\"style-css-av-kpp8fzal-da6a74565a7838ff6c6e69672cfacf8c\">\n#top .avia-icon-list-container.av-kpp8fzal-da6a74565a7838ff6c6e69672cfacf8c .iconlist_icon{\nbackground-color:#ffffff;\nborder:1px solid #0971e7;\n}\n#top #wrap_all .avia-icon-list-container.av-kpp8fzal-da6a74565a7838ff6c6e69672cfacf8c .av_iconlist_title{\nfont-size:24px;\n}\n.avia-icon-list-container.av-kpp8fzal-da6a74565a7838ff6c6e69672cfacf8c .iconlist_content{\nfont-size:15px;\n}\n<\/style>\n<div  class='avia-icon-list-container av-kpp8fzal-da6a74565a7838ff6c6e69672cfacf8c  avia-builder-el-13  avia-builder-el-no-sibling  kj-custom-iconbox kj-iconlist-role-at-bluetree'><ul class='avia-icon-list avia_animate_when_almost_visible avia-icon-list-left av-iconlist-big av-kpp8fzal-da6a74565a7838ff6c6e69672cfacf8c avia-iconlist-animate'>\n<li><div class='iconlist_icon av-kpp8f4xv-bb292aa6a818cd02b949cb4e1bd4da94 avia-font-entypo-fontello'><span class='iconlist-char' aria-hidden='true' data-av_icon='\ue812' data-av_iconfont='entypo-fontello'><\/span><\/div><article class=\"article-icon-entry \"  itemscope=\"itemscope\" itemtype=\"https:\/\/schema.org\/CreativeWork\" ><div class=\"iconlist_content_wrap\"><header class=\"entry-content-header\"><h4 class='av_iconlist_title iconlist_title transparency '  itemprop=\"headline\" >Sp\u00e9cialis\u00e9 dans <\/h4><\/header><div class='iconlist_content '  itemprop=\"text\" ><p>Cha\u00eene d\u2019approvisionnement internationale du livre, achat, distribution, suivi et tra\u00e7abilit\u00e9 (TnT), exploitation de donn\u00e9es.<\/p>\n<\/div><\/div><footer class=\"entry-footer\"><\/footer><\/article><div class=\"iconlist-timeline\"><\/div><\/li>\n<li><div class='iconlist_icon av-kpp8fad8-b2aa23306029605f7ff3eb7ee2ab49ee avia-font-entypo-fontello'><span class='iconlist-char' aria-hidden='true' data-av_icon='\ue812' data-av_iconfont='entypo-fontello'><\/span><\/div><article class=\"article-icon-entry \"  itemscope=\"itemscope\" itemtype=\"https:\/\/schema.org\/CreativeWork\" ><div class=\"iconlist_content_wrap\"><header class=\"entry-content-header\"><h4 class='av_iconlist_title iconlist_title efficiency '  itemprop=\"headline\" >Formation<\/h4><\/header><div class='iconlist_content '  itemprop=\"text\" ><p>Double dipl\u00f4me Ing\u00e9nieur-Ma\u00eetre en g\u00e9nie des syst\u00e8mes Industriels et Ing\u00e9nieur en Gestion d\u2019Entreprise \u00e0 L\u2019universit\u00e9 de Strasbourg, France et \u00e0 la Fachhochschule d\u2019Offenburg, Allemagne.<\/p>\n<\/div><\/div><footer class=\"entry-footer\"><\/footer><\/article><div class=\"iconlist-timeline\"><\/div><\/li>\n<li><div class='iconlist_icon av-kpp8fflo-7b8908668d68f51d26e8ec68b8ebd0ce avia-font-entypo-fontello'><span class='iconlist-char' aria-hidden='true' data-av_icon='\ue812' data-av_iconfont='entypo-fontello'><\/span><\/div><article class=\"article-icon-entry \"  itemscope=\"itemscope\" itemtype=\"https:\/\/schema.org\/CreativeWork\" ><div class=\"iconlist_content_wrap\"><header class=\"entry-content-header\"><h4 class='av_iconlist_title iconlist_title experience '  itemprop=\"headline\" >Langues<\/h4><\/header><div class='iconlist_content '  itemprop=\"text\" ><p>Fran\u00e7ais, Anglais, Allemand<\/p>\n<\/div><\/div><footer class=\"entry-footer\"><\/footer><\/article><div class=\"iconlist-timeline\"><\/div><\/li>\n<li><div class='iconlist_icon av-kpp8floh-fa05eb22342e00afb383a3535838ecd6 avia-font-entypo-fontello'><span class='iconlist-char' aria-hidden='true' data-av_icon='\ue812' data-av_iconfont='entypo-fontello'><\/span><\/div><article class=\"article-icon-entry \"  itemscope=\"itemscope\" itemtype=\"https:\/\/schema.org\/CreativeWork\" ><div class=\"iconlist_content_wrap\"><header class=\"entry-content-header\"><h4 class='av_iconlist_title iconlist_title knowledge-transfer '  itemprop=\"headline\" >Pays dans lequel j\u2019ai travaill\u00e9 <\/h4><\/header><div class='iconlist_content '  itemprop=\"text\" ><p>Rwanda, Inde, Allemagne, Maurice, Malawi, Kenya, Ouganda, Tanzanie, Togo, S\u00e9n\u00e9gal, Pakistan, Maroc, Mali, Sierra Leone, Cor\u00e9e du Sud, Egypte, Mauritanie, B\u00e9nin, RDC, Zambie, Ethiopie, Mozambique, Afrique du Sud, Burundi, Madagascar.<\/p>\n<\/div><\/div><footer class=\"entry-footer\"><\/footer><\/article><div class=\"iconlist-timeline\"><\/div><\/li>\n<li><div class='iconlist_icon av-kpp8fsmt-f7f71d71012a83a2c8023060fa5ede45 avia-font-entypo-fontello'><span class='iconlist-char' aria-hidden='true' data-av_icon='\ue812' data-av_iconfont='entypo-fontello'><\/span><\/div><article class=\"article-icon-entry \"  itemscope=\"itemscope\" itemtype=\"https:\/\/schema.org\/CreativeWork\" ><div class=\"iconlist_content_wrap\"><header class=\"entry-content-header\"><h4 class='av_iconlist_title iconlist_title knowledge-transfer '  itemprop=\"headline\" >Livres pr\u00e9f\u00e9r\u00e9s<\/h4><\/header><div class='iconlist_content '  itemprop=\"text\" ><p>Je ne lis pas de romans mais je lis r\u00e9guli\u00e8rement des livres sur l&rsquo;anthropologie des religions et mon pr\u00e9f\u00e9r\u00e9 est \u00ab\u00a0Petit trait\u00e9 d&rsquo;histoire des religions\u00a0\u00bb de Fr\u00e9d\u00e9ric Lenoir mais \u201cle Cygne noir\u201d de Nassim Nicholas Taleb est sans doute plus dans l&rsquo;air du temps.<\/p>\n<\/div><\/div><footer class=\"entry-footer\"><\/footer><\/article><div class=\"iconlist-timeline\"><\/div><\/li>\n<li><div class='iconlist_icon av-kpp8fyfc-5fc4ad684d9a8c7e8f65df712f8bb0cf avia-font-entypo-fontello'><span class='iconlist-char' aria-hidden='true' data-av_icon='\ue812' data-av_iconfont='entypo-fontello'><\/span><\/div><article class=\"article-icon-entry \"  itemscope=\"itemscope\" itemtype=\"https:\/\/schema.org\/CreativeWork\" ><div class=\"iconlist_content_wrap\"><header class=\"entry-content-header\"><h4 class='av_iconlist_title iconlist_title knowledge-transfer '  itemprop=\"headline\" >Anecdote<\/h4><\/header><div class='iconlist_content '  itemprop=\"text\" ><p>Lors d\u2019une c\u00e9r\u00e9monie d&rsquo;ouverture d&rsquo;une imprimerie en Inde, un pr\u00eatre hindou a commenc\u00e9 \u00e0 faire un feu au milieu de deux \u00e9normes rotatives, qui fonctionnaient avec des milliers de litres d&rsquo;essence. Un moment tr\u00e8s angoissant!<\/p>\n<\/div><\/div><footer class=\"entry-footer\"><\/footer><\/article><div class=\"iconlist-timeline\"><\/div><\/li>\n<\/ul><\/div><\/div>\n<\/p>\n<\/div><\/div><\/div><!-- close content main div --><\/div><\/div><div id='av_section_3'  class='avia-section av-w699r-32684b407cbac0ff8f11048730099dc2 main_color avia-section-large avia-no-border-styling  avia-builder-el-14  el_after_av_section  avia-builder-el-last  avia-bg-style-scroll container_wrap sidebar_right'  ><div class='container av-section-cont-open' ><div class='template-page content  av-content-small alpha units'><div class='post-entry post-entry-type-page post-entry-530'><div class='entry-content-wrapper clearfix'>\n\n<style type=\"text\/css\" data-created_by=\"avia_inline_auto\" id=\"style-css-av-tlopj-7669dc25c9912287efc6f58ae245ccd5\">\n.flex_column.av-tlopj-7669dc25c9912287efc6f58ae245ccd5{\n-webkit-border-radius:0px 0px 0px 0px;\n-moz-border-radius:0px 0px 0px 0px;\nborder-radius:0px 0px 0px 0px;\npadding:0px 0px 0px 0px;\n}\n<\/style>\n<div class='flex_column av-tlopj-7669dc25c9912287efc6f58ae245ccd5 av_one_full  avia-builder-el-15  el_before_av_hr  avia-builder-el-first  first flex_column_div av-zero-column-padding '     ><p><div  class='avia-testimonial-wrapper av-kpp8gdnt-01aa93c954713836015821db729e655a avia-slider-testimonials avia-slider-2-testimonials avia_animate_when_almost_visible av-large-testimonial-slider av-slideshow-ui av-control-default av-slider-hover-pause av-slideshow-autoplay av-loop-endless av-loop-manual-endless' data-slideshow-options=\"{&quot;animation&quot;:&quot;fade&quot;,&quot;autoplay&quot;:true,&quot;loop_autoplay&quot;:&quot;endless&quot;,&quot;interval&quot;:5,&quot;loop_manual&quot;:&quot;manual-endless&quot;,&quot;autoplay_stopper&quot;:false,&quot;noNavigation&quot;:false,&quot;bg_slider&quot;:false,&quot;keep_padding&quot;:&quot;&quot;,&quot;hoverpause&quot;:true,&quot;show_slide_delay&quot;:0}\">\n<section class=\"avia-testimonial-row\"><div class='avia-testimonial av-kpp8gces-1f82f7b1dc8ca2fa051af65b2bd69557 avia-testimonial-row-1 avia-first-testimonial flex_column no_margin av_one_half'><div class='avia-testimonial_inner'  itemscope=\"itemscope\" itemtype=\"https:\/\/schema.org\/CreativeWork\" ><div class='avia-testimonial-content '><div class='avia-testimonial-markup-entry-content'  itemprop=\"text\" ><p>BlueTree m&rsquo;a donn\u00e9 l&rsquo;opportunit\u00e9 d&rsquo;utiliser mes connaissances et mon exp\u00e9rience de la cha\u00eene graphique pour contribuer \u00e0 fournir des livres aux enfants. J&rsquo;appr\u00e9cie ce sentiment d\u2019utilit\u00e9 de ce que j\u2019ai appris dans l\u2019industrie.<\/p>\n<\/div><\/div><div class=\"avia-testimonial-meta\"><div class=\"avia-testimonial-arrow-wrap\"><div class=\"avia-arrow\"><\/div><\/div><div class='avia-testimonial-meta-mini'  itemprop=\"author\" itemscope=\"itemscope\" itemtype=\"https:\/\/schema.org\/Person\" ><strong  class='avia-testimonial-name'  itemprop=\"name\" >Christophe Barth, BlueTree<\/strong><\/div><\/div><\/div><\/div>\n<\/section><div class='avia-slideshow-arrows avia-slideshow-controls' ><a href='#prev' class='prev-slide ' aria-hidden='true' data-av_icon='\ue87c' data-av_iconfont='entypo-fontello'  tabindex='-1'>Pr\u00e9c\u00e9dent<\/a><a href='#next' class='next-slide ' aria-hidden='true' data-av_icon='\ue87d' data-av_iconfont='entypo-fontello'  tabindex='-1'>Suivant<\/a><\/div><\/div><br \/>\n\n<style type=\"text\/css\" data-created_by=\"avia_inline_auto\" id=\"style-css-av-ju07r-1953adb05304cc833917b616566e2f82\">\n#top .hr.av-ju07r-1953adb05304cc833917b616566e2f82{\nmargin-top:15px;\nmargin-bottom:-5px;\n}\n.hr.av-ju07r-1953adb05304cc833917b616566e2f82 .hr-inner{\nwidth:120px;\nborder-color:#0971e7;\n}\n<\/style>\n<div  class='hr av-ju07r-1953adb05304cc833917b616566e2f82 hr-custom  avia-builder-el-17  el_after_av_testimonials  avia-builder-el-last  hr-center hr-icon-no'><span class='hr-inner inner-border-av-border-thin'><span class=\"hr-inner-style\"><\/span><\/span><\/div><\/p><\/div>\n<style type=\"text\/css\" data-created_by=\"avia_inline_auto\" id=\"style-css-av-d0t1z-45df130e58785a79034684eefac2e0bd\">\n#top .hr.hr-invisible.av-d0t1z-45df130e58785a79034684eefac2e0bd{\nheight:50px;\n}\n<\/style>\n<div  class='hr av-d0t1z-45df130e58785a79034684eefac2e0bd hr-invisible  avia-builder-el-18  el_after_av_one_full  el_before_av_button '><span class='hr-inner '><span class=\"hr-inner-style\"><\/span><\/span><\/div>\n<div  class='avia-button-wrap av-6st0f-28b02c8b27bc9d10b0507874cb699c0f-wrap avia-button-center  avia-builder-el-19  el_after_av_hr  avia-builder-el-last '>\n<style type=\"text\/css\" data-created_by=\"avia_inline_auto\" id=\"style-css-av-6st0f-28b02c8b27bc9d10b0507874cb699c0f\">\n#top #wrap_all .avia-button.av-6st0f-28b02c8b27bc9d10b0507874cb699c0f{\nbackground-color:#8b9e3d;\nborder-color:#8b9e3d;\ncolor:#ffffff;\n-webkit-transition:all 0.4s ease-in-out;\n-moz-transition:all 0.4s ease-in-out;\n-ms-transition:all 0.4s ease-in-out;\n-o-transition:all 0.4s ease-in-out;\ntransition:all 0.4s ease-in-out;\n}\n<\/style>\n<a href='https:\/\/bluetree-group.com\/fr\/experts\/'  class='avia-button av-6st0f-28b02c8b27bc9d10b0507874cb699c0f avia-icon_select-no avia-size-x-large avia-position-center'  ><span class='avia_iconbox_title' >Rencontrer mes coll\u00e8gues<\/span><\/a><\/div>\n<\/div><\/div><\/div><!-- close content main div --><\/div><\/div><div id='after_section_3'  class='main_color av_default_container_wrap container_wrap sidebar_right'  ><div class='container av-section-cont-open' ><div class='template-page content  av-content-small alpha units'><div class='post-entry post-entry-type-page post-entry-530'><div class='entry-content-wrapper clearfix'>\n","protected":false},"excerpt":{"rendered":"","protected":false},"author":1,"featured_media":531,"parent":0,"menu_order":0,"comment_status":"open","ping_status":"open","template":"","meta":[],"acf":[],"yoast_head":"<!-- This site is optimized with the Yoast SEO plugin v20.1 - https:\/\/yoast.com\/wordpress\/plugins\/seo\/ -->\n<title>Christophe Barth - BlueTree Group FR<\/title>\n<meta name=\"description\" content=\"Christophe Barth, Managing Director at BlueTree Group.\" \/>\n<meta name=\"robots\" content=\"index, follow, max-snippet:-1, max-image-preview:large, max-video-preview:-1\" \/>\n<link rel=\"canonical\" href=\"http:\/\/bluetree-group.com\/fr\/christophe-barth\/\" \/>\n<meta property=\"og:locale\" content=\"fr_FR\" \/>\n<meta property=\"og:type\" content=\"article\" \/>\n<meta property=\"og:title\" content=\"Christophe Barth - BlueTree Group FR\" \/>\n<meta property=\"og:description\" content=\"Christophe Barth, Managing Director at BlueTree Group.\" \/>\n<meta property=\"og:url\" content=\"http:\/\/bluetree-group.com\/fr\/christophe-barth\/\" \/>\n<meta property=\"og:site_name\" content=\"BlueTree Group FR\" \/>\n<meta property=\"article:modified_time\" content=\"2023-10-29T11:06:45+00:00\" \/>\n<meta name=\"twitter:card\" content=\"summary_large_image\" \/>\n<meta name=\"twitter:label1\" content=\"Dur\u00e9e de lecture estim\u00e9e\" \/>\n\t<meta name=\"twitter:data1\" content=\"5 minutes\" \/>\n<script type=\"application\/ld+json\" class=\"yoast-schema-graph\">{\"@context\":\"https:\/\/schema.org\",\"@graph\":[{\"@type\":\"WebPage\",\"@id\":\"http:\/\/bluetree-group.com\/fr\/christophe-barth\/\",\"url\":\"http:\/\/bluetree-group.com\/fr\/christophe-barth\/\",\"name\":\"Christophe Barth - BlueTree Group FR\",\"isPartOf\":{\"@id\":\"http:\/\/bluetree-group.com\/fr\/#website\"},\"datePublished\":\"2021-06-09T08:51:40+00:00\",\"dateModified\":\"2023-10-29T11:06:45+00:00\",\"description\":\"Christophe Barth, Managing Director at BlueTree Group.\",\"breadcrumb\":{\"@id\":\"http:\/\/bluetree-group.com\/fr\/christophe-barth\/#breadcrumb\"},\"inLanguage\":\"fr-FR\",\"potentialAction\":[{\"@type\":\"ReadAction\",\"target\":[\"http:\/\/bluetree-group.com\/fr\/christophe-barth\/\"]}]},{\"@type\":\"BreadcrumbList\",\"@id\":\"http:\/\/bluetree-group.com\/fr\/christophe-barth\/#breadcrumb\",\"itemListElement\":[{\"@type\":\"ListItem\",\"position\":1,\"name\":\"Accueil\",\"item\":\"http:\/\/bluetree-group.com\/fr\/\"},{\"@type\":\"ListItem\",\"position\":2,\"name\":\"Christophe Barth\"}]},{\"@type\":\"WebSite\",\"@id\":\"http:\/\/bluetree-group.com\/fr\/#website\",\"url\":\"http:\/\/bluetree-group.com\/fr\/\",\"name\":\"BlueTree Group FR\",\"description\":\"\",\"potentialAction\":[{\"@type\":\"SearchAction\",\"target\":{\"@type\":\"EntryPoint\",\"urlTemplate\":\"http:\/\/bluetree-group.com\/fr\/?s={search_term_string}\"},\"query-input\":\"required name=search_term_string\"}],\"inLanguage\":\"fr-FR\"}]}<\/script>\n<!-- \/ Yoast SEO plugin. -->","yoast_head_json":{"title":"Christophe Barth - BlueTree Group FR","description":"Christophe Barth, Managing Director at BlueTree Group.","robots":{"index":"index","follow":"follow","max-snippet":"max-snippet:-1","max-image-preview":"max-image-preview:large","max-video-preview":"max-video-preview:-1"},"canonical":"http:\/\/bluetree-group.com\/fr\/christophe-barth\/","og_locale":"fr_FR","og_type":"article","og_title":"Christophe Barth - BlueTree Group FR","og_description":"Christophe Barth, Managing Director at BlueTree Group.","og_url":"http:\/\/bluetree-group.com\/fr\/christophe-barth\/","og_site_name":"BlueTree Group FR","article_modified_time":"2023-10-29T11:06:45+00:00","twitter_card":"summary_large_image","twitter_misc":{"Dur\u00e9e de lecture estim\u00e9e":"5 minutes"},"schema":{"@context":"https:\/\/schema.org","@graph":[{"@type":"WebPage","@id":"http:\/\/bluetree-group.com\/fr\/christophe-barth\/","url":"http:\/\/bluetree-group.com\/fr\/christophe-barth\/","name":"Christophe Barth - BlueTree Group FR","isPartOf":{"@id":"http:\/\/bluetree-group.com\/fr\/#website"},"datePublished":"2021-06-09T08:51:40+00:00","dateModified":"2023-10-29T11:06:45+00:00","description":"Christophe Barth, Managing Director at BlueTree Group.","breadcrumb":{"@id":"http:\/\/bluetree-group.com\/fr\/christophe-barth\/#breadcrumb"},"inLanguage":"fr-FR","potentialAction":[{"@type":"ReadAction","target":["http:\/\/bluetree-group.com\/fr\/christophe-barth\/"]}]},{"@type":"BreadcrumbList","@id":"http:\/\/bluetree-group.com\/fr\/christophe-barth\/#breadcrumb","itemListElement":[{"@type":"ListItem","position":1,"name":"Accueil","item":"http:\/\/bluetree-group.com\/fr\/"},{"@type":"ListItem","position":2,"name":"Christophe Barth"}]},{"@type":"WebSite","@id":"http:\/\/bluetree-group.com\/fr\/#website","url":"http:\/\/bluetree-group.com\/fr\/","name":"BlueTree Group FR","description":"","potentialAction":[{"@type":"SearchAction","target":{"@type":"EntryPoint","urlTemplate":"http:\/\/bluetree-group.com\/fr\/?s={search_term_string}"},"query-input":"required name=search_term_string"}],"inLanguage":"fr-FR"}]}},"_links":{"self":[{"href":"https:\/\/bluetree-group.com\/fr\/wp-json\/wp\/v2\/pages\/530"}],"collection":[{"href":"https:\/\/bluetree-group.com\/fr\/wp-json\/wp\/v2\/pages"}],"about":[{"href":"https:\/\/bluetree-group.com\/fr\/wp-json\/wp\/v2\/types\/page"}],"author":[{"embeddable":true,"href":"https:\/\/bluetree-group.com\/fr\/wp-json\/wp\/v2\/users\/1"}],"replies":[{"embeddable":true,"href":"https:\/\/bluetree-group.com\/fr\/wp-json\/wp\/v2\/comments?post=530"}],"version-history":[{"count":1,"href":"https:\/\/bluetree-group.com\/fr\/wp-json\/wp\/v2\/pages\/530\/revisions"}],"predecessor-version":[{"id":1121,"href":"https:\/\/bluetree-group.com\/fr\/wp-json\/wp\/v2\/pages\/530\/revisions\/1121"}],"wp:featuredmedia":[{"embeddable":true,"href":"https:\/\/bluetree-group.com\/fr\/wp-json\/"}],"wp:attachment":[{"href":"https:\/\/bluetree-group.com\/fr\/wp-json\/wp\/v2\/media?parent=530"}],"curies":[{"name":"wp","href":"https:\/\/api.w.org\/{rel}","templated":true}]}}