{"id":529,"date":"2021-06-01T13:54:32","date_gmt":"2021-06-01T13:54:32","guid":{"rendered":"https:\/\/bluetrk.cluster027.hosting.ovh.net\/bc1678701-ovh\/fr\/senior-associate-business-development-and-project-management\/"},"modified":"2021-06-01T13:54:32","modified_gmt":"2021-06-01T13:54:32","slug":"senior-associate-business-development-and-project-management","status":"publish","type":"page","link":"https:\/\/bluetree-group.com\/fr\/senior-associate-business-development-and-project-management\/","title":{"rendered":"Associ\u00e9 principal pour le D\u00e9veloppement commercial et la gestion de projets"},"content":{"rendered":"\n<style type=\"text\/css\" data-created_by=\"avia_inline_auto\" id=\"style-css-av-2raa17-54229c7561e23c28253c6e4c1e6e6885\">\n.avia-section.av-2raa17-54229c7561e23c28253c6e4c1e6e6885{\nbackground-color:#dbcfbf;\nbackground-image:unset;\n}\n<\/style>\n<div id='av_section_1'  class='avia-section av-2raa17-54229c7561e23c28253c6e4c1e6e6885 main_color avia-section-large avia-no-border-styling  avia-builder-el-0  el_before_av_section  avia-builder-el-first  avia-bg-style-scroll container_wrap sidebar_right'  ><div class='container av-section-cont-open' ><main  role=\"main\" itemprop=\"mainContentOfPage\"  class='template-page content  av-content-small alpha units'><div class='post-entry post-entry-type-page post-entry-529'><div class='entry-content-wrapper clearfix'>\n\n<style type=\"text\/css\" data-created_by=\"avia_inline_auto\" id=\"style-css-av-2iw717-caa128d3b2454e1bf5327a70d445908b\">\n.flex_column.av-2iw717-caa128d3b2454e1bf5327a70d445908b{\n-webkit-border-radius:0px 0px 0px 0px;\n-moz-border-radius:0px 0px 0px 0px;\nborder-radius:0px 0px 0px 0px;\npadding:0px 0px 0px 0px;\n}\n<\/style>\n<div class='flex_column av-2iw717-caa128d3b2454e1bf5327a70d445908b av_three_fifth  avia-builder-el-1  avia-builder-el-no-sibling  first flex_column_div av-zero-column-padding '     ><p>\n<style type=\"text\/css\" data-created_by=\"avia_inline_auto\" id=\"style-css-av-kpe3ogvk-4b39b18925d37e8f5acdb3cef20365fc\">\n#top .av_textblock_section.av-kpe3ogvk-4b39b18925d37e8f5acdb3cef20365fc .avia_textblock{\nfont-size:24px;\n}\n<\/style>\n<section  class='av_textblock_section av-kpe3ogvk-4b39b18925d37e8f5acdb3cef20365fc'  itemscope=\"itemscope\" itemtype=\"https:\/\/schema.org\/CreativeWork\" ><div class='avia_textblock'  itemprop=\"text\" ><p>D\u00e9veloppment commercial<\/p>\n<\/div><\/section><br \/>\n\n<style type=\"text\/css\" data-created_by=\"avia_inline_auto\" id=\"style-css-av-2cj8qz-8a8eae070065479fe6f905733954e5dd\">\n#top .hr.hr-invisible.av-2cj8qz-8a8eae070065479fe6f905733954e5dd{\nheight:15px;\n}\n<\/style>\n<div  class='hr av-2cj8qz-8a8eae070065479fe6f905733954e5dd hr-invisible  avia-builder-el-3  el_after_av_textblock  el_before_av_textblock '><span class='hr-inner '><span class=\"hr-inner-style\"><\/span><\/span><\/div><br \/>\n\n<style type=\"text\/css\" data-created_by=\"avia_inline_auto\" id=\"style-css-av-kpe3okbl-fc4bcd38c85f5e15d493e6781c0692da\">\n#top .av_textblock_section.av-kpe3okbl-fc4bcd38c85f5e15d493e6781c0692da .avia_textblock{\nfont-size:24px;\n}\n<\/style>\n<section  class='av_textblock_section av-kpe3okbl-fc4bcd38c85f5e15d493e6781c0692da'  itemscope=\"itemscope\" itemtype=\"https:\/\/schema.org\/CreativeWork\" ><div class='avia_textblock'  itemprop=\"text\" ><h1>Associ\u00e9 principal pour le D\u00e9veloppement commercial et la gestion de projets<\/h1>\n<\/div><\/section><br \/>\n\n<style type=\"text\/css\" data-created_by=\"avia_inline_auto\" id=\"style-css-av-28bvob-239d66805fc606c13798d4c784e068e0\">\n#top .hr.hr-invisible.av-28bvob-239d66805fc606c13798d4c784e068e0{\nheight:10px;\n}\n<\/style>\n<div  class='hr av-28bvob-239d66805fc606c13798d4c784e068e0 hr-invisible  avia-builder-el-5  el_after_av_textblock  el_before_av_iconlist '><span class='hr-inner '><span class=\"hr-inner-style\"><\/span><\/span><\/div><br \/>\n\n<style type=\"text\/css\" data-created_by=\"avia_inline_auto\" id=\"style-css-av-kpe3opud-f8408c432752330d4fd0b0ac9a3e006e\">\n#top .avia-icon-list-container.av-kpe3opud-f8408c432752330d4fd0b0ac9a3e006e .iconlist_icon{\nfont-size:24px;\n}\n#top #wrap_all .avia-icon-list-container.av-kpe3opud-f8408c432752330d4fd0b0ac9a3e006e .av_iconlist_title{\nfont-size:24px;\n}\n<\/style>\n<div  class='avia-icon-list-container av-kpe3opud-f8408c432752330d4fd0b0ac9a3e006e  avia-builder-el-6  el_after_av_hr  avia-builder-el-last  kj-maps-icon'><ul class='avia-icon-list avia_animate_when_almost_visible avia-icon-list-left av-iconlist-small av-kpe3opud-f8408c432752330d4fd0b0ac9a3e006e avia-iconlist-animate'>\n<li><div class='iconlist_icon av-kpe3opa3-19b98d0c54facfaa83427f6fdac84663 avia-font-entypo-fontello'><span class='iconlist-char' aria-hidden='true' data-av_icon='\ue842' data-av_iconfont='entypo-fontello'><\/span><\/div><article class=\"article-icon-entry av-iconlist-empty\"  itemscope=\"itemscope\" itemtype=\"https:\/\/schema.org\/CreativeWork\" ><div class=\"iconlist_content_wrap\"><header class=\"entry-content-header\"><div class='av_iconlist_title iconlist_title_small  '  itemprop=\"headline\" >Washington DC<\/div><\/header><div class='iconlist_content '  itemprop=\"text\" ><\/div><\/div><footer class=\"entry-footer\"><\/footer><\/article><div class=\"iconlist-timeline\"><\/div><\/li>\n<\/ul><\/div><\/p><\/div>\n\n<\/div><\/div><\/main><!-- close content main element --><\/div><\/div><div id='av_section_2'  class='avia-section av-22wdv7-f2ec63e6fff5544fb5e7c88fcb65f852 main_color avia-section-default avia-no-border-styling  avia-builder-el-7  el_after_av_section  el_before_av_section  avia-bg-style-scroll container_wrap sidebar_right'  ><div class='container av-section-cont-open' ><div class='template-page content  av-content-small alpha units'><div class='post-entry post-entry-type-page post-entry-529'><div class='entry-content-wrapper clearfix'>\n\n<style type=\"text\/css\" data-created_by=\"avia_inline_auto\" id=\"style-css-av-1z361v-89abf35bc4e30f779aeddee8199fa8bb\">\n.flex_column.av-1z361v-89abf35bc4e30f779aeddee8199fa8bb{\n-webkit-border-radius:0px 0px 0px 0px;\n-moz-border-radius:0px 0px 0px 0px;\nborder-radius:0px 0px 0px 0px;\npadding:0px 0px 0px 0px;\n}\n<\/style>\n<div class='flex_column av-1z361v-89abf35bc4e30f779aeddee8199fa8bb av_three_fourth  avia-builder-el-8  el_before_av_three_fourth  avia-builder-el-first  first flex_column_div av-zero-column-padding '     ><section  class='av_textblock_section av-kpe3p62u-addb736bf66e529f00d98db3701afdf3'  itemscope=\"itemscope\" itemtype=\"https:\/\/schema.org\/CreativeWork\" ><div class='avia_textblock'  itemprop=\"text\" ><h1><strong>Apropos de BlueTree Group<\/strong><\/h1>\n<p>BlueTree estune entreprise sociale qui a pour objectif de faciliter l\u2019acc\u00e8s des enfants scolaris\u00e9s dans les pays \u00e0 faible revenu, \u00e0 des livres \u00e0 prix abordable et de bonne qualit\u00e9. Nous fournissons une assistance technique aux gouvernements, aux ONG et aux projets d\u2019Education financ\u00e9s par des donateurs pour le d\u00e9veloppement des livres, de l\u2019approvisionnement \u00e0 la publication, pour l\u2019impression et la distribution, y compris le d\u00e9veloppement et la mise en place d\u2019un syst\u00e8me de suivi et de tra\u00e7abilit\u00e9. Nous apportons un support analytique et technique pour am\u00e9liorer la gestion de la cha\u00eene d\u2019approvisionnement du livre au niveau des pays et des projets. Nous proposons \u00e9galement de renforcer les capacit\u00e9s locales des \u00e9diteurs, des imprimeurs et des distributeurs r\u00e9gionaux et apportons notre aide aux gouvernements afin de cr\u00e9er un environnement politique propice \u00e0 une industrie graphique locale et florissante.<\/p>\n<\/div><\/section><\/div>\n<style type=\"text\/css\" data-created_by=\"avia_inline_auto\" id=\"style-css-av-1ou5bv-89cf06f27dcd82deec693582443f27f1\">\n.flex_column.av-1ou5bv-89cf06f27dcd82deec693582443f27f1{\n-webkit-border-radius:0px 0px 0px 0px;\n-moz-border-radius:0px 0px 0px 0px;\nborder-radius:0px 0px 0px 0px;\npadding:0px 0px 0px 0px;\n}\n<\/style>\n<div class='flex_column av-1ou5bv-89cf06f27dcd82deec693582443f27f1 av_three_fourth  avia-builder-el-10  el_after_av_three_fourth  el_before_av_three_fourth  first flex_column_div av-zero-column-padding column-top-margin'     ><section  class='av_textblock_section av-kpe3peeo-520f1f5618348b75bed8004fc9e76b73'  itemscope=\"itemscope\" itemtype=\"https:\/\/schema.org\/CreativeWork\" ><div class='avia_textblock'  itemprop=\"text\" ><h1><strong>Le poste<\/strong><\/h1>\n<p>BlueTree Group recherche un(e) associ\u00e9(e) principal(e) pour le d\u00e9veloppement commercial et la gestion de projets, ayant une exp\u00e9rience avec les donateurs internationaux et les ONG dans le secteur de l&rsquo;\u00e9ducation. Une connaissance de la cha\u00eene d&rsquo;approvisionnement du livre et du d\u00e9veloppement international de l&rsquo;\u00e9ducation est requise. L&rsquo;Associ\u00e9 Principal sera responsable du d\u00e9veloppement de nouvelles activit\u00e9s et de la pr\u00e9paration des propositions. Il\/elle assurera \u00e9galement l&rsquo;assurance qualit\u00e9 du support analytique et technique de blueTree Group avant sa soumission aux clients.<\/p>\n<\/div><\/section><\/div>\n<style type=\"text\/css\" data-created_by=\"avia_inline_auto\" id=\"style-css-av-1mr9cb-fa5e6cf9072400f46650000cf79ba57c\">\n.flex_column.av-1mr9cb-fa5e6cf9072400f46650000cf79ba57c{\n-webkit-border-radius:0px 0px 0px 0px;\n-moz-border-radius:0px 0px 0px 0px;\nborder-radius:0px 0px 0px 0px;\npadding:0px 0px 0px 0px;\n}\n<\/style>\n<div class='flex_column av-1mr9cb-fa5e6cf9072400f46650000cf79ba57c av_three_fourth  avia-builder-el-12  el_after_av_three_fourth  el_before_av_three_fourth  first flex_column_div av-zero-column-padding column-top-margin'     ><section  class='av_textblock_section av-kpe3q1dw-4719d1c19979c61b879954018ea3a167'  itemscope=\"itemscope\" itemtype=\"https:\/\/schema.org\/CreativeWork\" ><div class='avia_textblock'  itemprop=\"text\" ><h1><strong>Les responsabilit\u00e9s comprennent<\/strong><\/h1>\n<ul>\n<li>L&rsquo;\u00e9laboration de propositions<\/li>\n<li>Comprendre et r\u00e9pondre aux besoins des clients<\/li>\n<li>Pr\u00e9parer des rapports sur les opportunit\u00e9s commerciales \u00e0 venir<\/li>\n<li>Identifier et mettre en \u0153uvre l\u2019am\u00e9lioration des proc\u00e9dures internes afin de mieux positionner l&rsquo;entreprise sur le march\u00e9.<\/li>\n<li>Fournir une assurance qualit\u00e9 pour les rapports et autres supports afin de garantir une qualit\u00e9 constante.<\/li>\n<li>Contribuer aux caract\u00e9ristiques et \u00e0 la conception du site Web, ainsi qu&rsquo;au contenu des r\u00e9seaux sociaux.<\/li>\n<li>Assister \u00e0 des ateliers de formation et \u00e0 des conf\u00e9rences, examiner les publications professionnelles, renforcer le r\u00e9seau professionnel et participer \u00e0 des \u00e9v\u00e9nements professionnels.<\/li>\n<\/ul>\n<\/div><\/section><\/div>\n<style type=\"text\/css\" data-created_by=\"avia_inline_auto\" id=\"style-css-av-1ga7oj-c71590c9819544fa02e0940bcde46703\">\n.flex_column.av-1ga7oj-c71590c9819544fa02e0940bcde46703{\n-webkit-border-radius:0px 0px 0px 0px;\n-moz-border-radius:0px 0px 0px 0px;\nborder-radius:0px 0px 0px 0px;\npadding:0px 0px 0px 0px;\n}\n<\/style>\n<div class='flex_column av-1ga7oj-c71590c9819544fa02e0940bcde46703 av_three_fourth  avia-builder-el-14  el_after_av_three_fourth  el_before_av_three_fourth  first flex_column_div av-zero-column-padding column-top-margin'     ><section  class='av_textblock_section av-kpe3qek4-6e95f0eb2d903e0239abfe5bb7b9dddd'  itemscope=\"itemscope\" itemtype=\"https:\/\/schema.org\/CreativeWork\" ><div class='avia_textblock'  itemprop=\"text\" ><h2>Qualifications<\/h2>\n<ul>\n<li>\u00a0Au moins 5 ans d&rsquo;exp\u00e9rience dans le secteur de l&rsquo;\u00e9ducation internationale, avec une sp\u00e9cialisation sur la lecture, les mat\u00e9riels d&rsquo;enseignement et d&rsquo;apprentissage.<\/li>\n<li>Dipl\u00f4me universitaire avec une exp\u00e9rience dans la recherche et la r\u00e9daction de rapports<\/li>\n<li>Connaissance de USAID et de ses op\u00e9rations<\/li>\n<li>Exp\u00e9rience professionnelle dans la cha\u00eene d&rsquo;approvisionnement du livre de pr\u00e9f\u00e9rence<\/li>\n<li>Ma\u00eetrise de l&rsquo;anglais \u00e9crit et parl\u00e9<\/li>\n<li>L&rsquo;espagnol (parl\u00e9 et \u00e9crit) est pr\u00e9f\u00e9rabl<em>e<\/em><\/li>\n<\/ul>\n<\/div><\/section><\/div>\n<style type=\"text\/css\" data-created_by=\"avia_inline_auto\" id=\"style-css-av-18g31n-3b7e45e20541cc738ddac9675a1e73dd\">\n.flex_column.av-18g31n-3b7e45e20541cc738ddac9675a1e73dd{\n-webkit-border-radius:0px 0px 0px 0px;\n-moz-border-radius:0px 0px 0px 0px;\nborder-radius:0px 0px 0px 0px;\npadding:0px 0px 0px 0px;\n}\n<\/style>\n<div class='flex_column av-18g31n-3b7e45e20541cc738ddac9675a1e73dd av_three_fourth  avia-builder-el-16  el_after_av_three_fourth  el_before_av_three_fourth  first flex_column_div av-zero-column-padding column-top-margin'     ><section  class='av_textblock_section av-kpe3qpf6-9f61822e288e5881622cbf734322c809'  itemscope=\"itemscope\" itemtype=\"https:\/\/schema.org\/CreativeWork\" ><div class='avia_textblock'  itemprop=\"text\" ><h1><strong><em>Comp\u00e9tences g\u00e9n\u00e9rales<\/em><\/strong><\/h1>\n<ul>\n<li>La gestion d&rsquo;\u00e9quipes interculturelles avec enthousiasme et passion, motivant les \u00e9quipes \u00e0 atteindre leurs objectifs.<\/li>\n<li>Approche pratique, volont\u00e9 d&rsquo;apprendre<\/li>\n<li>Orient\u00e9(e) vers les r\u00e9sultats et bien organis\u00e9(e)<\/li>\n<li>Volont\u00e9 et disponibilit\u00e9 pour voyager \u00e0 l&rsquo;\u00e9tranger<\/li>\n<\/ul>\n<\/div><\/section><\/div>\n<style type=\"text\/css\" data-created_by=\"avia_inline_auto\" id=\"style-css-av-13240r-7e1539d8249d396a59e4f35d40f02316\">\n.flex_column.av-13240r-7e1539d8249d396a59e4f35d40f02316{\n-webkit-border-radius:0px 0px 0px 0px;\n-moz-border-radius:0px 0px 0px 0px;\nborder-radius:0px 0px 0px 0px;\npadding:0px 0px 0px 0px;\n}\n<\/style>\n<div class='flex_column av-13240r-7e1539d8249d396a59e4f35d40f02316 av_three_fourth  avia-builder-el-18  el_after_av_three_fourth  avia-builder-el-last  first flex_column_div av-zero-column-padding column-top-margin'     ><section  class='av_textblock_section av-kpe3r1y5-af62e35539d03900da30a277784f015a'  itemscope=\"itemscope\" itemtype=\"https:\/\/schema.org\/CreativeWork\" ><div class='avia_textblock'  itemprop=\"text\" ><h1>Prenez contact avec nous<\/h1>\n<p>Les candidatures compos\u00e9es d&rsquo;une lettre de motivation et d&rsquo;un curriculum vitae doivent \u00eatre adress\u00e9es \u00e0:<\/p>\n<\/div><\/section><\/div><\/div><\/div><\/div><!-- close content main div --><\/div><\/div>\n<style type=\"text\/css\" data-created_by=\"avia_inline_auto\" id=\"style-css-av-vzybv-4d726cf6756a2d0aa38e521df05128a1\">\n.avia-section.av-vzybv-4d726cf6756a2d0aa38e521df05128a1{\nbackground-color:rgba(219,207,191,0.4);\nbackground-image:unset;\n}\n<\/style>\n<div id='av_section_3'  class='avia-section av-vzybv-4d726cf6756a2d0aa38e521df05128a1 main_color avia-section-default avia-no-border-styling  avia-builder-el-20  el_after_av_section  avia-builder-el-last  avia-bg-style-scroll container_wrap sidebar_right'  ><div class='container av-section-cont-open' ><div class='template-page content  av-content-small alpha units'><div class='post-entry post-entry-type-page post-entry-529'><div class='entry-content-wrapper clearfix'>\n<div class='flex_column_table av-r2go3-fb6ce92751842939f2bd9f57367cf9c0 sc-av_one_fifth av-equal-height-column-flextable'>\n<style type=\"text\/css\" data-created_by=\"avia_inline_auto\" id=\"style-css-av-r2go3-fb6ce92751842939f2bd9f57367cf9c0\">\n.flex_column.av-r2go3-fb6ce92751842939f2bd9f57367cf9c0{\n-webkit-border-radius:0px 0px 0px 0px;\n-moz-border-radius:0px 0px 0px 0px;\nborder-radius:0px 0px 0px 0px;\npadding:0px 0px 0px 0px;\n}\n<\/style>\n<div class='flex_column av-r2go3-fb6ce92751842939f2bd9f57367cf9c0 av_one_fifth  avia-builder-el-21  el_before_av_two_fifth  avia-builder-el-first  first flex_column_table_cell av-equal-height-column av-align-middle av-zero-column-padding '     ><style type=\"text\/css\" data-created_by=\"avia_inline_auto\" id=\"style-css-av-kpe3o353-5f66bb1f8c37232b4a5e0d0374e6695e\">\n.avia-image-container.av-kpe3o353-5f66bb1f8c37232b4a5e0d0374e6695e img.avia_image{\nbox-shadow:none;\n}\n.avia-image-container.av-kpe3o353-5f66bb1f8c37232b4a5e0d0374e6695e .av-image-caption-overlay-center{\ncolor:#ffffff;\n}\n<\/style>\n<div  class='avia-image-container av-kpe3o353-5f66bb1f8c37232b4a5e0d0374e6695e av-styling-no-styling avia-align-center  avia-builder-el-22  avia-builder-el-no-sibling '   itemprop=\"image\" itemscope=\"itemscope\" itemtype=\"https:\/\/schema.org\/ImageObject\" ><div class=\"avia-image-container-inner\"><div class=\"avia-image-overlay-wrap\"><img decoding=\"async\" class='avia-img-lazy-loading-not- avia_image ' src=\"https:\/\/bluetree-group.com\/fr\/wp-content\/uploads\/2021\/06\/Christophe-Barth.png\" alt='' title=''   itemprop=\"thumbnailUrl\"  \/><\/div><\/div><\/div><\/div><div class='av-flex-placeholder'><\/div>\n<style type=\"text\/css\" data-created_by=\"avia_inline_auto\" id=\"style-css-av-1za0b-217f5cae4697465d7f56cf8a2927e73e\">\n.flex_column.av-1za0b-217f5cae4697465d7f56cf8a2927e73e{\n-webkit-border-radius:0px 0px 0px 0px;\n-moz-border-radius:0px 0px 0px 0px;\nborder-radius:0px 0px 0px 0px;\npadding:0px 0px 0px 0px;\n}\n<\/style>\n<div class='flex_column av-1za0b-217f5cae4697465d7f56cf8a2927e73e av_two_fifth  avia-builder-el-23  el_after_av_one_fifth  el_before_av_two_fifth  flex_column_table_cell av-equal-height-column av-align-middle av-zero-column-padding '     ><p>\n<style type=\"text\/css\" data-created_by=\"avia_inline_auto\" id=\"style-css-av-5yxf-ed3eeea5e82f29e6f5fb902860ab6176\">\n#top .hr.hr-invisible.av-5yxf-ed3eeea5e82f29e6f5fb902860ab6176{\nheight:15px;\n}\n<\/style>\n<div  class='hr av-5yxf-ed3eeea5e82f29e6f5fb902860ab6176 hr-invisible  avia-builder-el-24  el_before_av_textblock  avia-builder-el-first '><span class='hr-inner '><span class=\"hr-inner-style\"><\/span><\/span><\/div><br \/>\n<section  class='av_textblock_section av-kpe3nm52-9459b0df47c67efcfab7a3d1bb4c97c1'  itemscope=\"itemscope\" itemtype=\"https:\/\/schema.org\/CreativeWork\" ><div class='avia_textblock'  itemprop=\"text\" ><h3>Christophe Barth<\/h3>\n<\/div><\/section><br \/>\n\n<style type=\"text\/css\" data-created_by=\"avia_inline_auto\" id=\"style-css-av-kpe3nqoz-73cc3c01774c8b065b719b1f00e737dc\">\n#top .av_textblock_section.av-kpe3nqoz-73cc3c01774c8b065b719b1f00e737dc .avia_textblock{\nfont-size:24px;\n}\n<\/style>\n<section  class='av_textblock_section av-kpe3nqoz-73cc3c01774c8b065b719b1f00e737dc'  itemscope=\"itemscope\" itemtype=\"https:\/\/schema.org\/CreativeWork\" ><div class='avia_textblock'  itemprop=\"text\" ><p>Director G\u00e9n\u00e9ral, BlueTree Group<\/p>\n<\/div><\/section><br \/>\n\n<style type=\"text\/css\" data-created_by=\"avia_inline_auto\" id=\"style-css-av-kpe3nxs2-63f54079f05756f14b86b9a5dad9e588\">\n#top .av_textblock_section.av-kpe3nxs2-63f54079f05756f14b86b9a5dad9e588 .avia_textblock{\nfont-size:24px;\n}\n<\/style>\n<section  class='av_textblock_section av-kpe3nxs2-63f54079f05756f14b86b9a5dad9e588'  itemscope=\"itemscope\" itemtype=\"https:\/\/schema.org\/CreativeWork\" ><div class='avia_textblock'  itemprop=\"text\" ><p>M: +33 6 45 72 1579<br \/>\nE: <a href=\"mailto:christophe.barth@bluetrk.cluster027.hosting.ovh.net\/bc1678701-ovh\">christophe.barth@bluetrk.cluster027.hosting.ovh.net\/bc1678701-ovh<\/a><br \/>\nS: barthchristophe<\/p>\n<\/div><\/section><\/p><\/div><div class='av-flex-placeholder'><\/div>\n<style type=\"text\/css\" data-created_by=\"avia_inline_auto\" id=\"style-css-av-8qrfv-d93269709a48fe378bb50393a575c7eb\">\n.flex_column.av-8qrfv-d93269709a48fe378bb50393a575c7eb{\n-webkit-border-radius:0px 0px 0px 0px;\n-moz-border-radius:0px 0px 0px 0px;\nborder-radius:0px 0px 0px 0px;\npadding:0px 0px 0px 0px;\n}\n<\/style>\n<div class='flex_column av-8qrfv-d93269709a48fe378bb50393a575c7eb av_two_fifth  avia-builder-el-28  el_after_av_two_fifth  avia-builder-el-last  flex_column_table_cell av-equal-height-column av-align-middle av-zero-column-padding '     ><\/div><\/div><!--close column table wrapper. Autoclose: 1 -->\n<\/div><\/div><\/div><!-- close content main div --><\/div><\/div><div id='after_section_3'  class='main_color av_default_container_wrap container_wrap sidebar_right'  ><div class='container av-section-cont-open' ><div class='template-page content  av-content-small alpha units'><div class='post-entry post-entry-type-page post-entry-529'><div class='entry-content-wrapper clearfix'><\/p>\n","protected":false},"excerpt":{"rendered":"","protected":false},"author":1,"featured_media":0,"parent":0,"menu_order":0,"comment_status":"open","ping_status":"open","template":"","meta":[],"acf":[],"yoast_head":"<!-- This site is optimized with the Yoast SEO plugin v20.1 - https:\/\/yoast.com\/wordpress\/plugins\/seo\/ -->\n<title>Associ\u00e9 principal pour le D\u00e9veloppement commercial et la gestion de projets - BlueTree Group FR<\/title>\n<meta name=\"description\" content=\"BlueTree is conducting a global search for a Senior Associate, Business Development and Project Management.\" \/>\n<meta name=\"robots\" content=\"index, follow, max-snippet:-1, max-image-preview:large, max-video-preview:-1\" \/>\n<link rel=\"canonical\" href=\"https:\/\/bluetree-group.com\/fr\/senior-associate-business-development-and-project-management\/\" \/>\n<meta property=\"og:locale\" content=\"fr_FR\" \/>\n<meta property=\"og:type\" content=\"article\" \/>\n<meta property=\"og:title\" content=\"Associ\u00e9 principal pour le D\u00e9veloppement commercial et la gestion de projets - BlueTree Group FR\" \/>\n<meta property=\"og:description\" content=\"BlueTree is conducting a global search for a Senior Associate, Business Development and Project Management.\" \/>\n<meta property=\"og:url\" content=\"https:\/\/bluetree-group.com\/fr\/senior-associate-business-development-and-project-management\/\" \/>\n<meta property=\"og:site_name\" content=\"BlueTree Group FR\" \/>\n<meta name=\"twitter:card\" content=\"summary_large_image\" \/>\n<script type=\"application\/ld+json\" class=\"yoast-schema-graph\">{\"@context\":\"https:\/\/schema.org\",\"@graph\":[{\"@type\":\"WebPage\",\"@id\":\"https:\/\/bluetree-group.com\/fr\/senior-associate-business-development-and-project-management\/\",\"url\":\"https:\/\/bluetree-group.com\/fr\/senior-associate-business-development-and-project-management\/\",\"name\":\"Associ\u00e9 principal pour le D\u00e9veloppement commercial et la gestion de projets - BlueTree Group FR\",\"isPartOf\":{\"@id\":\"https:\/\/bluetree-group.com\/fr\/#website\"},\"datePublished\":\"2021-06-01T13:54:32+00:00\",\"dateModified\":\"2021-06-01T13:54:32+00:00\",\"description\":\"BlueTree is conducting a global search for a Senior Associate, Business Development and Project Management.\",\"breadcrumb\":{\"@id\":\"https:\/\/bluetree-group.com\/fr\/senior-associate-business-development-and-project-management\/#breadcrumb\"},\"inLanguage\":\"fr-FR\",\"potentialAction\":[{\"@type\":\"ReadAction\",\"target\":[\"https:\/\/bluetree-group.com\/fr\/senior-associate-business-development-and-project-management\/\"]}]},{\"@type\":\"BreadcrumbList\",\"@id\":\"https:\/\/bluetree-group.com\/fr\/senior-associate-business-development-and-project-management\/#breadcrumb\",\"itemListElement\":[{\"@type\":\"ListItem\",\"position\":1,\"name\":\"Accueil\",\"item\":\"https:\/\/bluetree-group.com\/fr\/\"},{\"@type\":\"ListItem\",\"position\":2,\"name\":\"Associ\u00e9 principal pour le D\u00e9veloppement commercial et la gestion de projets\"}]},{\"@type\":\"WebSite\",\"@id\":\"https:\/\/bluetree-group.com\/fr\/#website\",\"url\":\"https:\/\/bluetree-group.com\/fr\/\",\"name\":\"BlueTree Group FR\",\"description\":\"\",\"potentialAction\":[{\"@type\":\"SearchAction\",\"target\":{\"@type\":\"EntryPoint\",\"urlTemplate\":\"https:\/\/bluetree-group.com\/fr\/?s={search_term_string}\"},\"query-input\":\"required name=search_term_string\"}],\"inLanguage\":\"fr-FR\"}]}<\/script>\n<!-- \/ Yoast SEO plugin. -->","yoast_head_json":{"title":"Associ\u00e9 principal pour le D\u00e9veloppement commercial et la gestion de projets - BlueTree Group FR","description":"BlueTree is conducting a global search for a Senior Associate, Business Development and Project Management.","robots":{"index":"index","follow":"follow","max-snippet":"max-snippet:-1","max-image-preview":"max-image-preview:large","max-video-preview":"max-video-preview:-1"},"canonical":"https:\/\/bluetree-group.com\/fr\/senior-associate-business-development-and-project-management\/","og_locale":"fr_FR","og_type":"article","og_title":"Associ\u00e9 principal pour le D\u00e9veloppement commercial et la gestion de projets - BlueTree Group FR","og_description":"BlueTree is conducting a global search for a Senior Associate, Business Development and Project Management.","og_url":"https:\/\/bluetree-group.com\/fr\/senior-associate-business-development-and-project-management\/","og_site_name":"BlueTree Group FR","twitter_card":"summary_large_image","schema":{"@context":"https:\/\/schema.org","@graph":[{"@type":"WebPage","@id":"https:\/\/bluetree-group.com\/fr\/senior-associate-business-development-and-project-management\/","url":"https:\/\/bluetree-group.com\/fr\/senior-associate-business-development-and-project-management\/","name":"Associ\u00e9 principal pour le D\u00e9veloppement commercial et la gestion de projets - BlueTree Group FR","isPartOf":{"@id":"https:\/\/bluetree-group.com\/fr\/#website"},"datePublished":"2021-06-01T13:54:32+00:00","dateModified":"2021-06-01T13:54:32+00:00","description":"BlueTree is conducting a global search for a Senior Associate, Business Development and Project Management.","breadcrumb":{"@id":"https:\/\/bluetree-group.com\/fr\/senior-associate-business-development-and-project-management\/#breadcrumb"},"inLanguage":"fr-FR","potentialAction":[{"@type":"ReadAction","target":["https:\/\/bluetree-group.com\/fr\/senior-associate-business-development-and-project-management\/"]}]},{"@type":"BreadcrumbList","@id":"https:\/\/bluetree-group.com\/fr\/senior-associate-business-development-and-project-management\/#breadcrumb","itemListElement":[{"@type":"ListItem","position":1,"name":"Accueil","item":"https:\/\/bluetree-group.com\/fr\/"},{"@type":"ListItem","position":2,"name":"Associ\u00e9 principal pour le D\u00e9veloppement commercial et la gestion de projets"}]},{"@type":"WebSite","@id":"https:\/\/bluetree-group.com\/fr\/#website","url":"https:\/\/bluetree-group.com\/fr\/","name":"BlueTree Group FR","description":"","potentialAction":[{"@type":"SearchAction","target":{"@type":"EntryPoint","urlTemplate":"https:\/\/bluetree-group.com\/fr\/?s={search_term_string}"},"query-input":"required name=search_term_string"}],"inLanguage":"fr-FR"}]}},"_links":{"self":[{"href":"https:\/\/bluetree-group.com\/fr\/wp-json\/wp\/v2\/pages\/529"}],"collection":[{"href":"https:\/\/bluetree-group.com\/fr\/wp-json\/wp\/v2\/pages"}],"about":[{"href":"https:\/\/bluetree-group.com\/fr\/wp-json\/wp\/v2\/types\/page"}],"author":[{"embeddable":true,"href":"https:\/\/bluetree-group.com\/fr\/wp-json\/wp\/v2\/users\/1"}],"replies":[{"embeddable":true,"href":"https:\/\/bluetree-group.com\/fr\/wp-json\/wp\/v2\/comments?post=529"}],"version-history":[{"count":0,"href":"https:\/\/bluetree-group.com\/fr\/wp-json\/wp\/v2\/pages\/529\/revisions"}],"wp:attachment":[{"href":"https:\/\/bluetree-group.com\/fr\/wp-json\/wp\/v2\/media?parent=529"}],"curies":[{"name":"wp","href":"https:\/\/api.w.org\/{rel}","templated":true}]}}