{"id":525,"date":"2021-06-01T11:55:21","date_gmt":"2021-06-01T11:55:21","guid":{"rendered":"https:\/\/bluetrk.cluster027.hosting.ovh.net\/bc1678701-ovh\/fr\/technical-assistance\/"},"modified":"2023-08-29T10:21:04","modified_gmt":"2023-08-29T08:21:04","slug":"technical-assistance","status":"publish","type":"page","link":"https:\/\/bluetree-group.com\/fr\/technical-assistance\/","title":{"rendered":"Assistance Technique"},"content":{"rendered":"<div id='av-layout-grid-1'  class='av-layout-grid-container av-9f2e5-0932ac5e419be1bedd8cd5cc60009635 entry-content-wrapper main_color av-flex-cells  avia-builder-el-0  el_before_av_section  avia-builder-el-first   container_wrap sidebar_right'  >\n\n<style type=\"text\/css\" data-created_by=\"avia_inline_auto\" id=\"style-css-av-kpdztv55-4be24f3f7e4e27f0c45192aa7476a36c\">\n.flex_cell.av-kpdztv55-4be24f3f7e4e27f0c45192aa7476a36c{\nvertical-align:middle;\nbackground-color:#98aee0;\n}\n.responsive #top #wrap_all .flex_cell.av-kpdztv55-4be24f3f7e4e27f0c45192aa7476a36c{\npadding:70px 0px 70px 0px !important;\n}\n<\/style>\n<div class='flex_cell av-kpdztv55-4be24f3f7e4e27f0c45192aa7476a36c av-gridrow-cell av_one_half no_margin  avia-builder-el-1  el_before_av_cell_one_half  avia-builder-el-first ' ><div class='flex_cell_inner'>\n<style type=\"text\/css\" data-created_by=\"avia_inline_auto\" id=\"style-css-av-kpdzthki-3f3abe02195a6de1b87bd113ef69f70f\">\n.avia-image-container.av-kpdzthki-3f3abe02195a6de1b87bd113ef69f70f img.avia_image{\nbox-shadow:none;\n}\n.avia-image-container.av-kpdzthki-3f3abe02195a6de1b87bd113ef69f70f .av-image-caption-overlay-center{\ncolor:#ffffff;\n}\n<\/style>\n<div  class='avia-image-container av-kpdzthki-3f3abe02195a6de1b87bd113ef69f70f av-styling-no-styling avia-align-left  avia-builder-el-2  avia-builder-el-no-sibling '   itemprop=\"image\" itemscope=\"itemscope\" itemtype=\"https:\/\/schema.org\/ImageObject\" ><div class=\"avia-image-container-inner\"><div class=\"avia-image-overlay-wrap\"><img decoding=\"async\" class='avia-img-lazy-loading-not- avia_image ' src=\"https:\/\/bluetree-group.com\/fr\/fr\/wp-content\/uploads\/sites\/2\/2021\/08\/04.1-services-technical-assistance.jpg\" alt='' title=''   itemprop=\"thumbnailUrl\"  \/><\/div><\/div><\/div>\n<\/div><\/div>\n<style type=\"text\/css\" data-created_by=\"avia_inline_auto\" id=\"style-css-av-kpdzu36g-e3ed53c8be42c2b204c7d5a77d7be4bb\">\n.flex_cell.av-kpdzu36g-e3ed53c8be42c2b204c7d5a77d7be4bb{\nvertical-align:middle;\nbackground-color:#98aee0;\n}\n.responsive #top #wrap_all .flex_cell.av-kpdzu36g-e3ed53c8be42c2b204c7d5a77d7be4bb{\npadding:30px 100px 30px 100px !important;\n}\n<\/style>\n<div class='flex_cell av-kpdzu36g-e3ed53c8be42c2b204c7d5a77d7be4bb av-gridrow-cell av_one_half no_margin  avia-builder-el-3  el_after_av_cell_one_half  avia-builder-el-last ' ><div class='flex_cell_inner'>\n<style type=\"text\/css\" data-created_by=\"avia_inline_auto\" id=\"style-css-av-kpdzue0a-7ff7c2a420b1e22de39f54c754feb176\">\n#top .av_textblock_section.av-kpdzue0a-7ff7c2a420b1e22de39f54c754feb176 .avia_textblock{\nfont-size:24px;\n}\n<\/style>\n<section  class='av_textblock_section av-kpdzue0a-7ff7c2a420b1e22de39f54c754feb176'  itemscope=\"itemscope\" itemtype=\"https:\/\/schema.org\/CreativeWork\" ><div class='avia_textblock'  itemprop=\"text\" ><h1>Assistance technique<\/h1>\n<p>Nous fournissons une assistance technique pour le d\u00e9veloppement et la gestion de la cha\u00eene d&rsquo;approvisionnement aux minist\u00e8res de l&rsquo;\u00e9ducation, aux agences de d\u00e9veloppement et \u00e0 d&rsquo;autres organisations du domaine de l\u2019\u00e9ducation.<\/p>\n<\/div><\/section>\n<\/div><\/div>\n<\/div>\n<div id='av_section_1'  class='avia-section av-35tlhp-7acd110127ced6d89e101547651c9886 main_color avia-section-large avia-no-border-styling  avia-builder-el-5  el_after_av_layout_row  avia-builder-el-last  avia-bg-style-scroll container_wrap sidebar_right'  ><div class='container av-section-cont-open' ><div class='template-page content  av-content-small alpha units'><div class='post-entry post-entry-type-page post-entry-525'><div class='entry-content-wrapper clearfix'>\n\n<style type=\"text\/css\" data-created_by=\"avia_inline_auto\" id=\"style-css-av-309vod-6cb1520e3c42b8a6332fd712b220393b\">\n.flex_column.av-309vod-6cb1520e3c42b8a6332fd712b220393b{\n-webkit-border-radius:0px 0px 0px 0px;\n-moz-border-radius:0px 0px 0px 0px;\nborder-radius:0px 0px 0px 0px;\npadding:0px 0px 0px 0px;\n}\n<\/style>\n<div class='flex_column av-309vod-6cb1520e3c42b8a6332fd712b220393b av_one_full  avia-builder-el-6  el_before_av_one_full  avia-builder-el-first  first flex_column_div av-zero-column-padding '     ><section  class='av_textblock_section av-2v7vz9-1516ac326c10a5afcd731d9d074e02e1'  itemscope=\"itemscope\" itemtype=\"https:\/\/schema.org\/CreativeWork\" ><div class='avia_textblock'  itemprop=\"text\" ><p>Nous fournissons une assistance technique dans les domaines suivants :<\/p>\n<ul>\n<li>Assistance technique pour l&rsquo;achat et la gestion de l&rsquo;impression et de la distribution<\/li>\n<li>Assistance technique dans le d\u00e9veloppement de contenu, l&rsquo;Edition et la Publication<\/li>\n<li>Aide cibl\u00e9e pour les imprimeurs locaux<\/li>\n<li>Aide cibl\u00e9e aux transporteurs, distributeurs et aux soci\u00e9t\u00e9s d&rsquo;entreposage.<\/li>\n<li>D\u00e9veloppement et r\u00e9vision des politiques gouvernementales en mati\u00e8re de manuels scolaires<\/li>\n<li>\u00c9valuation du prix d&rsquo;achat des livres<\/li>\n<\/ul>\n<\/div><\/section><\/div>\n<style type=\"text\/css\" data-created_by=\"avia_inline_auto\" id=\"style-css-av-dj4n1-cae22c43683aededf1ba271d88a5077a\">\n.flex_column.av-dj4n1-cae22c43683aededf1ba271d88a5077a{\n-webkit-border-radius:0px 0px 0px 0px;\n-moz-border-radius:0px 0px 0px 0px;\nborder-radius:0px 0px 0px 0px;\npadding:0px 0px 0px 0px;\n}\n<\/style>\n<div class='flex_column av-dj4n1-cae22c43683aededf1ba271d88a5077a av_one_full  avia-builder-el-8  el_after_av_one_full  el_before_av_hr  first flex_column_div av-zero-column-padding column-top-margin'     ><section  class='av_textblock_section av-84igt-a37ca47f128c7a99b4d60a66d9836d2c'  itemscope=\"itemscope\" itemtype=\"https:\/\/schema.org\/CreativeWork\" ><div class='avia_textblock'  itemprop=\"text\" ><h2><span style=\"color: #0972e7;\">Aper\u00e7u des services\u00a0<\/span><\/h2>\n<\/div><\/section><\/div>\n<style type=\"text\/css\" data-created_by=\"avia_inline_auto\" id=\"style-css-av-2rksud-b9d98930f18daab1b78fd6aced35ef07\">\n#top .hr.hr-invisible.av-2rksud-b9d98930f18daab1b78fd6aced35ef07{\nheight:20px;\n}\n<\/style>\n<div  class='hr av-2rksud-b9d98930f18daab1b78fd6aced35ef07 hr-invisible  avia-builder-el-10  el_after_av_one_full  el_before_av_one_third '><span class='hr-inner '><span class=\"hr-inner-style\"><\/span><\/span><\/div>\n\n<style type=\"text\/css\" data-created_by=\"avia_inline_auto\" id=\"style-css-av-2luuhp-e9eaaec61afad312dd94637681e1f4d1\">\n.flex_column.av-2luuhp-e9eaaec61afad312dd94637681e1f4d1{\n-webkit-border-radius:0px 0px 0px 0px;\n-moz-border-radius:0px 0px 0px 0px;\nborder-radius:0px 0px 0px 0px;\npadding:0px 0px 0px 0px;\n}\n<\/style>\n<div class='flex_column av-2luuhp-e9eaaec61afad312dd94637681e1f4d1 av_one_third  avia-builder-el-11  el_after_av_hr  el_before_av_one_third  first flex_column_div av-zero-column-padding avia-link-column av-column-link avia-link-column-hover '    data-link-column-url=\"https:\/\/bluetree-group.com\/fr\/book-supply-chain-assessment\/\"   ><a class=\"av-screen-reader-only\" href=https:\/\/bluetree-group.com\/fr\/book-supply-chain-assessment\/ >Lier vers : \u00c9valuation de la cha\u00eene d&rsquo;approvisionnement du livre<\/a><p>\n<style type=\"text\/css\" data-created_by=\"avia_inline_auto\" id=\"style-css-av-2ctj2l-fe59ab8f0b2ccc5352b964f0ba18b947\">\n.avia-image-container.av-2ctj2l-fe59ab8f0b2ccc5352b964f0ba18b947 img.avia_image{\nbox-shadow:none;\n}\n.avia-image-container.av-2ctj2l-fe59ab8f0b2ccc5352b964f0ba18b947 .av-image-caption-overlay-center{\ncolor:#ffffff;\n}\n<\/style>\n<div  class='avia-image-container av-2ctj2l-fe59ab8f0b2ccc5352b964f0ba18b947 av-styling-circle avia-align-center  avia-builder-el-12  el_before_av_textblock  avia-builder-el-first '   itemprop=\"image\" itemscope=\"itemscope\" itemtype=\"https:\/\/schema.org\/ImageObject\" ><div class=\"avia-image-container-inner\"><div class=\"avia-image-overlay-wrap\"><img decoding=\"async\" class='avia-img-lazy-loading-not- avia_image ' src=\"https:\/\/bluetree-group.com\/fr\/wp-content\/uploads\/2021\/06\/01.201.jpg\" alt='' title=''   itemprop=\"thumbnailUrl\"  \/><\/div><\/div><\/div><br \/>\n\n<style type=\"text\/css\" data-created_by=\"avia_inline_auto\" id=\"style-css-av-28elmd-e2d08d5752d07aed5d9b26fa48cb4d7b\">\n#top .av_textblock_section.av-28elmd-e2d08d5752d07aed5d9b26fa48cb4d7b .avia_textblock{\nfont-size:24px;\n}\n<\/style>\n<section  class='av_textblock_section av-28elmd-e2d08d5752d07aed5d9b26fa48cb4d7b'  itemscope=\"itemscope\" itemtype=\"https:\/\/schema.org\/CreativeWork\" ><div class='avia_textblock'  itemprop=\"text\" ><p style=\"text-align: center;\">\u00c9valuation de la cha\u00eene d\u2019approvisionnement du livre<\/p>\n<\/div><\/section><\/p><\/div>\n<style type=\"text\/css\" data-created_by=\"avia_inline_auto\" id=\"style-css-av-21yout-65c8955a458cf700c8c49c6ed6d4e859\">\n.flex_column.av-21yout-65c8955a458cf700c8c49c6ed6d4e859{\n-webkit-border-radius:0px 0px 0px 0px;\n-moz-border-radius:0px 0px 0px 0px;\nborder-radius:0px 0px 0px 0px;\npadding:0px 0px 0px 0px;\n}\n<\/style>\n<div class='flex_column av-21yout-65c8955a458cf700c8c49c6ed6d4e859 av_one_third  avia-builder-el-14  el_after_av_one_third  el_before_av_one_third  flex_column_div av-zero-column-padding avia-link-column av-column-link avia-link-column-hover '    data-link-column-url=\"https:\/\/bluetree-group.com\/fr\/technical-assistance\/\"   ><a class=\"av-screen-reader-only\" href=https:\/\/bluetree-group.com\/fr\/technical-assistance\/ >Lier vers : Assistance Technique<\/a><p>\n<style type=\"text\/css\" data-created_by=\"avia_inline_auto\" id=\"style-css-av-1vq2fp-72ea2777635407766b40f081373a8be5\">\n.avia-image-container.av-1vq2fp-72ea2777635407766b40f081373a8be5 img.avia_image{\nbox-shadow:none;\n}\n.avia-image-container.av-1vq2fp-72ea2777635407766b40f081373a8be5 .av-image-caption-overlay-center{\ncolor:#ffffff;\n}\n<\/style>\n<div  class='avia-image-container av-1vq2fp-72ea2777635407766b40f081373a8be5 av-styling-circle avia-align-center  avia-builder-el-15  el_before_av_textblock  avia-builder-el-first '   itemprop=\"image\" itemscope=\"itemscope\" itemtype=\"https:\/\/schema.org\/ImageObject\" ><div class=\"avia-image-container-inner\"><div class=\"avia-image-overlay-wrap\"><img decoding=\"async\" class='avia-img-lazy-loading-not- avia_image ' src=\"https:\/\/bluetree-group.com\/fr\/wp-content\/uploads\/2021\/06\/04.1-services-technical-assistance.jpg\" alt='' title=''   itemprop=\"thumbnailUrl\"  \/><\/div><\/div><\/div><br \/>\n\n<style type=\"text\/css\" data-created_by=\"avia_inline_auto\" id=\"style-css-av-1rrg6d-a67f8583c12676de73422ad149f9a598\">\n#top .av_textblock_section.av-1rrg6d-a67f8583c12676de73422ad149f9a598 .avia_textblock{\nfont-size:24px;\n}\n<\/style>\n<section  class='av_textblock_section av-1rrg6d-a67f8583c12676de73422ad149f9a598'  itemscope=\"itemscope\" itemtype=\"https:\/\/schema.org\/CreativeWork\" ><div class='avia_textblock'  itemprop=\"text\" ><p style=\"text-align: center;\">Assistance technique<\/p>\n<\/div><\/section><\/p><\/div>\n<style type=\"text\/css\" data-created_by=\"avia_inline_auto\" id=\"style-css-av-1k6ik5-73ea6b94519baf8fcf2f361b06e924ea\">\n.flex_column.av-1k6ik5-73ea6b94519baf8fcf2f361b06e924ea{\n-webkit-border-radius:0px 0px 0px 0px;\n-moz-border-radius:0px 0px 0px 0px;\nborder-radius:0px 0px 0px 0px;\npadding:0px 0px 0px 0px;\n}\n<\/style>\n<div class='flex_column av-1k6ik5-73ea6b94519baf8fcf2f361b06e924ea av_one_third  avia-builder-el-17  el_after_av_one_third  el_before_av_one_third  flex_column_div av-zero-column-padding avia-link-column av-column-link avia-link-column-hover '    data-link-column-url=\"https:\/\/bluetree-group.com\/fr\/distribution-tracking-systems\/\"   ><a class=\"av-screen-reader-only\" href=https:\/\/bluetree-group.com\/fr\/distribution-tracking-systems\/ >Lier vers : Syst\u00e8mes de suivi et de tra\u00e7abilit\u00e9 de la distribution<\/a><p>\n<style type=\"text\/css\" data-created_by=\"avia_inline_auto\" id=\"style-css-av-1e4uwt-affa9da07d60d26f9bec489f70040832\">\n.avia-image-container.av-1e4uwt-affa9da07d60d26f9bec489f70040832 img.avia_image{\nbox-shadow:none;\n}\n.avia-image-container.av-1e4uwt-affa9da07d60d26f9bec489f70040832 .av-image-caption-overlay-center{\ncolor:#ffffff;\n}\n<\/style>\n<div  class='avia-image-container av-1e4uwt-affa9da07d60d26f9bec489f70040832 av-styling-circle avia-align-center  avia-builder-el-18  el_before_av_textblock  avia-builder-el-first '   itemprop=\"image\" itemscope=\"itemscope\" itemtype=\"https:\/\/schema.org\/ImageObject\" ><div class=\"avia-image-container-inner\"><div class=\"avia-image-overlay-wrap\"><img decoding=\"async\" class='avia-img-lazy-loading-not- avia_image ' src=\"https:\/\/bluetree-group.com\/fr\/wp-content\/uploads\/2021\/06\/04.2-track-and-trace.jpg\" alt='' title=''   itemprop=\"thumbnailUrl\"  \/><\/div><\/div><\/div><br \/>\n\n<style type=\"text\/css\" data-created_by=\"avia_inline_auto\" id=\"style-css-av-16ifa5-0dc6fa03d234ffa38fcb1a97a74f59b2\">\n#top .av_textblock_section.av-16ifa5-0dc6fa03d234ffa38fcb1a97a74f59b2 .avia_textblock{\nfont-size:24px;\n}\n<\/style>\n<section  class='av_textblock_section av-16ifa5-0dc6fa03d234ffa38fcb1a97a74f59b2'  itemscope=\"itemscope\" itemtype=\"https:\/\/schema.org\/CreativeWork\" ><div class='avia_textblock'  itemprop=\"text\" ><p style=\"text-align: center;\">Syst\u00e8mes de suivi et de tra\u00e7abilit\u00e9 de la distribution<\/p>\n<\/div><\/section><\/p><\/div>\n<style type=\"text\/css\" data-created_by=\"avia_inline_auto\" id=\"style-css-av-11j419-507dfd7e99c3b4bb4647bdd795330b78\">\n.flex_column.av-11j419-507dfd7e99c3b4bb4647bdd795330b78{\n-webkit-border-radius:0px 0px 0px 0px;\n-moz-border-radius:0px 0px 0px 0px;\nborder-radius:0px 0px 0px 0px;\npadding:0px 0px 0px 0px;\n}\n<\/style>\n<div class='flex_column av-11j419-507dfd7e99c3b4bb4647bdd795330b78 av_one_third  avia-builder-el-20  el_after_av_one_third  el_before_av_one_third  first flex_column_div av-zero-column-padding avia-link-column av-column-link avia-link-column-hover column-top-margin'    data-link-column-url=\"https:\/\/bluetree-group.com\/fr\/data-collection-and-analysis\/\"   ><a class=\"av-screen-reader-only\" href=https:\/\/bluetree-group.com\/fr\/data-collection-and-analysis\/ >Lier vers : Recueil et analyse des donn\u00e9es<\/a><p>\n<style type=\"text\/css\" data-created_by=\"avia_inline_auto\" id=\"style-css-av-ymyt1-3d58445eaa4290efb3a3807a70f8122f\">\n.avia-image-container.av-ymyt1-3d58445eaa4290efb3a3807a70f8122f img.avia_image{\nbox-shadow:none;\n}\n.avia-image-container.av-ymyt1-3d58445eaa4290efb3a3807a70f8122f .av-image-caption-overlay-center{\ncolor:#ffffff;\n}\n<\/style>\n<div  class='avia-image-container av-ymyt1-3d58445eaa4290efb3a3807a70f8122f av-styling-circle avia-align-center  avia-builder-el-21  el_before_av_textblock  avia-builder-el-first '   itemprop=\"image\" itemscope=\"itemscope\" itemtype=\"https:\/\/schema.org\/ImageObject\" ><div class=\"avia-image-container-inner\"><div class=\"avia-image-overlay-wrap\"><img decoding=\"async\" class='avia-img-lazy-loading-not- avia_image ' src=\"https:\/\/bluetree-group.com\/fr\/wp-content\/uploads\/2021\/06\/04.3-data.jpg\" alt='' title=''   itemprop=\"thumbnailUrl\"  \/><\/div><\/div><\/div><br \/>\n\n<style type=\"text\/css\" data-created_by=\"avia_inline_auto\" id=\"style-css-av-qug1h-3b5bfe55b847a7645e14e3c39b532c81\">\n#top .av_textblock_section.av-qug1h-3b5bfe55b847a7645e14e3c39b532c81 .avia_textblock{\nfont-size:24px;\n}\n<\/style>\n<section  class='av_textblock_section av-qug1h-3b5bfe55b847a7645e14e3c39b532c81'  itemscope=\"itemscope\" itemtype=\"https:\/\/schema.org\/CreativeWork\" ><div class='avia_textblock'  itemprop=\"text\" ><p style=\"text-align: center;\">Recueil et analyse des donn\u00e9es<\/p>\n<\/div><\/section><\/p><\/div>\n<style type=\"text\/css\" data-created_by=\"avia_inline_auto\" id=\"style-css-av-lkgj9-4cd24a2767c1dfd866836ed89464b5d2\">\n.flex_column.av-lkgj9-4cd24a2767c1dfd866836ed89464b5d2{\n-webkit-border-radius:0px 0px 0px 0px;\n-moz-border-radius:0px 0px 0px 0px;\nborder-radius:0px 0px 0px 0px;\npadding:0px 0px 0px 0px;\n}\n<\/style>\n<div class='flex_column av-lkgj9-4cd24a2767c1dfd866836ed89464b5d2 av_one_third  avia-builder-el-23  el_after_av_one_third  avia-builder-el-last  flex_column_div av-zero-column-padding avia-link-column av-column-link avia-link-column-hover column-top-margin'    data-link-column-url=\"https:\/\/bluetree-group.com\/fr\/capacity-building-and-training\/\"   ><a class=\"av-screen-reader-only\" href=https:\/\/bluetree-group.com\/fr\/capacity-building-and-training\/ >Lier vers : D\u00e9veloppement des comp\u00e9tences et formation<\/a><p>\n<style type=\"text\/css\" data-created_by=\"avia_inline_auto\" id=\"style-css-av-hdv8l-6fce6d61e3d45990c8be2d92a77c0450\">\n.avia-image-container.av-hdv8l-6fce6d61e3d45990c8be2d92a77c0450 img.avia_image{\nbox-shadow:none;\n}\n.avia-image-container.av-hdv8l-6fce6d61e3d45990c8be2d92a77c0450 .av-image-caption-overlay-center{\ncolor:#ffffff;\n}\n<\/style>\n<div  class='avia-image-container av-hdv8l-6fce6d61e3d45990c8be2d92a77c0450 av-styling-circle avia-align-center  avia-builder-el-24  el_before_av_textblock  avia-builder-el-first '   itemprop=\"image\" itemscope=\"itemscope\" itemtype=\"https:\/\/schema.org\/ImageObject\" ><div class=\"avia-image-container-inner\"><div class=\"avia-image-overlay-wrap\"><img decoding=\"async\" class='avia-img-lazy-loading-not- avia_image ' src=\"https:\/\/bluetree-group.com\/fr\/wp-content\/uploads\/2021\/06\/04.4-capacity-building.jpg\" alt='' title=''   itemprop=\"thumbnailUrl\"  \/><\/div><\/div><\/div><br \/>\n\n<style type=\"text\/css\" data-created_by=\"avia_inline_auto\" id=\"style-css-av-ayeod-6bd4d0e1b080936d4ff73f82cb03832b\">\n#top .av_textblock_section.av-ayeod-6bd4d0e1b080936d4ff73f82cb03832b .avia_textblock{\nfont-size:24px;\n}\n<\/style>\n<section  class='av_textblock_section av-ayeod-6bd4d0e1b080936d4ff73f82cb03832b'  itemscope=\"itemscope\" itemtype=\"https:\/\/schema.org\/CreativeWork\" ><div class='avia_textblock'  itemprop=\"text\" ><p style=\"text-align: center;\">D\u00e9veloppement des comp\u00e9tences et formation<\/p>\n<\/div><\/section><\/p><\/div><\/div><\/div><\/div><!-- close content main div --><\/div><\/div><div id='after_section_1'  class='main_color av_default_container_wrap container_wrap sidebar_right'  ><div class='container av-section-cont-open' ><div class='template-page content  av-content-small alpha units'><div class='post-entry post-entry-type-page post-entry-525'><div class='entry-content-wrapper clearfix'>\n","protected":false},"excerpt":{"rendered":"","protected":false},"author":1,"featured_media":526,"parent":0,"menu_order":0,"comment_status":"open","ping_status":"open","template":"","meta":[],"acf":[],"yoast_head":"<!-- This site is optimized with the Yoast SEO plugin v20.1 - https:\/\/yoast.com\/wordpress\/plugins\/seo\/ -->\n<title>Assistance Technique - BlueTree Group FR<\/title>\n<meta name=\"robots\" content=\"index, follow, max-snippet:-1, max-image-preview:large, max-video-preview:-1\" \/>\n<link rel=\"canonical\" href=\"https:\/\/bluetree-group.com\/fr\/technical-assistance\/\" \/>\n<meta property=\"og:locale\" content=\"fr_FR\" \/>\n<meta property=\"og:type\" content=\"article\" \/>\n<meta property=\"og:title\" content=\"Assistance Technique - BlueTree Group FR\" \/>\n<meta property=\"og:url\" content=\"https:\/\/bluetree-group.com\/fr\/technical-assistance\/\" \/>\n<meta property=\"og:site_name\" content=\"BlueTree Group FR\" \/>\n<meta property=\"article:modified_time\" content=\"2023-08-29T08:21:04+00:00\" \/>\n<meta name=\"twitter:card\" content=\"summary_large_image\" \/>\n<meta name=\"twitter:label1\" content=\"Dur\u00e9e de lecture estim\u00e9e\" \/>\n\t<meta name=\"twitter:data1\" content=\"5 minutes\" \/>\n<script type=\"application\/ld+json\" class=\"yoast-schema-graph\">{\"@context\":\"https:\/\/schema.org\",\"@graph\":[{\"@type\":\"WebPage\",\"@id\":\"https:\/\/bluetree-group.com\/fr\/technical-assistance\/\",\"url\":\"https:\/\/bluetree-group.com\/fr\/technical-assistance\/\",\"name\":\"Assistance Technique - BlueTree Group FR\",\"isPartOf\":{\"@id\":\"http:\/\/bluetree-group.com\/fr\/#website\"},\"datePublished\":\"2021-06-01T11:55:21+00:00\",\"dateModified\":\"2023-08-29T08:21:04+00:00\",\"breadcrumb\":{\"@id\":\"https:\/\/bluetree-group.com\/fr\/technical-assistance\/#breadcrumb\"},\"inLanguage\":\"fr-FR\",\"potentialAction\":[{\"@type\":\"ReadAction\",\"target\":[\"https:\/\/bluetree-group.com\/fr\/technical-assistance\/\"]}]},{\"@type\":\"BreadcrumbList\",\"@id\":\"https:\/\/bluetree-group.com\/fr\/technical-assistance\/#breadcrumb\",\"itemListElement\":[{\"@type\":\"ListItem\",\"position\":1,\"name\":\"Accueil\",\"item\":\"http:\/\/bluetree-group.com\/fr\/\"},{\"@type\":\"ListItem\",\"position\":2,\"name\":\"Assistance Technique\"}]},{\"@type\":\"WebSite\",\"@id\":\"http:\/\/bluetree-group.com\/fr\/#website\",\"url\":\"http:\/\/bluetree-group.com\/fr\/\",\"name\":\"BlueTree Group FR\",\"description\":\"\",\"potentialAction\":[{\"@type\":\"SearchAction\",\"target\":{\"@type\":\"EntryPoint\",\"urlTemplate\":\"http:\/\/bluetree-group.com\/fr\/?s={search_term_string}\"},\"query-input\":\"required name=search_term_string\"}],\"inLanguage\":\"fr-FR\"}]}<\/script>\n<!-- \/ Yoast SEO plugin. -->","yoast_head_json":{"title":"Assistance Technique - BlueTree Group FR","robots":{"index":"index","follow":"follow","max-snippet":"max-snippet:-1","max-image-preview":"max-image-preview:large","max-video-preview":"max-video-preview:-1"},"canonical":"https:\/\/bluetree-group.com\/fr\/technical-assistance\/","og_locale":"fr_FR","og_type":"article","og_title":"Assistance Technique - BlueTree Group FR","og_url":"https:\/\/bluetree-group.com\/fr\/technical-assistance\/","og_site_name":"BlueTree Group FR","article_modified_time":"2023-08-29T08:21:04+00:00","twitter_card":"summary_large_image","twitter_misc":{"Dur\u00e9e de lecture estim\u00e9e":"5 minutes"},"schema":{"@context":"https:\/\/schema.org","@graph":[{"@type":"WebPage","@id":"https:\/\/bluetree-group.com\/fr\/technical-assistance\/","url":"https:\/\/bluetree-group.com\/fr\/technical-assistance\/","name":"Assistance Technique - BlueTree Group FR","isPartOf":{"@id":"http:\/\/bluetree-group.com\/fr\/#website"},"datePublished":"2021-06-01T11:55:21+00:00","dateModified":"2023-08-29T08:21:04+00:00","breadcrumb":{"@id":"https:\/\/bluetree-group.com\/fr\/technical-assistance\/#breadcrumb"},"inLanguage":"fr-FR","potentialAction":[{"@type":"ReadAction","target":["https:\/\/bluetree-group.com\/fr\/technical-assistance\/"]}]},{"@type":"BreadcrumbList","@id":"https:\/\/bluetree-group.com\/fr\/technical-assistance\/#breadcrumb","itemListElement":[{"@type":"ListItem","position":1,"name":"Accueil","item":"http:\/\/bluetree-group.com\/fr\/"},{"@type":"ListItem","position":2,"name":"Assistance Technique"}]},{"@type":"WebSite","@id":"http:\/\/bluetree-group.com\/fr\/#website","url":"http:\/\/bluetree-group.com\/fr\/","name":"BlueTree Group FR","description":"","potentialAction":[{"@type":"SearchAction","target":{"@type":"EntryPoint","urlTemplate":"http:\/\/bluetree-group.com\/fr\/?s={search_term_string}"},"query-input":"required name=search_term_string"}],"inLanguage":"fr-FR"}]}},"_links":{"self":[{"href":"https:\/\/bluetree-group.com\/fr\/wp-json\/wp\/v2\/pages\/525"}],"collection":[{"href":"https:\/\/bluetree-group.com\/fr\/wp-json\/wp\/v2\/pages"}],"about":[{"href":"https:\/\/bluetree-group.com\/fr\/wp-json\/wp\/v2\/types\/page"}],"author":[{"embeddable":true,"href":"https:\/\/bluetree-group.com\/fr\/wp-json\/wp\/v2\/users\/1"}],"replies":[{"embeddable":true,"href":"https:\/\/bluetree-group.com\/fr\/wp-json\/wp\/v2\/comments?post=525"}],"version-history":[{"count":1,"href":"https:\/\/bluetree-group.com\/fr\/wp-json\/wp\/v2\/pages\/525\/revisions"}],"predecessor-version":[{"id":1107,"href":"https:\/\/bluetree-group.com\/fr\/wp-json\/wp\/v2\/pages\/525\/revisions\/1107"}],"wp:featuredmedia":[{"embeddable":true,"href":"https:\/\/bluetree-group.com\/fr\/wp-json\/"}],"wp:attachment":[{"href":"https:\/\/bluetree-group.com\/fr\/wp-json\/wp\/v2\/media?parent=525"}],"curies":[{"name":"wp","href":"https:\/\/api.w.org\/{rel}","templated":true}]}}