{"id":523,"date":"2021-05-21T12:16:57","date_gmt":"2021-05-21T12:16:57","guid":{"rendered":"https:\/\/bluetrk.cluster027.hosting.ovh.net\/bc1678701-ovh\/fr\/disclaimer\/"},"modified":"2023-03-16T18:09:04","modified_gmt":"2023-03-16T17:09:04","slug":"disclaimer","status":"publish","type":"page","link":"https:\/\/bluetree-group.com\/fr\/disclaimer\/","title":{"rendered":"Clause de non-responsabilit\u00e9"},"content":{"rendered":"\n<style type=\"text\/css\" data-created_by=\"avia_inline_auto\" id=\"style-css-av-87bci-6ae6089682285a69231504b89d4fc06e\">\n.flex_column.av-87bci-6ae6089682285a69231504b89d4fc06e{\n-webkit-border-radius:0px 0px 0px 0px;\n-moz-border-radius:0px 0px 0px 0px;\nborder-radius:0px 0px 0px 0px;\npadding:0px 0px 0px 0px;\n}\n<\/style>\n<div class='flex_column av-87bci-6ae6089682285a69231504b89d4fc06e av_one_full  avia-builder-el-0  avia-builder-el-no-sibling  first flex_column_div av-zero-column-padding '     ><section  class='av_textblock_section av-kpp81rta-56ffc9f165dc9b54f2d93b375d94dd12'  itemscope=\"itemscope\" itemtype=\"https:\/\/schema.org\/CreativeWork\" ><div class='avia_textblock'  itemprop=\"text\" ><h1>Clause de non-responsabilit\u00e9<\/h1>\n<p>BlueTree Group BV (Chambre de Commerce : 55319017), ci-apr\u00e8s d\u00e9nomm\u00e9 BTG, vous donne par la pr\u00e9sente l&rsquo;autorisation de www.bluetrk.cluster027.hosting.ovh.net\/bc1678701-ovh o\u00f9 BTG publie des textes, des images et d&rsquo;autres mat\u00e9riaux \u00e0 des fins d&rsquo;information. BTG se r\u00e9serve le droit de modifier le contenu ou de supprimer des parties \u00e0 tout moment sans vous en informer. L&rsquo;information sur le site web est cens\u00e9e \u00eatre non contractuelle et ne contient aucune proposition concr\u00e8te pour divulguer un accord. Les accords ne peuvent \u00eatre conclus qu&rsquo;en acceptant une offre sp\u00e9cifiquement identifi\u00e9e comme telle sur le site web.<\/p>\n<h2>Responsabilit\u00e9 limit\u00e9e<\/h2>\n<p>BTG s&rsquo;engage \u00e0 actualiser le contenu du site web aussi souvent que possible. Malgr\u00e9 ce soin et cette attention, il est possible que le contenu ne soit pas\/plus exact ou complet. Les mat\u00e9riels offerts par le site Web ne contiennent aucune garantie ou r\u00e9clamation quant \u00e0 leur exactitude. Ces mat\u00e9riels peuvent \u00eatre modifi\u00e9s \u00e0 tout moment sans communication pr\u00e9alable de BTG. Les utilisateurs peuvent \u00eatre autoris\u00e9s \u00e0 placer du contenu sur le site web. BTG n&rsquo;exerce aucun contr\u00f4le pr\u00e9alable ni aucune surveillance \u00e9ditoriale, mais les plaintes concernant le contenu seront s\u00e9rieusement examin\u00e9es et supprim\u00e9es si n\u00e9cessaire. En cas de plainte, veuillez nous contacter via le formulaire de contact. BTG n&rsquo;accepte en aucun cas la responsabilit\u00e9 des liens vers des sites ou services de tiers qui sont mentionn\u00e9s sur le site.<\/p>\n<h2>Copyright<\/h2>\n<p>Tous les droits de propri\u00e9t\u00e9 intellectuelle concernant ce mat\u00e9riel appartiennent \u00e0 BTG et \u00e0 ses visiteurs. La copie, la distribution et toute autre utilisation de ces mat\u00e9riels ne sont pas autoris\u00e9es sans le consentement \u00e9crit de BTG, \u00e0 condition et dans la mesure o\u00f9 cela est autoris\u00e9 par la loi obligatoire (par exemple, les r\u00e8gles de citation), sauf indication contraire pour des mat\u00e9riaux sp\u00e9cifiques.<\/p>\n<h2>Autre<\/h2>\n<p>Cette clause de non-responsabilit\u00e9 peut \u00eatre modifi\u00e9e de temps \u00e0 autre. Ce disclaimer a \u00e9t\u00e9 g\u00e9n\u00e9r\u00e9 en n\u00e9erlandais par le g\u00e9n\u00e9rateur ICTRecht-disclaimer (http:\/\/ictrecht.nl\/disclaimergenerator\/) et traduit par BTG.<\/p>\n<p>Conditions de service<\/p>\n<p>Vous souhaitez recevoir nos conditions de service ? Veuillez nous contacter ou nous envoyer un e-mail : \u00a0<a href=\"mailto:info@bluetrk.cluster027.hosting.ovh.net\/bc1678701-ovh?subject=Terms%20of%20services%20requested\">terms of services requested<\/a><\/p>\n<\/div><\/section><\/div>\n","protected":false},"excerpt":{"rendered":"","protected":false},"author":1,"featured_media":0,"parent":0,"menu_order":0,"comment_status":"open","ping_status":"open","template":"","meta":[],"acf":[],"yoast_head":"<!-- This site is optimized with the Yoast SEO plugin v20.1 - https:\/\/yoast.com\/wordpress\/plugins\/seo\/ -->\n<title>Clause de non-responsabilit\u00e9 - BlueTree Group FR<\/title>\n<meta name=\"robots\" content=\"noindex, nofollow\" \/>\n<meta property=\"og:locale\" content=\"fr_FR\" \/>\n<meta property=\"og:type\" content=\"article\" \/>\n<meta property=\"og:title\" content=\"Clause de non-responsabilit\u00e9 - BlueTree Group FR\" \/>\n<meta property=\"og:url\" content=\"http:\/\/bluetree-group.com\/fr\/disclaimer\/\" \/>\n<meta property=\"og:site_name\" content=\"BlueTree Group FR\" \/>\n<meta property=\"article:modified_time\" content=\"2023-03-16T17:09:04+00:00\" \/>\n<meta name=\"twitter:card\" content=\"summary_large_image\" \/>\n<script type=\"application\/ld+json\" class=\"yoast-schema-graph\">{\"@context\":\"https:\/\/schema.org\",\"@graph\":[{\"@type\":\"WebPage\",\"@id\":\"http:\/\/bluetree-group.com\/fr\/disclaimer\/\",\"url\":\"http:\/\/bluetree-group.com\/fr\/disclaimer\/\",\"name\":\"Clause de non-responsabilit\u00e9 - BlueTree Group FR\",\"isPartOf\":{\"@id\":\"http:\/\/bluetree-group.com\/fr\/#website\"},\"datePublished\":\"2021-05-21T12:16:57+00:00\",\"dateModified\":\"2023-03-16T17:09:04+00:00\",\"breadcrumb\":{\"@id\":\"http:\/\/bluetree-group.com\/fr\/disclaimer\/#breadcrumb\"},\"inLanguage\":\"fr-FR\",\"potentialAction\":[{\"@type\":\"ReadAction\",\"target\":[\"http:\/\/bluetree-group.com\/fr\/disclaimer\/\"]}]},{\"@type\":\"BreadcrumbList\",\"@id\":\"http:\/\/bluetree-group.com\/fr\/disclaimer\/#breadcrumb\",\"itemListElement\":[{\"@type\":\"ListItem\",\"position\":1,\"name\":\"Accueil\",\"item\":\"http:\/\/bluetree-group.com\/fr\/\"},{\"@type\":\"ListItem\",\"position\":2,\"name\":\"Clause de non-responsabilit\u00e9\"}]},{\"@type\":\"WebSite\",\"@id\":\"http:\/\/bluetree-group.com\/fr\/#website\",\"url\":\"http:\/\/bluetree-group.com\/fr\/\",\"name\":\"BlueTree Group FR\",\"description\":\"\",\"potentialAction\":[{\"@type\":\"SearchAction\",\"target\":{\"@type\":\"EntryPoint\",\"urlTemplate\":\"http:\/\/bluetree-group.com\/fr\/?s={search_term_string}\"},\"query-input\":\"required name=search_term_string\"}],\"inLanguage\":\"fr-FR\"}]}<\/script>\n<!-- \/ Yoast SEO plugin. -->","yoast_head_json":{"title":"Clause de non-responsabilit\u00e9 - BlueTree Group FR","robots":{"index":"noindex","follow":"nofollow"},"og_locale":"fr_FR","og_type":"article","og_title":"Clause de non-responsabilit\u00e9 - BlueTree Group FR","og_url":"http:\/\/bluetree-group.com\/fr\/disclaimer\/","og_site_name":"BlueTree Group FR","article_modified_time":"2023-03-16T17:09:04+00:00","twitter_card":"summary_large_image","schema":{"@context":"https:\/\/schema.org","@graph":[{"@type":"WebPage","@id":"http:\/\/bluetree-group.com\/fr\/disclaimer\/","url":"http:\/\/bluetree-group.com\/fr\/disclaimer\/","name":"Clause de non-responsabilit\u00e9 - BlueTree Group FR","isPartOf":{"@id":"http:\/\/bluetree-group.com\/fr\/#website"},"datePublished":"2021-05-21T12:16:57+00:00","dateModified":"2023-03-16T17:09:04+00:00","breadcrumb":{"@id":"http:\/\/bluetree-group.com\/fr\/disclaimer\/#breadcrumb"},"inLanguage":"fr-FR","potentialAction":[{"@type":"ReadAction","target":["http:\/\/bluetree-group.com\/fr\/disclaimer\/"]}]},{"@type":"BreadcrumbList","@id":"http:\/\/bluetree-group.com\/fr\/disclaimer\/#breadcrumb","itemListElement":[{"@type":"ListItem","position":1,"name":"Accueil","item":"http:\/\/bluetree-group.com\/fr\/"},{"@type":"ListItem","position":2,"name":"Clause de non-responsabilit\u00e9"}]},{"@type":"WebSite","@id":"http:\/\/bluetree-group.com\/fr\/#website","url":"http:\/\/bluetree-group.com\/fr\/","name":"BlueTree Group FR","description":"","potentialAction":[{"@type":"SearchAction","target":{"@type":"EntryPoint","urlTemplate":"http:\/\/bluetree-group.com\/fr\/?s={search_term_string}"},"query-input":"required name=search_term_string"}],"inLanguage":"fr-FR"}]}},"_links":{"self":[{"href":"https:\/\/bluetree-group.com\/fr\/wp-json\/wp\/v2\/pages\/523"}],"collection":[{"href":"https:\/\/bluetree-group.com\/fr\/wp-json\/wp\/v2\/pages"}],"about":[{"href":"https:\/\/bluetree-group.com\/fr\/wp-json\/wp\/v2\/types\/page"}],"author":[{"embeddable":true,"href":"https:\/\/bluetree-group.com\/fr\/wp-json\/wp\/v2\/users\/1"}],"replies":[{"embeddable":true,"href":"https:\/\/bluetree-group.com\/fr\/wp-json\/wp\/v2\/comments?post=523"}],"version-history":[{"count":2,"href":"https:\/\/bluetree-group.com\/fr\/wp-json\/wp\/v2\/pages\/523\/revisions"}],"predecessor-version":[{"id":1041,"href":"https:\/\/bluetree-group.com\/fr\/wp-json\/wp\/v2\/pages\/523\/revisions\/1041"}],"wp:attachment":[{"href":"https:\/\/bluetree-group.com\/fr\/wp-json\/wp\/v2\/media?parent=523"}],"curies":[{"name":"wp","href":"https:\/\/api.w.org\/{rel}","templated":true}]}}