{"id":522,"date":"2021-05-21T12:16:49","date_gmt":"2021-05-21T12:16:49","guid":{"rendered":"https:\/\/bluetrk.cluster027.hosting.ovh.net\/bc1678701-ovh\/fr\/privacy-and-cookie-policy\/"},"modified":"2021-05-21T12:16:49","modified_gmt":"2021-05-21T12:16:49","slug":"privacy-and-cookie-policy","status":"publish","type":"page","link":"https:\/\/bluetree-group.com\/fr\/privacy-and-cookie-policy\/","title":{"rendered":"Politique de confidentialit\u00e9 et de cookies"},"content":{"rendered":"<div id='av_section_1'  class='avia-section av-8woxb-8e3cf8edd53b08e50da596d53c40df4c main_color avia-section-default avia-no-border-styling  avia-builder-el-0  avia-builder-el-no-sibling  avia-bg-style-scroll container_wrap sidebar_right'  ><div class='container av-section-cont-open' ><main  role=\"main\" itemprop=\"mainContentOfPage\"  class='template-page content  av-content-small alpha units'><div class='post-entry post-entry-type-page post-entry-522'><div class='entry-content-wrapper clearfix'>\n<section  class='av_textblock_section av-kpp80chg-d9b37e659b572f802003af162833b47a'  itemscope=\"itemscope\" itemtype=\"https:\/\/schema.org\/CreativeWork\" ><div class='avia_textblock'  itemprop=\"text\" ><h1>Politique de confidentialit\u00e9 et de cookies<\/h1>\n<p>Ce site ne collecte des cookies qu&rsquo;\u00e0 des fins d&rsquo;analyse, ce qui ne n\u00e9cessite aucune autorisation conform\u00e9ment \u00e0 la loi n\u00e9erlandaise sur les t\u00e9l\u00e9communications (11 mars 2015).<\/p>\n<p>Version 1.0.0<\/p>\n<p>Derni\u00e8re mise \u00e0 jour : 25-05-2018<\/p>\n<p>Cette d\u00e9claration de confidentialit\u00e9 vous informe de la mani\u00e8re dont nous traitons vos donn\u00e9es personnelles lorsque vous visitez notre site web, contient des informations sur vos droits en mati\u00e8re de confidentialit\u00e9 et explique les actions que vous pouvez entreprendre.<\/p>\n<p>Veuillez noter qu&rsquo;il est important de lire cette d\u00e9claration de confidentialit\u00e9 en m\u00eame temps que toute autre d\u00e9claration de confidentialit\u00e9 que BLUETREE GROUP BV peut fournir \u00e0 des occasions sp\u00e9cifiques concernant la collecte ou le traitement des donn\u00e9es personnelles, afin que vous soyez pleinement conscient de comment et pourquoi nous utilisons les donn\u00e9es personnelles. La pr\u00e9sente d\u00e9claration de confidentialit\u00e9 compl\u00e8te d&rsquo;autres d\u00e9clarations et n&rsquo;est pas destin\u00e9e \u00e0 les remplacer.<\/p>\n<p>BLUETREE GROUP BV se r\u00e9serve le droit d&rsquo;adapter cette politique si besoin en publiant une nouvelle version sur notre site web.<\/p>\n<p>Donn\u00e9es personnelles susceptibles d&rsquo;\u00eatre trait\u00e9es<\/p>\n<p>BLUETREE GROUP BV peut traiter vos donn\u00e9es personnelles, que vous utilisiez des services fournis par BLUETREE GROUP BV et\/ou que vous fournissiez vous-m\u00eame vos donn\u00e9es personnelles par le biais du site Internet de BLUETREE GROUP BV lorsque vous vous inscrivez \u00e0 notre newsletter, t\u00e9l\u00e9chargez des informations ou nous envoyez une demande de contact.\u00a0 BLUETREE GROUP BV peut traiter les donn\u00e9es personnelles suivantes :<\/p>\n<p>&#8211; Votre pr\u00e9nom, votre nom de famille.<\/p>\n<p>&#8211; Votre adresse et votre pays de r\u00e9sidence<\/p>\n<p>&#8211; Votre num\u00e9ro de t\u00e9l\u00e9phone<\/p>\n<p>&#8211; Votre adresse e-mail<\/p>\n<p>&#8211; Votre adresse IP<\/p>\n<p>&#8211; Le nom de votre entreprise, son adresse et ses coordonn\u00e9es<\/p>\n<p>&#8211; Les coordonn\u00e9es de votre entreprise<\/p>\n<p>&#8211; Les coordonn\u00e9es bancaires de votre entreprise si elles sont n\u00e9cessaires pour une transaction<\/p>\n<p>&#8211; Des informations sur votre localisation, votre appareil, votre navigateur, les param\u00e8tres de votre compte et vos actions de navigation.<\/p>\n<p>Pour quelles raisons BLUETREE GROUP BV a-t-il besoin de vos donn\u00e9es personnelles ?<\/p>\n<p>Pour mettre en \u0153uvre un accord<\/p>\n<p>BLUETREE GROUP BV peut traiter et utiliser vos donn\u00e9es personnelles pour l&rsquo;\u00e9laboration d&rsquo;un accord entre vous et BLUETREE GROUP BV. Par exemple, pour soumettre une proposition, mettre en place les t\u00e2ches convenues dans un contrat ou vous envoyer une lettre d&rsquo;information ou des v\u0153ux de No\u00ebl.Contact sur demande<\/p>\n<p>BLUETREE GROUP BV traite les donn\u00e9es personnelles que vous partagez avec BLUETREE GROUP BV pour pouvoir vous contacter par t\u00e9l\u00e9phone, skype, e-mail ou courrier.<\/p>\n<p><strong>Newsletter<\/strong><\/p>\n<p>Si vous vous inscrivez \u00e0 la newsletter, votre permission vous sera demand\u00e9e deux fois. Tout d&rsquo;abord, vous remplissez vos donn\u00e9es personnelles sur notre site web. Vous recevrez un e-mail avec une demande de confirmation. Deuxi\u00e8mement, vous confirmez votre abonnement en cliquant sur le lien contenu dans l&rsquo;e-mail.<\/p>\n<p>Pour permettre \u00e0 BLUETREE GROUP BV de vous envoyer un bulletin d&rsquo;information personnel, nous avons besoin de votre adresse e-mail et de votre nom complet. Ces donn\u00e9es ne seront utilis\u00e9es que pour l&rsquo;envoi de la newsletter. Vous pouvez vous d\u00e9sabonner de la newsletter \u00e0 tout moment en cliquant sur le lien figurant \u00e0 la fin de chaque newsletter. Ce lien est \u00e9galement publi\u00e9 sur notre onglet contact sur le site web.<\/p>\n<p>Nous utilisons MailChimp pour nos newsletters. L&rsquo;inscription \u00e0 la newsletter implique automatiquement que les donn\u00e9es transf\u00e9r\u00e9es sont trait\u00e9es par MailChimp et que vous vous conformez aux conditions g\u00e9n\u00e9rales et de confidentialit\u00e9 de MailChimp.<\/p>\n<p><strong>Optimisation, am\u00e9lioration et s\u00e9curit\u00e9 du site web<\/strong><\/p>\n<p>Le site web de BLUETREE GROUP BV enregistre les donn\u00e9es g\u00e9n\u00e9rales des visites, entre autres l&rsquo;adresse IP de votre ordinateur, l&rsquo;heure des demandes de donn\u00e9es et les donn\u00e9es fournies par votre navigateur. Ces donn\u00e9es seront utilis\u00e9es pour analyser les sch\u00e9mas de visite et de clic sur le site Web, pour s\u00e9curiser le site Web et pour assurer une performance optimale de notre site Web et des plug-ins ou applications Web li\u00e9s.<\/p>\n<p>BLUETREE GROUP BV utilise ces informations pour optimiser, am\u00e9liorer et s\u00e9curiser le site Internet. BLUETREE GROUP BV peut partager ces donn\u00e9es avec des tiers ou des applications de tiers comme Google Analytics.<\/p>\n<p><strong>Cookies fonctionnels<\/strong><\/p>\n<p>Nous utilisons des cookies fonctionnels, n\u00e9cessaires au bon fonctionnement du site web. Les cookies sont des fichiers, stock\u00e9s sur votre ordinateur, pour nous permettre de diff\u00e9rencier les utilisateurs ou de mettre en \u0153uvre votre demande web. Ces cookies peuvent \u00eatre supprim\u00e9s \u00e0 tout moment par les param\u00e8tres de votre compte de navigateur.<\/p>\n<p><strong>Cookies de suivi<\/strong><\/p>\n<p>Outre les cookies fonctionnels, nous pouvons utiliser des cookies de suivi. Ces cookies analysent les actions de navigation et \u00e9tudient les pr\u00e9f\u00e9rences en mati\u00e8re de publicit\u00e9. Pour ce faire, nous utilisons des logiciels externes, comme par exemple Facebook-pixel. Avant la mise en \u0153uvre de ces cookies de suivi, nous vous demandons explicitement votre autorisation lors de votre visite sur notre site web, qui sera publi\u00e9e dans ce que l&rsquo;on appelle la barre de notification des cookies, en haut de la page web. Vous n&rsquo;\u00eates pas oblig\u00e9 d&rsquo;accepter ces cookies pour visiter notre site web. En outre, ces cookies peuvent \u00eatre supprim\u00e9s \u00e0 tout moment par les param\u00e8tres de votre navigateur. Apr\u00e8s leur suppression, votre autorisation vous sera \u00e0 nouveau demand\u00e9e. Vous pouvez supprimer les donn\u00e9es personnelles, li\u00e9es par exemple \u00e0 votre compte Facebook ou Google, en contactant les organisations concern\u00e9es.<\/p>\n<p><strong>Utilisation de liens vers des m\u00e9dias sociaux<\/strong><\/p>\n<p>Nos pages peuvent utiliser des plug-ins de r\u00e9seaux sociaux tels que Facebook, Pinterest et YouTube. En utilisant ces plug-ins et lorsque vous avez un compte sur un ou plusieurs de ces m\u00e9dias sociaux, il est possible que ces r\u00e9seaux re\u00e7oivent des informations sur vos actions de navigation.<\/p>\n<p>Si vous visitez des pages de notre site web, ces plug-ins de m\u00e9dias sociaux peuvent connecter directement votre navigateur et les serveurs des m\u00e9dias sociaux. Par cette action, ces parties savent que vous avez visit\u00e9 notre site web avec votre adresse IP et cela donne aux m\u00e9dias sociaux comme Facebook la possibilit\u00e9 de relier votre visite sur notre site web \u00e0 votre compte utilisateur. Nous attirons votre attention sur le fait que nous, en tant que fournisseur de nos pages web, ne sommes pas inform\u00e9s du contenu des donn\u00e9es transmises ou de l&rsquo;utilisation de ces donn\u00e9es par ces soci\u00e9t\u00e9s.<\/p>\n<p>Si vous voulez \u00e9viter que ces entreprises \u00e9tablissent un lien entre votre visite sur notre site web et votre compte de m\u00e9dias sociaux, vous devez d&rsquo;abord vous d\u00e9connecter avant de visiter notre site web.<\/p>\n<p><strong>Utilisation d&rsquo;autres scripts de plugins et de polices Web<\/strong><\/p>\n<p>Notre site web utilise du code JavaScript pour son bon fonctionnement. Ce code peut \u00e9galement provenir d&rsquo;une partie externe, comme par exemple les polices Web de Google.<\/p>\n<p>Dans le cas o\u00f9 vous activez JavaScript dans votre navigateur et que vous n&rsquo;avez pas install\u00e9 de JavaScript-blocker, votre navigateur transmettra probablement des donn\u00e9es personnelles si un cookie est charg\u00e9 par l&rsquo;un de nos fournisseurs. ne sont pas inform\u00e9s sur le contenu de la date transmise de l&rsquo;utilisation de ces donn\u00e9es par ces soci\u00e9t\u00e9s. Vous pouvez emp\u00eacher l&rsquo;ex\u00e9cution du code JavaScript en installant un bloqueur de JavaScript (p. ex. www.noscript.net).<\/p>\n<p><strong>Stockage des donn\u00e9es par BLUETREE GROUP BV<\/strong><\/p>\n<p>BLUETREE GROUP BV ne stocke vos donn\u00e9es personnelles que le temps strictement n\u00e9cessaire \u00e0 la r\u00e9alisation de l&rsquo;objectif qu&rsquo;elles servent. Vos donn\u00e9es ne seront pas conserv\u00e9es plus de 3 ans, \u00e0 condition qu&rsquo;il n&rsquo;y ait pas d&rsquo;autre accord. Vous pouvez supprimer les cookies \u00e0 tout moment.<\/p>\n<p>Dans le cas d&rsquo;une relation client, nous conservons les donn\u00e9es au moins pendant 7 ans pour nous conformer \u00e0 la r\u00e9glementation fiscale. Si le client le demande par contrat, nous pouvons conserver les donn\u00e9es plus longtemps.<\/p>\n<p><strong>Partage avec des tiers<\/strong><\/p>\n<p>BLUETREE GROUP BV ne partage vos donn\u00e9es personnelles avec des tiers que si cela est n\u00e9cessaire pour l&rsquo;ex\u00e9cution d&rsquo;un contrat avec vous, pour des obligations l\u00e9gales ou pour l&rsquo;optimisation, l&rsquo;am\u00e9lioration ou la s\u00e9curisation du site web. Cela implique le partage d&rsquo;informations avec des applications web, des fournisseurs et des h\u00e9bergeurs, n\u00e9cessaires au bon fonctionnement du site web et de ses fonctionnalit\u00e9s, comme par exemple la possibilit\u00e9 de chatter. Si possible, les donn\u00e9es n\u00e9cessaires \u00e0 ces fonctionnalit\u00e9s seront anonymis\u00e9es et nous signerons un accord de sous-traitance avec ces tiers.<\/p>\n<p>Les donn\u00e9es personnelles peuvent \u00eatre partag\u00e9es avec des tiers \u00e0 condition que des cookies de suivi soient utilis\u00e9s. Ces donn\u00e9es ne seront utilis\u00e9es qu&rsquo;\u00e0 des fins de marketing et ne seront pas partag\u00e9es\/vendues \u00e0 des tiers. Dans la section intitul\u00e9e \u00ab\u00a0Cookies de suivi\u00a0\u00bb, vous trouverez de plus amples informations sur la mani\u00e8re dont ces cookies peuvent \u00eatre utilis\u00e9s et sur la mani\u00e8re dont vous donnez votre autorisation.<\/p>\n<p><strong>Vos droits l\u00e9gaux<\/strong><\/p>\n<p>Dans certaines circonstances, vous avez des droits en vertu des lois sur la protection des donn\u00e9es en ce qui concerne vos donn\u00e9es personnelles. Vous avez le droit d&rsquo;acc\u00e9der \u00e0 vos donn\u00e9es, de les corriger ou de les effacer. Si vous souhaitez exercer l&rsquo;un de ces droits, vous pouvez envoyer une demande en nous envoyant un courrier recommand\u00e9 ou un e-mail en utilisant les informations de contact \u00e0 la fin de ce document. BLUETREE GROUP BV r\u00e9agira \u00e0 votre demande dans les plus brefs d\u00e9lais, mais au plus tard quatre semaines apr\u00e8s r\u00e9ception.<\/p>\n<p><strong>S\u00e9curit\u00e9<\/strong><\/p>\n<p>BLUETREE GROUP BV accorde une grande importance \u00e0 la protection des donn\u00e9es et s&rsquo;efforce d&rsquo;\u00e9viter les abus, les pertes, les acc\u00e8s non autoris\u00e9s, les publications ind\u00e9sirables et les modifications ill\u00e9gales. Le site web de BLUETREE GROUP BV utilise un certificat SSL comme garantie pour vos donn\u00e9es personnelles.<\/p>\n<p>Si vous avez l&rsquo;impression que vos donn\u00e9es personnelles ne sont pas s\u00e9curis\u00e9es correctement, qu&rsquo;il existe des indices d&rsquo;abus, ou si vous souhaitez recevoir plus d&rsquo;informations sur la s\u00e9curit\u00e9 des donn\u00e9es collect\u00e9es par BLUETREE GROUP BV, veuillez contacter BLUETREE GROUP BV en utilisant les informations fournies ci-dessous :<\/p>\n<p>www.bluetrk.cluster027.hosting.ovh.net\/bc1678701-ovh est un site web de BLUETREE GROUP BV. BLUETREE GROUP BV peut \u00eatre contact\u00e9 par :<\/p>\n<p>BlueTree Group BV<\/p>\n<p>E info@bluetrk.cluster027.hosting.ovh.net\/bc1678701-ovh<\/p>\n<p><strong>Bureau aux Pays-Bas :<\/strong><\/p>\n<p>St. Jacobsstraat 123-135<\/p>\n<p>3511 BP Utrecht, Pays-Bas<\/p>\n<p>T +33 6 45 72 15 78<\/p>\n<p>Chambre de commerce : 55319017<\/p>\n<\/div><\/section>\n<\/div><\/div><\/main><!-- close content main element --><\/div><\/div><div id='after_section_1'  class='main_color av_default_container_wrap container_wrap sidebar_right'  ><div class='container av-section-cont-open' ><div class='template-page content  av-content-small alpha units'><div class='post-entry post-entry-type-page post-entry-522'><div class='entry-content-wrapper clearfix'>\n","protected":false},"excerpt":{"rendered":"","protected":false},"author":1,"featured_media":0,"parent":0,"menu_order":0,"comment_status":"open","ping_status":"open","template":"","meta":[],"acf":[],"yoast_head":"<!-- This site is optimized with the Yoast SEO plugin v20.1 - https:\/\/yoast.com\/wordpress\/plugins\/seo\/ -->\n<title>Politique de confidentialit\u00e9 et de cookies - BlueTree Group FR<\/title>\n<meta name=\"robots\" content=\"noindex, nofollow\" \/>\n<meta property=\"og:locale\" content=\"fr_FR\" \/>\n<meta property=\"og:type\" content=\"article\" \/>\n<meta property=\"og:title\" content=\"Politique de confidentialit\u00e9 et de cookies - BlueTree Group FR\" \/>\n<meta property=\"og:url\" content=\"https:\/\/bluetree-group.com\/fr\/privacy-and-cookie-policy\/\" \/>\n<meta property=\"og:site_name\" content=\"BlueTree Group FR\" \/>\n<meta name=\"twitter:card\" content=\"summary_large_image\" \/>\n<script type=\"application\/ld+json\" class=\"yoast-schema-graph\">{\"@context\":\"https:\/\/schema.org\",\"@graph\":[{\"@type\":\"WebPage\",\"@id\":\"https:\/\/bluetree-group.com\/fr\/privacy-and-cookie-policy\/\",\"url\":\"https:\/\/bluetree-group.com\/fr\/privacy-and-cookie-policy\/\",\"name\":\"Politique de confidentialit\u00e9 et de cookies - BlueTree Group FR\",\"isPartOf\":{\"@id\":\"http:\/\/bluetree-group.com\/fr\/#website\"},\"datePublished\":\"2021-05-21T12:16:49+00:00\",\"dateModified\":\"2021-05-21T12:16:49+00:00\",\"breadcrumb\":{\"@id\":\"https:\/\/bluetree-group.com\/fr\/privacy-and-cookie-policy\/#breadcrumb\"},\"inLanguage\":\"fr-FR\",\"potentialAction\":[{\"@type\":\"ReadAction\",\"target\":[\"https:\/\/bluetree-group.com\/fr\/privacy-and-cookie-policy\/\"]}]},{\"@type\":\"BreadcrumbList\",\"@id\":\"https:\/\/bluetree-group.com\/fr\/privacy-and-cookie-policy\/#breadcrumb\",\"itemListElement\":[{\"@type\":\"ListItem\",\"position\":1,\"name\":\"Accueil\",\"item\":\"http:\/\/bluetree-group.com\/fr\/\"},{\"@type\":\"ListItem\",\"position\":2,\"name\":\"Politique de confidentialit\u00e9 et de cookies\"}]},{\"@type\":\"WebSite\",\"@id\":\"http:\/\/bluetree-group.com\/fr\/#website\",\"url\":\"http:\/\/bluetree-group.com\/fr\/\",\"name\":\"BlueTree Group FR\",\"description\":\"\",\"potentialAction\":[{\"@type\":\"SearchAction\",\"target\":{\"@type\":\"EntryPoint\",\"urlTemplate\":\"http:\/\/bluetree-group.com\/fr\/?s={search_term_string}\"},\"query-input\":\"required name=search_term_string\"}],\"inLanguage\":\"fr-FR\"}]}<\/script>\n<!-- \/ Yoast SEO plugin. -->","yoast_head_json":{"title":"Politique de confidentialit\u00e9 et de cookies - BlueTree Group FR","robots":{"index":"noindex","follow":"nofollow"},"og_locale":"fr_FR","og_type":"article","og_title":"Politique de confidentialit\u00e9 et de cookies - BlueTree Group FR","og_url":"https:\/\/bluetree-group.com\/fr\/privacy-and-cookie-policy\/","og_site_name":"BlueTree Group FR","twitter_card":"summary_large_image","schema":{"@context":"https:\/\/schema.org","@graph":[{"@type":"WebPage","@id":"https:\/\/bluetree-group.com\/fr\/privacy-and-cookie-policy\/","url":"https:\/\/bluetree-group.com\/fr\/privacy-and-cookie-policy\/","name":"Politique de confidentialit\u00e9 et de cookies - BlueTree Group FR","isPartOf":{"@id":"http:\/\/bluetree-group.com\/fr\/#website"},"datePublished":"2021-05-21T12:16:49+00:00","dateModified":"2021-05-21T12:16:49+00:00","breadcrumb":{"@id":"https:\/\/bluetree-group.com\/fr\/privacy-and-cookie-policy\/#breadcrumb"},"inLanguage":"fr-FR","potentialAction":[{"@type":"ReadAction","target":["https:\/\/bluetree-group.com\/fr\/privacy-and-cookie-policy\/"]}]},{"@type":"BreadcrumbList","@id":"https:\/\/bluetree-group.com\/fr\/privacy-and-cookie-policy\/#breadcrumb","itemListElement":[{"@type":"ListItem","position":1,"name":"Accueil","item":"http:\/\/bluetree-group.com\/fr\/"},{"@type":"ListItem","position":2,"name":"Politique de confidentialit\u00e9 et de cookies"}]},{"@type":"WebSite","@id":"http:\/\/bluetree-group.com\/fr\/#website","url":"http:\/\/bluetree-group.com\/fr\/","name":"BlueTree Group FR","description":"","potentialAction":[{"@type":"SearchAction","target":{"@type":"EntryPoint","urlTemplate":"http:\/\/bluetree-group.com\/fr\/?s={search_term_string}"},"query-input":"required name=search_term_string"}],"inLanguage":"fr-FR"}]}},"_links":{"self":[{"href":"https:\/\/bluetree-group.com\/fr\/wp-json\/wp\/v2\/pages\/522"}],"collection":[{"href":"https:\/\/bluetree-group.com\/fr\/wp-json\/wp\/v2\/pages"}],"about":[{"href":"https:\/\/bluetree-group.com\/fr\/wp-json\/wp\/v2\/types\/page"}],"author":[{"embeddable":true,"href":"https:\/\/bluetree-group.com\/fr\/wp-json\/wp\/v2\/users\/1"}],"replies":[{"embeddable":true,"href":"https:\/\/bluetree-group.com\/fr\/wp-json\/wp\/v2\/comments?post=522"}],"version-history":[{"count":0,"href":"https:\/\/bluetree-group.com\/fr\/wp-json\/wp\/v2\/pages\/522\/revisions"}],"wp:attachment":[{"href":"https:\/\/bluetree-group.com\/fr\/wp-json\/wp\/v2\/media?parent=522"}],"curies":[{"name":"wp","href":"https:\/\/api.w.org\/{rel}","templated":true}]}}