{"id":519,"date":"2021-05-21T11:35:05","date_gmt":"2021-05-21T11:35:05","guid":{"rendered":"https:\/\/bluetrk.cluster027.hosting.ovh.net\/bc1678701-ovh\/fr\/news\/"},"modified":"2023-03-17T12:12:21","modified_gmt":"2023-03-17T11:12:21","slug":"news","status":"publish","type":"page","link":"https:\/\/bluetree-group.com\/fr\/news\/","title":{"rendered":"News"},"content":{"rendered":"<div id='av_section_1'  class='avia-section av-jt5rt-2a8f545fa2c225d38c3ed204f92a805a main_color avia-section-default avia-no-border-styling  avia-builder-el-0  avia-builder-el-no-sibling  avia-bg-style-scroll container_wrap sidebar_right'  ><div class='container av-section-cont-open' ><main  role=\"main\" itemprop=\"mainContentOfPage\"  class='template-page content  av-content-small alpha units'><div class='post-entry post-entry-type-page post-entry-519'><div class='entry-content-wrapper clearfix'>\n<section  class='av_textblock_section av-divxt-b2a09d7a63c8291aa7877d1c0f50d710'  itemscope=\"itemscope\" itemtype=\"https:\/\/schema.org\/CreativeWork\" ><div class='avia_textblock'  itemprop=\"text\" ><h1><span style=\"color: #0972e7;\">News and information<\/span><\/h1>\n<\/div><\/section>\n<div  class='av-alb-blogposts template-blog  av-blog-meta-author-disabled av-blog-meta-comments-disabled av-blog-meta-category-disabled av-blog-meta-date-disabled av-blog-meta-html-info-disabled av-blog-meta-tag-disabled kj-news-overview '  itemscope=\"itemscope\" itemtype=\"https:\/\/schema.org\/Blog\" ><article class=\"post-entry post-entry-type-standard post-entry-919 post-loop-1 post-parity-odd post-entry-last bloglist-excerpt  post-919 post type-post status-publish format-standard has-post-thumbnail hentry category-news\"  itemscope=\"itemscope\" itemtype=\"https:\/\/schema.org\/BlogPosting\" ><div class=\"blog-meta\"><\/div><div class='entry-content-wrapper clearfix standard-content'><header class=\"entry-content-header\"><h2 class='post-title entry-title '  itemprop=\"headline\" ><a href=\"https:\/\/bluetree-group.com\/fr\/2021\/12\/21\/le-papier-bouffant-peut-il-reduire-les-cout-de-fourniture-de-livres\/\" rel=\"bookmark\" title=\"Lien permanent : Le papier \u201cbouffant\u201d peut-il r\u00e9duire les co\u00fbt de fourniture de livres ?\">Le papier \u201cbouffant\u201d peut-il r\u00e9duire les co\u00fbt de fourniture de livres ?<span class=\"post-format-icon minor-meta\"><\/span><\/a><\/h2><span class=\"post-meta-infos\"><\/span><\/header><p>Le papier \u00ab\u00a0bouffant\u00a0\u00bb haut de gamme est une innovation r\u00e9cente propos\u00e9e par les fabricants de papier. Il a \u00e9t\u00e9 d\u00e9velopp\u00e9 au cours des cinq derni\u00e8res ann\u00e9es comme une alternative au papier offset non couch\u00e9 sans bois, fr\u00e9quemment utilis\u00e9 pour l&rsquo;impression de livres.<\/p>\n<p>Le papier bouffant est un papier liss\u00e9 m\u00e9caniquement avec une forte teneur en fibres de bois (p\u00e2te m\u00e9canique). Il est l\u00e9ger et \u00e9pais. Il est principalement utilis\u00e9 pour l&rsquo;impression de livres et de manuels scolaires.<\/p>\n<div class=\"read-more-link\"><a href=\"https:\/\/bluetree-group.com\/fr\/2021\/12\/21\/le-papier-bouffant-peut-il-reduire-les-cout-de-fourniture-de-livres\/\" class=\"more-link\">Lire la suite<span class=\"more-link-arrow\"><\/span><\/a><\/div><footer class=\"entry-footer\"><\/footer><div class='post_delimiter'><\/div><\/div><div class=\"post_author_timeline\"><\/div><span class='hidden'>\n\t\t\t\t<span class='av-structured-data'  itemprop=\"image\" itemscope=\"itemscope\" itemtype=\"https:\/\/schema.org\/ImageObject\" >\n\t\t\t\t\t\t<span itemprop='url'><\/span>\n\t\t\t\t\t\t<span itemprop='height'>0<\/span>\n\t\t\t\t\t\t<span itemprop='width'>0<\/span>\n\t\t\t\t<\/span>\n\t\t\t\t<span class='av-structured-data'  itemprop=\"publisher\" itemtype=\"https:\/\/schema.org\/Organization\" itemscope=\"itemscope\" >\n\t\t\t\t\t\t<span itemprop='name'>admin<\/span>\n\t\t\t\t\t\t<span itemprop='logo' itemscope itemtype='https:\/\/schema.org\/ImageObject'>\n\t\t\t\t\t\t\t<span itemprop='url'>https:\/\/bluetree-group.com\/fr\/wp-content\/uploads\/2021\/05\/logo-bluetree-group.png<\/span>\n\t\t\t\t\t\t<\/span>\n\t\t\t\t<\/span><span class='av-structured-data'  itemprop=\"author\" itemscope=\"itemscope\" itemtype=\"https:\/\/schema.org\/Person\" ><span itemprop='name'>admin<\/span><\/span><span class='av-structured-data'  itemprop=\"datePublished\" datetime=\"2021-12-21T07:16:54+01:00\" >2021-12-21 07:16:54<\/span><span class='av-structured-data'  itemprop=\"dateModified\" itemtype=\"https:\/\/schema.org\/dateModified\" >2021-12-21 07:16:54<\/span><span class='av-structured-data'  itemprop=\"mainEntityOfPage\" itemtype=\"https:\/\/schema.org\/mainEntityOfPage\" ><span itemprop='name'>Le papier \u201cbouffant\u201d peut-il r\u00e9duire les co\u00fbt de fourniture de livres ?<\/span><\/span><\/span><\/article><div class='bloglist-excerpt'><\/div><\/div>\n<\/div><\/div><\/main><!-- close content main element --><\/div><\/div><div id='after_section_1'  class='main_color av_default_container_wrap container_wrap sidebar_right'  ><div class='container av-section-cont-open' ><div class='template-page content  av-content-small alpha units'><div class='post-entry post-entry-type-page post-entry-519'><div class='entry-content-wrapper clearfix'>\n","protected":false},"excerpt":{"rendered":"","protected":false},"author":1,"featured_media":520,"parent":0,"menu_order":0,"comment_status":"open","ping_status":"open","template":"","meta":[],"acf":[],"yoast_head":"<!-- This site is optimized with the Yoast SEO plugin v20.1 - https:\/\/yoast.com\/wordpress\/plugins\/seo\/ -->\n<title>News - BlueTree Group FR<\/title>\n<meta name=\"robots\" content=\"index, follow, max-snippet:-1, max-image-preview:large, max-video-preview:-1\" \/>\n<link rel=\"canonical\" href=\"http:\/\/bluetree-group.com\/fr\/news\/\" \/>\n<meta property=\"og:locale\" content=\"fr_FR\" \/>\n<meta property=\"og:type\" content=\"article\" \/>\n<meta property=\"og:title\" content=\"News - BlueTree Group FR\" \/>\n<meta property=\"og:url\" content=\"http:\/\/bluetree-group.com\/fr\/news\/\" \/>\n<meta property=\"og:site_name\" content=\"BlueTree Group FR\" \/>\n<meta property=\"article:modified_time\" content=\"2023-03-17T11:12:21+00:00\" \/>\n<meta name=\"twitter:card\" content=\"summary_large_image\" \/>\n<meta name=\"twitter:label1\" content=\"Dur\u00e9e de lecture estim\u00e9e\" \/>\n\t<meta name=\"twitter:data1\" content=\"1 minute\" \/>\n<script type=\"application\/ld+json\" class=\"yoast-schema-graph\">{\"@context\":\"https:\/\/schema.org\",\"@graph\":[{\"@type\":\"WebPage\",\"@id\":\"http:\/\/bluetree-group.com\/fr\/news\/\",\"url\":\"http:\/\/bluetree-group.com\/fr\/news\/\",\"name\":\"News - BlueTree Group FR\",\"isPartOf\":{\"@id\":\"http:\/\/bluetree-group.com\/fr\/#website\"},\"datePublished\":\"2021-05-21T11:35:05+00:00\",\"dateModified\":\"2023-03-17T11:12:21+00:00\",\"breadcrumb\":{\"@id\":\"http:\/\/bluetree-group.com\/fr\/news\/#breadcrumb\"},\"inLanguage\":\"fr-FR\",\"potentialAction\":[{\"@type\":\"ReadAction\",\"target\":[\"http:\/\/bluetree-group.com\/fr\/news\/\"]}]},{\"@type\":\"BreadcrumbList\",\"@id\":\"http:\/\/bluetree-group.com\/fr\/news\/#breadcrumb\",\"itemListElement\":[{\"@type\":\"ListItem\",\"position\":1,\"name\":\"Accueil\",\"item\":\"http:\/\/bluetree-group.com\/fr\/\"},{\"@type\":\"ListItem\",\"position\":2,\"name\":\"News\"}]},{\"@type\":\"WebSite\",\"@id\":\"http:\/\/bluetree-group.com\/fr\/#website\",\"url\":\"http:\/\/bluetree-group.com\/fr\/\",\"name\":\"BlueTree Group FR\",\"description\":\"\",\"potentialAction\":[{\"@type\":\"SearchAction\",\"target\":{\"@type\":\"EntryPoint\",\"urlTemplate\":\"http:\/\/bluetree-group.com\/fr\/?s={search_term_string}\"},\"query-input\":\"required name=search_term_string\"}],\"inLanguage\":\"fr-FR\"}]}<\/script>\n<!-- \/ Yoast SEO plugin. -->","yoast_head_json":{"title":"News - BlueTree Group FR","robots":{"index":"index","follow":"follow","max-snippet":"max-snippet:-1","max-image-preview":"max-image-preview:large","max-video-preview":"max-video-preview:-1"},"canonical":"http:\/\/bluetree-group.com\/fr\/news\/","og_locale":"fr_FR","og_type":"article","og_title":"News - BlueTree Group FR","og_url":"http:\/\/bluetree-group.com\/fr\/news\/","og_site_name":"BlueTree Group FR","article_modified_time":"2023-03-17T11:12:21+00:00","twitter_card":"summary_large_image","twitter_misc":{"Dur\u00e9e de lecture estim\u00e9e":"1 minute"},"schema":{"@context":"https:\/\/schema.org","@graph":[{"@type":"WebPage","@id":"http:\/\/bluetree-group.com\/fr\/news\/","url":"http:\/\/bluetree-group.com\/fr\/news\/","name":"News - BlueTree Group FR","isPartOf":{"@id":"http:\/\/bluetree-group.com\/fr\/#website"},"datePublished":"2021-05-21T11:35:05+00:00","dateModified":"2023-03-17T11:12:21+00:00","breadcrumb":{"@id":"http:\/\/bluetree-group.com\/fr\/news\/#breadcrumb"},"inLanguage":"fr-FR","potentialAction":[{"@type":"ReadAction","target":["http:\/\/bluetree-group.com\/fr\/news\/"]}]},{"@type":"BreadcrumbList","@id":"http:\/\/bluetree-group.com\/fr\/news\/#breadcrumb","itemListElement":[{"@type":"ListItem","position":1,"name":"Accueil","item":"http:\/\/bluetree-group.com\/fr\/"},{"@type":"ListItem","position":2,"name":"News"}]},{"@type":"WebSite","@id":"http:\/\/bluetree-group.com\/fr\/#website","url":"http:\/\/bluetree-group.com\/fr\/","name":"BlueTree Group FR","description":"","potentialAction":[{"@type":"SearchAction","target":{"@type":"EntryPoint","urlTemplate":"http:\/\/bluetree-group.com\/fr\/?s={search_term_string}"},"query-input":"required name=search_term_string"}],"inLanguage":"fr-FR"}]}},"_links":{"self":[{"href":"https:\/\/bluetree-group.com\/fr\/wp-json\/wp\/v2\/pages\/519"}],"collection":[{"href":"https:\/\/bluetree-group.com\/fr\/wp-json\/wp\/v2\/pages"}],"about":[{"href":"https:\/\/bluetree-group.com\/fr\/wp-json\/wp\/v2\/types\/page"}],"author":[{"embeddable":true,"href":"https:\/\/bluetree-group.com\/fr\/wp-json\/wp\/v2\/users\/1"}],"replies":[{"embeddable":true,"href":"https:\/\/bluetree-group.com\/fr\/wp-json\/wp\/v2\/comments?post=519"}],"version-history":[{"count":3,"href":"https:\/\/bluetree-group.com\/fr\/wp-json\/wp\/v2\/pages\/519\/revisions"}],"predecessor-version":[{"id":1063,"href":"https:\/\/bluetree-group.com\/fr\/wp-json\/wp\/v2\/pages\/519\/revisions\/1063"}],"wp:featuredmedia":[{"embeddable":true,"href":"https:\/\/bluetree-group.com\/fr\/wp-json\/"}],"wp:attachment":[{"href":"https:\/\/bluetree-group.com\/fr\/wp-json\/wp\/v2\/media?parent=519"}],"curies":[{"name":"wp","href":"https:\/\/api.w.org\/{rel}","templated":true}]}}