{"id":494,"date":"2018-06-12T08:54:47","date_gmt":"2018-06-12T08:54:47","guid":{"rendered":"https:\/\/bluetrk.cluster027.hosting.ovh.net\/bc1678701-ovh\/fr\/contact\/"},"modified":"2023-08-29T09:47:03","modified_gmt":"2023-08-29T07:47:03","slug":"contact","status":"publish","type":"page","link":"https:\/\/bluetree-group.com\/fr\/contact\/","title":{"rendered":"Contact"},"content":{"rendered":"\n<style type=\"text\/css\" data-created_by=\"avia_inline_auto\" id=\"style-css-av-kp83f4f3-838501e4694972717ecabbe3baec01d4\">\n.avia-section.av-kp83f4f3-838501e4694972717ecabbe3baec01d4{\nbackground-color:#0972e7;\nbackground-image:unset;\n}\n<\/style>\n<div id='av_section_1'  class='avia-section av-kp83f4f3-838501e4694972717ecabbe3baec01d4 main_color avia-section-huge avia-no-border-styling  avia-builder-el-0  el_before_av_section  avia-builder-el-first  avia-bg-style-scroll container_wrap sidebar_right'  ><div class='container av-section-cont-open' ><main  role=\"main\" itemprop=\"mainContentOfPage\"  class='template-page content  av-content-small alpha units'><div class='post-entry post-entry-type-page post-entry-494'><div class='entry-content-wrapper clearfix'>\n\n<style type=\"text\/css\" data-created_by=\"avia_inline_auto\" id=\"style-css-av-128bm-3066aee1c325b71b7c1d7d7dd9dc50b8\">\n.flex_column.av-128bm-3066aee1c325b71b7c1d7d7dd9dc50b8{\n-webkit-border-radius:0px 0px 0px 0px;\n-moz-border-radius:0px 0px 0px 0px;\nborder-radius:0px 0px 0px 0px;\npadding:0px 0px 0px 0px;\n}\n<\/style>\n<div class='flex_column av-128bm-3066aee1c325b71b7c1d7d7dd9dc50b8 av_three_fourth  avia-builder-el-1  avia-builder-el-no-sibling  first flex_column_div av-zero-column-padding '     ><style type=\"text\/css\" data-created_by=\"avia_inline_auto\" id=\"style-css-av-kp83g8af-954d6b8a17d0e682c994dea0d230053a\">\n#top .av_textblock_section.av-kp83g8af-954d6b8a17d0e682c994dea0d230053a .avia_textblock{\nfont-size:24px;\ncolor:#ffffff;\n}\n<\/style>\n<section  class='av_textblock_section av-kp83g8af-954d6b8a17d0e682c994dea0d230053a'  itemscope=\"itemscope\" itemtype=\"https:\/\/schema.org\/CreativeWork\" ><div class='avia_textblock av_inherit_color'  itemprop=\"text\" ><h1><strong>Prenez contact avec nous<\/strong><\/h1>\n<p><span class=\"Y2IQFc\" lang=\"fr\">\u00cates-vous int\u00e9ress\u00e9 par la cha\u00eene d&rsquo;approvisionnement mondiale du livre?<\/span><\/p>\n<p><span class=\"Y2IQFc\" lang=\"fr\"> N&rsquo;h\u00e9sitez pas \u00e0 nous contacter! Vous pouvez nous joindre via nos canaux num\u00e9riques, <\/span><span class=\"Y2IQFc\" lang=\"fr\">email, t\u00e9l\u00e9phone ou nous rendre visite.<\/span><\/p>\n<p>BlueTree Group<br \/>\n<strong><a href=\"mailto:info@bluetree-group.com\">info@bluetree-group.com<\/a><\/strong><\/p>\n<\/div><\/section><\/div>\n\n<\/div><\/div><\/main><!-- close content main element --><\/div><\/div><div id='av_section_2'  class='avia-section av-kp83h0bt-8f21254f546dc1d78fb297df5cd0f9bc main_color avia-section-large avia-no-border-styling  avia-builder-el-3  el_after_av_section  avia-builder-el-last  kj-column-no-margin avia-bg-style-scroll container_wrap sidebar_right'  ><div class='container av-section-cont-open' ><div class='template-page content  av-content-small alpha units'><div class='post-entry post-entry-type-page post-entry-494'><div class='entry-content-wrapper clearfix'>\n<div class='flex_column_table av-kp83hc7r-24a55e128a5c97eb77d9e9c4552a2591 sc-av_one_full av-equal-height-column-flextable'>\n<style type=\"text\/css\" data-created_by=\"avia_inline_auto\" id=\"style-css-av-kp83hc7r-24a55e128a5c97eb77d9e9c4552a2591\">\n.flex_column.av-kp83hc7r-24a55e128a5c97eb77d9e9c4552a2591{\n-webkit-border-radius:0px 0px 0px 0px;\n-moz-border-radius:0px 0px 0px 0px;\nborder-radius:0px 0px 0px 0px;\npadding:60px 60px 60px 60px;\nbackground-color:#dbcfbf;\n}\n<\/style>\n<div class='flex_column av-kp83hc7r-24a55e128a5c97eb77d9e9c4552a2591 av_one_full  avia-builder-el-4  avia-builder-el-no-sibling  first no_margin flex_column_table_cell av-equal-height-column av-align-middle '     ><section  class='av_textblock_section av-kp83kpv2-21e0711fdb82d6dd5356d0a412f8f3ad'  itemscope=\"itemscope\" itemtype=\"https:\/\/schema.org\/CreativeWork\" ><div class='avia_textblock'  itemprop=\"text\" ><h2>Bureau aux Pays-Bas<\/h2>\n<p>St. Jacobsstraat 123-135,<br \/>\n3511BP Utrecht,<br \/>\nLes Pays-Bas<\/p>\n<p>+33 6 45 72 15 79<br \/>\n<a href=\"mailto:info@bluetree-group.com\">info@bluetree-group.com<\/a><\/p>\n<p>Chamber de Commerce: 55319017<br \/>\nVAT: 851653923B01<\/p>\n<\/div><\/section><\/div><\/div><!--close column table wrapper. Autoclose: 1 --><\/div><\/div><\/div><!-- close content main div --><\/div><\/div><div id='after_section_2'  class='main_color av_default_container_wrap container_wrap sidebar_right'  ><div class='container av-section-cont-open' ><div class='template-page content  av-content-small alpha units'><div class='post-entry post-entry-type-page post-entry-494'><div class='entry-content-wrapper clearfix'>\n","protected":false},"excerpt":{"rendered":"","protected":false},"author":1,"featured_media":303,"parent":0,"menu_order":0,"comment_status":"open","ping_status":"open","template":"","meta":[],"acf":[],"yoast_head":"<!-- This site is optimized with the Yoast SEO plugin v20.1 - https:\/\/yoast.com\/wordpress\/plugins\/seo\/ -->\n<title>Contact - BlueTree Group FR<\/title>\n<meta name=\"robots\" content=\"index, follow, max-snippet:-1, max-image-preview:large, max-video-preview:-1\" \/>\n<link rel=\"canonical\" href=\"http:\/\/bluetree-group.com\/fr\/contact\/\" \/>\n<meta property=\"og:locale\" content=\"fr_FR\" \/>\n<meta property=\"og:type\" content=\"article\" \/>\n<meta property=\"og:title\" content=\"Contact - BlueTree Group FR\" \/>\n<meta property=\"og:url\" content=\"http:\/\/bluetree-group.com\/fr\/contact\/\" \/>\n<meta property=\"og:site_name\" content=\"BlueTree Group FR\" \/>\n<meta property=\"article:modified_time\" content=\"2023-08-29T07:47:03+00:00\" \/>\n<meta name=\"twitter:card\" content=\"summary_large_image\" \/>\n<meta name=\"twitter:label1\" content=\"Dur\u00e9e de lecture estim\u00e9e\" \/>\n\t<meta name=\"twitter:data1\" content=\"2 minutes\" \/>\n<script type=\"application\/ld+json\" class=\"yoast-schema-graph\">{\"@context\":\"https:\/\/schema.org\",\"@graph\":[{\"@type\":\"WebPage\",\"@id\":\"http:\/\/bluetree-group.com\/fr\/contact\/\",\"url\":\"http:\/\/bluetree-group.com\/fr\/contact\/\",\"name\":\"Contact - BlueTree Group FR\",\"isPartOf\":{\"@id\":\"http:\/\/bluetree-group.com\/fr\/#website\"},\"datePublished\":\"2018-06-12T08:54:47+00:00\",\"dateModified\":\"2023-08-29T07:47:03+00:00\",\"breadcrumb\":{\"@id\":\"http:\/\/bluetree-group.com\/fr\/contact\/#breadcrumb\"},\"inLanguage\":\"fr-FR\",\"potentialAction\":[{\"@type\":\"ReadAction\",\"target\":[\"http:\/\/bluetree-group.com\/fr\/contact\/\"]}]},{\"@type\":\"BreadcrumbList\",\"@id\":\"http:\/\/bluetree-group.com\/fr\/contact\/#breadcrumb\",\"itemListElement\":[{\"@type\":\"ListItem\",\"position\":1,\"name\":\"Accueil\",\"item\":\"http:\/\/bluetree-group.com\/fr\/\"},{\"@type\":\"ListItem\",\"position\":2,\"name\":\"Contact\"}]},{\"@type\":\"WebSite\",\"@id\":\"http:\/\/bluetree-group.com\/fr\/#website\",\"url\":\"http:\/\/bluetree-group.com\/fr\/\",\"name\":\"BlueTree Group FR\",\"description\":\"\",\"potentialAction\":[{\"@type\":\"SearchAction\",\"target\":{\"@type\":\"EntryPoint\",\"urlTemplate\":\"http:\/\/bluetree-group.com\/fr\/?s={search_term_string}\"},\"query-input\":\"required name=search_term_string\"}],\"inLanguage\":\"fr-FR\"}]}<\/script>\n<!-- \/ Yoast SEO plugin. -->","yoast_head_json":{"title":"Contact - BlueTree Group FR","robots":{"index":"index","follow":"follow","max-snippet":"max-snippet:-1","max-image-preview":"max-image-preview:large","max-video-preview":"max-video-preview:-1"},"canonical":"http:\/\/bluetree-group.com\/fr\/contact\/","og_locale":"fr_FR","og_type":"article","og_title":"Contact - BlueTree Group FR","og_url":"http:\/\/bluetree-group.com\/fr\/contact\/","og_site_name":"BlueTree Group FR","article_modified_time":"2023-08-29T07:47:03+00:00","twitter_card":"summary_large_image","twitter_misc":{"Dur\u00e9e de lecture estim\u00e9e":"2 minutes"},"schema":{"@context":"https:\/\/schema.org","@graph":[{"@type":"WebPage","@id":"http:\/\/bluetree-group.com\/fr\/contact\/","url":"http:\/\/bluetree-group.com\/fr\/contact\/","name":"Contact - BlueTree Group FR","isPartOf":{"@id":"http:\/\/bluetree-group.com\/fr\/#website"},"datePublished":"2018-06-12T08:54:47+00:00","dateModified":"2023-08-29T07:47:03+00:00","breadcrumb":{"@id":"http:\/\/bluetree-group.com\/fr\/contact\/#breadcrumb"},"inLanguage":"fr-FR","potentialAction":[{"@type":"ReadAction","target":["http:\/\/bluetree-group.com\/fr\/contact\/"]}]},{"@type":"BreadcrumbList","@id":"http:\/\/bluetree-group.com\/fr\/contact\/#breadcrumb","itemListElement":[{"@type":"ListItem","position":1,"name":"Accueil","item":"http:\/\/bluetree-group.com\/fr\/"},{"@type":"ListItem","position":2,"name":"Contact"}]},{"@type":"WebSite","@id":"http:\/\/bluetree-group.com\/fr\/#website","url":"http:\/\/bluetree-group.com\/fr\/","name":"BlueTree Group FR","description":"","potentialAction":[{"@type":"SearchAction","target":{"@type":"EntryPoint","urlTemplate":"http:\/\/bluetree-group.com\/fr\/?s={search_term_string}"},"query-input":"required name=search_term_string"}],"inLanguage":"fr-FR"}]}},"_links":{"self":[{"href":"https:\/\/bluetree-group.com\/fr\/wp-json\/wp\/v2\/pages\/494"}],"collection":[{"href":"https:\/\/bluetree-group.com\/fr\/wp-json\/wp\/v2\/pages"}],"about":[{"href":"https:\/\/bluetree-group.com\/fr\/wp-json\/wp\/v2\/types\/page"}],"author":[{"embeddable":true,"href":"https:\/\/bluetree-group.com\/fr\/wp-json\/wp\/v2\/users\/1"}],"replies":[{"embeddable":true,"href":"https:\/\/bluetree-group.com\/fr\/wp-json\/wp\/v2\/comments?post=494"}],"version-history":[{"count":3,"href":"https:\/\/bluetree-group.com\/fr\/wp-json\/wp\/v2\/pages\/494\/revisions"}],"predecessor-version":[{"id":1093,"href":"https:\/\/bluetree-group.com\/fr\/wp-json\/wp\/v2\/pages\/494\/revisions\/1093"}],"wp:featuredmedia":[{"embeddable":true,"href":"https:\/\/bluetree-group.com\/fr\/wp-json\/"}],"wp:attachment":[{"href":"https:\/\/bluetree-group.com\/fr\/wp-json\/wp\/v2\/media?parent=494"}],"curies":[{"name":"wp","href":"https:\/\/api.w.org\/{rel}","templated":true}]}}