{"id":1017,"date":"2022-08-03T11:36:32","date_gmt":"2022-08-03T11:36:32","guid":{"rendered":"https:\/\/bluetrk.cluster027.hosting.ovh.net\/bc1678701-ovh\/fr\/?page_id=1017"},"modified":"2023-08-29T10:23:29","modified_gmt":"2023-08-29T08:23:29","slug":"guide-du-developpement-de-la-politique-nationale-du-livre","status":"publish","type":"page","link":"https:\/\/bluetree-group.com\/fr\/guide-du-developpement-de-la-politique-nationale-du-livre\/","title":{"rendered":"Guide du D\u00e9veloppement de la Politique Nationale du Livre"},"content":{"rendered":"<div id='av-layout-grid-1'  class='av-layout-grid-container av-slcka1-1d6f89704bf655b0ac483a8d6f28427b entry-content-wrapper main_color av-flex-cells  avia-builder-el-0  el_before_av_section  avia-builder-el-first   container_wrap sidebar_right'  >\n\n<style type=\"text\/css\" data-created_by=\"avia_inline_auto\" id=\"style-css-av-l6dj3ncp-5e21dcddb0134ee7fdf9222a5e4fcc17\">\n.flex_cell.av-l6dj3ncp-5e21dcddb0134ee7fdf9222a5e4fcc17{\nvertical-align:middle;\nbackground-color:#8b9e3d;\n}\n.responsive #top #wrap_all .flex_cell.av-l6dj3ncp-5e21dcddb0134ee7fdf9222a5e4fcc17{\npadding:70px 0px 70px 0px !important;\n}\n<\/style>\n<div class='flex_cell av-l6dj3ncp-5e21dcddb0134ee7fdf9222a5e4fcc17 av-gridrow-cell av_one_half no_margin  avia-builder-el-1  el_before_av_cell_one_half  avia-builder-el-first ' ><div class='flex_cell_inner'>\n<style type=\"text\/css\" data-created_by=\"avia_inline_auto\" id=\"style-css-av-l6dja87c-f7bed15fd9fdad1194114a076d0d3213\">\n.avia-image-container.av-l6dja87c-f7bed15fd9fdad1194114a076d0d3213 img.avia_image{\nbox-shadow:none;\n}\n.avia-image-container.av-l6dja87c-f7bed15fd9fdad1194114a076d0d3213 .av-image-caption-overlay-center{\ncolor:#ffffff;\n}\n<\/style>\n<div  class='avia-image-container av-l6dja87c-f7bed15fd9fdad1194114a076d0d3213 av-styling-no-styling avia-align-left  avia-builder-el-2  avia-builder-el-no-sibling '   itemprop=\"image\" itemscope=\"itemscope\" itemtype=\"https:\/\/schema.org\/ImageObject\" ><div class=\"avia-image-container-inner\"><div class=\"avia-image-overlay-wrap\"><img decoding=\"async\" class='avia-img-lazy-loading-not- avia_image ' src=\"https:\/\/bluetree-group.com\/fr\/fr\/wp-content\/uploads\/sites\/2\/2022\/08\/NBP1.png\" alt='' title=''   itemprop=\"thumbnailUrl\"  \/><\/div><\/div><\/div>\n<\/div><\/div>\n<style type=\"text\/css\" data-created_by=\"avia_inline_auto\" id=\"style-css-av-2or6ax-95efa7f347a81c8c5ef74236026c90d8\">\n.flex_cell.av-2or6ax-95efa7f347a81c8c5ef74236026c90d8{\nvertical-align:middle;\nbackground-color:#8b9e3d;\n}\n.responsive #top #wrap_all .flex_cell.av-2or6ax-95efa7f347a81c8c5ef74236026c90d8{\npadding:30px 100px 30px 100px !important;\n}\n<\/style>\n<div class='flex_cell av-2or6ax-95efa7f347a81c8c5ef74236026c90d8 av-gridrow-cell av_one_half no_margin  avia-builder-el-3  el_after_av_cell_one_half  avia-builder-el-last ' ><div class='flex_cell_inner'>\n<style type=\"text\/css\" data-created_by=\"avia_inline_auto\" id=\"style-css-av-l6dj492l-e4f2c71e4c62ad5aa56b3cc004f43f02\">\n#top .av_textblock_section.av-l6dj492l-e4f2c71e4c62ad5aa56b3cc004f43f02 .avia_textblock{\nfont-size:24px;\n}\n<\/style>\n<section  class='av_textblock_section av-l6dj492l-e4f2c71e4c62ad5aa56b3cc004f43f02'  itemscope=\"itemscope\" itemtype=\"https:\/\/schema.org\/CreativeWork\" ><div class='avia_textblock'  itemprop=\"text\" ><h1>Guide du D\u00e9veloppement de la Politique Nationale du Livre<\/h1>\n<p>Dans chaque cha\u00eene d\u2019approvisionnement du livre, il y a plusieurs intervenants importants, qui ont tous leurs propres int\u00e9r\u00eats et exigences. L\u2019adaptation d\u2019une politique nationale du livre est importante pour harmoniser et r\u00e9glementer l\u2019industrie du livre et promouvoir une culture du livre et de la lecture. La mise en place d\u2019une politique nationale du livre permettra \u00e9galement d\u2019am\u00e9liorer directement les niveaux d\u2019alphab\u00e9tisation et de lecture dans le pays.<\/p>\n<p>Guide du D\u00e9veloppement de la Politique Nationale du Livre est un cadre propos\u00e9, qui identifie les diff\u00e9rents aspects reliant et harmonisant les facteurs culturels, industriels, commerciaux et gouvernementaux pour l\u2019acc\u00e8s aux livres pour tous, conform\u00e9ment \u00e0 l\u2019initiative de l\u2019UNESCO sur la Politique nationale du livre.<\/p>\n<\/div><\/section>\n<\/div><\/div>\n<\/div>\n<div id='av_section_1'  class='avia-section av-pud18p-24c40d8561f63f1e7a89a826facaf973 main_color avia-section-default avia-no-border-styling  avia-builder-el-5  el_after_av_layout_row  el_before_av_section  avia-bg-style-scroll container_wrap sidebar_right'  ><div class='container av-section-cont-open' ><div class='template-page content  av-content-small alpha units'><div class='post-entry post-entry-type-page post-entry-1017'><div class='entry-content-wrapper clearfix'>\n\n<style type=\"text\/css\" data-created_by=\"avia_inline_auto\" id=\"style-css-av-nlnxwp-ed2a773d42926f2dd458b65cc2f1bbe6\">\n.flex_column.av-nlnxwp-ed2a773d42926f2dd458b65cc2f1bbe6{\n-webkit-border-radius:0px 0px 0px 0px;\n-moz-border-radius:0px 0px 0px 0px;\nborder-radius:0px 0px 0px 0px;\npadding:0px 0px 0px 0px;\n}\n<\/style>\n<div class='flex_column av-nlnxwp-ed2a773d42926f2dd458b65cc2f1bbe6 av_three_fourth  avia-builder-el-6  avia-builder-el-no-sibling  first flex_column_div av-zero-column-padding '     ><section  class='av_textblock_section av-l6dj4w4z-a1f8fa9ea7ae2adfe87c468a251d0e84'  itemscope=\"itemscope\" itemtype=\"https:\/\/schema.org\/CreativeWork\" ><div class='avia_textblock'  itemprop=\"text\" ><p>Le d\u00e9fi de l\u2019\u00e9laboration d\u2019une politique nationale du livre pour un pays est qu\u2019elle exige une connaissance globale et sp\u00e9cifique de la cha\u00eene du livre, de l\u2019\u00e9dition \u00e0 la distribution. L\u2019exp\u00e9rience dans plusieurs pays, la connaissance technique approfondie de toutes les composantes d\u2019un livre et la compr\u00e9hension des objectifs d\u2019am\u00e9lioration vis\u00e9s par la mise en \u0153uvre de la pr\u00e9sente politique, sont \u00e9galement d\u00e9terminant.<\/p>\n<p>Le Guide du D\u00e9veloppement de la Politique Nationale du Livre (GDPNL) propose des lignes directrices aux minist\u00e8res sur la base des informations recueillies et analys\u00e9es concernant les politiques nationales, les influences culturelles, les auteurs locaux, les imprimeurs, les \u00e9diteurs, la logistique. La disponibilit\u00e9 de mati\u00e8res premi\u00e8res comme le papier et l\u2019encre, la structure des droits et taxes, les lois et les r\u00e8glements ainsi que la politique d\u2019importation qui influencent la cha\u00eene d\u2019approvisionnement du livre dans un pays, sont \u00e9galement pris en compte pour \u00e9laborer la PNL.<\/p>\n<p>BlueTree Group \u00e9value les aspects ci-dessous pour identifier les avantages et les inconv\u00e9nients des politiques existantes. Il les utilise pour recommander aux organisations et aux minist\u00e8res d\u2019ouvrir des discussions avec les d\u00e9cideurs politiques sur l\u2019am\u00e9lioration de la cha\u00eene d\u2019approvisionnement du livre :<\/p>\n<p>Le GDPNL formule une ligne directrice fond\u00e9e sur\u00a0:<\/p>\n<ul>\n<li>L\u2019analyse de la cha\u00eene d\u2019approvisionnement du livre dans le pays<\/li>\n<li>Les aspects fiscaux qui influent la cha\u00eene d\u2019approvisionnement du livre<\/li>\n<li>Les Politiques sur les droits d\u2019auteur et les droits de propri\u00e9t\u00e9 intellectuelle<\/li>\n<li>Les moyen d\u2019approvisionnement en mati\u00e8res premi\u00e8res pour l\u2019impression et l\u2019\u00e9dition locales<\/li>\n<\/ul>\n<p>Il donne des recommandations sur le syst\u00e8me de suivi de la distribution des livres et sur le syst\u00e8mes de gestion des stocks<\/p>\n<\/div><\/section><\/div>\n\n<\/div><\/div><\/div><!-- close content main div --><\/div><\/div><div id='av_section_2'  class='avia-section av-lwoap5-499555701d7f584c09cf4d2c96948750 main_color avia-section-large avia-no-border-styling  avia-builder-el-8  el_after_av_section  avia-builder-el-last  avia-bg-style-scroll container_wrap sidebar_right'  ><div class='container av-section-cont-open' ><div class='template-page content  av-content-small alpha units'><div class='post-entry post-entry-type-page post-entry-1017'><div class='entry-content-wrapper clearfix'>\n\n<style type=\"text\/css\" data-created_by=\"avia_inline_auto\" id=\"style-css-av-kw4pl5-0fd758e30f81208150cc82a36782a2b0\">\n.flex_column.av-kw4pl5-0fd758e30f81208150cc82a36782a2b0{\n-webkit-border-radius:0px 0px 0px 0px;\n-moz-border-radius:0px 0px 0px 0px;\nborder-radius:0px 0px 0px 0px;\npadding:0px 0px 0px 0px;\n}\n<\/style>\n<div class='flex_column av-kw4pl5-0fd758e30f81208150cc82a36782a2b0 av_one_full  avia-builder-el-9  el_before_av_hr  avia-builder-el-first  first flex_column_div av-zero-column-padding '     ><section  class='av_textblock_section av-l6dj5ib6-7136632bf5f9f57ae1d826d3766d23bf'  itemscope=\"itemscope\" itemtype=\"https:\/\/schema.org\/CreativeWork\" ><div class='avia_textblock'  itemprop=\"text\" ><h2><span style=\"color: #0972e7;\">Aper\u00e7u des services<\/span><\/h2>\n<\/div><\/section><\/div>\n<style type=\"text\/css\" data-created_by=\"avia_inline_auto\" id=\"style-css-av-j46bs9-818817c86b4e0b08bf01e23deac70d80\">\n#top .hr.hr-invisible.av-j46bs9-818817c86b4e0b08bf01e23deac70d80{\nheight:20px;\n}\n<\/style>\n<div  class='hr av-j46bs9-818817c86b4e0b08bf01e23deac70d80 hr-invisible  avia-builder-el-11  el_after_av_one_full  el_before_av_one_third '><span class='hr-inner '><span class=\"hr-inner-style\"><\/span><\/span><\/div>\n\n<style type=\"text\/css\" data-created_by=\"avia_inline_auto\" id=\"style-css-av-h671c9-0ff881c05fa020f32d8910d72ed3a8e3\">\n.flex_column.av-h671c9-0ff881c05fa020f32d8910d72ed3a8e3{\n-webkit-border-radius:0px 0px 0px 0px;\n-moz-border-radius:0px 0px 0px 0px;\nborder-radius:0px 0px 0px 0px;\npadding:0px 0px 0px 0px;\n}\n<\/style>\n<div class='flex_column av-h671c9-0ff881c05fa020f32d8910d72ed3a8e3 av_one_third  avia-builder-el-12  el_after_av_hr  el_before_av_one_third  first flex_column_div av-zero-column-padding '     ><p>\n<style type=\"text\/css\" data-created_by=\"avia_inline_auto\" id=\"style-css-av-fu5ctl-3b8c7ccf0425314f6edbf6e464d4c895\">\n.avia-image-container.av-fu5ctl-3b8c7ccf0425314f6edbf6e464d4c895 img.avia_image{\nbox-shadow:none;\n}\n.avia-image-container.av-fu5ctl-3b8c7ccf0425314f6edbf6e464d4c895 .av-image-caption-overlay-center{\ncolor:#ffffff;\n}\n<\/style>\n<div  class='avia-image-container av-fu5ctl-3b8c7ccf0425314f6edbf6e464d4c895 av-styling-circle avia-align-center  avia-builder-el-13  el_before_av_textblock  avia-builder-el-first '   itemprop=\"image\" itemscope=\"itemscope\" itemtype=\"https:\/\/schema.org\/ImageObject\" ><div class=\"avia-image-container-inner\"><div class=\"avia-image-overlay-wrap\"><img decoding=\"async\" class='avia-img-lazy-loading-not- avia_image ' src=\"https:\/\/bluetree-group.com\/fr\/wp-content\/uploads\/2021\/06\/01.201-300x300.jpg\" alt='' title=''   itemprop=\"thumbnailUrl\"  \/><\/div><\/div><\/div><br \/>\n\n<style type=\"text\/css\" data-created_by=\"avia_inline_auto\" id=\"style-css-av-l6dj692r-b28e5c5fda69427c4249019f1a75fbb1\">\n#top .av_textblock_section.av-l6dj692r-b28e5c5fda69427c4249019f1a75fbb1 .avia_textblock{\nfont-size:24px;\n}\n<\/style>\n<section  class='av_textblock_section av-l6dj692r-b28e5c5fda69427c4249019f1a75fbb1'  itemscope=\"itemscope\" itemtype=\"https:\/\/schema.org\/CreativeWork\" ><div class='avia_textblock'  itemprop=\"text\" ><p style=\"text-align: center;\">\u00c9valuation de la cha\u00eene d&rsquo;approvisionnement du livre<\/p>\n<\/div><\/section><\/p><\/div>\n<style type=\"text\/css\" data-created_by=\"avia_inline_auto\" id=\"style-css-av-dh3l21-79d48e480ec02eb4d0f24af3cc5847e7\">\n.flex_column.av-dh3l21-79d48e480ec02eb4d0f24af3cc5847e7{\n-webkit-border-radius:0px 0px 0px 0px;\n-moz-border-radius:0px 0px 0px 0px;\nborder-radius:0px 0px 0px 0px;\npadding:0px 0px 0px 0px;\n}\n<\/style>\n<div class='flex_column av-dh3l21-79d48e480ec02eb4d0f24af3cc5847e7 av_one_third  avia-builder-el-15  el_after_av_one_third  el_before_av_one_third  flex_column_div av-zero-column-padding '     ><p>\n<style type=\"text\/css\" data-created_by=\"avia_inline_auto\" id=\"style-css-av-cs10rt-a5f35939a2e4837027f74acb4593a265\">\n.avia-image-container.av-cs10rt-a5f35939a2e4837027f74acb4593a265 img.avia_image{\nbox-shadow:none;\n}\n.avia-image-container.av-cs10rt-a5f35939a2e4837027f74acb4593a265 .av-image-caption-overlay-center{\ncolor:#ffffff;\n}\n<\/style>\n<div  class='avia-image-container av-cs10rt-a5f35939a2e4837027f74acb4593a265 av-styling-circle avia-align-center  avia-builder-el-16  el_before_av_textblock  avia-builder-el-first '   itemprop=\"image\" itemscope=\"itemscope\" itemtype=\"https:\/\/schema.org\/ImageObject\" ><div class=\"avia-image-container-inner\"><div class=\"avia-image-overlay-wrap\"><img decoding=\"async\" class='avia-img-lazy-loading-not- avia_image ' src=\"https:\/\/bluetree-group.com\/fr\/wp-content\/uploads\/2021\/06\/04.1-services-technical-assistance-300x300.jpg\" alt='' title=''   itemprop=\"thumbnailUrl\"  \/><\/div><\/div><\/div><br \/>\n\n<style type=\"text\/css\" data-created_by=\"avia_inline_auto\" id=\"style-css-av-l6dj6git-ec7d31c4cd49f8ff044517fb91804eff\">\n#top .av_textblock_section.av-l6dj6git-ec7d31c4cd49f8ff044517fb91804eff .avia_textblock{\nfont-size:24px;\n}\n<\/style>\n<section  class='av_textblock_section av-l6dj6git-ec7d31c4cd49f8ff044517fb91804eff'  itemscope=\"itemscope\" itemtype=\"https:\/\/schema.org\/CreativeWork\" ><div class='avia_textblock'  itemprop=\"text\" ><p style=\"text-align: center;\">Assistance Technique<\/p>\n<\/div><\/section><\/p><\/div>\n<style type=\"text\/css\" data-created_by=\"avia_inline_auto\" id=\"style-css-av-b36b15-aeb5a8d8c3d0f26349df2b2b882494ea\">\n.flex_column.av-b36b15-aeb5a8d8c3d0f26349df2b2b882494ea{\n-webkit-border-radius:0px 0px 0px 0px;\n-moz-border-radius:0px 0px 0px 0px;\nborder-radius:0px 0px 0px 0px;\npadding:0px 0px 0px 0px;\n}\n<\/style>\n<div class='flex_column av-b36b15-aeb5a8d8c3d0f26349df2b2b882494ea av_one_third  avia-builder-el-18  el_after_av_one_third  el_before_av_one_third  flex_column_div av-zero-column-padding '     ><p>\n<style type=\"text\/css\" data-created_by=\"avia_inline_auto\" id=\"style-css-av-902wi1-270ac315d44601bc3cc85fe9dd345b14\">\n.avia-image-container.av-902wi1-270ac315d44601bc3cc85fe9dd345b14 img.avia_image{\nbox-shadow:none;\n}\n.avia-image-container.av-902wi1-270ac315d44601bc3cc85fe9dd345b14 .av-image-caption-overlay-center{\ncolor:#ffffff;\n}\n<\/style>\n<div  class='avia-image-container av-902wi1-270ac315d44601bc3cc85fe9dd345b14 av-styling-circle avia-align-center  avia-builder-el-19  el_before_av_textblock  avia-builder-el-first '   itemprop=\"image\" itemscope=\"itemscope\" itemtype=\"https:\/\/schema.org\/ImageObject\" ><div class=\"avia-image-container-inner\"><div class=\"avia-image-overlay-wrap\"><img decoding=\"async\" class='avia-img-lazy-loading-not- avia_image ' src=\"https:\/\/bluetree-group.com\/fr\/wp-content\/uploads\/2021\/06\/04.2-track-and-trace-300x300.jpg\" alt='' title=''   itemprop=\"thumbnailUrl\"  \/><\/div><\/div><\/div><br \/>\n\n<style type=\"text\/css\" data-created_by=\"avia_inline_auto\" id=\"style-css-av-l6dj6x8i-f4aa20481bcd494956ffa218c01e54f6\">\n#top .av_textblock_section.av-l6dj6x8i-f4aa20481bcd494956ffa218c01e54f6 .avia_textblock{\nfont-size:24px;\n}\n<\/style>\n<section  class='av_textblock_section av-l6dj6x8i-f4aa20481bcd494956ffa218c01e54f6'  itemscope=\"itemscope\" itemtype=\"https:\/\/schema.org\/CreativeWork\" ><div class='avia_textblock'  itemprop=\"text\" ><p style=\"text-align: center;\">Syst\u00e8mes de suivi et de tra\u00e7abilit\u00e9 de la distribution<\/p>\n<\/div><\/section><\/p><\/div>\n<style type=\"text\/css\" data-created_by=\"avia_inline_auto\" id=\"style-css-av-7l6zfd-116c6b1d5562dd47a5c564b8a99bdaf4\">\n.flex_column.av-7l6zfd-116c6b1d5562dd47a5c564b8a99bdaf4{\n-webkit-border-radius:0px 0px 0px 0px;\n-moz-border-radius:0px 0px 0px 0px;\nborder-radius:0px 0px 0px 0px;\npadding:0px 0px 0px 0px;\n}\n<\/style>\n<div class='flex_column av-7l6zfd-116c6b1d5562dd47a5c564b8a99bdaf4 av_one_third  avia-builder-el-21  el_after_av_one_third  el_before_av_one_third  first flex_column_div av-zero-column-padding column-top-margin'     ><p>\n<style type=\"text\/css\" data-created_by=\"avia_inline_auto\" id=\"style-css-av-6gf07d-785c48853c9af8628ca295581fcbe8a5\">\n.avia-image-container.av-6gf07d-785c48853c9af8628ca295581fcbe8a5 img.avia_image{\nbox-shadow:none;\n}\n.avia-image-container.av-6gf07d-785c48853c9af8628ca295581fcbe8a5 .av-image-caption-overlay-center{\ncolor:#ffffff;\n}\n<\/style>\n<div  class='avia-image-container av-6gf07d-785c48853c9af8628ca295581fcbe8a5 av-styling-circle avia-align-center  avia-builder-el-22  el_before_av_textblock  avia-builder-el-first '   itemprop=\"image\" itemscope=\"itemscope\" itemtype=\"https:\/\/schema.org\/ImageObject\" ><div class=\"avia-image-container-inner\"><div class=\"avia-image-overlay-wrap\"><img decoding=\"async\" class='avia-img-lazy-loading-not- avia_image ' src=\"https:\/\/bluetree-group.com\/fr\/wp-content\/uploads\/2021\/06\/04.3-data-300x300.jpg\" alt='' title=''   itemprop=\"thumbnailUrl\"  \/><\/div><\/div><\/div><br \/>\n\n<style type=\"text\/css\" data-created_by=\"avia_inline_auto\" id=\"style-css-av-l6dj7a8x-1a1096ccbbf4a251ead274f7f1de1eb2\">\n#top .av_textblock_section.av-l6dj7a8x-1a1096ccbbf4a251ead274f7f1de1eb2 .avia_textblock{\nfont-size:24px;\n}\n<\/style>\n<section  class='av_textblock_section av-l6dj7a8x-1a1096ccbbf4a251ead274f7f1de1eb2'  itemscope=\"itemscope\" itemtype=\"https:\/\/schema.org\/CreativeWork\" ><div class='avia_textblock'  itemprop=\"text\" ><p style=\"text-align: center;\">Recueil et analyse des donn\u00e9es<\/p>\n<\/div><\/section><\/p><\/div>\n<style type=\"text\/css\" data-created_by=\"avia_inline_auto\" id=\"style-css-av-3qfhgp-45bee613ac192bf571484ed4dc7882dc\">\n.flex_column.av-3qfhgp-45bee613ac192bf571484ed4dc7882dc{\n-webkit-border-radius:0px 0px 0px 0px;\n-moz-border-radius:0px 0px 0px 0px;\nborder-radius:0px 0px 0px 0px;\npadding:0px 0px 0px 0px;\n}\n<\/style>\n<div class='flex_column av-3qfhgp-45bee613ac192bf571484ed4dc7882dc av_one_third  avia-builder-el-24  el_after_av_one_third  avia-builder-el-last  flex_column_div av-zero-column-padding column-top-margin'     ><p>\n<style type=\"text\/css\" data-created_by=\"avia_inline_auto\" id=\"style-css-av-2c454p-a36a88c96d6bae81b13688bbccd1c798\">\n.avia-image-container.av-2c454p-a36a88c96d6bae81b13688bbccd1c798 img.avia_image{\nbox-shadow:none;\n}\n.avia-image-container.av-2c454p-a36a88c96d6bae81b13688bbccd1c798 .av-image-caption-overlay-center{\ncolor:#ffffff;\n}\n<\/style>\n<div  class='avia-image-container av-2c454p-a36a88c96d6bae81b13688bbccd1c798 av-styling-circle avia-align-center  avia-builder-el-25  el_before_av_textblock  avia-builder-el-first '   itemprop=\"image\" itemscope=\"itemscope\" itemtype=\"https:\/\/schema.org\/ImageObject\" ><div class=\"avia-image-container-inner\"><div class=\"avia-image-overlay-wrap\"><img decoding=\"async\" class='avia-img-lazy-loading-not- avia_image ' src=\"https:\/\/bluetree-group.com\/fr\/wp-content\/uploads\/2021\/06\/04.4-capacity-building-300x300.jpg\" alt='' title=''   itemprop=\"thumbnailUrl\"  \/><\/div><\/div><\/div><br \/>\n\n<style type=\"text\/css\" data-created_by=\"avia_inline_auto\" id=\"style-css-av-l6dj7q6d-7891b18086145eb83e6a5396680cda9a\">\n#top .av_textblock_section.av-l6dj7q6d-7891b18086145eb83e6a5396680cda9a .avia_textblock{\nfont-size:24px;\n}\n<\/style>\n<section  class='av_textblock_section av-l6dj7q6d-7891b18086145eb83e6a5396680cda9a'  itemscope=\"itemscope\" itemtype=\"https:\/\/schema.org\/CreativeWork\" ><div class='avia_textblock'  itemprop=\"text\" ><p style=\"text-align: center;\">D\u00e9veloppement des comp\u00e9tences et formation<\/p>\n<\/div><\/section><\/p><\/div><\/div><\/div><\/div><!-- close content main div --><\/div><\/div><div id='after_section_2'  class='main_color av_default_container_wrap container_wrap sidebar_right'  ><div class='container av-section-cont-open' ><div class='template-page content  av-content-small alpha units'><div class='post-entry post-entry-type-page post-entry-1017'><div class='entry-content-wrapper clearfix'>\n","protected":false},"excerpt":{"rendered":"","protected":false},"author":1,"featured_media":0,"parent":0,"menu_order":0,"comment_status":"closed","ping_status":"closed","template":"","meta":[],"acf":[],"yoast_head":"<!-- This site is optimized with the Yoast SEO plugin v20.1 - https:\/\/yoast.com\/wordpress\/plugins\/seo\/ -->\n<title>Guide du D\u00e9veloppement de la Politique Nationale du Livre - BlueTree Group FR<\/title>\n<meta name=\"robots\" content=\"index, follow, max-snippet:-1, max-image-preview:large, max-video-preview:-1\" \/>\n<link rel=\"canonical\" href=\"https:\/\/bluetree-group.com\/fr\/guide-du-developpement-de-la-politique-nationale-du-livre\/\" \/>\n<meta property=\"og:locale\" content=\"fr_FR\" \/>\n<meta property=\"og:type\" content=\"article\" \/>\n<meta property=\"og:title\" content=\"Guide du D\u00e9veloppement de la Politique Nationale du Livre - BlueTree Group FR\" \/>\n<meta property=\"og:url\" content=\"https:\/\/bluetree-group.com\/fr\/guide-du-developpement-de-la-politique-nationale-du-livre\/\" \/>\n<meta property=\"og:site_name\" content=\"BlueTree Group FR\" \/>\n<meta property=\"article:modified_time\" content=\"2023-08-29T08:23:29+00:00\" \/>\n<meta name=\"twitter:card\" content=\"summary_large_image\" \/>\n<meta name=\"twitter:label1\" content=\"Dur\u00e9e de lecture estim\u00e9e\" \/>\n\t<meta name=\"twitter:data1\" content=\"7 minutes\" \/>\n<script type=\"application\/ld+json\" class=\"yoast-schema-graph\">{\"@context\":\"https:\/\/schema.org\",\"@graph\":[{\"@type\":\"WebPage\",\"@id\":\"https:\/\/bluetree-group.com\/fr\/guide-du-developpement-de-la-politique-nationale-du-livre\/\",\"url\":\"https:\/\/bluetree-group.com\/fr\/guide-du-developpement-de-la-politique-nationale-du-livre\/\",\"name\":\"Guide du D\u00e9veloppement de la Politique Nationale du Livre - BlueTree Group FR\",\"isPartOf\":{\"@id\":\"http:\/\/bluetree-group.com\/fr\/#website\"},\"datePublished\":\"2022-08-03T11:36:32+00:00\",\"dateModified\":\"2023-08-29T08:23:29+00:00\",\"breadcrumb\":{\"@id\":\"https:\/\/bluetree-group.com\/fr\/guide-du-developpement-de-la-politique-nationale-du-livre\/#breadcrumb\"},\"inLanguage\":\"fr-FR\",\"potentialAction\":[{\"@type\":\"ReadAction\",\"target\":[\"https:\/\/bluetree-group.com\/fr\/guide-du-developpement-de-la-politique-nationale-du-livre\/\"]}]},{\"@type\":\"BreadcrumbList\",\"@id\":\"https:\/\/bluetree-group.com\/fr\/guide-du-developpement-de-la-politique-nationale-du-livre\/#breadcrumb\",\"itemListElement\":[{\"@type\":\"ListItem\",\"position\":1,\"name\":\"Accueil\",\"item\":\"http:\/\/bluetree-group.com\/fr\/\"},{\"@type\":\"ListItem\",\"position\":2,\"name\":\"Guide du D\u00e9veloppement de la Politique Nationale du Livre\"}]},{\"@type\":\"WebSite\",\"@id\":\"http:\/\/bluetree-group.com\/fr\/#website\",\"url\":\"http:\/\/bluetree-group.com\/fr\/\",\"name\":\"BlueTree Group FR\",\"description\":\"\",\"potentialAction\":[{\"@type\":\"SearchAction\",\"target\":{\"@type\":\"EntryPoint\",\"urlTemplate\":\"http:\/\/bluetree-group.com\/fr\/?s={search_term_string}\"},\"query-input\":\"required name=search_term_string\"}],\"inLanguage\":\"fr-FR\"}]}<\/script>\n<!-- \/ Yoast SEO plugin. -->","yoast_head_json":{"title":"Guide du D\u00e9veloppement de la Politique Nationale du Livre - BlueTree Group FR","robots":{"index":"index","follow":"follow","max-snippet":"max-snippet:-1","max-image-preview":"max-image-preview:large","max-video-preview":"max-video-preview:-1"},"canonical":"https:\/\/bluetree-group.com\/fr\/guide-du-developpement-de-la-politique-nationale-du-livre\/","og_locale":"fr_FR","og_type":"article","og_title":"Guide du D\u00e9veloppement de la Politique Nationale du Livre - BlueTree Group FR","og_url":"https:\/\/bluetree-group.com\/fr\/guide-du-developpement-de-la-politique-nationale-du-livre\/","og_site_name":"BlueTree Group FR","article_modified_time":"2023-08-29T08:23:29+00:00","twitter_card":"summary_large_image","twitter_misc":{"Dur\u00e9e de lecture estim\u00e9e":"7 minutes"},"schema":{"@context":"https:\/\/schema.org","@graph":[{"@type":"WebPage","@id":"https:\/\/bluetree-group.com\/fr\/guide-du-developpement-de-la-politique-nationale-du-livre\/","url":"https:\/\/bluetree-group.com\/fr\/guide-du-developpement-de-la-politique-nationale-du-livre\/","name":"Guide du D\u00e9veloppement de la Politique Nationale du Livre - BlueTree Group FR","isPartOf":{"@id":"http:\/\/bluetree-group.com\/fr\/#website"},"datePublished":"2022-08-03T11:36:32+00:00","dateModified":"2023-08-29T08:23:29+00:00","breadcrumb":{"@id":"https:\/\/bluetree-group.com\/fr\/guide-du-developpement-de-la-politique-nationale-du-livre\/#breadcrumb"},"inLanguage":"fr-FR","potentialAction":[{"@type":"ReadAction","target":["https:\/\/bluetree-group.com\/fr\/guide-du-developpement-de-la-politique-nationale-du-livre\/"]}]},{"@type":"BreadcrumbList","@id":"https:\/\/bluetree-group.com\/fr\/guide-du-developpement-de-la-politique-nationale-du-livre\/#breadcrumb","itemListElement":[{"@type":"ListItem","position":1,"name":"Accueil","item":"http:\/\/bluetree-group.com\/fr\/"},{"@type":"ListItem","position":2,"name":"Guide du D\u00e9veloppement de la Politique Nationale du Livre"}]},{"@type":"WebSite","@id":"http:\/\/bluetree-group.com\/fr\/#website","url":"http:\/\/bluetree-group.com\/fr\/","name":"BlueTree Group FR","description":"","potentialAction":[{"@type":"SearchAction","target":{"@type":"EntryPoint","urlTemplate":"http:\/\/bluetree-group.com\/fr\/?s={search_term_string}"},"query-input":"required name=search_term_string"}],"inLanguage":"fr-FR"}]}},"_links":{"self":[{"href":"https:\/\/bluetree-group.com\/fr\/wp-json\/wp\/v2\/pages\/1017"}],"collection":[{"href":"https:\/\/bluetree-group.com\/fr\/wp-json\/wp\/v2\/pages"}],"about":[{"href":"https:\/\/bluetree-group.com\/fr\/wp-json\/wp\/v2\/types\/page"}],"author":[{"embeddable":true,"href":"https:\/\/bluetree-group.com\/fr\/wp-json\/wp\/v2\/users\/1"}],"replies":[{"embeddable":true,"href":"https:\/\/bluetree-group.com\/fr\/wp-json\/wp\/v2\/comments?post=1017"}],"version-history":[{"count":1,"href":"https:\/\/bluetree-group.com\/fr\/wp-json\/wp\/v2\/pages\/1017\/revisions"}],"predecessor-version":[{"id":1110,"href":"https:\/\/bluetree-group.com\/fr\/wp-json\/wp\/v2\/pages\/1017\/revisions\/1110"}],"wp:attachment":[{"href":"https:\/\/bluetree-group.com\/fr\/wp-json\/wp\/v2\/media?parent=1017"}],"curies":[{"name":"wp","href":"https:\/\/api.w.org\/{rel}","templated":true}]}}