{"id":1001,"date":"2022-08-03T11:13:56","date_gmt":"2022-08-03T11:13:56","guid":{"rendered":"https:\/\/bluetrk.cluster027.hosting.ovh.net\/bc1678701-ovh\/fr\/?page_id=1001"},"modified":"2022-08-03T11:13:56","modified_gmt":"2022-08-03T11:13:56","slug":"preparation-a-limpression-des-fichiers","status":"publish","type":"page","link":"https:\/\/bluetree-group.com\/fr\/preparation-a-limpression-des-fichiers\/","title":{"rendered":"Pr\u00e9paration \u00e0 l&rsquo;impression des fichiers"},"content":{"rendered":"<div id='av-layout-grid-1'  class='av-layout-grid-container av-3302sp-bd29d21a0aaeb5897f400fcf0beb4624 entry-content-wrapper main_color av-flex-cells  avia-builder-el-0  el_before_av_section  avia-builder-el-first   container_wrap sidebar_right'  >\n\n<style type=\"text\/css\" data-created_by=\"avia_inline_auto\" id=\"style-css-av-tkfmy1-e57d79ecfa34d83b92dfe705a3b2827f\">\n.flex_cell.av-tkfmy1-e57d79ecfa34d83b92dfe705a3b2827f{\nvertical-align:middle;\nbackground-color:#8b9e3d;\n}\n.responsive #top #wrap_all .flex_cell.av-tkfmy1-e57d79ecfa34d83b92dfe705a3b2827f{\npadding:70px 0px 70px 0px !important;\n}\n<\/style>\n<div class='flex_cell av-tkfmy1-e57d79ecfa34d83b92dfe705a3b2827f av-gridrow-cell av_one_half no_margin  avia-builder-el-1  el_before_av_cell_one_half  avia-builder-el-first ' ><div class='flex_cell_inner'>\n<style type=\"text\/css\" data-created_by=\"avia_inline_auto\" id=\"style-css-av-l6diceuy-2eeb77290cdd065c6151a77cbca79359\">\n.avia-image-container.av-l6diceuy-2eeb77290cdd065c6151a77cbca79359 img.avia_image{\nbox-shadow:none;\n}\n.avia-image-container.av-l6diceuy-2eeb77290cdd065c6151a77cbca79359 .av-image-caption-overlay-center{\ncolor:#ffffff;\n}\n<\/style>\n<div  class='avia-image-container av-l6diceuy-2eeb77290cdd065c6151a77cbca79359 av-styling-no-styling avia-align-left  avia-builder-el-2  avia-builder-el-no-sibling '   itemprop=\"image\" itemscope=\"itemscope\" itemtype=\"https:\/\/schema.org\/ImageObject\" ><div class=\"avia-image-container-inner\"><div class=\"avia-image-overlay-wrap\"><img decoding=\"async\" class='avia-img-lazy-loading-not- avia_image ' src=\"https:\/\/bluetree-group.com\/fr\/fr\/wp-content\/uploads\/sites\/2\/2021\/07\/01.7-1-5.jpg\" alt='' title=''   itemprop=\"thumbnailUrl\"  \/><\/div><\/div><\/div>\n<\/div><\/div>\n<style type=\"text\/css\" data-created_by=\"avia_inline_auto\" id=\"style-css-av-rnjs95-29296e46e869f09c4179230bb1244825\">\n.flex_cell.av-rnjs95-29296e46e869f09c4179230bb1244825{\nvertical-align:middle;\nbackground-color:#8b9e3d;\n}\n.responsive #top #wrap_all .flex_cell.av-rnjs95-29296e46e869f09c4179230bb1244825{\npadding:30px 100px 30px 100px !important;\n}\n<\/style>\n<div class='flex_cell av-rnjs95-29296e46e869f09c4179230bb1244825 av-gridrow-cell av_one_half no_margin  avia-builder-el-3  el_after_av_cell_one_half  avia-builder-el-last ' ><div class='flex_cell_inner'>\n<style type=\"text\/css\" data-created_by=\"avia_inline_auto\" id=\"style-css-av-l6did5nv-04e4a1ce1d01e3ac68db344cdcc80102\">\n#top .av_textblock_section.av-l6did5nv-04e4a1ce1d01e3ac68db344cdcc80102 .avia_textblock{\nfont-size:24px;\n}\n<\/style>\n<section  class='av_textblock_section av-l6did5nv-04e4a1ce1d01e3ac68db344cdcc80102'  itemscope=\"itemscope\" itemtype=\"https:\/\/schema.org\/CreativeWork\" ><div class='avia_textblock'  itemprop=\"text\" ><h1>Pr\u00e9paration \u00e0 l&rsquo;impression des fichiers<\/h1>\n<p>La production de livres est presque toujours retard\u00e9e d\u2019au moins six semaines, souvent parce que les imprimeurs re\u00e7oivent des fichiers PDF contenant une multitude d\u2019erreurs et d\u2019\u00e9l\u00e9ments manquants. Ceci est li\u00e9 \u00e0 une m\u00e9connaissance des exigences de la technologie d\u2019impression industrielle. Si les fichiers sont imprim\u00e9s tels quels, la qualit\u00e9 des livres ne sera pas satisfaisante. Il est donc recommand\u00e9 de v\u00e9rifier les fichiers PDF avant de les envoyer \u00e0 l\u2019imprimeur, afin d\u2019\u00e9viter les allers-retours avec des corrections parfois compliqu\u00e9es et qui peuvent entra\u00eener d\u2019autres probl\u00e8mes. Ce processus est appel\u00e9 Preflight. Ils\u2019agit d&rsquo;un outil \/ logiciel utilis\u00e9 pour v\u00e9rifier que les exigences techniques pour l\u2019impression sont bien respect\u00e9es dans le fichier. BlueTree Group offre des services de v\u00e9rification et Preflight ainsi que des formations sur la cr\u00e9ation de fichiers PDF pr\u00eats \u00e0 l&rsquo;impression et qui seront valid\u00e9s par le preflight.<\/p>\n<\/div><\/section>\n<\/div><\/div>\n<\/div>\n<div id='av_section_1'  class='avia-section av-pjnvhl-3ed04629fce25b6b5e6756c1cb8f11c5 main_color avia-section-default avia-no-border-styling  avia-builder-el-5  el_after_av_layout_row  el_before_av_section  avia-bg-style-scroll container_wrap sidebar_right'  ><div class='container av-section-cont-open' ><div class='template-page content  av-content-small alpha units'><div class='post-entry post-entry-type-page post-entry-1001'><div class='entry-content-wrapper clearfix'>\n\n<style type=\"text\/css\" data-created_by=\"avia_inline_auto\" id=\"style-css-av-nfu3vt-a26a393111a7aa2c947865a9fbbdca5f\">\n.flex_column.av-nfu3vt-a26a393111a7aa2c947865a9fbbdca5f{\n-webkit-border-radius:0px 0px 0px 0px;\n-moz-border-radius:0px 0px 0px 0px;\nborder-radius:0px 0px 0px 0px;\npadding:0px 0px 0px 0px;\n}\n<\/style>\n<div class='flex_column av-nfu3vt-a26a393111a7aa2c947865a9fbbdca5f av_three_fourth  avia-builder-el-6  avia-builder-el-no-sibling  first flex_column_div av-zero-column-padding '     ><section  class='av_textblock_section av-l6didtjz-3a539b5dac7e935dca866314e7e28e23'  itemscope=\"itemscope\" itemtype=\"https:\/\/schema.org\/CreativeWork\" ><div class='avia_textblock'  itemprop=\"text\" ><p>La formation offerte aux designers comprend\u00a0:<\/p>\n<ul>\n<li>Lignes directrices pour la cr\u00e9ation de livres, y compris la prise en compte de l\u2019espace chromatique et la compr\u00e9hension des images. Ces lignes directrices sont importantes, car elles r\u00e9duisent le travail de v\u00e9rification pr\u00e9presse et facilitent le processus d\u2019approbation des fichiers avant l\u2019impression.<\/li>\n<li>PDF Preflight. Dans cette formation, les participants apprendront en d\u00e9tails comment utiliser le Preflight, ce processus de v\u00e9rification des fichiers PDF avant l\u2019impression. S&rsquo;assurer qu\u2019un fichier correspond aux exigences d\u2019impression afin de le reproduire parfaitement sur le papier.<\/li>\n<\/ul>\n<p>Dans les projets de lecture auxquels le Groupe BlueTree participe, nous effectuons une inspection des fichiers fournis par l\u2019\u00e9quipe de designers ppour le compte du client, afin de nous assurer qu\u2019ils r\u00e9pondent aux exigences techniques d\u2019impression. La v\u00e9rification des fichiers est essentiellement effectu\u00e9e pour \u00e9viter les complications lors du traitement des fichiers ou de l\u2019impression, car plus les probl\u00e8mes sont d\u00e9tect\u00e9s t\u00f4t dans le processus, plus il est facile et moins co\u00fbteux de les r\u00e9soudre. Il existe plusieurs outils \/ logiciels sur le march\u00e9 qui sont utilis\u00e9s comme Preflight tels que Adobe Acrobat DC, Callas PDFToolbox, Enfocus PitStop et Markzware FlightCheck.<\/p>\n<\/div><\/section><\/div>\n\n<\/div><\/div><\/div><!-- close content main div --><\/div><\/div><div id='av_section_2'  class='avia-section av-m25wvt-4d0b2f05d861fa677ec87d0e2773bec9 main_color avia-section-large avia-no-border-styling  avia-builder-el-8  el_after_av_section  avia-builder-el-last  avia-bg-style-scroll container_wrap sidebar_right'  ><div class='container av-section-cont-open' ><div class='template-page content  av-content-small alpha units'><div class='post-entry post-entry-type-page post-entry-1001'><div class='entry-content-wrapper clearfix'>\n\n<style type=\"text\/css\" data-created_by=\"avia_inline_auto\" id=\"style-css-av-kb61d5-786651de2af12f77e1f7513f45b0b372\">\n.flex_column.av-kb61d5-786651de2af12f77e1f7513f45b0b372{\n-webkit-border-radius:0px 0px 0px 0px;\n-moz-border-radius:0px 0px 0px 0px;\nborder-radius:0px 0px 0px 0px;\npadding:0px 0px 0px 0px;\n}\n<\/style>\n<div class='flex_column av-kb61d5-786651de2af12f77e1f7513f45b0b372 av_one_full  avia-builder-el-9  el_before_av_hr  avia-builder-el-first  first flex_column_div av-zero-column-padding '     ><section  class='av_textblock_section av-l6diemia-7d7281aa1e9b45c8f9f1e99b72c90f95'  itemscope=\"itemscope\" itemtype=\"https:\/\/schema.org\/CreativeWork\" ><div class='avia_textblock'  itemprop=\"text\" ><h2><span style=\"color: #0972e7\">Aper\u00e7u des service<\/span><\/h2>\n<\/div><\/section><\/div>\n<style type=\"text\/css\" data-created_by=\"avia_inline_auto\" id=\"style-css-av-jm39d5-6dba25fbfb6907f27c5f9958f7ef23d7\">\n#top .hr.hr-invisible.av-jm39d5-6dba25fbfb6907f27c5f9958f7ef23d7{\nheight:20px;\n}\n<\/style>\n<div  class='hr av-jm39d5-6dba25fbfb6907f27c5f9958f7ef23d7 hr-invisible  avia-builder-el-11  el_after_av_one_full  el_before_av_one_fifth '><span class='hr-inner '><span class=\"hr-inner-style\"><\/span><\/span><\/div>\n\n<style type=\"text\/css\" data-created_by=\"avia_inline_auto\" id=\"style-css-av-gzhwrt-ef57f5bd4b88a8a008c487bd1dbb1e16\">\n.flex_column.av-gzhwrt-ef57f5bd4b88a8a008c487bd1dbb1e16{\n-webkit-border-radius:0px 0px 0px 0px;\n-moz-border-radius:0px 0px 0px 0px;\nborder-radius:0px 0px 0px 0px;\npadding:0px 0px 0px 0px;\n}\n<\/style>\n<div class='flex_column av-gzhwrt-ef57f5bd4b88a8a008c487bd1dbb1e16 av_one_fifth  avia-builder-el-12  el_after_av_hr  el_before_av_one_fifth  first flex_column_div av-zero-column-padding avia-link-column av-column-link avia-link-column-hover '    data-link-column-url=\"https:\/\/bluetree-group.com\/fr\/book-supply-chain-assessment\/\"   ><a class=\"av-screen-reader-only\" href=https:\/\/bluetree-group.com\/fr\/book-supply-chain-assessment\/ >Lier vers : \u00c9valuation de la cha\u00eene d&rsquo;approvisionnement du livre<\/a><p>\n<style type=\"text\/css\" data-created_by=\"avia_inline_auto\" id=\"style-css-av-fjbp15-665d2619d41c8c688218b990d59ef654\">\n.avia-image-container.av-fjbp15-665d2619d41c8c688218b990d59ef654 img.avia_image{\nbox-shadow:none;\n}\n.avia-image-container.av-fjbp15-665d2619d41c8c688218b990d59ef654 .av-image-caption-overlay-center{\ncolor:#ffffff;\n}\n<\/style>\n<div  class='avia-image-container av-fjbp15-665d2619d41c8c688218b990d59ef654 av-styling-circle avia-align-center  avia-builder-el-13  el_before_av_textblock  avia-builder-el-first '   itemprop=\"image\" itemscope=\"itemscope\" itemtype=\"https:\/\/schema.org\/ImageObject\" ><div class=\"avia-image-container-inner\"><div class=\"avia-image-overlay-wrap\"><img decoding=\"async\" class='avia-img-lazy-loading-not- avia_image ' src=\"https:\/\/bluetree-group.com\/fr\/wp-content\/uploads\/2021\/06\/01.201-300x300.jpg\" alt='' title=''   itemprop=\"thumbnailUrl\"  \/><\/div><\/div><\/div><br \/>\n\n<style type=\"text\/css\" data-created_by=\"avia_inline_auto\" id=\"style-css-av-l6dif7ci-15b1c44e94be55dc9174fa9011ce8a30\">\n#top .av_textblock_section.av-l6dif7ci-15b1c44e94be55dc9174fa9011ce8a30 .avia_textblock{\nfont-size:24px;\n}\n<\/style>\n<section  class='av_textblock_section av-l6dif7ci-15b1c44e94be55dc9174fa9011ce8a30'  itemscope=\"itemscope\" itemtype=\"https:\/\/schema.org\/CreativeWork\" ><div class='avia_textblock'  itemprop=\"text\" ><p style=\"text-align: center\">\u00c9valuation de la cha\u00eene d&rsquo;approvisionnement du livre<\/p>\n<\/div><\/section><\/p><\/div>\n<style type=\"text\/css\" data-created_by=\"avia_inline_auto\" id=\"style-css-av-duhmft-1dfc4d1e5141da1b0aec0db53b59359f\">\n.flex_column.av-duhmft-1dfc4d1e5141da1b0aec0db53b59359f{\n-webkit-border-radius:0px 0px 0px 0px;\n-moz-border-radius:0px 0px 0px 0px;\nborder-radius:0px 0px 0px 0px;\npadding:0px 0px 0px 0px;\n}\n<\/style>\n<div class='flex_column av-duhmft-1dfc4d1e5141da1b0aec0db53b59359f av_one_fifth  avia-builder-el-15  el_after_av_one_fifth  el_before_av_one_fifth  flex_column_div av-zero-column-padding avia-link-column av-column-link avia-link-column-hover '    data-link-column-url=\"https:\/\/bluetree-group.com\/fr\/technical-assistance\/\"   ><a class=\"av-screen-reader-only\" href=https:\/\/bluetree-group.com\/fr\/technical-assistance\/ >Lier vers : Assistance Technique<\/a><p>\n<style type=\"text\/css\" data-created_by=\"avia_inline_auto\" id=\"style-css-av-c1z3bt-7961f5769aeef1186e191b6e0d6a4e2a\">\n.avia-image-container.av-c1z3bt-7961f5769aeef1186e191b6e0d6a4e2a img.avia_image{\nbox-shadow:none;\n}\n.avia-image-container.av-c1z3bt-7961f5769aeef1186e191b6e0d6a4e2a .av-image-caption-overlay-center{\ncolor:#ffffff;\n}\n<\/style>\n<div  class='avia-image-container av-c1z3bt-7961f5769aeef1186e191b6e0d6a4e2a av-styling-circle avia-align-center  avia-builder-el-16  el_before_av_textblock  avia-builder-el-first '   itemprop=\"image\" itemscope=\"itemscope\" itemtype=\"https:\/\/schema.org\/ImageObject\" ><div class=\"avia-image-container-inner\"><div class=\"avia-image-overlay-wrap\"><img decoding=\"async\" class='avia-img-lazy-loading-not- avia_image ' src=\"https:\/\/bluetree-group.com\/fr\/wp-content\/uploads\/2021\/06\/04.1-services-technical-assistance-300x300.jpg\" alt='' title=''   itemprop=\"thumbnailUrl\"  \/><\/div><\/div><\/div><br \/>\n\n<style type=\"text\/css\" data-created_by=\"avia_inline_auto\" id=\"style-css-av-l6diffbo-5b5fc1072bfe1ac2ca6b5dee8ac4476c\">\n#top .av_textblock_section.av-l6diffbo-5b5fc1072bfe1ac2ca6b5dee8ac4476c .avia_textblock{\nfont-size:24px;\n}\n<\/style>\n<section  class='av_textblock_section av-l6diffbo-5b5fc1072bfe1ac2ca6b5dee8ac4476c'  itemscope=\"itemscope\" itemtype=\"https:\/\/schema.org\/CreativeWork\" ><div class='avia_textblock'  itemprop=\"text\" ><p style=\"text-align: center\">Assistance Technique<\/p>\n<\/div><\/section><\/p><\/div>\n<style type=\"text\/css\" data-created_by=\"avia_inline_auto\" id=\"style-css-av-bjf849-ca527496b98e42e9f8db2cd975e9d45e\">\n.flex_column.av-bjf849-ca527496b98e42e9f8db2cd975e9d45e{\n-webkit-border-radius:0px 0px 0px 0px;\n-moz-border-radius:0px 0px 0px 0px;\nborder-radius:0px 0px 0px 0px;\npadding:0px 0px 0px 0px;\n}\n<\/style>\n<div class='flex_column av-bjf849-ca527496b98e42e9f8db2cd975e9d45e av_one_fifth  avia-builder-el-18  el_after_av_one_fifth  el_before_av_one_fifth  flex_column_div av-zero-column-padding '     ><p>\n<style type=\"text\/css\" data-created_by=\"avia_inline_auto\" id=\"style-css-av-9qz9ll-91e09af15e4306d85e58067ecd2b523e\">\n.avia-image-container.av-9qz9ll-91e09af15e4306d85e58067ecd2b523e img.avia_image{\nbox-shadow:none;\n}\n.avia-image-container.av-9qz9ll-91e09af15e4306d85e58067ecd2b523e .av-image-caption-overlay-center{\ncolor:#ffffff;\n}\n<\/style>\n<div  class='avia-image-container av-9qz9ll-91e09af15e4306d85e58067ecd2b523e av-styling-circle avia-align-center  avia-builder-el-19  el_before_av_textblock  avia-builder-el-first '   itemprop=\"image\" itemscope=\"itemscope\" itemtype=\"https:\/\/schema.org\/ImageObject\" ><div class=\"avia-image-container-inner\"><div class=\"avia-image-overlay-wrap\"><img decoding=\"async\" class='avia-img-lazy-loading-not- avia_image ' src=\"https:\/\/bluetree-group.com\/fr\/wp-content\/uploads\/2021\/06\/04.2-track-and-trace-300x300.jpg\" alt='' title=''   itemprop=\"thumbnailUrl\"  \/><\/div><\/div><\/div><br \/>\n\n<style type=\"text\/css\" data-created_by=\"avia_inline_auto\" id=\"style-css-av-l6difvmu-0397fc4a47df11490fef1e69808dbcb1\">\n#top .av_textblock_section.av-l6difvmu-0397fc4a47df11490fef1e69808dbcb1 .avia_textblock{\nfont-size:24px;\n}\n<\/style>\n<section  class='av_textblock_section av-l6difvmu-0397fc4a47df11490fef1e69808dbcb1'  itemscope=\"itemscope\" itemtype=\"https:\/\/schema.org\/CreativeWork\" ><div class='avia_textblock'  itemprop=\"text\" ><p style=\"text-align: center\">Syst\u00e8mes de suivi et de tra\u00e7abilit\u00e9 de la distribution<\/p>\n<\/div><\/section><\/p><\/div>\n<style type=\"text\/css\" data-created_by=\"avia_inline_auto\" id=\"style-css-av-7wwsll-eb0cc19939821df69ee081cb437b8167\">\n.flex_column.av-7wwsll-eb0cc19939821df69ee081cb437b8167{\n-webkit-border-radius:0px 0px 0px 0px;\n-moz-border-radius:0px 0px 0px 0px;\nborder-radius:0px 0px 0px 0px;\npadding:0px 0px 0px 0px;\n}\n<\/style>\n<div class='flex_column av-7wwsll-eb0cc19939821df69ee081cb437b8167 av_one_fifth  avia-builder-el-21  el_after_av_one_fifth  el_before_av_one_fifth  flex_column_div av-zero-column-padding '     ><p>\n<style type=\"text\/css\" data-created_by=\"avia_inline_auto\" id=\"style-css-av-62lqyh-0578fccc7a7d23b3f47ffb6fffb11035\">\n.avia-image-container.av-62lqyh-0578fccc7a7d23b3f47ffb6fffb11035 img.avia_image{\nbox-shadow:none;\n}\n.avia-image-container.av-62lqyh-0578fccc7a7d23b3f47ffb6fffb11035 .av-image-caption-overlay-center{\ncolor:#ffffff;\n}\n<\/style>\n<div  class='avia-image-container av-62lqyh-0578fccc7a7d23b3f47ffb6fffb11035 av-styling-circle avia-align-center  avia-builder-el-22  el_before_av_textblock  avia-builder-el-first '   itemprop=\"image\" itemscope=\"itemscope\" itemtype=\"https:\/\/schema.org\/ImageObject\" ><div class=\"avia-image-container-inner\"><div class=\"avia-image-overlay-wrap\"><img decoding=\"async\" class='avia-img-lazy-loading-not- avia_image ' src=\"https:\/\/bluetree-group.com\/fr\/wp-content\/uploads\/2021\/06\/04.3-data-300x300.jpg\" alt='' title=''   itemprop=\"thumbnailUrl\"  \/><\/div><\/div><\/div><br \/>\n\n<style type=\"text\/css\" data-created_by=\"avia_inline_auto\" id=\"style-css-av-l6dig54w-ce55ae95fc86e3e40014d078b1aa2e5f\">\n#top .av_textblock_section.av-l6dig54w-ce55ae95fc86e3e40014d078b1aa2e5f .avia_textblock{\nfont-size:24px;\n}\n<\/style>\n<section  class='av_textblock_section av-l6dig54w-ce55ae95fc86e3e40014d078b1aa2e5f'  itemscope=\"itemscope\" itemtype=\"https:\/\/schema.org\/CreativeWork\" ><div class='avia_textblock'  itemprop=\"text\" ><p style=\"text-align: center\">Recueil et analyse des donn\u00e9es<\/p>\n<\/div><\/section><\/p><\/div>\n<style type=\"text\/css\" data-created_by=\"avia_inline_auto\" id=\"style-css-av-4rfkp5-fdf3bbd758634a31154d8d1521abd111\">\n.flex_column.av-4rfkp5-fdf3bbd758634a31154d8d1521abd111{\n-webkit-border-radius:0px 0px 0px 0px;\n-moz-border-radius:0px 0px 0px 0px;\nborder-radius:0px 0px 0px 0px;\npadding:0px 0px 0px 0px;\n}\n<\/style>\n<div class='flex_column av-4rfkp5-fdf3bbd758634a31154d8d1521abd111 av_one_fifth  avia-builder-el-24  el_after_av_one_fifth  avia-builder-el-last  flex_column_div av-zero-column-padding avia-link-column av-column-link avia-link-column-hover '    data-link-column-url=\"https:\/\/bluetree-group.com\/fr\/capacity-building-and-training\/\"   ><a class=\"av-screen-reader-only\" href=https:\/\/bluetree-group.com\/fr\/capacity-building-and-training\/ >Lier vers : D\u00e9veloppement des comp\u00e9tences et formation<\/a><p>\n<style type=\"text\/css\" data-created_by=\"avia_inline_auto\" id=\"style-css-av-2qh489-e6524ec128e614d309eea86d11e15989\">\n.avia-image-container.av-2qh489-e6524ec128e614d309eea86d11e15989 img.avia_image{\nbox-shadow:none;\n}\n.avia-image-container.av-2qh489-e6524ec128e614d309eea86d11e15989 .av-image-caption-overlay-center{\ncolor:#ffffff;\n}\n<\/style>\n<div  class='avia-image-container av-2qh489-e6524ec128e614d309eea86d11e15989 av-styling-circle avia-align-center  avia-builder-el-25  el_before_av_textblock  avia-builder-el-first '   itemprop=\"image\" itemscope=\"itemscope\" itemtype=\"https:\/\/schema.org\/ImageObject\" ><div class=\"avia-image-container-inner\"><div class=\"avia-image-overlay-wrap\"><img decoding=\"async\" class='avia-img-lazy-loading-not- avia_image ' src=\"https:\/\/bluetree-group.com\/fr\/wp-content\/uploads\/2021\/06\/04.4-capacity-building-300x300.jpg\" alt='' title=''   itemprop=\"thumbnailUrl\"  \/><\/div><\/div><\/div><br \/>\n\n<style type=\"text\/css\" data-created_by=\"avia_inline_auto\" id=\"style-css-av-l6digl23-996bf0f9aea5c3d74dfd8defcb6dc4b8\">\n#top .av_textblock_section.av-l6digl23-996bf0f9aea5c3d74dfd8defcb6dc4b8 .avia_textblock{\nfont-size:24px;\n}\n<\/style>\n<section  class='av_textblock_section av-l6digl23-996bf0f9aea5c3d74dfd8defcb6dc4b8'  itemscope=\"itemscope\" itemtype=\"https:\/\/schema.org\/CreativeWork\" ><div class='avia_textblock'  itemprop=\"text\" ><p style=\"text-align: center\">D\u00e9veloppement des comp\u00e9tences et formation<\/p>\n<\/div><\/section><\/p><\/div><\/div><\/div><\/div><!-- close content main div --><\/div><\/div><div id='after_section_2'  class='main_color av_default_container_wrap container_wrap sidebar_right'  ><div class='container av-section-cont-open' ><div class='template-page content  av-content-small alpha units'><div class='post-entry post-entry-type-page post-entry-1001'><div class='entry-content-wrapper clearfix'>\n","protected":false},"excerpt":{"rendered":"","protected":false},"author":1,"featured_media":0,"parent":0,"menu_order":0,"comment_status":"closed","ping_status":"closed","template":"","meta":[],"acf":[],"yoast_head":"<!-- This site is optimized with the Yoast SEO plugin v20.1 - https:\/\/yoast.com\/wordpress\/plugins\/seo\/ -->\n<title>Pr\u00e9paration \u00e0 l&#039;impression des fichiers - BlueTree Group FR<\/title>\n<meta name=\"robots\" content=\"index, follow, max-snippet:-1, max-image-preview:large, max-video-preview:-1\" \/>\n<link rel=\"canonical\" href=\"http:\/\/bluetree-group.com\/fr\/preparation-a-limpression-des-fichiers\/\" \/>\n<meta property=\"og:locale\" content=\"fr_FR\" \/>\n<meta property=\"og:type\" content=\"article\" \/>\n<meta property=\"og:title\" content=\"Pr\u00e9paration \u00e0 l&#039;impression des fichiers - BlueTree Group FR\" \/>\n<meta property=\"og:url\" content=\"http:\/\/bluetree-group.com\/fr\/preparation-a-limpression-des-fichiers\/\" \/>\n<meta property=\"og:site_name\" content=\"BlueTree Group FR\" \/>\n<meta name=\"twitter:card\" content=\"summary_large_image\" \/>\n<meta name=\"twitter:label1\" content=\"Dur\u00e9e de lecture estim\u00e9e\" \/>\n\t<meta name=\"twitter:data1\" content=\"7 minutes\" \/>\n<script type=\"application\/ld+json\" class=\"yoast-schema-graph\">{\"@context\":\"https:\/\/schema.org\",\"@graph\":[{\"@type\":\"WebPage\",\"@id\":\"http:\/\/bluetree-group.com\/fr\/preparation-a-limpression-des-fichiers\/\",\"url\":\"http:\/\/bluetree-group.com\/fr\/preparation-a-limpression-des-fichiers\/\",\"name\":\"Pr\u00e9paration \u00e0 l'impression des fichiers - BlueTree Group FR\",\"isPartOf\":{\"@id\":\"http:\/\/bluetree-group.com\/fr\/#website\"},\"datePublished\":\"2022-08-03T11:13:56+00:00\",\"dateModified\":\"2022-08-03T11:13:56+00:00\",\"breadcrumb\":{\"@id\":\"http:\/\/bluetree-group.com\/fr\/preparation-a-limpression-des-fichiers\/#breadcrumb\"},\"inLanguage\":\"fr-FR\",\"potentialAction\":[{\"@type\":\"ReadAction\",\"target\":[\"http:\/\/bluetree-group.com\/fr\/preparation-a-limpression-des-fichiers\/\"]}]},{\"@type\":\"BreadcrumbList\",\"@id\":\"http:\/\/bluetree-group.com\/fr\/preparation-a-limpression-des-fichiers\/#breadcrumb\",\"itemListElement\":[{\"@type\":\"ListItem\",\"position\":1,\"name\":\"Accueil\",\"item\":\"http:\/\/bluetree-group.com\/fr\/\"},{\"@type\":\"ListItem\",\"position\":2,\"name\":\"Pr\u00e9paration \u00e0 l&rsquo;impression des fichiers\"}]},{\"@type\":\"WebSite\",\"@id\":\"http:\/\/bluetree-group.com\/fr\/#website\",\"url\":\"http:\/\/bluetree-group.com\/fr\/\",\"name\":\"BlueTree Group FR\",\"description\":\"\",\"potentialAction\":[{\"@type\":\"SearchAction\",\"target\":{\"@type\":\"EntryPoint\",\"urlTemplate\":\"http:\/\/bluetree-group.com\/fr\/?s={search_term_string}\"},\"query-input\":\"required name=search_term_string\"}],\"inLanguage\":\"fr-FR\"}]}<\/script>\n<!-- \/ Yoast SEO plugin. -->","yoast_head_json":{"title":"Pr\u00e9paration \u00e0 l'impression des fichiers - BlueTree Group FR","robots":{"index":"index","follow":"follow","max-snippet":"max-snippet:-1","max-image-preview":"max-image-preview:large","max-video-preview":"max-video-preview:-1"},"canonical":"http:\/\/bluetree-group.com\/fr\/preparation-a-limpression-des-fichiers\/","og_locale":"fr_FR","og_type":"article","og_title":"Pr\u00e9paration \u00e0 l'impression des fichiers - BlueTree Group FR","og_url":"http:\/\/bluetree-group.com\/fr\/preparation-a-limpression-des-fichiers\/","og_site_name":"BlueTree Group FR","twitter_card":"summary_large_image","twitter_misc":{"Dur\u00e9e de lecture estim\u00e9e":"7 minutes"},"schema":{"@context":"https:\/\/schema.org","@graph":[{"@type":"WebPage","@id":"http:\/\/bluetree-group.com\/fr\/preparation-a-limpression-des-fichiers\/","url":"http:\/\/bluetree-group.com\/fr\/preparation-a-limpression-des-fichiers\/","name":"Pr\u00e9paration \u00e0 l'impression des fichiers - BlueTree Group FR","isPartOf":{"@id":"http:\/\/bluetree-group.com\/fr\/#website"},"datePublished":"2022-08-03T11:13:56+00:00","dateModified":"2022-08-03T11:13:56+00:00","breadcrumb":{"@id":"http:\/\/bluetree-group.com\/fr\/preparation-a-limpression-des-fichiers\/#breadcrumb"},"inLanguage":"fr-FR","potentialAction":[{"@type":"ReadAction","target":["http:\/\/bluetree-group.com\/fr\/preparation-a-limpression-des-fichiers\/"]}]},{"@type":"BreadcrumbList","@id":"http:\/\/bluetree-group.com\/fr\/preparation-a-limpression-des-fichiers\/#breadcrumb","itemListElement":[{"@type":"ListItem","position":1,"name":"Accueil","item":"http:\/\/bluetree-group.com\/fr\/"},{"@type":"ListItem","position":2,"name":"Pr\u00e9paration \u00e0 l&rsquo;impression des fichiers"}]},{"@type":"WebSite","@id":"http:\/\/bluetree-group.com\/fr\/#website","url":"http:\/\/bluetree-group.com\/fr\/","name":"BlueTree Group FR","description":"","potentialAction":[{"@type":"SearchAction","target":{"@type":"EntryPoint","urlTemplate":"http:\/\/bluetree-group.com\/fr\/?s={search_term_string}"},"query-input":"required name=search_term_string"}],"inLanguage":"fr-FR"}]}},"_links":{"self":[{"href":"https:\/\/bluetree-group.com\/fr\/wp-json\/wp\/v2\/pages\/1001"}],"collection":[{"href":"https:\/\/bluetree-group.com\/fr\/wp-json\/wp\/v2\/pages"}],"about":[{"href":"https:\/\/bluetree-group.com\/fr\/wp-json\/wp\/v2\/types\/page"}],"author":[{"embeddable":true,"href":"https:\/\/bluetree-group.com\/fr\/wp-json\/wp\/v2\/users\/1"}],"replies":[{"embeddable":true,"href":"https:\/\/bluetree-group.com\/fr\/wp-json\/wp\/v2\/comments?post=1001"}],"version-history":[{"count":0,"href":"https:\/\/bluetree-group.com\/fr\/wp-json\/wp\/v2\/pages\/1001\/revisions"}],"wp:attachment":[{"href":"https:\/\/bluetree-group.com\/fr\/wp-json\/wp\/v2\/media?parent=1001"}],"curies":[{"name":"wp","href":"https:\/\/api.w.org\/{rel}","templated":true}]}}