{"id":542,"date":"2021-06-09T12:21:11","date_gmt":"2021-06-09T12:21:11","guid":{"rendered":"https:\/\/bluetrk.cluster027.hosting.ovh.net\/bc1678701-ovh\/fr\/distribution-tracking-systems\/"},"modified":"2023-08-29T10:24:17","modified_gmt":"2023-08-29T08:24:17","slug":"distribution-tracking-systems","status":"publish","type":"page","link":"http:\/\/bluetree-group.com\/fr\/distribution-tracking-systems\/","title":{"rendered":"Syst\u00e8mes de suivi et de tra\u00e7abilit\u00e9 de la distribution"},"content":{"rendered":"<div id='av-layout-grid-1'  class='av-layout-grid-container av-51d1bf-2efd55f55777a7cbb32e54a2ea3cfab1 entry-content-wrapper main_color av-flex-cells  avia-builder-el-0  el_before_av_section  avia-builder-el-first   container_wrap sidebar_right'  >\n\n<style type=\"text\/css\" data-created_by=\"avia_inline_auto\" id=\"style-css-av-4uye2r-cbf6b6dbae8c79a758248543a63dfad9\">\n.flex_cell.av-4uye2r-cbf6b6dbae8c79a758248543a63dfad9{\nvertical-align:middle;\nbackground-color:#dbcfbf;\n}\n.responsive #top #wrap_all .flex_cell.av-4uye2r-cbf6b6dbae8c79a758248543a63dfad9{\npadding:70px 0px 70px 0px !important;\n}\n<\/style>\n<div class='flex_cell av-4uye2r-cbf6b6dbae8c79a758248543a63dfad9 av-gridrow-cell av_one_half no_margin  avia-builder-el-1  el_before_av_cell_one_half  avia-builder-el-first ' ><div class='flex_cell_inner'>\n<style type=\"text\/css\" data-created_by=\"avia_inline_auto\" id=\"style-css-av-4slmdn-b5fec24f2d2faf3dc9bd71c845474727\">\n.avia-image-container.av-4slmdn-b5fec24f2d2faf3dc9bd71c845474727 img.avia_image{\nbox-shadow:none;\n}\n.avia-image-container.av-4slmdn-b5fec24f2d2faf3dc9bd71c845474727 .av-image-caption-overlay-center{\ncolor:#ffffff;\n}\n<\/style>\n<div  class='avia-image-container av-4slmdn-b5fec24f2d2faf3dc9bd71c845474727 av-styling-no-styling avia-align-left  avia-builder-el-2  avia-builder-el-no-sibling '   itemprop=\"image\" itemscope=\"itemscope\" itemtype=\"https:\/\/schema.org\/ImageObject\" ><div class=\"avia-image-container-inner\"><div class=\"avia-image-overlay-wrap\"><img decoding=\"async\" class='avia-img-lazy-loading-not- avia_image ' src=\"https:\/\/bluetree-group.com\/fr\/wp-content\/uploads\/2021\/06\/01.4-home-Distribution-Tracking-Systems-1.jpg\" alt='' title=''   itemprop=\"thumbnailUrl\"  \/><\/div><\/div><\/div>\n<\/div><\/div>\n<style type=\"text\/css\" data-created_by=\"avia_inline_auto\" id=\"style-css-av-4kq4cz-c22418de0a2ac9132eca2dc1d7ba911b\">\n.flex_cell.av-4kq4cz-c22418de0a2ac9132eca2dc1d7ba911b{\nvertical-align:middle;\nbackground-color:#dbcfbf;\n}\n.responsive #top #wrap_all .flex_cell.av-4kq4cz-c22418de0a2ac9132eca2dc1d7ba911b{\npadding:30px 100px 30px 100px !important;\n}\n<\/style>\n<div class='flex_cell av-4kq4cz-c22418de0a2ac9132eca2dc1d7ba911b av-gridrow-cell av_one_half no_margin  avia-builder-el-3  el_after_av_cell_one_half  avia-builder-el-last ' ><div class='flex_cell_inner'>\n<style type=\"text\/css\" data-created_by=\"avia_inline_auto\" id=\"style-css-av-4c6j23-8f2cf87c4612fe99a5b4bb10f1cc4e7a\">\n#top .av_textblock_section.av-4c6j23-8f2cf87c4612fe99a5b4bb10f1cc4e7a .avia_textblock{\nfont-size:24px;\n}\n<\/style>\n<section  class='av_textblock_section av-4c6j23-8f2cf87c4612fe99a5b4bb10f1cc4e7a'  itemscope=\"itemscope\" itemtype=\"https:\/\/schema.org\/CreativeWork\" ><div class='avia_textblock'  itemprop=\"text\" ><h1>Syst\u00e8mes de suivi et de tra\u00e7abilit\u00e9 de la distribution : \u00ab\u00a0Track and Trace\u00a0\u00bb<\/h1>\n<p>L&rsquo;objectif principal des syst\u00e8mes de suivi et de tra\u00e7abilit\u00e9 de la distribution (Track and Trace\u00a0TnT) est de s&rsquo;assurer que chaque livre financ\u00e9 et produit parvienne aux enfants, dans les d\u00e9lais pr\u00e9vus. Diff\u00e9rents types de syst\u00e8mes de TnT s&rsquo;adaptent aux conditions budg\u00e9taires vari\u00e9es et aux contextes locaux.<\/p>\n<\/div><\/section>\n<\/div><\/div>\n<\/div>\n<div id='av_section_1'  class='avia-section av-3903lf-131940a6f63c63552557a4b82566f740 main_color avia-section-large avia-no-border-styling  avia-builder-el-5  el_after_av_layout_row  avia-builder-el-last  avia-bg-style-scroll container_wrap sidebar_right'  ><div class='container av-section-cont-open' ><div class='template-page content  av-content-small alpha units'><div class='post-entry post-entry-type-page post-entry-542'><div class='entry-content-wrapper clearfix'>\n\n<style type=\"text\/css\" data-created_by=\"avia_inline_auto\" id=\"style-css-av-316of7-beb6aaba44309b2e072742b77d250712\">\n.flex_column.av-316of7-beb6aaba44309b2e072742b77d250712{\n-webkit-border-radius:0px 0px 0px 0px;\n-moz-border-radius:0px 0px 0px 0px;\nborder-radius:0px 0px 0px 0px;\npadding:0px 0px 0px 0px;\n}\n<\/style>\n<div class='flex_column av-316of7-beb6aaba44309b2e072742b77d250712 av_one_full  avia-builder-el-6  el_before_av_one_full  avia-builder-el-first  first flex_column_div av-zero-column-padding '     ><section  class='av_textblock_section av-2utma3-1d2ccc6f68a99ba024f45cc7af982c37'  itemscope=\"itemscope\" itemtype=\"https:\/\/schema.org\/CreativeWork\" ><div class='avia_textblock'  itemprop=\"text\" ><p>BlueTree a apport\u00e9 son assistance \u00e0 la mise en place d\u2019un syst\u00e8me de tra\u00e7abilit\u00e9 au Malawi, au Mozambique, au Honduras et en \u00c9thiopie, utilisant diverses technologies et diff\u00e9rentes strat\u00e9gies.<\/p>\n<p>BlueTree a r\u00e9cemment d\u00e9velopp\u00e9 un syst\u00e8me TnT num\u00e9rique pour soutenir l&rsquo;engagement de la communaut\u00e9 et des enfants autour de l&rsquo;utilisation des livres. Celui-ci peut \u00eatre int\u00e9gr\u00e9 dans les syst\u00e8mes d&rsquo;information et de gestion de l&rsquo;Education (EMIS) afin d\u2019am\u00e9liorer la planification, la budg\u00e9tisation et l\u2019achat des manuels.<\/p>\n<\/div><\/section><\/div>\n<style type=\"text\/css\" data-created_by=\"avia_inline_auto\" id=\"style-css-av-gl4pf-56307a0d99786b8cb8f7e845fdbb9bc4\">\n.flex_column.av-gl4pf-56307a0d99786b8cb8f7e845fdbb9bc4{\n-webkit-border-radius:0px 0px 0px 0px;\n-moz-border-radius:0px 0px 0px 0px;\nborder-radius:0px 0px 0px 0px;\npadding:0px 0px 0px 0px;\n}\n<\/style>\n<div class='flex_column av-gl4pf-56307a0d99786b8cb8f7e845fdbb9bc4 av_one_full  avia-builder-el-8  el_after_av_one_full  el_before_av_hr  first flex_column_div av-zero-column-padding column-top-margin'     ><section  class='av_textblock_section av-8sp0z-62382284affd53ebff0e91a0d33b7af3'  itemscope=\"itemscope\" itemtype=\"https:\/\/schema.org\/CreativeWork\" ><div class='avia_textblock'  itemprop=\"text\" ><h2><span style=\"color: #0972e7;\">Service Overview<\/span><\/h2>\n<\/div><\/section><\/div>\n<style type=\"text\/css\" data-created_by=\"avia_inline_auto\" id=\"style-css-av-2roa17-605fb06f4bc266335a7421f129d0add5\">\n#top .hr.hr-invisible.av-2roa17-605fb06f4bc266335a7421f129d0add5{\nheight:20px;\n}\n<\/style>\n<div  class='hr av-2roa17-605fb06f4bc266335a7421f129d0add5 hr-invisible  avia-builder-el-10  el_after_av_one_full  el_before_av_one_third '><span class='hr-inner '><span class=\"hr-inner-style\"><\/span><\/span><\/div>\n\n<style type=\"text\/css\" data-created_by=\"avia_inline_auto\" id=\"style-css-av-2ktr17-ac85ae4a12e334a7bd83adbb01748969\">\n.flex_column.av-2ktr17-ac85ae4a12e334a7bd83adbb01748969{\n-webkit-border-radius:0px 0px 0px 0px;\n-moz-border-radius:0px 0px 0px 0px;\nborder-radius:0px 0px 0px 0px;\npadding:0px 0px 0px 0px;\n}\n<\/style>\n<div class='flex_column av-2ktr17-ac85ae4a12e334a7bd83adbb01748969 av_one_third  avia-builder-el-11  el_after_av_hr  el_before_av_one_third  first flex_column_div av-zero-column-padding avia-link-column av-column-link avia-link-column-hover '    data-link-column-url=\"http:\/\/bluetree-group.com\/fr\/book-supply-chain-assessment\/\"   ><a class=\"av-screen-reader-only\" href=http:\/\/bluetree-group.com\/fr\/book-supply-chain-assessment\/ >Lier vers : \u00c9valuation de la cha\u00eene d&rsquo;approvisionnement du livre<\/a><p>\n<style type=\"text\/css\" data-created_by=\"avia_inline_auto\" id=\"style-css-av-2h6cbn-43010b0afd912459b4a5d5317af9b5a7\">\n.avia-image-container.av-2h6cbn-43010b0afd912459b4a5d5317af9b5a7 img.avia_image{\nbox-shadow:none;\n}\n.avia-image-container.av-2h6cbn-43010b0afd912459b4a5d5317af9b5a7 .av-image-caption-overlay-center{\ncolor:#ffffff;\n}\n<\/style>\n<div  class='avia-image-container av-2h6cbn-43010b0afd912459b4a5d5317af9b5a7 av-styling-circle avia-align-center  avia-builder-el-12  el_before_av_textblock  avia-builder-el-first '   itemprop=\"image\" itemscope=\"itemscope\" itemtype=\"https:\/\/schema.org\/ImageObject\" ><div class=\"avia-image-container-inner\"><div class=\"avia-image-overlay-wrap\"><img decoding=\"async\" class='avia-img-lazy-loading-not- avia_image ' src=\"https:\/\/bluetree-group.com\/fr\/wp-content\/uploads\/2021\/06\/01.201.jpg\" alt='' title=''   itemprop=\"thumbnailUrl\"  \/><\/div><\/div><\/div><br \/>\n\n<style type=\"text\/css\" data-created_by=\"avia_inline_auto\" id=\"style-css-av-2bc9tn-979ea53960d88028e0d3d5dbb0e96b53\">\n#top .av_textblock_section.av-2bc9tn-979ea53960d88028e0d3d5dbb0e96b53 .avia_textblock{\nfont-size:24px;\n}\n<\/style>\n<section  class='av_textblock_section av-2bc9tn-979ea53960d88028e0d3d5dbb0e96b53'  itemscope=\"itemscope\" itemtype=\"https:\/\/schema.org\/CreativeWork\" ><div class='avia_textblock'  itemprop=\"text\" ><p style=\"text-align: center;\">\u00c9valuation de la cha\u00eene d\u2019approvisionnement du livre<\/p>\n<\/div><\/section><\/p><\/div>\n<style type=\"text\/css\" data-created_by=\"avia_inline_auto\" id=\"style-css-av-7ke4b-358db85cba93d564ee160142f9934733\">\n.flex_column.av-7ke4b-358db85cba93d564ee160142f9934733{\n-webkit-border-radius:0px 0px 0px 0px;\n-moz-border-radius:0px 0px 0px 0px;\nborder-radius:0px 0px 0px 0px;\npadding:0px 0px 0px 0px;\n}\n<\/style>\n<div class='flex_column av-7ke4b-358db85cba93d564ee160142f9934733 av_one_third  avia-builder-el-14  el_after_av_one_third  el_before_av_one_third  flex_column_div av-zero-column-padding avia-link-column av-column-link avia-link-column-hover '    data-link-column-url=\"http:\/\/bluetree-group.com\/fr\/technical-assistance\/\"   ><a class=\"av-screen-reader-only\" href=http:\/\/bluetree-group.com\/fr\/technical-assistance\/ >Lier vers : Assistance Technique<\/a><p>\n<style type=\"text\/css\" data-created_by=\"avia_inline_auto\" id=\"style-css-av-1wczgz-6aa9f1e4f1779eb46e1c42410767da5f\">\n.avia-image-container.av-1wczgz-6aa9f1e4f1779eb46e1c42410767da5f img.avia_image{\nbox-shadow:none;\n}\n.avia-image-container.av-1wczgz-6aa9f1e4f1779eb46e1c42410767da5f .av-image-caption-overlay-center{\ncolor:#ffffff;\n}\n<\/style>\n<div  class='avia-image-container av-1wczgz-6aa9f1e4f1779eb46e1c42410767da5f av-styling-circle avia-align-center  avia-builder-el-15  el_before_av_textblock  avia-builder-el-first '   itemprop=\"image\" itemscope=\"itemscope\" itemtype=\"https:\/\/schema.org\/ImageObject\" ><div class=\"avia-image-container-inner\"><div class=\"avia-image-overlay-wrap\"><img decoding=\"async\" class='avia-img-lazy-loading-not- avia_image ' src=\"https:\/\/bluetree-group.com\/fr\/wp-content\/uploads\/2021\/06\/04.1-services-technical-assistance.jpg\" alt='' title=''   itemprop=\"thumbnailUrl\"  \/><\/div><\/div><\/div><br \/>\n\n<style type=\"text\/css\" data-created_by=\"avia_inline_auto\" id=\"style-css-av-1s8a2r-db2f0d9e6f7d2979b18424cf1b9d7bfc\">\n#top .av_textblock_section.av-1s8a2r-db2f0d9e6f7d2979b18424cf1b9d7bfc .avia_textblock{\nfont-size:24px;\n}\n<\/style>\n<section  class='av_textblock_section av-1s8a2r-db2f0d9e6f7d2979b18424cf1b9d7bfc'  itemscope=\"itemscope\" itemtype=\"https:\/\/schema.org\/CreativeWork\" ><div class='avia_textblock'  itemprop=\"text\" ><p style=\"text-align: center;\">Assistance Technique<\/p>\n<\/div><\/section><\/p><\/div>\n<style type=\"text\/css\" data-created_by=\"avia_inline_auto\" id=\"style-css-av-1i9rfv-91e966062178645208ed415ce47a7380\">\n.flex_column.av-1i9rfv-91e966062178645208ed415ce47a7380{\n-webkit-border-radius:0px 0px 0px 0px;\n-moz-border-radius:0px 0px 0px 0px;\nborder-radius:0px 0px 0px 0px;\npadding:0px 0px 0px 0px;\n}\n<\/style>\n<div class='flex_column av-1i9rfv-91e966062178645208ed415ce47a7380 av_one_third  avia-builder-el-17  el_after_av_one_third  el_before_av_one_third  flex_column_div av-zero-column-padding avia-link-column av-column-link avia-link-column-hover '    data-link-column-url=\"http:\/\/bluetree-group.com\/fr\/distribution-tracking-systems\/\"   ><a class=\"av-screen-reader-only\" href=http:\/\/bluetree-group.com\/fr\/distribution-tracking-systems\/ >Lier vers : Syst\u00e8mes de suivi et de tra\u00e7abilit\u00e9 de la distribution<\/a><p>\n<style type=\"text\/css\" data-created_by=\"avia_inline_auto\" id=\"style-css-av-1fh72j-6e7efdbcc33f15042b4f3c56f06c5b49\">\n.avia-image-container.av-1fh72j-6e7efdbcc33f15042b4f3c56f06c5b49 img.avia_image{\nbox-shadow:none;\n}\n.avia-image-container.av-1fh72j-6e7efdbcc33f15042b4f3c56f06c5b49 .av-image-caption-overlay-center{\ncolor:#ffffff;\n}\n<\/style>\n<div  class='avia-image-container av-1fh72j-6e7efdbcc33f15042b4f3c56f06c5b49 av-styling-circle avia-align-center  avia-builder-el-18  el_before_av_textblock  avia-builder-el-first '   itemprop=\"image\" itemscope=\"itemscope\" itemtype=\"https:\/\/schema.org\/ImageObject\" ><div class=\"avia-image-container-inner\"><div class=\"avia-image-overlay-wrap\"><img decoding=\"async\" class='avia-img-lazy-loading-not- avia_image ' src=\"https:\/\/bluetree-group.com\/fr\/wp-content\/uploads\/2021\/06\/04.2-track-and-trace.jpg\" alt='' title=''   itemprop=\"thumbnailUrl\"  \/><\/div><\/div><\/div><br \/>\n\n<style type=\"text\/css\" data-created_by=\"avia_inline_auto\" id=\"style-css-av-1a2eq3-64821ffd236b4a36c4de1d55e7494d09\">\n#top .av_textblock_section.av-1a2eq3-64821ffd236b4a36c4de1d55e7494d09 .avia_textblock{\nfont-size:24px;\n}\n<\/style>\n<section  class='av_textblock_section av-1a2eq3-64821ffd236b4a36c4de1d55e7494d09'  itemscope=\"itemscope\" itemtype=\"https:\/\/schema.org\/CreativeWork\" ><div class='avia_textblock'  itemprop=\"text\" ><p style=\"text-align: center;\">Syst\u00e8mes de suivi et de tra\u00e7abilit\u00e9 de la distribution<\/p>\n<\/div><\/section><\/p><\/div>\n<style type=\"text\/css\" data-created_by=\"avia_inline_auto\" id=\"style-css-av-3nan7-a10620ce9687059943ce421e5edb61dd\">\n.flex_column.av-3nan7-a10620ce9687059943ce421e5edb61dd{\n-webkit-border-radius:0px 0px 0px 0px;\n-moz-border-radius:0px 0px 0px 0px;\nborder-radius:0px 0px 0px 0px;\npadding:0px 0px 0px 0px;\n}\n<\/style>\n<div class='flex_column av-3nan7-a10620ce9687059943ce421e5edb61dd av_one_third  avia-builder-el-20  el_after_av_one_third  el_before_av_one_third  first flex_column_div av-zero-column-padding avia-link-column av-column-link avia-link-column-hover column-top-margin'    data-link-column-url=\"http:\/\/bluetree-group.com\/fr\/data-collection-and-analysis\/\"   ><a class=\"av-screen-reader-only\" href=http:\/\/bluetree-group.com\/fr\/data-collection-and-analysis\/ >Lier vers : Recueil et analyse des donn\u00e9es<\/a><p>\n<style type=\"text\/css\" data-created_by=\"avia_inline_auto\" id=\"style-css-av-x571f-caad1dde0c5a5110e554409e98952f9b\">\n.avia-image-container.av-x571f-caad1dde0c5a5110e554409e98952f9b img.avia_image{\nbox-shadow:none;\n}\n.avia-image-container.av-x571f-caad1dde0c5a5110e554409e98952f9b .av-image-caption-overlay-center{\ncolor:#ffffff;\n}\n<\/style>\n<div  class='avia-image-container av-x571f-caad1dde0c5a5110e554409e98952f9b av-styling-circle avia-align-center  avia-builder-el-21  el_before_av_textblock  avia-builder-el-first '   itemprop=\"image\" itemscope=\"itemscope\" itemtype=\"https:\/\/schema.org\/ImageObject\" ><div class=\"avia-image-container-inner\"><div class=\"avia-image-overlay-wrap\"><img decoding=\"async\" class='avia-img-lazy-loading-not- avia_image ' src=\"https:\/\/bluetree-group.com\/fr\/wp-content\/uploads\/2021\/06\/04.3-data.jpg\" alt='' title=''   itemprop=\"thumbnailUrl\"  \/><\/div><\/div><\/div><br \/>\n\n<style type=\"text\/css\" data-created_by=\"avia_inline_auto\" id=\"style-css-av-ofk57-ee1959d175fdca790db2589777f762da\">\n#top .av_textblock_section.av-ofk57-ee1959d175fdca790db2589777f762da .avia_textblock{\nfont-size:24px;\n}\n<\/style>\n<section  class='av_textblock_section av-ofk57-ee1959d175fdca790db2589777f762da'  itemscope=\"itemscope\" itemtype=\"https:\/\/schema.org\/CreativeWork\" ><div class='avia_textblock'  itemprop=\"text\" ><p style=\"text-align: center;\">Recueil et analyse des donn\u00e9es<\/p>\n<\/div><\/section><\/p><\/div>\n<style type=\"text\/css\" data-created_by=\"avia_inline_auto\" id=\"style-css-av-kccrf-355bf42580f6659e04cbe7f518f0a770\">\n.flex_column.av-kccrf-355bf42580f6659e04cbe7f518f0a770{\n-webkit-border-radius:0px 0px 0px 0px;\n-moz-border-radius:0px 0px 0px 0px;\nborder-radius:0px 0px 0px 0px;\npadding:0px 0px 0px 0px;\n}\n<\/style>\n<div class='flex_column av-kccrf-355bf42580f6659e04cbe7f518f0a770 av_one_third  avia-builder-el-23  el_after_av_one_third  avia-builder-el-last  flex_column_div av-zero-column-padding avia-link-column av-column-link avia-link-column-hover column-top-margin'    data-link-column-url=\"http:\/\/bluetree-group.com\/fr\/capacity-building-and-training\/\"   ><a class=\"av-screen-reader-only\" href=http:\/\/bluetree-group.com\/fr\/capacity-building-and-training\/ >Lier vers : D\u00e9veloppement des comp\u00e9tences et formation<\/a><p>\n<style type=\"text\/css\" data-created_by=\"avia_inline_auto\" id=\"style-css-av-cy6yz-606863ad108a26e5284b1009d7dedf8f\">\n.avia-image-container.av-cy6yz-606863ad108a26e5284b1009d7dedf8f img.avia_image{\nbox-shadow:none;\n}\n.avia-image-container.av-cy6yz-606863ad108a26e5284b1009d7dedf8f .av-image-caption-overlay-center{\ncolor:#ffffff;\n}\n<\/style>\n<div  class='avia-image-container av-cy6yz-606863ad108a26e5284b1009d7dedf8f av-styling-circle avia-align-center  avia-builder-el-24  el_before_av_textblock  avia-builder-el-first '   itemprop=\"image\" itemscope=\"itemscope\" itemtype=\"https:\/\/schema.org\/ImageObject\" ><div class=\"avia-image-container-inner\"><div class=\"avia-image-overlay-wrap\"><img decoding=\"async\" class='avia-img-lazy-loading-not- avia_image ' src=\"https:\/\/bluetree-group.com\/fr\/wp-content\/uploads\/2021\/06\/04.4-capacity-building.jpg\" alt='' title=''   itemprop=\"thumbnailUrl\"  \/><\/div><\/div><\/div><br \/>\n\n<style type=\"text\/css\" data-created_by=\"avia_inline_auto\" id=\"style-css-av-9q3yj-0382cc2b092140b756ed8b7d4771e39d\">\n#top .av_textblock_section.av-9q3yj-0382cc2b092140b756ed8b7d4771e39d .avia_textblock{\nfont-size:24px;\n}\n<\/style>\n<section  class='av_textblock_section av-9q3yj-0382cc2b092140b756ed8b7d4771e39d'  itemscope=\"itemscope\" itemtype=\"https:\/\/schema.org\/CreativeWork\" ><div class='avia_textblock'  itemprop=\"text\" ><p style=\"text-align: center;\">D\u00e9veloppement des comp\u00e9tences et formation<\/p>\n<\/div><\/section><\/p><\/div><\/div><\/div><\/div><!-- close content main div --><\/div><\/div><div id='after_section_1'  class='main_color av_default_container_wrap container_wrap sidebar_right'  ><div class='container av-section-cont-open' ><div class='template-page content  av-content-small alpha units'><div class='post-entry post-entry-type-page post-entry-542'><div class='entry-content-wrapper clearfix'>\n","protected":false},"excerpt":{"rendered":"","protected":false},"author":1,"featured_media":0,"parent":0,"menu_order":0,"comment_status":"open","ping_status":"open","template":"","meta":[],"acf":[],"yoast_head":"<!-- This site is optimized with the Yoast SEO plugin v20.1 - https:\/\/yoast.com\/wordpress\/plugins\/seo\/ -->\n<title>Syst\u00e8mes de suivi et de tra\u00e7abilit\u00e9 de la distribution - BlueTree Group FR<\/title>\n<meta name=\"description\" content=\"The main goal of Track and Trace TnT distribution tracking systems is to ensure that each book financed and produced reaches children on time. Different types of TnT systems fit different budgets and country contexts.\" \/>\n<meta name=\"robots\" content=\"index, follow, max-snippet:-1, max-image-preview:large, max-video-preview:-1\" \/>\n<link rel=\"canonical\" href=\"http:\/\/bluetree-group.com\/fr\/distribution-tracking-systems\/\" \/>\n<meta property=\"og:locale\" content=\"fr_FR\" \/>\n<meta property=\"og:type\" content=\"article\" \/>\n<meta property=\"og:title\" content=\"Syst\u00e8mes de suivi et de tra\u00e7abilit\u00e9 de la distribution - BlueTree Group FR\" \/>\n<meta property=\"og:description\" content=\"The main goal of Track and Trace TnT distribution tracking systems is to ensure that each book financed and produced reaches children on time. Different types of TnT systems fit different budgets and country contexts.\" \/>\n<meta property=\"og:url\" content=\"http:\/\/bluetree-group.com\/fr\/distribution-tracking-systems\/\" \/>\n<meta property=\"og:site_name\" content=\"BlueTree Group FR\" \/>\n<meta property=\"article:modified_time\" content=\"2023-08-29T08:24:17+00:00\" \/>\n<meta name=\"twitter:card\" content=\"summary_large_image\" \/>\n<meta name=\"twitter:label1\" content=\"Dur\u00e9e de lecture estim\u00e9e\" \/>\n\t<meta name=\"twitter:data1\" content=\"5 minutes\" \/>\n<script type=\"application\/ld+json\" class=\"yoast-schema-graph\">{\"@context\":\"https:\/\/schema.org\",\"@graph\":[{\"@type\":\"WebPage\",\"@id\":\"http:\/\/bluetree-group.com\/fr\/distribution-tracking-systems\/\",\"url\":\"http:\/\/bluetree-group.com\/fr\/distribution-tracking-systems\/\",\"name\":\"Syst\u00e8mes de suivi et de tra\u00e7abilit\u00e9 de la distribution - BlueTree Group FR\",\"isPartOf\":{\"@id\":\"http:\/\/bluetree-group.com\/fr\/#website\"},\"datePublished\":\"2021-06-09T12:21:11+00:00\",\"dateModified\":\"2023-08-29T08:24:17+00:00\",\"description\":\"The main goal of Track and Trace TnT distribution tracking systems is to ensure that each book financed and produced reaches children on time. Different types of TnT systems fit different budgets and country contexts.\",\"breadcrumb\":{\"@id\":\"http:\/\/bluetree-group.com\/fr\/distribution-tracking-systems\/#breadcrumb\"},\"inLanguage\":\"fr-FR\",\"potentialAction\":[{\"@type\":\"ReadAction\",\"target\":[\"http:\/\/bluetree-group.com\/fr\/distribution-tracking-systems\/\"]}]},{\"@type\":\"BreadcrumbList\",\"@id\":\"http:\/\/bluetree-group.com\/fr\/distribution-tracking-systems\/#breadcrumb\",\"itemListElement\":[{\"@type\":\"ListItem\",\"position\":1,\"name\":\"Accueil\",\"item\":\"http:\/\/bluetree-group.com\/fr\/\"},{\"@type\":\"ListItem\",\"position\":2,\"name\":\"Syst\u00e8mes de suivi et de tra\u00e7abilit\u00e9 de la distribution\"}]},{\"@type\":\"WebSite\",\"@id\":\"http:\/\/bluetree-group.com\/fr\/#website\",\"url\":\"http:\/\/bluetree-group.com\/fr\/\",\"name\":\"BlueTree Group FR\",\"description\":\"\",\"potentialAction\":[{\"@type\":\"SearchAction\",\"target\":{\"@type\":\"EntryPoint\",\"urlTemplate\":\"http:\/\/bluetree-group.com\/fr\/?s={search_term_string}\"},\"query-input\":\"required name=search_term_string\"}],\"inLanguage\":\"fr-FR\"}]}<\/script>\n<!-- \/ Yoast SEO plugin. -->","yoast_head_json":{"title":"Syst\u00e8mes de suivi et de tra\u00e7abilit\u00e9 de la distribution - BlueTree Group FR","description":"The main goal of Track and Trace TnT distribution tracking systems is to ensure that each book financed and produced reaches children on time. Different types of TnT systems fit different budgets and country contexts.","robots":{"index":"index","follow":"follow","max-snippet":"max-snippet:-1","max-image-preview":"max-image-preview:large","max-video-preview":"max-video-preview:-1"},"canonical":"http:\/\/bluetree-group.com\/fr\/distribution-tracking-systems\/","og_locale":"fr_FR","og_type":"article","og_title":"Syst\u00e8mes de suivi et de tra\u00e7abilit\u00e9 de la distribution - BlueTree Group FR","og_description":"The main goal of Track and Trace TnT distribution tracking systems is to ensure that each book financed and produced reaches children on time. Different types of TnT systems fit different budgets and country contexts.","og_url":"http:\/\/bluetree-group.com\/fr\/distribution-tracking-systems\/","og_site_name":"BlueTree Group FR","article_modified_time":"2023-08-29T08:24:17+00:00","twitter_card":"summary_large_image","twitter_misc":{"Dur\u00e9e de lecture estim\u00e9e":"5 minutes"},"schema":{"@context":"https:\/\/schema.org","@graph":[{"@type":"WebPage","@id":"http:\/\/bluetree-group.com\/fr\/distribution-tracking-systems\/","url":"http:\/\/bluetree-group.com\/fr\/distribution-tracking-systems\/","name":"Syst\u00e8mes de suivi et de tra\u00e7abilit\u00e9 de la distribution - BlueTree Group FR","isPartOf":{"@id":"http:\/\/bluetree-group.com\/fr\/#website"},"datePublished":"2021-06-09T12:21:11+00:00","dateModified":"2023-08-29T08:24:17+00:00","description":"The main goal of Track and Trace TnT distribution tracking systems is to ensure that each book financed and produced reaches children on time. Different types of TnT systems fit different budgets and country contexts.","breadcrumb":{"@id":"http:\/\/bluetree-group.com\/fr\/distribution-tracking-systems\/#breadcrumb"},"inLanguage":"fr-FR","potentialAction":[{"@type":"ReadAction","target":["http:\/\/bluetree-group.com\/fr\/distribution-tracking-systems\/"]}]},{"@type":"BreadcrumbList","@id":"http:\/\/bluetree-group.com\/fr\/distribution-tracking-systems\/#breadcrumb","itemListElement":[{"@type":"ListItem","position":1,"name":"Accueil","item":"http:\/\/bluetree-group.com\/fr\/"},{"@type":"ListItem","position":2,"name":"Syst\u00e8mes de suivi et de tra\u00e7abilit\u00e9 de la distribution"}]},{"@type":"WebSite","@id":"http:\/\/bluetree-group.com\/fr\/#website","url":"http:\/\/bluetree-group.com\/fr\/","name":"BlueTree Group FR","description":"","potentialAction":[{"@type":"SearchAction","target":{"@type":"EntryPoint","urlTemplate":"http:\/\/bluetree-group.com\/fr\/?s={search_term_string}"},"query-input":"required name=search_term_string"}],"inLanguage":"fr-FR"}]}},"_links":{"self":[{"href":"http:\/\/bluetree-group.com\/fr\/wp-json\/wp\/v2\/pages\/542"}],"collection":[{"href":"http:\/\/bluetree-group.com\/fr\/wp-json\/wp\/v2\/pages"}],"about":[{"href":"http:\/\/bluetree-group.com\/fr\/wp-json\/wp\/v2\/types\/page"}],"author":[{"embeddable":true,"href":"http:\/\/bluetree-group.com\/fr\/wp-json\/wp\/v2\/users\/1"}],"replies":[{"embeddable":true,"href":"http:\/\/bluetree-group.com\/fr\/wp-json\/wp\/v2\/comments?post=542"}],"version-history":[{"count":1,"href":"http:\/\/bluetree-group.com\/fr\/wp-json\/wp\/v2\/pages\/542\/revisions"}],"predecessor-version":[{"id":1111,"href":"http:\/\/bluetree-group.com\/fr\/wp-json\/wp\/v2\/pages\/542\/revisions\/1111"}],"wp:attachment":[{"href":"http:\/\/bluetree-group.com\/fr\/wp-json\/wp\/v2\/media?parent=542"}],"curies":[{"name":"wp","href":"https:\/\/api.w.org\/{rel}","templated":true}]}}